{"id":106,"date":"2015-05-03T11:44:30","date_gmt":"2015-05-03T09:44:30","guid":{"rendered":"https:\/\/jesus-is-muslim.net\/?page_id=106"},"modified":"2018-04-17T11:03:35","modified_gmt":"2018-04-17T09:03:35","slug":"what-does-islam-tell-about-jesus","status":"publish","type":"page","link":"https:\/\/jesus-is-muslim.net\/en\/jesus-is-muslim\/jesus\/what-does-islam-tell-about-jesus\/","title":{"rendered":"What does Islam tell about Jesus?"},"content":{"rendered":"<p>We as Muslims believe in Jesus (Peace be upon him) as a prophet sent from God, we believe in him being miraculously born from virgin Mary:<\/p>\n<blockquote><p>And [mention] the one who guarded her chastity, so We blew into her [garment] through Our angel [Gabriel], and We made her and her son a sign for the worlds. (Holy Quran 21:91).<\/p><\/blockquote>\n<p>Moreover, there is a chapter in the Quran called the chapter of Mary. This chapter talked about the birth of Jesus (Peace be upon him). Muslims believe in the miracles God gave to Jesus (Peace be upon him) that he spoke while he was only a baby, healed those born blind, healed the lepers, revived the dead, breathed life into a bird made of clay, the Quran mentioned all these miracles and we acknowledge it. \u00a0All Muslims love Jesus (Peace be upon him) because these are the teachings of the Quran.<\/p>\n<p><a href=\"https:\/\/jesus-is-muslim.net\/wp-content\/uploads\/2013\/05\/Jesus-in-Islam.png\" rel=\"attachment wp-att-1419\"><img loading=\"lazy\" decoding=\"async\" class=\"alignnone size-full wp-image-1419\" src=\"https:\/\/jesus-is-muslim.net\/wp-content\/uploads\/2013\/05\/Jesus-in-Islam.png\" alt=\"Jesus teaches full monotheism. Jesus is not God.\" width=\"1040\" height=\"570\" srcset=\"https:\/\/jesus-is-muslim.net\/wp-content\/uploads\/2013\/05\/Jesus-in-Islam.png 1040w, https:\/\/jesus-is-muslim.net\/wp-content\/uploads\/2013\/05\/Jesus-in-Islam-300x164.png 300w, https:\/\/jesus-is-muslim.net\/wp-content\/uploads\/2013\/05\/Jesus-in-Islam-768x421.png 768w, https:\/\/jesus-is-muslim.net\/wp-content\/uploads\/2013\/05\/Jesus-in-Islam-1024x561.png 1024w\" sizes=\"auto, (max-width: 1040px) 100vw, 1040px\" \/><\/a><\/p>\n<h3>Jesus is neither God nor the Son of God<\/h3>\n<p>But at the same time we can\u2019t say that he is God. God is mightier than being incarnated to a man who comes out of his mother, then grows as a baby, eats, enters the bathroom, gets tired,\u2026..etc.<a title=\"Is Jesus the son of God?\" href=\"https:\/\/jesus-is-muslim.net\/is-jesus-the-son-of-god\/\"> God is mightier than\u00a0having a son<\/a>, all these beliefs were found after Jesus (Peace be upon him) and Jesus (Peace be upon him) is totally innocent from saying this. <a title=\"Did Jesus really say \u201cI am God\u201d?\" href=\"https:\/\/jesus-is-muslim.net\/did-jesus-really-say-i-am-god\/\">Jesus never said that even in the Bible<\/a> as the next articles shall illustrate.<\/p>\n<blockquote><p>171.O People of the Scripture, do not commit excess in your religion or say about All\u0101h except the truth. The Messiah, Jesus, the son of Mary, was but a messenger of All\u0101h and His word which He directed to Mary and a soul [created at a command] from Him. So believe in All\u0101h and His messengers. And do not say, &#8220;Three&#8221;; desist \u2013 it is better for you. Indeed, All\u0101h is but one God. Exalted is He above having a son. To Him belongs whatever is in the heavens and whatever is on the earth. And sufficient is All\u0101h as Disposer of affairs. 172.\u00a0Never would the Messiah disdain to be a servant of All\u0101h, nor would the angels near [to Him]. And whoever disdains His worship and is arrogant \u2013 He will gather them to Himself all together. (Holy Quran 4:171-172)<\/p><\/blockquote>\n<h3>Jesus was not Crucified<\/h3>\n<p>We believe that <a title=\"Was Jesus Really Crucified?\" href=\"https:\/\/jesus-is-muslim.net\/was-jesus-really-crucified\/\">Jesus wasn\u2019t crucified\u00a0<\/a>but God saved him from crucifixion, and his appearance was put on someone else( most probably Judas), so that they thought that they were crucifying Jesus, but actually they were not, and he was raised to Heaven. Look at what the Quran says:<\/p>\n<blockquote><p>And for their disbelief(the Jews) and for their uttering against Mary a grievous calumny; 157. And for their saying, `We did slay the Messiah, Jesus, son of Mary, the Messenger of ALLAH;\u2019 whereas they slew him not, nor did they bring about his death upon the cross, but he was made to appear to them like one crucified; and those who differ therein are certainly in a state of doubt about it; they have no certain knowledge thereof, but only pursue conjecture; and they did not arrive at a certainty concerning it(Holy Quran 4:156-157)<\/p><\/blockquote>\n<p>The next articles\u00a0shall discuss these points in detail and prove that there is no solid evidence showing that Jesus is God or Son of God or that he was crucified.<\/p>\n","protected":false},"excerpt":{"rendered":"<p>We as Muslims believe in Jesus (Peace be upon him) as a prophet sent from God, we believe in him being miraculously born from virgin Mary: And [mention] the one who guarded her chastity, so We blew into her [garment] through Our angel [Gabriel], and We made her and her son a sign for the [&hellip;]<\/p>\n","protected":false},"author":1,"featured_media":1419,"parent":104,"menu_order":0,"comment_status":"closed","ping_status":"closed","template":"","meta":{"om_disable_all_campaigns":false,"_monsterinsights_skip_tracking":false,"_monsterinsights_sitenote_active":false,"_monsterinsights_sitenote_note":"","_monsterinsights_sitenote_category":0,"_uf_show_specific_survey":0,"_uf_disable_surveys":false,"footnotes":""},"categories":[33],"tags":[],"class_list":["post-106","page","type-page","status-publish","has-post-thumbnail","hentry","category-jesus"],"aioseo_notices":[],"_links":{"self":[{"href":"https:\/\/jesus-is-muslim.net\/en\/wp-json\/wp\/v2\/pages\/106","targetHints":{"allow":["GET"]}}],"collection":[{"href":"https:\/\/jesus-is-muslim.net\/en\/wp-json\/wp\/v2\/pages"}],"about":[{"href":"https:\/\/jesus-is-muslim.net\/en\/wp-json\/wp\/v2\/types\/page"}],"author":[{"embeddable":true,"href":"https:\/\/jesus-is-muslim.net\/en\/wp-json\/wp\/v2\/users\/1"}],"replies":[{"embeddable":true,"href":"https:\/\/jesus-is-muslim.net\/en\/wp-json\/wp\/v2\/comments?post=106"}],"version-history":[{"count":0,"href":"https:\/\/jesus-is-muslim.net\/en\/wp-json\/wp\/v2\/pages\/106\/revisions"}],"up":[{"embeddable":true,"href":"https:\/\/jesus-is-muslim.net\/en\/wp-json\/wp\/v2\/pages\/104"}],"wp:featuredmedia":[{"embeddable":true,"href":"https:\/\/jesus-is-muslim.net\/en\/wp-json\/wp\/v2\/media\/1419"}],"wp:attachment":[{"href":"https:\/\/jesus-is-muslim.net\/en\/wp-json\/wp\/v2\/media?parent=106"}],"wp:term":[{"taxonomy":"category","embeddable":true,"href":"https:\/\/jesus-is-muslim.net\/en\/wp-json\/wp\/v2\/categories?post=106"},{"taxonomy":"post_tag","embeddable":true,"href":"https:\/\/jesus-is-muslim.net\/en\/wp-json\/wp\/v2\/tags?post=106"}],"curies":[{"name":"wp","href":"https:\/\/api.w.org\/{rel}","templated":true}]}}