{"id":1611,"date":"2017-01-15T20:32:43","date_gmt":"2017-01-15T18:32:43","guid":{"rendered":"https:\/\/jesus-is-muslim.net\/?page_id=1611\/"},"modified":"2017-02-16T20:45:57","modified_gmt":"2017-02-16T18:45:57","slug":"que-es-el-islam","status":"publish","type":"page","link":"https:\/\/jesus-is-muslim.net\/es\/jesus-es-musulman\/que-es-el-islam\/","title":{"rendered":"El Islam"},"content":{"rendered":"<p>Islam es una palabra \u00e1rabe que significa sumisi\u00f3n, significa que te sometes a Dios totalmente, y lo adoras a \u00c9l solamente y a nadie m\u00e1s.<\/p>\n<p>\u00bf Aqu\u00ed tambi\u00e9n yo debo explicar que significa adorar ? No significa solamente que tu solo rezas, su significado es mucho m\u00e1s amplio, adorar a Dios es que tu le miras como tu maestro, no otro maestro control\u00e1ndote, sino que El es el \u00daNICO al que eres leal, \u00c9l es el \u00daNICO en el que conf\u00edas, \u00c9l es el \u00daNICO al que temes, \u00cbl es el \u00daNICO que te juzga y pone reglas para ti, \u00bfpor qu\u00e9? Porque \u00c9l es nuestro Creador, \u00c9l es el Creador del Universo y el Creador de todo, \u00c9l es el Poderoso, el Compasivo, el Misericordioso, el Omnipotente, el Omnisciente. \u00c9l es el \u00danico que cre\u00f3 el Universo.<\/p>\n<p>21. \u00a1Oh, seres humanos! Adoren a su Se\u00f1or que los cre\u00f3 a ustedes y a quienes los precedieron, para que as\u00ed alcancen el temor devocional de Dios. (Sagrado Cor\u00e1n 2:21)<\/p>\n<p><a href=\"https:\/\/jesus-is-muslim.net\/wp-content\/uploads\/2016\/01\/710-Vector-mosque-on-blue-card.jpg\"><img loading=\"lazy\" decoding=\"async\" class=\"alignnone size-full wp-image-1278\" src=\"https:\/\/jesus-is-muslim.net\/wp-content\/uploads\/2016\/01\/710-Vector-mosque-on-blue-card.jpg\" alt=\"What is Islam?\" width=\"660\" height=\"660\" srcset=\"https:\/\/jesus-is-muslim.net\/wp-content\/uploads\/2016\/01\/710-Vector-mosque-on-blue-card.jpg 660w, https:\/\/jesus-is-muslim.net\/wp-content\/uploads\/2016\/01\/710-Vector-mosque-on-blue-card-150x150.jpg 150w, https:\/\/jesus-is-muslim.net\/wp-content\/uploads\/2016\/01\/710-Vector-mosque-on-blue-card-300x300.jpg 300w\" sizes=\"auto, (max-width: 660px) 100vw, 660px\" \/><\/a><\/p>\n<h2>Profetas del Islam<\/h2>\n<p>\u00bfC\u00f3mo supimos eso? Dios envi\u00f3 profetas a nosotros a ense\u00f1arnos la doctrina correcta y decirnos las leyes \u00c9l nos las dio para ser una gu\u00eda en nuestra vida, y eremos contabilizados sobre esto en la otra vida.<\/p>\n<p>No piensen que el principio del Islam fue s\u00f3lo desde Muhammad (La paz sea con \u00e9l), no eso es incorrecto, el Islam comenz\u00f3 desde el inicio de la creaci\u00f3n, Dios cre\u00f3 a Ad\u00e1n (La paz sea con \u00e9l) y Ad\u00e1n fue un Musulm\u00e1n, porque \u00e9l realmente ador\u00f3 a Dios solamente, y empez\u00f3 a tener una familia, toda la familia fueron Musulmanes, y la vida continu\u00f3, entonces la gente empez\u00f3 a desviarse de este significado y olvid\u00f3 a Dios, empez\u00f3 a adorar \u00eddolos, Dios envi\u00f3 a los profetas: No\u00e9, Hud, Saleh, Abrah\u00e1n, Mois\u00e9s, David, Salom\u00f3n, Jes\u00fas, Muhammad y muchos otros profetas (La paz sea con todos ellos), la misi\u00f3n de todos estos profetas fue restaurar a la gente en el camino correcto de Dios. Los profetas pueden tener diferentes leyes de acuerdo a las condiciones de tiempo y lugar, pero al final tienen una creencia.<\/p>\n<p>25\\.\u00a0No envi\u00e9 en el pasado a ning\u00fan Mensajero, excepto que recibiera la misma revelaci\u00f3n que t\u00fa: \u00abNada ni nadie merece ser adorado excepto Yo, \u00a1Ad\u00f3renme solo a M\u00ed!\u00bb (Sagrado Cor\u00e1n 21:25)<\/p>\n<p>Pero al final todos estos profetas no son dioses, ellos no tienen ninguna naturaleza divina, porque Al\u00e1 es el \u00daNICO Dios, as\u00ed que cuando los Jud\u00edos pusieron conceptos muy equivocados de Dios que lo hicieron como un ni\u00f1o ellos se est\u00e1n desviando del concepto de adorar a Dios, porque ellos est\u00e1n insult\u00e1ndolo, y cuando los Cristianos dicen que Jes\u00fas es Dios o el hijo de Dios, o que Dios es uno en trinidad, ellos est\u00e1n realmente desvi\u00e1ndose del concepto. Nosotros en el Islam rechazamos todas estas formas, s\u00ed alguien dice que Muhammad (La paz sea con \u00e9l) es nuestro Dios, \u00e9l es inmediatamente un no creyente, Al\u00e1 es el \u00daNICO Dios.<\/p>\n<p>79. No es concebible que una persona a quien Dios concede el Libro, la sabidur\u00eda y la profec\u00eda, diga a la gente: \u00abR\u00edndanme culto a m\u00ed, no a Dios\u00bb; [una persona as\u00ed] dir\u00e1: \u00abSean gente de Dios ilustrados en su religi\u00f3n, que [practican y] ense\u00f1an el Libro tal como lo han aprendido\u00bb. 80. Tampoco les ordenar\u00eda que tomen como dioses a los \u00e1ngeles y a los Profetas. \u00bfAcaso iba a ordenarles que fueran incr\u00e9dulos siendo ustedes creyentes monote\u00edstas?(Sagrado Cor\u00e1n 3:79)<\/p>\n<p>Esto es generalmente en lo que nosotros, los Musulmanes creemos.<\/p>\n<p>&nbsp;<\/p>\n","protected":false},"excerpt":{"rendered":"<p>Islam es una palabra \u00e1rabe que significa sumisi\u00f3n, significa que te sometes a Dios totalmente, y lo adoras a \u00c9l solamente y a nadie m\u00e1s. \u00bf Aqu\u00ed tambi\u00e9n yo debo explicar que significa adorar ? No significa solamente que tu solo rezas, su significado es mucho m\u00e1s amplio, adorar a Dios es que tu le [&hellip;]<\/p>\n","protected":false},"author":1,"featured_media":1278,"parent":1606,"menu_order":1,"comment_status":"closed","ping_status":"closed","template":"","meta":{"om_disable_all_campaigns":false,"_monsterinsights_skip_tracking":false,"_monsterinsights_sitenote_active":false,"_monsterinsights_sitenote_note":"","_monsterinsights_sitenote_category":0,"_uf_show_specific_survey":0,"_uf_disable_surveys":false,"footnotes":""},"categories":[],"tags":[],"class_list":["post-1611","page","type-page","status-publish","has-post-thumbnail","hentry"],"aioseo_notices":[],"_links":{"self":[{"href":"https:\/\/jesus-is-muslim.net\/es\/wp-json\/wp\/v2\/pages\/1611","targetHints":{"allow":["GET"]}}],"collection":[{"href":"https:\/\/jesus-is-muslim.net\/es\/wp-json\/wp\/v2\/pages"}],"about":[{"href":"https:\/\/jesus-is-muslim.net\/es\/wp-json\/wp\/v2\/types\/page"}],"author":[{"embeddable":true,"href":"https:\/\/jesus-is-muslim.net\/es\/wp-json\/wp\/v2\/users\/1"}],"replies":[{"embeddable":true,"href":"https:\/\/jesus-is-muslim.net\/es\/wp-json\/wp\/v2\/comments?post=1611"}],"version-history":[{"count":0,"href":"https:\/\/jesus-is-muslim.net\/es\/wp-json\/wp\/v2\/pages\/1611\/revisions"}],"up":[{"embeddable":true,"href":"https:\/\/jesus-is-muslim.net\/es\/wp-json\/wp\/v2\/pages\/1606"}],"wp:featuredmedia":[{"embeddable":true,"href":"https:\/\/jesus-is-muslim.net\/es\/wp-json\/wp\/v2\/media\/1278"}],"wp:attachment":[{"href":"https:\/\/jesus-is-muslim.net\/es\/wp-json\/wp\/v2\/media?parent=1611"}],"wp:term":[{"taxonomy":"category","embeddable":true,"href":"https:\/\/jesus-is-muslim.net\/es\/wp-json\/wp\/v2\/categories?post=1611"},{"taxonomy":"post_tag","embeddable":true,"href":"https:\/\/jesus-is-muslim.net\/es\/wp-json\/wp\/v2\/tags?post=1611"}],"curies":[{"name":"wp","href":"https:\/\/api.w.org\/{rel}","templated":true}]}}