{"id":1613,"date":"2017-01-24T08:38:40","date_gmt":"2017-01-24T06:38:40","guid":{"rendered":"https:\/\/jesus-is-muslim.net\/?page_id=1613\/"},"modified":"2018-02-15T15:16:18","modified_gmt":"2018-02-15T13:16:18","slug":"la-moral-islamica","status":"publish","type":"page","link":"https:\/\/jesus-is-muslim.net\/es\/jesus-es-musulman\/que-es-el-islam\/la-moral-islamica\/","title":{"rendered":"La Moral Isl\u00e1mica"},"content":{"rendered":"<p>La moral isl\u00e1mica es la moral m\u00e1s sublime. Si la gente la cumple, experimentan los momentos m\u00e1s felices en esta vida y en la otra vida despu\u00e9s de la muerte. Dios dice en el Cor\u00e1n:<\/p>\n<blockquote><p>90\\. Ciertamente, Al\u00e1 ordena la justicia, hacer el bien y ayudar a la familia Y prohibe la obscenidad, la mala conducta y la opresi\u00f3n. As\u00ed los exhorta para que las recuerden. (El Santo Cor\u00e1n 16:90)<\/p><\/blockquote>\n<p><a href=\"https:\/\/jesus-is-muslim.net\/wp-content\/uploads\/2017\/01\/Al\u00e1-prescribe-la-justicia-la-beneficencia-y-la-liberalidad-con-los-parientes-1.png\"><img loading=\"lazy\" decoding=\"async\" class=\"alignnone size-full wp-image-1699\" src=\"https:\/\/jesus-is-muslim.net\/wp-content\/uploads\/2017\/01\/Al\u00e1-prescribe-la-justicia-la-beneficencia-y-la-liberalidad-con-los-parientes-1.png\" alt=\"Al\u00e1 prescribe la justicia, la beneficencia y la liberalidad con los parientes\" width=\"2063\" height=\"1032\" srcset=\"https:\/\/jesus-is-muslim.net\/wp-content\/uploads\/2017\/01\/Al\u00e1-prescribe-la-justicia-la-beneficencia-y-la-liberalidad-con-los-parientes-1.png 2063w, https:\/\/jesus-is-muslim.net\/wp-content\/uploads\/2017\/01\/Al\u00e1-prescribe-la-justicia-la-beneficencia-y-la-liberalidad-con-los-parientes-1-300x150.png 300w, https:\/\/jesus-is-muslim.net\/wp-content\/uploads\/2017\/01\/Al\u00e1-prescribe-la-justicia-la-beneficencia-y-la-liberalidad-con-los-parientes-1-768x384.png 768w, https:\/\/jesus-is-muslim.net\/wp-content\/uploads\/2017\/01\/Al\u00e1-prescribe-la-justicia-la-beneficencia-y-la-liberalidad-con-los-parientes-1-1024x512.png 1024w, https:\/\/jesus-is-muslim.net\/wp-content\/uploads\/2017\/01\/Al\u00e1-prescribe-la-justicia-la-beneficencia-y-la-liberalidad-con-los-parientes-1-660x330.png 660w, https:\/\/jesus-is-muslim.net\/wp-content\/uploads\/2017\/01\/Al\u00e1-prescribe-la-justicia-la-beneficencia-y-la-liberalidad-con-los-parientes-1-1050x525.png 1050w\" sizes=\"auto, (max-width: 2063px) 100vw, 2063px\" \/><\/a><\/p>\n<h3>El Islam es contra el Racismo<\/h3>\n<p>El Islam nos ense\u00f1a que todas las personas son iguales frente a Dios. Al\u00e1 dijo en el Cor\u00e1n:<\/p>\n<blockquote><p>13\\. \u00a1Oh, seres humanos! Os hemos creado de un macho y una hembra, y hemos hecho de ustedes naciones y tribus, para que os conozc\u00e1is unos a otros. El m\u00e1s noble de entre vosotros, ante Al\u00e1, es el m\u00e1s piadoso. Al\u00e1 es ciertamente Omnisciente y Gran Conocedor. (El Sagrado Cor\u00e1n 49:13)<\/p><\/blockquote>\n<p>El Profeta Muhammad \ufdfa dijo:<\/p>\n<blockquote><p>\u00abSabed que un blanco no puede ser mejor que un negro sino es por la piedad\u00bb. (Mencionado por Ahmed)<\/p><\/blockquote>\n<p>Y dijo tambi\u00e9n:<\/p>\n<blockquote><p>Dios no los juzga en funci\u00f3n de su apariencia y de sus riquezas, sino que mira vuestros corazones y observa vuestras acciones. (Mencionado por Muslim)<\/p><\/blockquote>\n<h3>Los Padres en el Islam<\/h3>\n<p>El Islam nos ense\u00f1a a tratar bien a nuestros padres. El Cor\u00e1n dice:<\/p>\n<blockquote><p>23 y tu Se\u00f1or ha decretado: \u2039no adores m\u00e1s que a \u00c9l; y (anota) de la bondad hacia el padre y madre: si unos de los dos o los dos tienen que esperar la vejez a tu lado no les dir\u00e1s: \u00a1Bah! \u203a y no los moleste, sino dir\u00edjase a ellos con palabras respetuosas.24 y por misericordia; extiende a ellos el ala de la humildad; y d\u00ed: \u2039Oh mi Se\u00f1or, dales; a ambos; misericordia como ellos me dieron cuando ni\u00f1o\u00bb. (El Sagrado Cor\u00e1n 17:23-24)<\/p><\/blockquote>\n<p>Los padres ocupan un lugar particular en el Islam. Es por eso cuando se le pregunt\u00f3 al Profeta Muhammad \ufdfa acerca de las mejores obras, dijo que el buen comportamiento con los padres est\u00e1 entre las obras m\u00e1s amadas por Dios. El Profeta Muhammad \ufdfa dijo:<\/p>\n<blockquote><p>\u00abQue sea humillado, luego sea humillado luego sea humillado.\u00bb<\/p>\n<p>Alguien ha dicho: \u00bfQui\u00e9n entonces Oh mensajero de Al\u00e1?<\/p>\n<p>El Profeta \ufdfa\u00a0ha dicho: \u00ab Aqu\u00e9l que atenta contra uno de sus padres o ambos cuando son viejos despu\u00e9s no entra al para\u00edso.\u00bb. (Mencionado por Muslim)<\/p><\/blockquote>\n<p>El Islam nos ordena portarnos bien y respetar a nuestros padres aunque no sean musulmanes. Dios dice en el Cor\u00e1n:<\/p>\n<blockquote><p>14\\. Nosotros hemos ordenado al ser humano hacer el bien a sus padres. Su madre lo lleva [en el vientre] soportando molestia tras molestia, y su destete es a los dos a\u00f1os. Sean agradecidos conmigo y con sus padres, Hacia Mi es el destino. Si tus padres se esfuerzan por hacer que caigas en la idolatr\u00eda de dedicar actos de adoraci\u00f3n a otro que Dios, lo cual es algo que no te he ense\u00f1ado, no los obedezcan pero tr\u00e1tenlos con respeto. Sigan el camino de los piadosos. pues ante M\u00ed comparecer\u00e1n y les informar\u00e9 de lo que hac\u00edan. (El Sagrado Cor\u00e1n 31:14-15)<\/p><\/blockquote>\n<h3>El v\u00ednculo de Consanguinidad en Islam<\/h3>\n<p>El Islam reconoce los derechos de la familia y la importancia del bien comportamiento hacia ella. Dios dice en el Cor\u00e1n:<\/p>\n<blockquote><p>36\\. Adoren solamente a Dios y no dediquen actos de adoraci\u00f3n a otros. Hagan el bien a sus padres, a sus familiares, a los hu\u00e9rfanos, a los pobres, a los vecinos parientes y no parientes, al compa\u00f1ero, al viajero insolvente y a quienes est\u00e1n a su servicio. Dios no ama a quien se comporta como un arrogante jactancioso. (El Sagrado Cor\u00e1n 4:36)<\/p><\/blockquote>\n<p>El Profeta Muhammad\u00a0 \ufdfa dijo:<\/p>\n<blockquote><p>&#8216;Al\u00e1 cre\u00f3 el universo, y cuando \u00c9l termin\u00f3, el v\u00ednculo de consanguinidad <em>(rahim)<\/em> se levant\u00f3 y dijo:<\/p>\n<p>\u00abQuien se incorpora es alguien que busca Tu protecci\u00f3n para no ser cortado.\u00bb<\/p>\n<p>Al\u00e1 dijo:<\/p>\n<p>\u00abS\u00ed, \u00bfTe complacer\u00eda si Yo protegiera a aquellos que te cuidan, y olvidara a quienes te cortan?<\/p>\n<p>Y el v\u00ednculo contest\u00f3: \u00abPor supuesto.\u00bb<\/p>\n<p>Al\u00e1 dijo: \u00abEntonces tu pedido est\u00e1 concedido.\u00bb<\/p><\/blockquote>\n<p>Luego el Profeta \ufdfa\u00a0dijo: &#8216;Si t\u00fa los deseas recita:<\/p>\n<blockquote><p>Si no obedec\u00e9is corromper\u00e9is la Tierra y cortar\u00e9is los lazos familiares. \u00bfAcaso esto os agrada? \u00c9stos son a quienes Al\u00e1 ha maldecido haciendo que se comporten como sordos y ciegos. (El Sagrado Cor\u00e1n 47:22-23)<\/p><\/blockquote>\n<p>En efecto, figura entre los objetivos m\u00e1s importantes de la ley Isl\u00e1mica el fortalecimiento de la cohesi\u00f3n social y la consolidaci\u00f3n de los v\u00ednculos de parentesco.<\/p>\n<h3>Los Derechos del Vecino en Islam<\/h3>\n<p>Seg\u00fan el Islam, el vecino tiene muchos derechos como mencionados en el verso 4:36 citado m\u00e1s arriba. El Profeta Muhammad\u00a0<strong>\ufdfa\u00a0<\/strong>dijo tambi\u00e9n:<\/p>\n<blockquote><p>\u201cEl \u00e1ngel Gabriel insisti\u00f3 aconsej\u00e1ndome que fuera amable con mi vecino hasta que pens\u00e9 que deber\u00eda darle una parte en herencia\u201d.\u00a0<cite>Tirmidhi, Hadiz n\u00b0 2007<\/cite><\/p><\/blockquote>\n<p>Y dijo:<\/p>\n<blockquote><p>\u2018Al\u00e9jate de las cosas prohibidas y ser\u00e1s el siervo m\u00e1s devoto; cont\u00e9ntate con lo que Al\u00e1 te Ha dado y ser\u00e1s el ser humano m\u00e1s rico; s\u00e9 bueno con tu vecino y ser\u00e1s un verdadero creyente; desea para los dem\u00e1s lo que deseas para ti mismo y ser\u00e1s un verdadero musulm\u00e1n; y no te r\u00edas mucho, pues mucha risa mata el coraz\u00f3n\u2019\u201d. [At-Tirmidhi y Ahmad]<\/p><\/blockquote>\n<h3>El Islam es la Religi\u00f3n de la Misericordia<\/h3>\n<p>Dios es el Compasivo y el Misericordioso. Es por eso nos mand\u00f3 ser misericordiosos los unos con los otros. El Profeta Muhammad <strong>\ufdfa<\/strong>\u00a0dijo:<\/p>\n<blockquote><p>\u00abEl Todo Misericordioso es clemente con aquellos que son clementes.\u00a0Tened misericordia de aquellos que est\u00e1n en la tierra, y el aquel que est\u00e1 en el cielo (Dios) tendr\u00e1 misericordia de vosotros.\u00bb (Al Tirmithi)<\/p><\/blockquote>\n<p>Esta misericordia es igualmente recomendada con los animales. El Profeta Muhammad \ufdfa cuenta:<\/p>\n<blockquote><p>\u00abmientras un hombre caminaba sinti\u00f3 sed y fue a un pozo y bebi\u00f3 agua. saliendo del pozo, \u00e9l vio a un perro jadeante que com\u00eda lodo debido a la sed excesiva. el hombre dijo, &#8216; este (perro) sufre el mismo problema que yo. por lo tanto \u00e9l (baj\u00f3 al pozo de agua), llenos su zapato de agua, lo tom\u00f3 con sus dientes, subi\u00f3 y dio de beber al perro. Al\u00e1 le agradeci\u00f3 su (buena) acci\u00f3n y lo perdon\u00f3.<\/p><\/blockquote>\n<p>La gente le pregunt\u00f3,<\/p>\n<blockquote><p>\u00ab\u00a1oh ap\u00f3stol de Al\u00e1! \u00bfhay una recompensa para nosotros por el servicio a los animales?\u00bb<\/p><\/blockquote>\n<p>Respondi\u00f3:<\/p>\n<blockquote><p>\u00abs\u00ed, hay una recompensa por servir a cualquier ser viviente\u00bb (Al Bujari)<\/p><\/blockquote>\n<h3>La Justicia en el Islam<\/h3>\n<p>El Islam nos ordena ser justos, un verso Cor\u00e1nico dice:<\/p>\n<blockquote><p>\u00a1Oh, creyentes! Sean responsablemente equitativos cuando den testimonio por Dios, aunque sea en contra de ustedes mismos, de sus padres o parientes cercanos, no importa si [el acusado es] rico o pobre: Dios est\u00e1 por encima de ellos. Que los sentimientos no los hagan ser injustos. Si dan falso testimonio o rechazan prestar testimonio [ocultando la verdad], sepan que Dios est\u00e1 bien informado de cuanto hacen. (El Sagrado Cor\u00e1n 4:135)<\/p><\/blockquote>\n<p class=\"w-body-text-1\">Una vez, se suscit\u00f3 una disputa entre Ali bin Ali Talib, cuando era el Califa, y un jud\u00edo que se present\u00f3 ante el juez Shuraih al-Kindi. Shuraih relata los detalles de lo que ocurri\u00f3:<\/p>\n<blockquote>\n<p class=\"w-body-text-1\">\u201cAli se percat\u00f3 que hab\u00eda perdido su cota de malla, as\u00ed que regres\u00f3 a Kufa y la encontr\u00f3 en manos de un jud\u00edo que la estaba vendiendo en el mercado. Le dijo: \u2018\u00a1Oh, jud\u00edo, esa cota de malla es m\u00eda! \u00a1No la he regalado ni la he vendido!\u2019<\/p>\n<p class=\"w-body-text-1\">El jud\u00edo respondi\u00f3: \u2018Es m\u00eda, est\u00e1 en mi poder\u2019.<\/p>\n<p class=\"w-body-text-1\">Ali dijo: \u2018Haremos que la ley juzgue esto por nosotros\u2019.<\/p>\n<p class=\"w-body-text-1\">As\u00ed que vinieron a m\u00ed y Ali se sent\u00f3 a mi lado y dijo: \u2018Esa cota de malla es m\u00eda; no la he regalado ni vendido\u2019.<\/p>\n<p class=\"w-body-text-1\">El jud\u00edo se sent\u00f3 frente a m\u00ed y dijo: \u2018Es mi cota de malla, est\u00e1 en mi poder\u2019.<\/p>\n<p class=\"w-body-text-1\">Pregunt\u00e9: \u2018Oh, Emir de los creyentes, \u00bftienes alguna prueba?\u2019<\/p>\n<p class=\"w-body-text-1\">\u2018S\u00ed\u2019, dijo Ali, \u2018mi hijo Hasan y Qanbarah pueden dar fe de que esa es mi cota de malla\u2019.<\/p>\n<p class=\"w-body-text-1\">Dije: \u2018Emir de los creyentes, el testimonio de un hijo a favor de su padre no es admisible en la corte\u2019.<\/p>\n<p class=\"w-body-text-1\">Ali exclam\u00f3: \u2018\u00a1Qu\u00e9 Perfecto es Dios! \u00bfNo puedes aceptar el testimonio de un hombre al que se le ha prometido el Para\u00edso? Escuch\u00e9 al Mensajero de Dios decir que Hasan y Husain son los pr\u00edncipes de los j\u00f3venes en el Para\u00edso\u2019.<\/p>\n<p class=\"w-body-text-1\">El Jud\u00edo dijo (asombrado)<span lang=\"ES-CO\">: \u2018\u00a1El Emir de los creyentes me lleva ante su propio juez y el juez falla a mi favor en contra suya! Doy fe de que no existe m\u00e1s divinidad que Dios y que Muhammad es Su mensajero [el jud\u00edo acept\u00f3 el Islam], y que la cota de malla es tuya, Emir de los creyentes. Se te cay\u00f3 durante la noche y yo la encontr\u00e9\u201d.<a title=\" Hayyan, Abu Bakr. Tarikh al-Qudat. Vol 2, p. 200.\" href=\"http:\/\/www.islamreligion.com\/es\/articles\/388\/los-derechos-de-los-no-musulmanes-en-el-islam-parte-9-de-13\/#_ftn11343\" name=\"_ftnref11343\"><span class=\"w-footnote-number\">[Fuente aqu\u00ed]<\/span><\/a><\/span><\/p>\n<\/blockquote>\n","protected":false},"excerpt":{"rendered":"<p>La moral isl\u00e1mica es la moral m\u00e1s sublime. Si la gente la cumple, experimentan los momentos m\u00e1s felices en esta vida y en la otra vida despu\u00e9s de la muerte. Dios dice en el Cor\u00e1n: 90\\. Ciertamente, Al\u00e1 ordena la justicia, hacer el bien y ayudar a la familia Y prohibe la obscenidad, la mala [&hellip;]<\/p>\n","protected":false},"author":1,"featured_media":1699,"parent":1611,"menu_order":0,"comment_status":"closed","ping_status":"closed","template":"","meta":{"om_disable_all_campaigns":false,"_monsterinsights_skip_tracking":false,"_monsterinsights_sitenote_active":false,"_monsterinsights_sitenote_note":"","_monsterinsights_sitenote_category":0,"_uf_show_specific_survey":0,"_uf_disable_surveys":false,"footnotes":""},"categories":[45],"tags":[],"class_list":["post-1613","page","type-page","status-publish","has-post-thumbnail","hentry","category-el-islam"],"aioseo_notices":[],"_links":{"self":[{"href":"https:\/\/jesus-is-muslim.net\/es\/wp-json\/wp\/v2\/pages\/1613","targetHints":{"allow":["GET"]}}],"collection":[{"href":"https:\/\/jesus-is-muslim.net\/es\/wp-json\/wp\/v2\/pages"}],"about":[{"href":"https:\/\/jesus-is-muslim.net\/es\/wp-json\/wp\/v2\/types\/page"}],"author":[{"embeddable":true,"href":"https:\/\/jesus-is-muslim.net\/es\/wp-json\/wp\/v2\/users\/1"}],"replies":[{"embeddable":true,"href":"https:\/\/jesus-is-muslim.net\/es\/wp-json\/wp\/v2\/comments?post=1613"}],"version-history":[{"count":0,"href":"https:\/\/jesus-is-muslim.net\/es\/wp-json\/wp\/v2\/pages\/1613\/revisions"}],"up":[{"embeddable":true,"href":"https:\/\/jesus-is-muslim.net\/es\/wp-json\/wp\/v2\/pages\/1611"}],"wp:featuredmedia":[{"embeddable":true,"href":"https:\/\/jesus-is-muslim.net\/es\/wp-json\/wp\/v2\/media\/1699"}],"wp:attachment":[{"href":"https:\/\/jesus-is-muslim.net\/es\/wp-json\/wp\/v2\/media?parent=1613"}],"wp:term":[{"taxonomy":"category","embeddable":true,"href":"https:\/\/jesus-is-muslim.net\/es\/wp-json\/wp\/v2\/categories?post=1613"},{"taxonomy":"post_tag","embeddable":true,"href":"https:\/\/jesus-is-muslim.net\/es\/wp-json\/wp\/v2\/tags?post=1613"}],"curies":[{"name":"wp","href":"https:\/\/api.w.org\/{rel}","templated":true}]}}