{"id":1617,"date":"2017-01-25T09:05:28","date_gmt":"2017-01-25T07:05:28","guid":{"rendered":"https:\/\/jesus-is-muslim.net\/?page_id=1617\/"},"modified":"2018-04-17T10:20:13","modified_gmt":"2018-04-17T08:20:13","slug":"islam-la-verdadera-religion-de-dios","status":"publish","type":"page","link":"https:\/\/jesus-is-muslim.net\/es\/jesus-es-musulman\/que-es-el-islam\/islam-la-verdadera-religion-de-dios\/","title":{"rendered":"Islam &#8211; La Verdadera Religi\u00f3n de Dios"},"content":{"rendered":"<p>Como un hecho geom\u00e9trico decimos que el camino m\u00e1s corto a cualquier destino es una l\u00ednea recta. Del mismo modo, el hecho religioso es que el verdadero camino a Dios es la creencia m\u00e1s sencilla y m\u00e1s directa en \u00c9l. Al\u00e1 dice en el Cor\u00e1n.<\/p>\n<blockquote><p>153\\. Y, [adem\u00e1s], este es mi camino, que es recto, as\u00ed que s\u00edguelo; y no sigue los [otros] caminos, porque estar\u00e1s separado de Su camino. Esto ha de instruirte a ti que tu puedes ser justificado. (El Sagrado Cor\u00e1n 6:153)<\/p><\/blockquote>\n<p>El camino de Dios es un camino recto. Este es el camino del Islam.<\/p>\n<p><a href=\"https:\/\/jesus-is-muslim.net\/wp-content\/uploads\/2017\/01\/EL-Islam-es-la-verdadera-religion-de-Dios.png\"><img loading=\"lazy\" decoding=\"async\" class=\"alignnone size-full wp-image-1703\" src=\"https:\/\/jesus-is-muslim.net\/wp-content\/uploads\/2017\/01\/EL-Islam-es-la-verdadera-religion-de-Dios.png\" alt=\"EL Islam es la verdadera religion de Dios\" width=\"2063\" height=\"1032\" srcset=\"https:\/\/jesus-is-muslim.net\/wp-content\/uploads\/2017\/01\/EL-Islam-es-la-verdadera-religion-de-Dios.png 2063w, https:\/\/jesus-is-muslim.net\/wp-content\/uploads\/2017\/01\/EL-Islam-es-la-verdadera-religion-de-Dios-300x150.png 300w, https:\/\/jesus-is-muslim.net\/wp-content\/uploads\/2017\/01\/EL-Islam-es-la-verdadera-religion-de-Dios-768x384.png 768w, https:\/\/jesus-is-muslim.net\/wp-content\/uploads\/2017\/01\/EL-Islam-es-la-verdadera-religion-de-Dios-1024x512.png 1024w, https:\/\/jesus-is-muslim.net\/wp-content\/uploads\/2017\/01\/EL-Islam-es-la-verdadera-religion-de-Dios-660x330.png 660w, https:\/\/jesus-is-muslim.net\/wp-content\/uploads\/2017\/01\/EL-Islam-es-la-verdadera-religion-de-Dios-1050x525.png 1050w\" sizes=\"auto, (max-width: 2063px) 100vw, 2063px\" \/><\/a><\/p>\n<h2>Hay un Creador de Este Universo<\/h2>\n<p>El Cor\u00e1n da cuenta sobre la existencia de Dios en una forma muy simple y l\u00f3gica a trav\u00e9s de hechos en los que nadie puede negarla. Cuando pensamos de la grandeza del Universo alrededor de nosotros y c\u00f3mo opera en armon\u00eda, esto no podr\u00eda haber sido hecho por coincidencia. Cuando miramos a la Tierra y como sus condiciones son tan ideales para que los seres humanos sobrevivan y como la integraci\u00f3n entre el hombre y otras criaturas como plantas en el proceso de fotos\u00edntesis mantienen la vida en la Tierra. Cuando meditamos de la complejidad del cuerpo del hombre, \u00a0de los animales e incluso de los insectos tal que ni siquiera podemos crear una mosca. Cuando miramos a todas esas se\u00f1as en este gran Universo, no parecer\u00e1 l\u00f3gico decir que todo eso viene de la nada. Esto es simplemente contra las leyes de la Termodin\u00e1mica. Dios dice en el Cor\u00e1n:<\/p>\n<blockquote><p>35. O fueron ellos creados de la nada, o fueron ellos los creadores [de ellos mismos] 36. O \u00bfEllos no crearon el Cielo y la tierra? Por el contrario, no est\u00e1n seguros. (El Sagrado Cor\u00e1n 52:35-36)<\/p><\/blockquote>\n<p>Si lo supimos, tenemos que llegar a la conclusi\u00f3n que este universo tiene un Creador. Este creador es necesariamente m\u00e1s grande que cualquiera de sus criaturas ya que tiene el poder para crearlas, cuando ellos en realidad no pueden crear una mosca. Dios dice en el Cor\u00e1n:<\/p>\n<blockquote><p>73. \u00a1Oh, gente! Se propone una par\u00e1bola. \u00a1Escuchadla! Los que invoc\u00e1is en lugar de invocar a Al\u00e1 ser\u00edan incapaces de crear una mosca, aun si se aunaran para ello. Y, si una mosca se les llevara algo, ser\u00edan incapaces de recuperarlo. \u00a1Qu\u00e9 d\u00e9biles son el suplicante y el suplicado! (El Sagrado Cor\u00e1n 22:73)<\/p><\/blockquote>\n<h2>Solo Dios Vale la Pena Adorar<\/h2>\n<p>Si este Creador es superior por encima de sus criaturas, entonces \u00c9l es el \u00fanico quien debe ser adorado, ni una piedra ni un \u00e1rbol ni un hombre. Todas estas criaturas son d\u00e9biles que no pueden ni beneficiar ni perjudicar, entonces ellas no merecen culto. Solo Dios tiene el poder absoluto ya que es omnipotente, omnisciente y entonces es el \u00fanico quien debe ser adorado. Este es simplemente el mensaje del Islam. Hay un s\u00f3lo Dios qui\u00e9n cre\u00f3 el universo, qui\u00e9n dirige todo lo que se pasa en este mundo, y qui\u00e9n sabe lo qu\u00e9 es mejor para nosotros. Por lo tanto, debemos rendir culto a \u00c9l, Le amos, confiar en \u00c9l, no tenemos miedo a algo excepto desobedecerle.<\/p>\n<blockquote><p>3\\. \u00a1Oh gente! Recordad la gracia que Al\u00e1 os ha dispensado. \u00bfHay alg\u00fan otro creador distinto de Al\u00e1, que os provea del cielo y de la tierra el sustento? No hay m\u00e1s dios que \u00c9l. \u00bfC\u00f3mo pod\u00e9is, pues, ser tan desviados? (El Sagrado Cor\u00e1n 35:3)<\/p><\/blockquote>\n<h2>Dios Tiene Los Atributos Poderosos<\/h2>\n<p>Es por eso el Islam dice que Jes\u00fas no es Dios. Jes\u00fas es un hombre y Dios no es un hombre. Jes\u00fas nunca dijo que es Dios ya que es el mensaje de todos los profetas. El mensaje simplemente dice a la gente que hay un s\u00f3lo Dios que merece adoraci\u00f3n. El Islam dice que Dios perdona nuestros pecados si nos arrepentimos. Dios no pone una ley contra el pecado y cuando \u00c9l quiere abolirla debe\u00a0convertirse a un hombre y muere. Dios no necesita humillarse para encontrar una soluci\u00f3n de una ley puesta por \u00c9l como explicado en el art\u00edculo <a href=\"https:\/\/jesus-is-muslim.net\/es\/jesus-es-musulman\/jesus\/jesus-murio-por-nuestros-pecados\/\">\u00bfJes\u00fas muri\u00f3 por nuestros pecados?<\/a>. La gente se perdonan el uno al otro, \u00bfDios no perdonar\u00eda a la gente?<\/p>\n<blockquote><p>54\\. Cuando vengan a ti los que creen en Nuestros signos, di: \u00ab\u00a1Paz sobre vosotros!\u00bb Vuestro Se\u00f1or Se ha prescrito la misericordia, de modo que si uno de vosotros obra mal por ignorancia, pero luego se arrepiente y enmienda&#8230; \u00c9l es indulgente, misericordioso. (El Sagrado Cor\u00e1n 6:54)<\/p><\/blockquote>\n<p>El Islam, a diferencia de la Biblia, no ense\u00f1a que Dios descansa o arrepiente, Dios no es c\u00f3mo un oso o c\u00f3mo una leona o c\u00f3mo un cordero. El Islam ense\u00f1a que Dios tiene los atributos potentes ya que es Dios y solamente es quien merece a ser adorado. Es la sencilla, l\u00f3gica y directa religi\u00f3n de Dios.<\/p>\n<blockquote><p>30\\. As\u00ed que dirige tu cara hacia la religi\u00f3n, inclin\u00e1ndote hacia la verdad. seg\u00fan la naturaleza primigenia que Al\u00e1 ha puesto en los hombres! No cabe alteraci\u00f3n en la creaci\u00f3n de Al\u00e1. \u00c9sa es la religi\u00f3n verdadera. Pero la mayor\u00eda de los hombres no saben. (El Sagrado Cor\u00e1n 30:30)<\/p><\/blockquote>\n","protected":false},"excerpt":{"rendered":"<p>Como un hecho geom\u00e9trico decimos que el camino m\u00e1s corto a cualquier destino es una l\u00ednea recta. Del mismo modo, el hecho religioso es que el verdadero camino a Dios es la creencia m\u00e1s sencilla y m\u00e1s directa en \u00c9l. Al\u00e1 dice en el Cor\u00e1n. 153\\. Y, [adem\u00e1s], este es mi camino, que es recto, [&hellip;]<\/p>\n","protected":false},"author":1,"featured_media":1703,"parent":1611,"menu_order":0,"comment_status":"closed","ping_status":"closed","template":"","meta":{"om_disable_all_campaigns":false,"_monsterinsights_skip_tracking":false,"_monsterinsights_sitenote_active":false,"_monsterinsights_sitenote_note":"","_monsterinsights_sitenote_category":0,"_uf_show_specific_survey":0,"_uf_disable_surveys":false,"footnotes":""},"categories":[45],"tags":[],"class_list":["post-1617","page","type-page","status-publish","has-post-thumbnail","hentry","category-el-islam"],"aioseo_notices":[],"_links":{"self":[{"href":"https:\/\/jesus-is-muslim.net\/es\/wp-json\/wp\/v2\/pages\/1617","targetHints":{"allow":["GET"]}}],"collection":[{"href":"https:\/\/jesus-is-muslim.net\/es\/wp-json\/wp\/v2\/pages"}],"about":[{"href":"https:\/\/jesus-is-muslim.net\/es\/wp-json\/wp\/v2\/types\/page"}],"author":[{"embeddable":true,"href":"https:\/\/jesus-is-muslim.net\/es\/wp-json\/wp\/v2\/users\/1"}],"replies":[{"embeddable":true,"href":"https:\/\/jesus-is-muslim.net\/es\/wp-json\/wp\/v2\/comments?post=1617"}],"version-history":[{"count":0,"href":"https:\/\/jesus-is-muslim.net\/es\/wp-json\/wp\/v2\/pages\/1617\/revisions"}],"up":[{"embeddable":true,"href":"https:\/\/jesus-is-muslim.net\/es\/wp-json\/wp\/v2\/pages\/1611"}],"wp:featuredmedia":[{"embeddable":true,"href":"https:\/\/jesus-is-muslim.net\/es\/wp-json\/wp\/v2\/media\/1703"}],"wp:attachment":[{"href":"https:\/\/jesus-is-muslim.net\/es\/wp-json\/wp\/v2\/media?parent=1617"}],"wp:term":[{"taxonomy":"category","embeddable":true,"href":"https:\/\/jesus-is-muslim.net\/es\/wp-json\/wp\/v2\/categories?post=1617"},{"taxonomy":"post_tag","embeddable":true,"href":"https:\/\/jesus-is-muslim.net\/es\/wp-json\/wp\/v2\/tags?post=1617"}],"curies":[{"name":"wp","href":"https:\/\/api.w.org\/{rel}","templated":true}]}}