{"id":1624,"date":"2017-01-20T11:32:31","date_gmt":"2017-01-20T09:32:31","guid":{"rendered":"https:\/\/jesus-is-muslim.net\/?page_id=1624\/"},"modified":"2018-04-17T10:08:08","modified_gmt":"2018-04-17T08:08:08","slug":"la-bendicion-de-ismael","status":"publish","type":"page","link":"https:\/\/jesus-is-muslim.net\/es\/jesus-es-musulman\/el-profeta-muhammad\/el-profeta-muhammad-en-la-biblia\/la-bendicion-de-ismael\/","title":{"rendered":"La Bendici\u00f3n de Ismael"},"content":{"rendered":"<p>La Biblia demuestra lo que dijo Dios acerca de la bendici\u00f3n de los descendientes de Ismael:<\/p>\n<blockquote><p>G\u00e9nesis 17:20 Y yo te he o\u00eddo: he aqu\u00ed, <strong>yo le he bendecido<\/strong>, y le har\u00e9 fructificar, y lo multiplicar\u00e9 much\u00edsimo; Doce pr\u00edncipes engendrar\u00e1n, y yo har\u00e9 de \u00e9l una gran naci\u00f3n.<\/p>\n<p>G\u00e9nesis 17: 7 Y establecer\u00e9 mi pacto <strong>entre yo y ti<\/strong>, y tu simiente despu\u00e9s de ti por sus generaciones, por pacto perpetuo, para ser un Dios para ti y para tu simiente despu\u00e9s de ti.<\/p>\n<p>G\u00e9nesis 21:13 Y del hijo de la sierva har\u00e9 una naci\u00f3n, <strong>porque \u00e9l es tu simiente<\/strong>.<\/p>\n<p>G\u00e9nesis 21:17 Y oy\u00f3 Dios la voz del muchacho. Y el \u00e1ngel de Dios llam\u00f3 a Agar del cielo, y le dijo: \u00bfQu\u00e9 te sucede, Agar? No tem\u00e1is. Porque Dios ha o\u00eddo la voz del muchacho donde est\u00e1 G\u00e9n. 21:18 Lev\u00e1ntate, alza al muchacho y sost\u00e9nlo en tu mano. Porque har\u00e9 de \u00e9l <strong>una gran naci\u00f3n.<\/strong><\/p><\/blockquote>\n<h2>\u00bfQu\u00e9 significa una bendici\u00f3n en este contexto?<\/h2>\n<p>Como vemos aqu\u00ed, Dios en la Biblia dice que ha bendecido\u00a0Ismael, y que tendr\u00e1 una gran naci\u00f3n, la bendici\u00f3n seg\u00fan la Biblia significa que habr\u00e1 profetas en sus descendientes, por ejemplo si miramos G\u00e9nesis 27 en la historia de Jacob tom\u00f3 la bendici\u00f3n de Esa\u00fa. No se levantaron profetas entre los descendientes de Esa\u00fa, sino que muchos profetas surgieron de la simiente de Isaac. Y el Profeta Muhammad \ufdfa\u00a0fue levantado entre los descendientes de Ismael, que son los hermanos de Israel, <a href=\"https:\/\/jesus-is-muslim.net\/es\/jesus-es-musulman\/el-profeta-muhammad\/el-profeta-muhammad-en-la-biblia\/un-profeta-como-moises\/\">como dice la Biblia en Deuteronomio 18:18<\/a>.<\/p>\n<p>Alguien podr\u00eda decir que esta profec\u00eda se cumpli\u00f3 en el vers\u00edculo que dice que Ismael tendr\u00e1 12 hijos como en G\u00e9nesis 25: 13-14. En realidad, si la bendici\u00f3n era s\u00f3lo con respecto a los descendientes, Esa\u00fa ser\u00e1 bendecido ya que ten\u00eda dos grandes naciones, no s\u00f3lo los Edomitas como se menciona en la Biblia, sino tambi\u00e9n los romanos como se menciona en la Talmud. Sin embargo, no fue bendecido seg\u00fan G\u00e9nesis 27. As\u00ed que en realidad la profec\u00eda aqu\u00ed con respecto a la bendici\u00f3n de Ismael no es s\u00f3lo con respecto a los descendientes, sino que un gran profeta vendr\u00e1 de la descendencia de Ismael.<\/p>\n<h2>\u00bfNo est\u00e1 establecido el pacto de Dios con Isaac solamente?<\/h2>\n<p>Otros podr\u00edan decir que el pacto es con Isaac solamente como dice la Biblia:<\/p>\n<blockquote><p>G\u00e9nesis 17:21 Y establecer\u00e9 mi pacto con Isaac, a quien Sara te dar\u00e1 en este tiempo fijado en el a\u00f1o siguiente.<\/p><\/blockquote>\n<p>Esto fue en el principio, luego el pacto fue transferido a los descendientes de Ismael despu\u00e9s de que los jud\u00edos rechazaron Jes\u00fas y Muhammad (Paz sobre ellos), y eso es lo que se dice en el Nuevo Testamento cuando Jes\u00fas dijo a los jud\u00edos que el reino de Dios les ser\u00eda quitado, mire el art\u00edculo <a href=\"https:\/\/jesus-is-muslim.net\/es\/jesus-es-musulman\/el-profeta-muhammad\/el-profeta-muhammad-en-la-biblia\/la-piedra-desechada-y-el-reino-de-dios\/\">La Piedra Desechada y el Reino de Dios<\/a>:<\/p>\n<blockquote><p>Mateo 21:43 Por tanto, os digo: El reino de Dios ser\u00e1 quitado de vosotros, y ser\u00e1 dado a una naci\u00f3n que produzca sus frutos.<\/p><\/blockquote>\n<p>El verso est\u00e1 claro alabando Ismael y su naci\u00f3n cuando le llama como fruct\u00edfero y que tendr\u00e1 una gran naci\u00f3n. Si Dios supiera que un falso profeta vino de su descendencia donde una gran naci\u00f3n lo sigui\u00f3, \u00bfpor qu\u00e9 describi\u00f3 a esta naci\u00f3n como grande?<\/p>\n<p>Mire lo que se dice en G\u00e9nesis 17:<\/p>\n<blockquote><p>G\u00e9nesis 17:10 Este es mi pacto, el cual guardar\u00e9is entre m\u00ed y vosotros y tu simiente despu\u00e9s de ti: <strong>todo var\u00f3n de entre vosotros ser\u00e1 circuncidado<\/strong> &#8230; 13 El que ha nacido en tu casa, y el que es comprado tu dinero, debe ser circuncidado; y mi pacto estar\u00e1 en tu carne por <strong>pacto perpetuo<\/strong>. 14 Y el var\u00f3n incircunciso que no es circuncidado en la carne de su prepucio, <strong>esa alma ser\u00e1 cortada de su pueblo; \u00e9l ha roto mi pacto.<\/strong><\/p><\/blockquote>\n<p>As\u00ed que claramente dice que la se\u00f1al de este pacto es la circuncisi\u00f3n, este pacto es eterno y quien no circuncida rompe el pacto de Dios. Los Musulmanes ya circuncidan mientras que seg\u00fan los Cristianos, Pablo cancel\u00f3 la circuncisi\u00f3n. Los Musulmanes son los verdaderos seguidores de Abraham.<\/p>\n","protected":false},"excerpt":{"rendered":"<p>La Biblia demuestra lo que dijo Dios acerca de la bendici\u00f3n de los descendientes de Ismael: G\u00e9nesis 17:20 Y yo te he o\u00eddo: he aqu\u00ed, yo le he bendecido, y le har\u00e9 fructificar, y lo multiplicar\u00e9 much\u00edsimo; Doce pr\u00edncipes engendrar\u00e1n, y yo har\u00e9 de \u00e9l una gran naci\u00f3n. G\u00e9nesis 17: 7 Y establecer\u00e9 mi pacto [&hellip;]<\/p>\n","protected":false},"author":1,"featured_media":0,"parent":1647,"menu_order":0,"comment_status":"closed","ping_status":"closed","template":"","meta":{"om_disable_all_campaigns":false,"_monsterinsights_skip_tracking":false,"_monsterinsights_sitenote_active":false,"_monsterinsights_sitenote_note":"","_monsterinsights_sitenote_category":0,"_uf_show_specific_survey":0,"_uf_disable_surveys":false,"footnotes":""},"categories":[49],"tags":[],"class_list":["post-1624","page","type-page","status-publish","hentry","category-el-profeta-muhammad--en-la-biblia"],"aioseo_notices":[],"_links":{"self":[{"href":"https:\/\/jesus-is-muslim.net\/es\/wp-json\/wp\/v2\/pages\/1624","targetHints":{"allow":["GET"]}}],"collection":[{"href":"https:\/\/jesus-is-muslim.net\/es\/wp-json\/wp\/v2\/pages"}],"about":[{"href":"https:\/\/jesus-is-muslim.net\/es\/wp-json\/wp\/v2\/types\/page"}],"author":[{"embeddable":true,"href":"https:\/\/jesus-is-muslim.net\/es\/wp-json\/wp\/v2\/users\/1"}],"replies":[{"embeddable":true,"href":"https:\/\/jesus-is-muslim.net\/es\/wp-json\/wp\/v2\/comments?post=1624"}],"version-history":[{"count":0,"href":"https:\/\/jesus-is-muslim.net\/es\/wp-json\/wp\/v2\/pages\/1624\/revisions"}],"up":[{"embeddable":true,"href":"https:\/\/jesus-is-muslim.net\/es\/wp-json\/wp\/v2\/pages\/1647"}],"wp:attachment":[{"href":"https:\/\/jesus-is-muslim.net\/es\/wp-json\/wp\/v2\/media?parent=1624"}],"wp:term":[{"taxonomy":"category","embeddable":true,"href":"https:\/\/jesus-is-muslim.net\/es\/wp-json\/wp\/v2\/categories?post=1624"},{"taxonomy":"post_tag","embeddable":true,"href":"https:\/\/jesus-is-muslim.net\/es\/wp-json\/wp\/v2\/tags?post=1624"}],"curies":[{"name":"wp","href":"https:\/\/api.w.org\/{rel}","templated":true}]}}