{"id":1626,"date":"2017-01-20T14:55:16","date_gmt":"2017-01-20T12:55:16","guid":{"rendered":"https:\/\/jesus-is-muslim.net\/?page_id=1626\/"},"modified":"2018-04-17T10:09:08","modified_gmt":"2018-04-17T08:09:08","slug":"un-profeta-como-moises","status":"publish","type":"page","link":"https:\/\/jesus-is-muslim.net\/es\/jesus-es-musulman\/el-profeta-muhammad\/el-profeta-muhammad-en-la-biblia\/un-profeta-como-moises\/","title":{"rendered":"Un Profeta como Mois\u00e9s"},"content":{"rendered":"<p>Esta es una profec\u00eda muy importante en la Biblia que habla sobre un profeta como Mois\u00e9s que vendr\u00e1 entre los hermanos de los israelitas. Dios dice en la Biblia a Mois\u00e9s:<\/p>\n<blockquote>\n<p class=\"passage-display\"><span class=\"passage-display-bcv\">Deuteronomio <\/span>18:18 Un profeta <strong>como t\u00fa<\/strong> les levantar\u00e9<strong> de entre sus hermanos<\/strong>, y <strong>pondr\u00e9 mis palabras en su boca<\/strong>, y \u00e9l les hablar\u00e1 todo lo que yo le mandar\u00e9.<\/p>\n<\/blockquote>\n<p>En este vers\u00edculo, Dios estaba hablando con Mois\u00e9s (la Paz sea con \u00e9l), la palabra que se refiere a los israelitas. Ahora vamos a ver las palabras en negrita.<\/p>\n<p><a href=\"https:\/\/jesus-is-muslim.net\/wp-content\/uploads\/2017\/01\/El-Profeta-Muhammad-fue-predicho-en-Deuteronomio-18-18.png\"><img loading=\"lazy\" decoding=\"async\" class=\"alignnone size-full wp-image-1693\" src=\"https:\/\/jesus-is-muslim.net\/wp-content\/uploads\/2017\/01\/El-Profeta-Muhammad-fue-predicho-en-Deuteronomio-18-18.png\" alt=\"El Profeta Muhammad fue predicho en Deuteronomio 18:18\" width=\"1038\" height=\"576\" srcset=\"https:\/\/jesus-is-muslim.net\/wp-content\/uploads\/2017\/01\/El-Profeta-Muhammad-fue-predicho-en-Deuteronomio-18-18.png 1038w, https:\/\/jesus-is-muslim.net\/wp-content\/uploads\/2017\/01\/El-Profeta-Muhammad-fue-predicho-en-Deuteronomio-18-18-300x166.png 300w, https:\/\/jesus-is-muslim.net\/wp-content\/uploads\/2017\/01\/El-Profeta-Muhammad-fue-predicho-en-Deuteronomio-18-18-768x426.png 768w, https:\/\/jesus-is-muslim.net\/wp-content\/uploads\/2017\/01\/El-Profeta-Muhammad-fue-predicho-en-Deuteronomio-18-18-1024x568.png 1024w\" sizes=\"auto, (max-width: 1038px) 100vw, 1038px\" \/><\/a><\/p>\n<h3>Los Ismaelitas son los hermanos de Israel<\/h3>\n<p>\u00abDe entre sus hermanos\u00bb: Esto significa que el profeta predicho arriba no ser\u00e1 de Israel, sino de sus hermanos. Esto tambi\u00e9n fue probado por lo que se mencion\u00f3 en Deuteronomio 34:10.<\/p>\n<blockquote><p>Deuteronomio 34:10 <strong>Desde entonces no ha vuelto a surgir en Israel un profeta como Mois\u00e9s<\/strong>, a quien el SE\u00d1OR conoc\u00eda cara a cara, 11 nadie como \u00e9l por todas las se\u00f1ales y prodigios que el SE\u00d1OR le mand\u00f3 hacer en la tierra de Egipto, contra Fara\u00f3n, contra todos sus siervos y contra toda su tierra,<\/p><\/blockquote>\n<p>La palabra \u00abhermanos\u00bb no es particular con los Israelitas como algunos piensan, pero a veces puede significar los hermanos de Israel, por ejemplo se mencion\u00f3 acerca de los hijos de Esa\u00fa, as\u00ed que no hay ning\u00fan problema si fue mencionado para los Ismaelitas, especialmente que es muy claro en el contexto de Dueteronomio 18:18.<\/p>\n<blockquote><p>Deuteronomio 2:4 Y manda al pueblo, diciendo: Pasando vosotros por el territorio <strong>de sus hermanos los hijos de Esa\u00fa<\/strong>, que habitan en Seir, ellos tendr\u00e1n miedo de vosotros; mas vosotros guardaos mucho.<\/p><\/blockquote>\n<p>\u00bfHab\u00eda alg\u00fan profeta enviado de los descendientes de Esa\u00fa? No. \u00bfHab\u00eda alguna profec\u00eda hablando sobre la bendici\u00f3n de los descendientes de Esau? No, de lo contrario la bendici\u00f3n fue tomada de \u00e9l como se mencionaba en G\u00e9nesis 27. Hab\u00eda un profeta que vino entre los Ismaelitas? S\u00ed, el profeta Muhammad \ufdfa. \u00bfHab\u00eda alguna bendici\u00f3n de Ismael en la Biblia? S\u00ed, <a href=\"https:\/\/jesus-is-muslim.net\/es\/jesus-es-musulman\/el-profeta-muhammad\/el-profeta-muhammad-en-la-biblia\/la-bendicion-de-ismael\/\">Ismael fue bendecido en la Biblia<\/a>.<\/p>\n<h3>Una Comparaci\u00f3n entre Jes\u00fas y Muhammad (Paz sobre ellos), \u00bfQui\u00e9n es el Profeta como Mois\u00e9s?<\/h3>\n<p>Entonces cambiamos a la siguiente parte, poniendo las palabras en su boca, esta es la manera de revelaci\u00f3n, el Profeta Muhammad\u00a0\ufdfa fue analfabeto, y arc\u00e1ngel Gabriel (Paz este con \u00e9l) le ense\u00f1\u00f3 los versos del Cor\u00e1n en esta manera de decir \u00aby pondr\u00e9 mis palabras en su boca, y \u00e9l les hablar\u00e1 todo lo que yo le mandar\u00e9.\u00bb.<\/p>\n<p>Ahora vamos a examinar las palabras (como t\u00fa), y vamos a comparar entre Muhammad y Jes\u00fas (Paz sobre ellos) seg\u00fan este punto, la semejanza a Mois\u00e9s (Paz sobre \u00e9l):<\/p>\n<table style=\"width: 100%; border: 1px solid black; background-color: #1297bf;\">\n<caption style=\"padding: 1px;\" align=\"bottom\"><em>Una comparaci\u00f3n simple entre Mois\u00e9s, Jes<\/em><em>\u00fa<\/em><em>s et Muhammad (Paz sobre ellos) mostrando que el Profeta Muhammad \ufdfa es el profeta como Mois\u00e9s mencionado en Deuteronomio 18:18<\/em><\/caption>\n<tbody>\n<tr style=\"background-color: #1297bf; color: white;\">\n<th style=\"border: 1px solid black; border-collapse: collapse; background-color: whitesmoke; color: #443936; text-align: left;\">Punto de Comparaci\u00f3n<\/th>\n<th style=\"border: 1px solid black; border-collapse: collapse; background-color: whitesmoke; color: #1297bf;\">Mois\u00e9s<\/th>\n<th style=\"border: 1px solid black; border-collapse: collapse; background-color: whitesmoke; color: red;\">Jes\u00fas<\/th>\n<th style=\"border: 1px solid black; border-collapse: collapse; background-color: whitesmoke; color: #1297bf;\">Muhammad \ufdfa<\/th>\n<\/tr>\n<tr>\n<td style=\"border: 1px solid black; border-collapse: collapse; font-weight: bold; background-color: whitesmoke; color: #443936; text-align: left;\">Nacimiento<\/td>\n<td style=\"border: 1px solid black; border-collapse: collapse; background-color: white; color: #1297bf;\">Natural<\/td>\n<td style=\"border: 1px solid black; border-collapse: collapse; background-color: white; color: red;\">Sin un padre<\/td>\n<td style=\"border: 1px solid black; border-collapse: collapse; background-color: white; color: #1297bf;\">Natural<\/td>\n<\/tr>\n<tr>\n<td style=\"border: 1px solid black; border-collapse: collapse; font-weight: bold; background-color: whitesmoke; color: #443936;\">Un L\u00edder Pol\u00edtico<\/td>\n<td style=\"border: 1px solid black; border-collapse: collapse; background-color: white; color: #1297bf;\">S\u00ed<\/td>\n<td style=\"border: 1px solid black; border-collapse: collapse; background-color: white; color: red;\">No<\/td>\n<td style=\"border: 1px solid black; border-collapse: collapse; background-color: white; color: #1297bf;\">S\u00ed<\/td>\n<\/tr>\n<tr>\n<td style=\"border: 1px solid black; border-collapse: collapse; font-weight: bold; background-color: whitesmoke; color: #443936;\">Fue adorado como Dios por algunos<\/td>\n<td style=\"border: 1px solid black; border-collapse: collapse; background-color: white; color: #1297bf;\">No<\/td>\n<td style=\"border: 1px solid black; border-collapse: collapse; background-color: white; color: red;\">S\u00ed<\/td>\n<td style=\"border: 1px solid black; border-collapse: collapse; background-color: white; color: #1297bf;\">No<\/td>\n<\/tr>\n<tr style=\"background-color: #1297bf; color: white;\">\n<td style=\"border: 1px solid black; border-collapse: collapse; font-weight: bold; background-color: whitesmoke; color: #443936;\">Vino con una ley nueva<\/td>\n<td style=\"border: 1px solid black; border-collapse: collapse; background-color: white; color: #1297bf;\">S\u00ed<\/td>\n<td style=\"border: 1px solid black; border-collapse: collapse; background-color: white; color: red;\">No<\/td>\n<td style=\"border: 1px solid black; border-collapse: collapse; background-color: white; color: #1297bf;\">S\u00ed<\/td>\n<\/tr>\n<tr>\n<td style=\"border: 1px solid black; border-collapse: collapse; font-weight: bold; background-color: whitesmoke; color: #443936;\">Muri\u00f3 naturalmente<\/td>\n<td style=\"border: 1px solid black; border-collapse: collapse; background-color: white; color: #1297bf;\">S\u00ed<\/td>\n<td style=\"border: 1px solid black; border-collapse: collapse; background-color: white; color: red;\">No<\/td>\n<td style=\"border: 1px solid black; border-collapse: collapse; background-color: white; color: #1297bf;\">S\u00ed<\/td>\n<\/tr>\n<tr>\n<td style=\"border: 1px solid black; border-collapse: collapse; font-weight: bold; background-color: whitesmoke; color: #443936;\">Casado<\/td>\n<td style=\"border: 1px solid black; border-collapse: collapse; background-color: white; color: #1297bf;\">S\u00ed<\/td>\n<td style=\"border: 1px solid black; border-collapse: collapse; background-color: white; color: red;\">No<\/td>\n<td style=\"border: 1px solid black; border-collapse: collapse; background-color: white; color: #1297bf;\">S\u00ed<\/td>\n<\/tr>\n<tr>\n<td style=\"border: 1px solid black; border-collapse: collapse; font-weight: bold; background-color: whitesmoke; color: #443936;\">Luch\u00f3 sus enemigos<\/td>\n<td style=\"border: 1px solid black; border-collapse: collapse; background-color: white; color: #1297bf;\">S\u00ed<\/td>\n<td style=\"border: 1px solid black; border-collapse: collapse; background-color: white; color: red;\">No<\/td>\n<td style=\"border: 1px solid black; border-collapse: collapse; background-color: white; color: #1297bf;\">S\u00ed<\/td>\n<\/tr>\n<\/tbody>\n<\/table>\n<ol style=\"display: none;\">\n<li>Muhammad (Paz sobre \u00e9l) naci\u00f3 naturalmente como Mois\u00e9s, mientras Jes\u00fas (Paz sobre \u00e9l) naci\u00f3 milagrosamente sin un padre.<\/li>\n<li>Muhammad (Paz sobre \u00e9l) fue un l\u00edder pol\u00edtico como Mois\u00e9s (Paz sobre \u00e9l), mientras la Biblia dice que Jes\u00fas dijo: \u00abDad a C\u00e9sar lo que es de C\u00e9sar, y a Dios lo que es de Dios. \u00bb Por lo tanto, no era un l\u00edder pol\u00edtico.<\/li>\n<li>Seg\u00fan la creencia cristiana, Jes\u00fas (Paz sobre \u00e9l) es Dios, mientras nadie cre\u00f3 qu\u00e9 Mois\u00e9s o Muhammad (Paz sobre ellos) son Dios.<\/li>\n<li>Tanto Muhammad \ufdfa que Mois\u00e9s (Paz sobre ellos) vinieron con una nueva ley, mientras Jes\u00fas (Paz sobre \u00e9l) no vino para abolir la ley sino para cumplirlo.<\/li>\n<li>Muhammad y Mois\u00e9s (Paz sobre ellos) murieron naturalmente, mientras Jes\u00fas (Paz sobre \u00e9l) fue elevado al cielo.<\/li>\n<li>Muhammad y Mois\u00e9s (Paz sobre ellos) se casaron, pero Jes\u00fas (Paz sobre \u00e9l) no se cas\u00f3.<\/li>\n<li>Muhammad y Mois\u00e9s (Paz sobre ellos) lucharon sus enemigos, mientras Jes\u00fas (Paz sobre \u00e9l) no luch\u00f3.<\/li>\n<\/ol>\n<h3>El Cristo no es el Profeta<\/h3>\n<p>Cuando los jud\u00edos preguntaron\u00a0Juan Bautista acerca del Cristo y el Profeta,\u00a0se entendi\u00f3 que esos son personajes diferentes, y Juan Bautista no les\u00a0corrigi\u00f3:<\/p>\n<blockquote><p>Juan 1:19<span class=\"text John-1-19\"><sup class=\"versenum\">\u00a0<\/sup>Este es el testimonio de Juan, cuando los jud\u00edos enviaron de Jerusal\u00e9n sacerdotes y levitas para que le preguntasen: \u00bfT\u00fa, qui\u00e9n eres?\u00a0<\/span><span id=\"es-RVR1960-26066\" class=\"text John-1-20\"><sup class=\"versenum\">20\u00a0<\/sup>Confes\u00f3, y no neg\u00f3, sino confes\u00f3:<strong> Yo no soy el Cristo.<\/strong>\u00a0<\/span><span id=\"es-RVR1960-26067\" class=\"text John-1-21\"><sup class=\"versenum\">21\u00a0<\/sup>Y le preguntaron: \u00bfQu\u00e9 pues? \u00bfEres t\u00fa El\u00edas? Dijo: No soy. <strong>\u00bfEres t\u00fa el Profeta? <\/strong>Y respondi\u00f3: No.<\/span><\/p>\n<p><sup class=\"versenum\">25\u00a0<\/sup>Y le preguntaron, y le dijeron: \u00bfPor qu\u00e9, pues, bautizas, si t\u00fa no eres el Cristo, ni El\u00edas, ni el profeta?<\/p><\/blockquote>\n<p>Eso significa que los\u00a0jud\u00edos conoc\u00edan que el Cristo es una persona diferente del Profeta. Algunos podr\u00edan decir que los jud\u00edos preguntaron Juan y eso significa que el Profeta vendr\u00e1 del Israel, pero esto no es necesario ya que se\u00a0pasa que los jud\u00edos malinterpretan las profec\u00edas. Pero por otro lado, Juan Bautista no neg\u00f3 que el Profeta es una persona diferente que el Cristo, y puesto que no es el Profeta, \u00e9l dijo que no. Pero no dijo que el Cristo es el Profeta.<\/p>\n<h3>Preguntas Planteadas por los Cristianos<\/h3>\n<p>Algunos pueden decir que el verso en Deuteronomio 18:15 dice que el Profeta vendr\u00e1 de Israel:<\/p>\n<div class=\"version-RVR1960 result-text-style-normal text-html \">\n<blockquote><p><span class=\"text Deut-18-15\"><sup class=\"versenum\">15\u00a0<\/sup>Profeta de en medio de ti, de tus hermanos, como yo, te levantar\u00e1 Jehov\u00e1 tu Dios; a \u00e9l oir\u00e9is;<\/span><\/p><\/blockquote>\n<\/div>\n<p>De hecho, el Profeta Muhammad \ufdfa fue levantado entre los jud\u00edos de Medina despu\u00e9s de su emigraci\u00f3n all\u00e1 y el verso confirma que ese profeta fue levantado tambi\u00e9n entre los hermanos de Israel en este verso y en el verso 18:18. Y puesto que la palabra \u00absus hermanos\u00bb se refiera a todos los hijos de Israel, entonces no significa que esos hermanos son los Israelitas, sino son los hermanos afuera de los Israelitas y esos no pueden ser que los Ismaelitas como indicado arriba.<\/p>\n","protected":false},"excerpt":{"rendered":"<p>Esta es una profec\u00eda muy importante en la Biblia que habla sobre un profeta como Mois\u00e9s que vendr\u00e1 entre los hermanos de los israelitas. Dios dice en la Biblia a Mois\u00e9s: Deuteronomio 18:18 Un profeta como t\u00fa les levantar\u00e9 de entre sus hermanos, y pondr\u00e9 mis palabras en su boca, y \u00e9l les hablar\u00e1 todo [&hellip;]<\/p>\n","protected":false},"author":1,"featured_media":0,"parent":1647,"menu_order":0,"comment_status":"closed","ping_status":"closed","template":"","meta":{"om_disable_all_campaigns":false,"_monsterinsights_skip_tracking":false,"_monsterinsights_sitenote_active":false,"_monsterinsights_sitenote_note":"","_monsterinsights_sitenote_category":0,"_uf_show_specific_survey":0,"_uf_disable_surveys":false,"footnotes":""},"categories":[49],"tags":[],"class_list":["post-1626","page","type-page","status-publish","hentry","category-el-profeta-muhammad--en-la-biblia"],"aioseo_notices":[],"_links":{"self":[{"href":"https:\/\/jesus-is-muslim.net\/es\/wp-json\/wp\/v2\/pages\/1626","targetHints":{"allow":["GET"]}}],"collection":[{"href":"https:\/\/jesus-is-muslim.net\/es\/wp-json\/wp\/v2\/pages"}],"about":[{"href":"https:\/\/jesus-is-muslim.net\/es\/wp-json\/wp\/v2\/types\/page"}],"author":[{"embeddable":true,"href":"https:\/\/jesus-is-muslim.net\/es\/wp-json\/wp\/v2\/users\/1"}],"replies":[{"embeddable":true,"href":"https:\/\/jesus-is-muslim.net\/es\/wp-json\/wp\/v2\/comments?post=1626"}],"version-history":[{"count":0,"href":"https:\/\/jesus-is-muslim.net\/es\/wp-json\/wp\/v2\/pages\/1626\/revisions"}],"up":[{"embeddable":true,"href":"https:\/\/jesus-is-muslim.net\/es\/wp-json\/wp\/v2\/pages\/1647"}],"wp:attachment":[{"href":"https:\/\/jesus-is-muslim.net\/es\/wp-json\/wp\/v2\/media?parent=1626"}],"wp:term":[{"taxonomy":"category","embeddable":true,"href":"https:\/\/jesus-is-muslim.net\/es\/wp-json\/wp\/v2\/categories?post=1626"},{"taxonomy":"post_tag","embeddable":true,"href":"https:\/\/jesus-is-muslim.net\/es\/wp-json\/wp\/v2\/tags?post=1626"}],"curies":[{"name":"wp","href":"https:\/\/api.w.org\/{rel}","templated":true}]}}