{"id":1633,"date":"2017-01-21T11:14:30","date_gmt":"2017-01-21T09:14:30","guid":{"rendered":"https:\/\/jesus-is-muslim.net\/?page_id=1633\/"},"modified":"2018-04-17T10:07:53","modified_gmt":"2018-04-17T08:07:53","slug":"isaias-42-predice-profeta-muhammad","status":"publish","type":"page","link":"https:\/\/jesus-is-muslim.net\/es\/jesus-es-musulman\/el-profeta-muhammad\/el-profeta-muhammad-en-la-biblia\/isaias-42-predice-profeta-muhammad\/","title":{"rendered":"Isa\u00edas 42 Predice El Profeta Muhammad"},"content":{"rendered":"<p>Isa\u00edas\u00a042 es una profec\u00eda interesante hablando sobre El Profeta Muhammad \ufdfa. Esta profec\u00eda fue dicha en algunos Hadices en Islam, pero hay mucha diferencia entre esto y lo que dijo el libro Isa\u00edas existente hoy. Las variaciones en los textos est\u00e1n muy presentes en la Biblia, y hay muchas citas inexactas del Antiguo Testamento de los escritores del Nuevo Testamento como mostrado en el art\u00edculo hablando de La Corrupci\u00f3n Jud\u00eda del Antiguo Testamento.<\/p>\n<h3>Caracter\u00edsticas del predicho por Isa\u00edas<\/h3>\n<p>Vamos a examinar la profec\u00eda b\u00edblica:<\/p>\n<blockquote><p>Isa 42:1 Contempla, mi siervo, a quien sostengo, mi elegido, en quien se deleita mi alma: Yo he puesto mi Esp\u00edritu sobre \u00e9l, el traer\u00e1 en adelante la justicia para los Gentiles.<\/p><\/blockquote>\n<h4>El Servidor Elegido de Dios<\/h4>\n<p>Seg\u00fan el primero verso de Isa\u00edas 42, el profeta predicho es un\u00a0siervo de Dios. Eso no puede ser aplicado sobre Jes\u00fas seg\u00fan la creencia cristiana que ve Jes\u00fas como Dios \u00c9l mismo no como un siervo de Dios. Algunos pueden decir que el verso aqu\u00ed habla de la natura humana pero eso no ser\u00e1 l\u00f3gico ya que el verso dice que este siervo ser\u00e1 escogido para Dios, Dios no escoge \u00c9l mismo, pero escoge un hombre para ser un profeta entre los seres humanos.<\/p>\n<p><a href=\"https:\/\/jesus-is-muslim.net\/wp-content\/uploads\/2017\/01\/El-Profeta-Muhammad-en-Isa\u00edas-42.png\"><img loading=\"lazy\" decoding=\"async\" class=\"alignnone size-full wp-image-1683\" src=\"https:\/\/jesus-is-muslim.net\/wp-content\/uploads\/2017\/01\/El-Profeta-Muhammad-en-Isa\u00edas-42.png\" alt=\"El Profeta Muhammad en Isa\u00edas 42\" width=\"1038\" height=\"570\" srcset=\"https:\/\/jesus-is-muslim.net\/wp-content\/uploads\/2017\/01\/El-Profeta-Muhammad-en-Isa\u00edas-42.png 1038w, https:\/\/jesus-is-muslim.net\/wp-content\/uploads\/2017\/01\/El-Profeta-Muhammad-en-Isa\u00edas-42-300x165.png 300w, https:\/\/jesus-is-muslim.net\/wp-content\/uploads\/2017\/01\/El-Profeta-Muhammad-en-Isa\u00edas-42-768x422.png 768w, https:\/\/jesus-is-muslim.net\/wp-content\/uploads\/2017\/01\/El-Profeta-Muhammad-en-Isa\u00edas-42-1024x562.png 1024w\" sizes=\"auto, (max-width: 1038px) 100vw, 1038px\" \/><\/a><\/p>\n<h4>Mandado a los Gentiles<\/h4>\n<p>Despu\u00e9s la profec\u00eda dice que va a traer la justicia a los gentiles, tambi\u00e9n eso no es Jes\u00fas (Paz sobre \u00e9l) porque Jes\u00fas dijo:<\/p>\n<blockquote><p>Mateo 15:24 No soy enviado sino a las ovejas p\u00e9rdidas de la casa de Israel.<\/p><\/blockquote>\n<p>Algunos pueden decir que Jes\u00fas mand\u00f3 a los disc\u00edpulos a predicar al Evangelio al mundo entero, pues estos son los disc\u00edpulos no \u00e9l mismo, y esto era confirmado por Albert Barnes en su comentario sobre Mateo 15:24:<\/p>\n<blockquote><p>Pero contest\u00f3 y dijo, no soy enviado &#8230; &#8211; Esta respuesta se dio a la mujer, no a los disc\u00edpulos.<\/p>\n<p>Las \u00abovejas perdidas de la casa de Israel\u00bb fueron los jud\u00edos. <strong>Vino al principio a ellos. Vino como su mes\u00edas esperado. Vino para predicar el Evangelio \u00e9l mismo solamente a los Jud\u00edos. Despu\u00e9s el Evangelio se predic\u00f3 a los gentils, pero el ministerio de Jes\u00fas fue confinado totalmente a los Judios. <\/strong>(<a href=\"http:\/\/www.sacred-texts.com\/bib\/cmt\/barnes\/mat015.htm\">Fuente aqu\u00ed<\/a>)<\/p><\/blockquote>\n<h3>Arabia se Regocijar\u00e1 por su Venida<\/h3>\n<p>Despu\u00e9s la profec\u00eda da dos lugares especiales; Cedar y Sela como vemos en verso 42:11 :<\/p>\n<blockquote><p><span id=\"es-RVR1960-18493\" class=\"text Isa-42-11\"><sup class=\"versenum\">11\u00a0<\/sup>Alcen la voz el desierto y sus ciudades, las aldeas donde habita Cedar; canten los moradores de Sela, y desde la cumbre de los montes den voces de j\u00fabilo.<\/span><\/p><\/blockquote>\n<p>Cedar es el segundo hijo de <a href=\"https:\/\/jesus-is-muslim.net\/es\/jesus-es-musulman\/el-profeta-muhammad\/el-profeta-muhammad-en-la-biblia\/la-bendicion-de-ismael\/\">Ismael bendecido en la Biblia<\/a> (G\u00e9nesis 25:13) y <a href=\"http:\/\/en.wikipedia.org\/wiki\/Sela_(Saudi_Arabia)\">Sela es una monta\u00f1a en Medina<\/a> que ha sido mencionada en algunos hadices. Puede decir que el diccionario de la Biblia dice que Sela es Petra. Pero tal vez que hay m\u00e1s de una sola Sela como Seir por ejemplo:<\/p>\n<blockquote><p>Formado como H8163; aproximado; Seir, una monta\u00f1a de Idumea y sus ocupantes ind\u00edgenos, tambi\u00e9n uno en Palestina:- Seir. (El diccionario de Strong)<\/p><\/blockquote>\n<p>Adem\u00e1s seg\u00fan lo que s\u00e9, nada ha pasado en Petra con Jes\u00fas (que la Paz sea sobre\u00a0\u00e9l), y incluso si era Petra, Petra es en Jordania que es un pa\u00eds Musulm\u00e1n. Se puede decir que esto verso significa que todo el mundo estar\u00e1 feliz con la llegada de Jes\u00fas. Sin embargo, el cristianismo en Arabia fue limitado en Nagr\u00e1n en Yemen y a las fronteras con el imperio Romano que era principalmente una alianza pol\u00edtica no una creencia real. En cuento a la mayor\u00eda abrumada de los \u00c1rabes, no eran Cristianos y los Cristianos eran muy pocos. Incluso antes de que vino\u00a0el Islam, nunca he o\u00eddo de una iglesia Cristiana principal en Arabia como la en Antioqu\u00eda, Alejandr\u00eda, \u00c9feso o Roma. Nunca o\u00ed de un padre \u00e1rabe de la iglesia. Por otra parte, cuando vino\u00a0el Islam, todos los \u00c1rabes se vuelven Musulm\u00e1nes. Si la profec\u00eda significa el Cristianismo de verdad, habr\u00eda mencionado una ciudad Cristiana muy importante no el centro del Islam.<\/p>\n<h3>Isa\u00edas 42 habla de una nueva ley<\/h3>\n<blockquote><p>Isa\u00edas 42:4<sup class=\"versenum\">\u00a0<\/sup>No se cansar\u00e1 ni desmayar\u00e1, hasta que establezca en la tierra justicia; y las costas esperar\u00e1n su ley.<\/p><\/blockquote>\n<p>El Profeta Muhammad \ufdfa Sigui\u00f3 hablando\u00a0del Islam y enfrent\u00e1ndose\u00a0a muchas ofensas pero no estaba desanim\u00f3 hasta que Dios le dio la victoria. Esto puede ser mostrado leyendo la vida del Profeta Muhammad \ufdfa.<\/p>\n<p>La profec\u00eda sigue diciendo que las islas esperar\u00e1n su ley, el Profeta Muhammad \ufdfa vino con la ley \u00faltima, mientras que Jes\u00fas (Paz sobre \u00e9l) no vino para abolir sino para cumplir, y despu\u00e9s los Cristianos reclamaron que la ley Mosaica era s\u00f3lo para los jud\u00edos y que ellos no deb\u00edan comprometerse con la ley, y es por qu\u00e9 no circuncidan\u00a0y comen cerdo, &#8230;etc. Al mismo tiempo, Jes\u00fas dijo que vino solamente para cumplir la ley, no vino con una ley detallada como Mois\u00e9s o Muhammad (Paz sobre ellos). Adem\u00e1s, la fe Cristiana se trata principalmente del concepto de la salvaci\u00f3n por medio de la fe solamente no por\u00a0la ley ni por las obras, as\u00ed que cuando decimos que las islas esperar\u00e1n a su ley, no podr\u00eda aplicarse sobre Jes\u00fas.<\/p>\n<h3>Combatir con los enemigos de Dios<\/h3>\n<p>Luego la profec\u00eda habla en verso 42:13 sobre luchas contra los enemigos de Dios que es sin duda lo que Muhammad \ufdfa hizo, mientras que Jes\u00fas no ha pele\u00f3 con nadie:<\/p>\n<blockquote><p><span id=\"es-RVR1960-18495\">Isa\u00edas 42:13\u00a0<\/span><span id=\"es-RVR1960-18495\" class=\"text Isa-42-13\">Jehov\u00e1 saldr\u00e1 como gigante, y como hombre de guerra despertar\u00e1 celo; gritar\u00e1, vocear\u00e1, se esforzar\u00e1 sobre sus enemigos.<\/span><\/p><\/blockquote>\n<h3>\u00bfEl Profeta \u00faltimo ser\u00e1 enviado en un ambiente pagano o jud\u00edo?<\/h3>\n<p>Despu\u00e9s dice en verso 42:17 que aquellos que renden culto a los \u00eddolos llegar\u00edan a la verg\u00fcenza, el Profeta Muhammad \ufdfa\u00a0fue enviado en un ambiente pagano, mientras que Jes\u00fas (Paz sobre \u00e9l) fue enviado a los jud\u00edos y nunca ha sido concernido con rendir culto a las im\u00e1genes como fue el Antiguo Testamento ya que su conversaci\u00f3n con los jud\u00edos era principalmente para demostrar que vino de Dios y que es el Mes\u00edas.<\/p>\n<blockquote><p><span id=\"es-RVR1960-18499\"><span id=\"es-RVR1960-18495\">Isa\u00edas 42:<\/span><\/span><span id=\"es-RVR1960-18499\">17\u00a0<\/span><span id=\"es-RVR1960-18499\">Ser\u00e1n vueltos atr\u00e1s y en extremo confundidos los que conf\u00edan en \u00eddolos, y dicen a las im\u00e1genes de fundici\u00f3n: Vosotros sois nuestros dioses.<\/span><\/p><\/blockquote>\n<h3>La Moral del Profeta predicho<\/h3>\n<p>Despu\u00e9s la profec\u00eda habla de sus morales, puede leer la secci\u00f3n en\u00a0<a href=\"https:\/\/jesus-is-muslim.net\/es\/jesus-es-musulman\/el-profeta-muhammad\/la-moral-del-profeta-muhammad\/\">las morales para ver qui\u00e9n es el Profeta Muhammad \ufdfa<\/a>.\u00a0Anas, su sirviente, jur\u00f3 que en sus nueve a\u00f1os de servicio, el Profeta nunca lo castig\u00f3 o lo culp\u00f3 de algo.\u00a0 Aqu\u00e9llos alrededor de \u00e9l describieron a Muhammad como un ser muy humilde y temeroso de Dios.\u00a0 \u00c9l auxiliaba al d\u00e9bil, visitaba al enfermo y asist\u00eda a las procesiones f\u00fanebres. \u00a0Permanec\u00eda en la retaguardia de las caravanas para ayudar al d\u00e9bil y orar con ellos.\u00a0 No dudaba en caminar con una viuda o una persona pobre hasta que hubiera conseguido cumplir con sus necesidades.\u00a0 Atendi\u00f3 a la invitaci\u00f3n de un esclavo, no comiendo m\u00e1s que pan de cebada con \u00e9l. (<a href=\"http:\/\/www.islamreligion.com\/es\/articles\/22\/conozca-al-profeta-muhammad\/\">fuente aqu\u00ed<\/a>)<\/p>\n","protected":false},"excerpt":{"rendered":"<p>Isa\u00edas\u00a042 es una profec\u00eda interesante hablando sobre El Profeta Muhammad \ufdfa. Esta profec\u00eda fue dicha en algunos Hadices en Islam, pero hay mucha diferencia entre esto y lo que dijo el libro Isa\u00edas existente hoy. Las variaciones en los textos est\u00e1n muy presentes en la Biblia, y hay muchas citas inexactas del Antiguo Testamento de [&hellip;]<\/p>\n","protected":false},"author":1,"featured_media":1683,"parent":1647,"menu_order":0,"comment_status":"closed","ping_status":"closed","template":"","meta":{"om_disable_all_campaigns":false,"_monsterinsights_skip_tracking":false,"_monsterinsights_sitenote_active":false,"_monsterinsights_sitenote_note":"","_monsterinsights_sitenote_category":0,"_uf_show_specific_survey":0,"_uf_disable_surveys":false,"footnotes":""},"categories":[49],"tags":[],"class_list":["post-1633","page","type-page","status-publish","has-post-thumbnail","hentry","category-el-profeta-muhammad--en-la-biblia"],"aioseo_notices":[],"_links":{"self":[{"href":"https:\/\/jesus-is-muslim.net\/es\/wp-json\/wp\/v2\/pages\/1633","targetHints":{"allow":["GET"]}}],"collection":[{"href":"https:\/\/jesus-is-muslim.net\/es\/wp-json\/wp\/v2\/pages"}],"about":[{"href":"https:\/\/jesus-is-muslim.net\/es\/wp-json\/wp\/v2\/types\/page"}],"author":[{"embeddable":true,"href":"https:\/\/jesus-is-muslim.net\/es\/wp-json\/wp\/v2\/users\/1"}],"replies":[{"embeddable":true,"href":"https:\/\/jesus-is-muslim.net\/es\/wp-json\/wp\/v2\/comments?post=1633"}],"version-history":[{"count":0,"href":"https:\/\/jesus-is-muslim.net\/es\/wp-json\/wp\/v2\/pages\/1633\/revisions"}],"up":[{"embeddable":true,"href":"https:\/\/jesus-is-muslim.net\/es\/wp-json\/wp\/v2\/pages\/1647"}],"wp:featuredmedia":[{"embeddable":true,"href":"https:\/\/jesus-is-muslim.net\/es\/wp-json\/wp\/v2\/media\/1683"}],"wp:attachment":[{"href":"https:\/\/jesus-is-muslim.net\/es\/wp-json\/wp\/v2\/media?parent=1633"}],"wp:term":[{"taxonomy":"category","embeddable":true,"href":"https:\/\/jesus-is-muslim.net\/es\/wp-json\/wp\/v2\/categories?post=1633"},{"taxonomy":"post_tag","embeddable":true,"href":"https:\/\/jesus-is-muslim.net\/es\/wp-json\/wp\/v2\/tags?post=1633"}],"curies":[{"name":"wp","href":"https:\/\/api.w.org\/{rel}","templated":true}]}}