{"id":1635,"date":"2017-01-21T20:27:53","date_gmt":"2017-01-21T18:27:53","guid":{"rendered":"https:\/\/jesus-is-muslim.net\/?page_id=1635\/"},"modified":"2018-04-17T10:12:49","modified_gmt":"2018-04-17T08:12:49","slug":"jesus-lo-dice-yo-no-soy-dios","status":"publish","type":"page","link":"https:\/\/jesus-is-muslim.net\/es\/jesus-es-musulman\/jesus\/jesus-lo-dice-yo-no-soy-dios\/","title":{"rendered":"Jes\u00fas lo dice: \u00abYo no soy Dios\u00bb"},"content":{"rendered":"<p>\u00ab\u00bfEs Jes\u00fas Dios?\u00bb Es una pregunta com\u00fan que ha sido un punto de controversia a lo largo de la historia. Los Musulmanes creen que \u00e9l no es Dios sino un profeta. Los cristianos dicen que \u00e9l es Dios. Ya que hay una disputa, entonces debe haber un juez para resolver esta disputa. El juez aqu\u00ed ser\u00e1 Jes\u00fas \u00e9l-mismo, \u00bfqu\u00e9 dijo Jes\u00fas en la Biblia?<\/p>\n<p>Jes\u00fas (que la paz sea con \u00e9l) nunca dijo que es Dios, el Cor\u00e1n dice:<\/p>\n<blockquote><p><span class=\"row-0\">116 [El D\u00eda del Juicio Final] Dios dir\u00e1: \u00ab\u00a1Oh, Jes\u00fas hijo de Mar\u00eda! \u00bfAcaso t\u00fa dijiste a la gente: \u00abAd\u00f3renme a m\u00ed y a mi madre como divinidades junto con Dios?\u00bb Dir\u00e1 [Jes\u00fas]: \u00ab\u00a1Glorificado seas! No me corresponde decir algo a lo que no tengo derecho. Si lo hubiera dicho T\u00fa lo sabr\u00edas. T\u00fa conoces lo que encierra mi alma, mientras que yo ignoro lo que encierra la Tuya. T\u00fa eres Quien conoce lo oculto. <\/span><span class=\"row-0\">117 No les transmit\u00ed sino lo que T\u00fa me has ordenado: \u2018Adoren solo a Dios, mi Se\u00f1or y el suyo\u2019. Fui testigo de sus acciones mientras estuve con ellos; pero despu\u00e9s de que me elevaste, fuiste T\u00fa Quien los vigil\u00f3. T\u00fa eres testigo de todas las cosas. <\/span><span class=\"row-0\">118 Si los castigas, lo haces con derecho, pues son Tus siervos; pero si los perdonas, T\u00fa eres el Poderoso, el Sabio. <\/span> (El Sagrado Cor\u00e1n 5:116-118)<\/p><\/blockquote>\n<p>Nota: Tomando a Mar\u00eda como un dios quiere decir lo que hacen los Cat\u00f3licos que se interesan en la intersecci\u00f3n de Mar\u00eda, \u00a0le rezan a ella y creen que puede ayudarlos. Como Musulmanes, consideramos esto como idolatr\u00eda a\u00fan si ellos no dijeran que ella es un dios. Tambi\u00e9n hab\u00eda una secta en el Cristianismo temprano que adoraba a Mar\u00eda en Arabia, se llamaba el Collyridianismo.<\/p>\n<p><a href=\"https:\/\/jesus-is-muslim.net\/wp-content\/uploads\/2017\/01\/Jes\u00fas-no-es-Dios.png\"><img loading=\"lazy\" decoding=\"async\" class=\"alignnone size-full wp-image-1706\" src=\"https:\/\/jesus-is-muslim.net\/wp-content\/uploads\/2017\/01\/Jes\u00fas-no-es-Dios.png\" alt=\"Jes\u00fas dice que no es Dios\" width=\"1040\" height=\"570\" srcset=\"https:\/\/jesus-is-muslim.net\/wp-content\/uploads\/2017\/01\/Jes\u00fas-no-es-Dios.png 1040w, https:\/\/jesus-is-muslim.net\/wp-content\/uploads\/2017\/01\/Jes\u00fas-no-es-Dios-300x164.png 300w, https:\/\/jesus-is-muslim.net\/wp-content\/uploads\/2017\/01\/Jes\u00fas-no-es-Dios-768x421.png 768w, https:\/\/jesus-is-muslim.net\/wp-content\/uploads\/2017\/01\/Jes\u00fas-no-es-Dios-1024x561.png 1024w\" sizes=\"auto, (max-width: 1040px) 100vw, 1040px\" \/><\/a><\/p>\n<h2>Jes\u00fas nunca dijo en la Biblia que es Dios.<\/h2>\n<h3>Dios no es un hombre ni el hijo de un hombre<\/h3>\n<p>La Biblia por si misma (a pesar de la interpretaci\u00f3n de la Biblia) testifica que Jes\u00fas (la Paz sea con el) dijo que el Padre es el \u00fanico Dios, y que es humano, en el Viejo Testamento, dice:<\/p>\n<blockquote><p>N\u00fameros 23:19\u00a0Dios no es hombre, para que mienta, ni hijo de hombre para que se arrepienta. \u00bfAcaso dice y no hace? \u00bfAcaso promete y no cumple?<\/p><\/blockquote>\n<p>Y Jes\u00fas (La Paz sea con el) dice que es un hombre y un hijo del hombre:<\/p>\n<blockquote><p>Juan 8:40<sup class=\"versenum\">\u00a0<\/sup>Pero ahora procur\u00e1is matarme a m\u00ed, hombre que os he hablado la verdad, la cual he o\u00eddo de Dios; no hizo esto Abraham.<\/p><\/blockquote>\n<p>Jes\u00fas repiti\u00f3 decir que es el hijo del hombre como en Lucas 17:22, 7:34 y en muchos otros versos.<\/p>\n<h3>El Padre es el \u00fanico Dios verdadero<\/h3>\n<p>Adem\u00e1s Jes\u00fas sigui\u00f3 diciendo que solo el Padre es Dios.<\/p>\n<blockquote>\n<p class=\"chapter-2\"><span class=\"text John-17-1\"><span class=\"chapternum\">Juan 17:1\u00a0<\/span> Estas cosas habl\u00f3 Jes\u00fas, y levantando los ojos al cielo, dijo: <strong>Padre<\/strong>, la hora ha llegado; glorifica a tu Hijo, para que tambi\u00e9n tu Hijo te glorifique a ti;\u00a0<\/span><span id=\"es-RVR1960-26763\" class=\"text John-17-2\"><sup class=\"versenum\">2\u00a0<\/sup>como le has dado potestad sobre toda carne, para que d\u00e9 vida eterna a todos los que le diste.\u00a0<\/span><span id=\"es-RVR1960-26764\" class=\"text John-17-3\"><sup class=\"versenum\">3\u00a0<\/sup>Y esta es la vida eterna: <strong>que te conozcan a ti, el \u00fanico Dios verdadero, y a Jesucristo, a quien has enviado.<\/strong><\/span><\/p>\n<\/blockquote>\n<p>Jes\u00fas dijo que su Padre es el \u00fanico Dios\u00a0verdadero. Si dijo \u00abDios\u00bb en lugar de \u00abPadre\u00bb en el verso 1 (la palabra en\u00a0negrita), esta no habr\u00eda sido un aprueba de que el Padre es el \u00fanico Dios, porque Dios podr\u00eda haber significado la Trinidad completa. Usando la palabra Padre, Jes\u00fas claramente confirma que el Padre solo es Dios, excluyendo al hijo y al esp\u00edritu santo. Y\u00a0considere la palabra de Jes\u00fas \u00abesta es la vida eterna\u00bb. Jes\u00fas no dijo que la vida eterna es que es Dios que se convirti\u00f3 en carne o que es la segunda persona en la Trinidad, o que es el Salvador quien vino a ser crucificado por el pecado de Ad\u00e1n, es simplemente que el Padre es el \u00fanico Dios y que Jes\u00fas fue enviado por Dios.<\/p>\n<h3>El Padre es el Dios de Jes\u00fas<\/h3>\n<p>Jes\u00fas se refiere al padre como su Dios. Esto claramente significa que no es Dios y no puede interpretarse por naturaleza humana porque la naturaleza humana se supone que es Dios tambi\u00e9n:<\/p>\n<blockquote><p><span id=\"es-RVR1960-26886\">Juan 20:17<\/span><span id=\"es-RVR1960-26886\" class=\"text John-20-17\"><sup class=\"versenum\">\u00a0<\/sup>Jes\u00fas le dijo: No me toques, porque a\u00fan no he subido a mi Padre; mas ve a mis hermanos, y diles: Subo a mi Padre y a vuestro Padre, <strong><span style=\"text-decoration: underline;\">a mi Dios<\/span> y a vuestro Dios.<\/strong><\/span><\/p>\n<p><span id=\"es-RVR1960-24704\">Marcos 12:19 Jes\u00fas le respondi\u00f3: El primer mandamiento de todos es: Oye, Israel; <strong>el Se\u00f1or <span style=\"text-decoration: underline;\">nuestro Dios<\/span>, el Se\u00f1or uno es.<\/strong><\/span><\/p>\n<p><span id=\"es-RVR1960-24177\">Mateo 27:46<\/span><span id=\"es-RVR1960-24177\" class=\"text Matt-27-46\"><sup class=\"versenum\">\u00a0<\/sup>Cerca de la hora novena, Jes\u00fas clam\u00f3 a gran voz, diciendo: El\u00ed, El\u00ed, \u00bflama sabactani? Esto es: <strong>Dios m\u00edo, Dios m\u00edo<\/strong>, \u00bfpor qu\u00e9 me has desamparado?<\/span><\/p><\/blockquote>\n<h3>No hay nadie bueno excepto Dios<\/h3>\n<p>Jes\u00fas neg\u00f3 ser bueno y dijo que no hay No hay bueno m\u00e1s que uno que es Dios:<\/p>\n<blockquote><p>Mateo 19:16-17<strong><sup>\u00a0<\/sup><\/strong>Entonces se acerc\u00f3 uno y le dijo:<\/p>\n<p>\u2014Maestro bueno, \u00bfqu\u00e9 bien har\u00e9 para tener la vida eterna?<\/p>\n<p><strong><sup>17\u00a0<\/sup><\/strong>\u00c9l le dijo:<\/p>\n<p>\u2014\u00bfPor qu\u00e9 me llamas bueno? Nadie es bueno sino uno: Dios. Pero si quieres entrar en la vida, guarda los mandamientos.<\/p><\/blockquote>\n<h3>El Padre es m\u00e1s grande que Jes\u00fas<\/h3>\n<p>Jes\u00fas expl\u00edcitamente dijo que el Padre es m\u00e1s grande que \u00e9l, Este significa que no es igual a Dios:<\/p>\n<div>\n<blockquote><p><span id=\"es-RVR1960-26698\">Juan 14:28\u00a0Hab\u00e9is o\u00eddo que yo os he dicho: Voy, y vengo a vosotros. Si me amarais, os habr\u00edais regocijado, porque he dicho que voy al Padre; <strong>porque el Padre mayor es que yo.<\/strong><\/span><\/p><\/blockquote>\n<\/div>\n<p>Esto verso realmente contesta a Pablo que dice en Filipenses 2 que Jes\u00fas es igual a Dios ya que Jes\u00fas le responde diciendo que el Padre es m\u00e1s grande que \u00e9l.<\/p>\n<h3>Jes\u00fas no es m\u00e1s que un maestro, un profeta, el NO es Dios<\/h3>\n<p>Jes\u00fas dice:<\/p>\n<blockquote><p>Mateo 23:9 Y no llam\u00e9is padre vuestro a nadie en la tierra, porque uno es vuestro Padre, el que est\u00e1 en los cielos.\u00a0<strong><sup>10\u00a0<\/sup><\/strong>Ni se\u00e1is llamados maestros, porque uno es vuestro Maestro, el Cristo.<\/p><\/blockquote>\n<p>Jes\u00fas es solamente un maestro, no es el Padre, y no es Dios.<\/p>\n<h3>Jes\u00fas no sabe la hora<\/h3>\n<p>Jes\u00fas dice:<\/p>\n<blockquote><p>Marcos 13:<span id=\"es-RVR1960-24751\">32\u00a0<\/span><span id=\"es-RVR1960-24751\" class=\"text Mark-13-32\">Pero de aquel d\u00eda y de la hora nadie sabe, ni a\u00fan los \u00e1ngeles que est\u00e1n en el cielo, <strong>ni el Hijo<\/strong>, sino el Padre.<\/span><\/p><\/blockquote>\n<p>Dios es Omnipresente, \u00c9l Sabe todo, y Jes\u00fas confirma aqu\u00ed que el Padre es Dios solamente. El Padre es el \u00fanico que conoce la hora, ni Jes\u00fas ni los \u00e1ngeles la conocen. Si Jes\u00fas no conoce la hora, entonces \u00e9l no es omnipresente, y si Dios es Omnipresente, Jes\u00fas no ser\u00e1 Dios.<\/p>\n<h3>Jes\u00fas reconoce que no puede hacer nada por si mismo<\/h3>\n<p>Jes\u00fas dice:<\/p>\n<blockquote><p>Juan 5:30 <strong>No puedo yo hacer nada por m\u00ed mismo<\/strong>; seg\u00fan oigo, as\u00ed juzgo, y mi juicio es justo, porque no busco mi voluntad, sino la voluntad del Padre, que me envi\u00f3; seg\u00fan oigo, as\u00ed juzgo, y mi juicio es justo, porque no busco mi voluntad, sino la voluntad del Padre, que me envi\u00f3.<\/p><\/blockquote>\n<p>Tanto Dios es omnisciente como omnipotente. Dios puede hacer todas las cosas. Esto es Dios en quien ambos Musulmanes y Cristianos creen. Jes\u00fas niega su omnipotencia, pero se la refiere al Padre, y esto es una respuesta a los Cristianos que dicen que las se\u00f1ales y milagros hechos por Jes\u00fas prueban que es Dios, Jes\u00fas aqu\u00ed responde a esto diciendo: \u00bb No puedo yo hacer nada por m\u00ed mismo \u00ab.<\/p>\n<blockquote><p>Lucas 22:43 diciendo: \u00abPadre, si quieres, pasa de m\u00ed esta copa; pero no se haga mi voluntad, sino la tuya.\u00bb 43<strong>\u00a0Entonces se le apareci\u00f3 un \u00e1ngel del cielo para fortalecerlo<\/strong>.<\/p><\/blockquote>\n<p>Esto puede ser continuaci\u00f3n del verso anterior acerca de la omnipotencia de Dios. Dios es el Creador, \u00c9l cre\u00f3 todo incluyendo a los \u00e1ngeles. Si Jes\u00fas es Dios que cre\u00f3 todo, \u00bfpor qu\u00e9 necesita una de sus criaturas para fortalecerlo? \u00bfEs la criatura m\u00e1s fuerte que el Creador?<\/p>\n<p>Puede decir que Jes\u00fas realmente dijo que es Dios, el art\u00edculo <a href=\"https:\/\/jesus-is-muslim.net\/es\/jesus-es-musulman\/jesus\/realmente-dijo-jesus-yo-soy-dios\/\">\u00bfRealmente dijo Jes\u00fas yo soy Dios?<\/a>\u00a0discutir\u00e1 esto y contesta las citaciones de los Cristianos de la Biblia<\/p>\n","protected":false},"excerpt":{"rendered":"<p>\u00ab\u00bfEs Jes\u00fas Dios?\u00bb Es una pregunta com\u00fan que ha sido un punto de controversia a lo largo de la historia. Los Musulmanes creen que \u00e9l no es Dios sino un profeta. Los cristianos dicen que \u00e9l es Dios. Ya que hay una disputa, entonces debe haber un juez para resolver esta disputa. El juez aqu\u00ed [&hellip;]<\/p>\n","protected":false},"author":1,"featured_media":1706,"parent":1740,"menu_order":0,"comment_status":"closed","ping_status":"closed","template":"","meta":{"om_disable_all_campaigns":false,"_monsterinsights_skip_tracking":false,"_monsterinsights_sitenote_active":false,"_monsterinsights_sitenote_note":"","_monsterinsights_sitenote_category":0,"_uf_show_specific_survey":0,"_uf_disable_surveys":false,"footnotes":""},"categories":[44],"tags":[],"class_list":["post-1635","page","type-page","status-publish","has-post-thumbnail","hentry","category-jesus-es"],"aioseo_notices":[],"_links":{"self":[{"href":"https:\/\/jesus-is-muslim.net\/es\/wp-json\/wp\/v2\/pages\/1635","targetHints":{"allow":["GET"]}}],"collection":[{"href":"https:\/\/jesus-is-muslim.net\/es\/wp-json\/wp\/v2\/pages"}],"about":[{"href":"https:\/\/jesus-is-muslim.net\/es\/wp-json\/wp\/v2\/types\/page"}],"author":[{"embeddable":true,"href":"https:\/\/jesus-is-muslim.net\/es\/wp-json\/wp\/v2\/users\/1"}],"replies":[{"embeddable":true,"href":"https:\/\/jesus-is-muslim.net\/es\/wp-json\/wp\/v2\/comments?post=1635"}],"version-history":[{"count":0,"href":"https:\/\/jesus-is-muslim.net\/es\/wp-json\/wp\/v2\/pages\/1635\/revisions"}],"up":[{"embeddable":true,"href":"https:\/\/jesus-is-muslim.net\/es\/wp-json\/wp\/v2\/pages\/1740"}],"wp:featuredmedia":[{"embeddable":true,"href":"https:\/\/jesus-is-muslim.net\/es\/wp-json\/wp\/v2\/media\/1706"}],"wp:attachment":[{"href":"https:\/\/jesus-is-muslim.net\/es\/wp-json\/wp\/v2\/media?parent=1635"}],"wp:term":[{"taxonomy":"category","embeddable":true,"href":"https:\/\/jesus-is-muslim.net\/es\/wp-json\/wp\/v2\/categories?post=1635"},{"taxonomy":"post_tag","embeddable":true,"href":"https:\/\/jesus-is-muslim.net\/es\/wp-json\/wp\/v2\/tags?post=1635"}],"curies":[{"name":"wp","href":"https:\/\/api.w.org\/{rel}","templated":true}]}}