{"id":1647,"date":"2017-02-16T09:05:07","date_gmt":"2017-02-16T07:05:07","guid":{"rendered":"https:\/\/jesus-is-muslim.net\/?page_id=1647\/"},"modified":"2018-04-17T10:05:52","modified_gmt":"2018-04-17T08:05:52","slug":"el-profeta-muhammad-en-la-biblia","status":"publish","type":"page","link":"https:\/\/jesus-is-muslim.net\/es\/jesus-es-musulman\/el-profeta-muhammad\/el-profeta-muhammad-en-la-biblia\/","title":{"rendered":"El Profeta Muhammad en la Biblia"},"content":{"rendered":"<p>Esa secci\u00f3n se trata de algunas profec\u00edas b\u00edblicas hablando sobre el Profeta Muhammad \ufdfa. Podr\u00eda preguntar como reclamar que la Biblia habla sobre el Profeta Muhammad \ufdfa si los Musulmanes no creen que la Biblia es la palabra de Dios. Hay un art\u00edculo dedicado hablar\u00e1 de <a href=\"https:\/\/jesus-is-muslim.net\/es\/jesus-es-musulman\/la-biblia\/la-creencia-islamica-de-la-biblia\/\">la creencia isl\u00e1mica de la Biblia<\/a>. Vemos que hay profec\u00edas hablando sobre el Profeta Muhammad \ufdfa en la Biblia. Eso no significa que creemos en la Biblia con la manera en la cual se exista hoy, sino creemos que la Biblia contiene verdad pero no es verdadera enteramente o que es la palabra pura de Dios.<\/p>\n<p>Como Musulmanes, creemos que Dios envi\u00f3 la Tora a Mois\u00e9s y el Evangelio a Jes\u00fas. Sin embargo, estos libros fueron sometidos a \u00a0la corrupci\u00f3n como se muestran en <a href=\"https:\/\/jesus-is-muslim.net\/es\/jesus-es-musulman\/la-biblia\/\">la secci\u00f3n de la Biblia<\/a> las evidencias de esta corrupci\u00f3n. Eso no significa que no hay versos verdaderos ahora en la Biblia pero la Biblia tiene los versos aut\u00e9nticos con los versos falsos, entonces no es la palabra pura de Dios. Y es por eso que Dios envi\u00f3 el Cor\u00e1n como la palabra pura y final de Dios y como un juez sobre la Biblia, si la Biblia tiene un verso que se conforma con el Cor\u00e1n, que el verso ser\u00eda aut\u00e9ntico, si no se conforma con el Cor\u00e1n, ser\u00eda falso.<\/p>\n<p><a href=\"https:\/\/jesus-is-muslim.net\/wp-content\/uploads\/2017\/01\/El-Profeta-Muhammad-en-la-Biblia.png\"><img loading=\"lazy\" decoding=\"async\" class=\"alignnone size-full wp-image-1674\" src=\"https:\/\/jesus-is-muslim.net\/wp-content\/uploads\/2017\/01\/El-Profeta-Muhammad-en-la-Biblia.png\" alt=\"El Profeta Muhammad en la Biblia\" width=\"660\" height=\"330\" srcset=\"https:\/\/jesus-is-muslim.net\/wp-content\/uploads\/2017\/01\/El-Profeta-Muhammad-en-la-Biblia.png 660w, https:\/\/jesus-is-muslim.net\/wp-content\/uploads\/2017\/01\/El-Profeta-Muhammad-en-la-Biblia-300x150.png 300w\" sizes=\"auto, (max-width: 660px) 100vw, 660px\" \/><\/a><\/p>\n<p>Yo mismo creo que esas profec\u00edas han sido m\u00e1s claros que la manera en la cual se existan ahora especialmente cuando veo los escritos de los eruditos Musulmanes antiguos citando unos versos claros que hablan sobre el Profeta Muhammad \ufdfa y creo igualmente que esos versos as\u00ed como otros versos son una evidencia clara que la Biblia ha sido sometido a una campa\u00f1a feroz por los Jud\u00edos y los Cristianos.<\/p>\n<p>Puede ver eso como una teor\u00eda de la conspiraci\u00f3n, pero hay muchas evidencias confirmando eso como <a href=\"https:\/\/jesus-is-muslim.net\/es\/jesus-es-musulman\/la-biblia\/la-corrupcion-judia-del-antiguo-testamento\/\">las acusaciones de los primeros padres de la iglesia como Justino M\u00e1rtir o Juan Cris\u00f3stomo que los jud\u00edos han cambiado unos versos en el Antiguo Testamento<\/a> hablando de Jes\u00fas como vamos a mostrar en ese art\u00edculo entonces los Musulmanes no son \u00fanicos diciendo eso.<\/p>\n<p>Aqu\u00ed est\u00e1n algunos profec\u00edas hablando del Profeta Muhammad\u00a0\ufdfa, s\u00f3lo haga clic sobre los enlaces debajo:<\/p>\n<h3>El Antiguo Testamento<\/h3>\n<div id=\"bodyContent\" class=\"mw-body-content\"><a href=\"https:\/\/jesus-is-muslim.net\/es\/un-profeta-como-moises\/\">\u00a0Un Profeta como Mois\u00e9s<\/a><\/div>\n<div class=\"mw-body-content\"><a href=\"https:\/\/jesus-is-muslim.net\/es\/isaias-42-predice-profeta-muhammad\/\">Isa\u00edas 42 Predice El Profeta Muhammad<\/a><\/div>\n<div class=\"mw-body-content\"><a href=\"https:\/\/jesus-is-muslim.net\/es\/la-bendicion-de-ismael\/\">La Bendici\u00f3n de Ismael<\/a><\/div>\n<div class=\"mw-body-content\"><a href=\"https:\/\/jesus-is-muslim.net\/es\/el-profeta-muhammad-en-la-biblia\/paran-es-la-meca\/\">Par\u00e1n es la Meca<\/a><\/div>\n<h3 class=\"mw-body-content\">El Nuevo Testamento<\/h3>\n<p><a href=\"https:\/\/jesus-is-muslim.net\/es\/el-profeta-muhammad-en-la-biblia\/el-profeta-muhammad-es-el-paraclito\/\">El Profeta Muhammad es el Par\u00e1clito!<\/a><\/p>\n<p><a href=\"https:\/\/jesus-is-muslim.net\/es\/el-profeta-muhammad-en-la-biblia\/la-piedra-desechada-y-el-reino-de-dios\/\">La Piedra Desechada y el Reino de Dio<\/a>s<\/p>\n","protected":false},"excerpt":{"rendered":"<p>Esa secci\u00f3n se trata de algunas profec\u00edas b\u00edblicas hablando sobre el Profeta Muhammad \ufdfa. Podr\u00eda preguntar como reclamar que la Biblia habla sobre el Profeta Muhammad \ufdfa si los Musulmanes no creen que la Biblia es la palabra de Dios. Hay un art\u00edculo dedicado hablar\u00e1 de la creencia isl\u00e1mica de la Biblia. Vemos que hay [&hellip;]<\/p>\n","protected":false},"author":1,"featured_media":1674,"parent":1724,"menu_order":0,"comment_status":"closed","ping_status":"closed","template":"","meta":{"om_disable_all_campaigns":false,"_monsterinsights_skip_tracking":false,"_monsterinsights_sitenote_active":false,"_monsterinsights_sitenote_note":"","_monsterinsights_sitenote_category":0,"_uf_show_specific_survey":0,"_uf_disable_surveys":false,"footnotes":""},"categories":[52],"tags":[],"class_list":["post-1647","page","type-page","status-publish","has-post-thumbnail","hentry","category-el-coran"],"aioseo_notices":[],"_links":{"self":[{"href":"https:\/\/jesus-is-muslim.net\/es\/wp-json\/wp\/v2\/pages\/1647","targetHints":{"allow":["GET"]}}],"collection":[{"href":"https:\/\/jesus-is-muslim.net\/es\/wp-json\/wp\/v2\/pages"}],"about":[{"href":"https:\/\/jesus-is-muslim.net\/es\/wp-json\/wp\/v2\/types\/page"}],"author":[{"embeddable":true,"href":"https:\/\/jesus-is-muslim.net\/es\/wp-json\/wp\/v2\/users\/1"}],"replies":[{"embeddable":true,"href":"https:\/\/jesus-is-muslim.net\/es\/wp-json\/wp\/v2\/comments?post=1647"}],"version-history":[{"count":0,"href":"https:\/\/jesus-is-muslim.net\/es\/wp-json\/wp\/v2\/pages\/1647\/revisions"}],"up":[{"embeddable":true,"href":"https:\/\/jesus-is-muslim.net\/es\/wp-json\/wp\/v2\/pages\/1724"}],"wp:featuredmedia":[{"embeddable":true,"href":"https:\/\/jesus-is-muslim.net\/es\/wp-json\/wp\/v2\/media\/1674"}],"wp:attachment":[{"href":"https:\/\/jesus-is-muslim.net\/es\/wp-json\/wp\/v2\/media?parent=1647"}],"wp:term":[{"taxonomy":"category","embeddable":true,"href":"https:\/\/jesus-is-muslim.net\/es\/wp-json\/wp\/v2\/categories?post=1647"},{"taxonomy":"post_tag","embeddable":true,"href":"https:\/\/jesus-is-muslim.net\/es\/wp-json\/wp\/v2\/tags?post=1647"}],"curies":[{"name":"wp","href":"https:\/\/api.w.org\/{rel}","templated":true}]}}