{"id":1649,"date":"2017-01-24T18:28:10","date_gmt":"2017-01-24T16:28:10","guid":{"rendered":"https:\/\/jesus-is-muslim.net\/?page_id=1649\/"},"modified":"2018-04-17T10:07:17","modified_gmt":"2018-04-17T08:07:17","slug":"el-profeta-muhammad-un-profeta-enviado-de-dios","status":"publish","type":"page","link":"https:\/\/jesus-is-muslim.net\/es\/jesus-es-musulman\/el-profeta-muhammad\/el-profeta-muhammad-un-profeta-enviado-de-dios\/","title":{"rendered":"El Profeta Muhammad &#8211; Un Profeta enviado de Dios"},"content":{"rendered":"<p>El Profeta Muhammad\u00a0\ufdfa es el profeta final enviado de Dios. Hay muchos signos de su\u00a0veracidad, esto art\u00edculo va a mostrar unas evidencias entre esos signos.<\/p>\n<h2>Arabia antes del Islam<\/h2>\n<p>La conversaci\u00f3n entre Yafar ibn Abi Taleb y El Nayashi \u00a0rey de Abisinia es la mejor comparaci\u00f3n entre el estatus de Arabia antes del Islam y su estatus despu\u00e9s de la venida del Profeta Muhammad \ufdfa. Yafar dice al Nayashi:<\/p>\n<blockquote><p>\u2018\u2018\u00a1Oh rey!\u00a0 \u00c9ramos gente de Yahiliah (ignorancia), ador\u00e1bamos a los \u00eddolos, com\u00edamos carne de carro\u00f1a, practic\u00e1bamos obscenidades, romp\u00edamos los lazos familiares, \u00e9ramos malos vecinos, el poderoso de entre nosotros devoraba al d\u00e9bil.\u00bb<\/p><\/blockquote>\n<p><a href=\"https:\/\/jesus-is-muslim.net\/wp-content\/uploads\/2017\/01\/Esto-es-el-Profeta-Muhammad.png\"><img loading=\"lazy\" decoding=\"async\" class=\"alignnone size-full wp-image-1671\" src=\"https:\/\/jesus-is-muslim.net\/wp-content\/uploads\/2017\/01\/Esto-es-el-Profeta-Muhammad.png\" alt=\"Esto es el Profeta Muhammad evnviado de Dios\" width=\"660\" height=\"330\" srcset=\"https:\/\/jesus-is-muslim.net\/wp-content\/uploads\/2017\/01\/Esto-es-el-Profeta-Muhammad.png 660w, https:\/\/jesus-is-muslim.net\/wp-content\/uploads\/2017\/01\/Esto-es-el-Profeta-Muhammad-300x150.png 300w\" sizes=\"auto, (max-width: 660px) 100vw, 660px\" \/><\/a><\/p>\n<h2>La llamada del Profeta Muhammad<\/h2>\n<p>Yafar aqu\u00ed habla sobre el estatus de Arabia antes de la llegada del Profeta Muhammad\u00a0\ufdfa y como vivieron en un estado injusto y lejos de Dios. Despu\u00e9s habl\u00f3 sobre el Profeta Muhammad\u00a0\ufdfa diciendo:<\/p>\n<blockquote><p>\u00abAs\u00ed est\u00e1bamos\u00a0hasta que Al\u00e1 nos mand\u00f3 un Mensajero de entre nosotros mismos. Conocemos a su familia, su sinceridad, su fidelidad y su virtud. Nos llam\u00f3 a adorar a Al\u00e1, el \u00danico, y a dejar las piedras y los \u00eddolos que adoraban nuestros padres, nos orden\u00f3 ser sinceros al hablar, tener lealtad, mantener los lazos de parentesco, tratar bien a los vecinos y abstenernos de lo il\u00edcito y del matar. Adem\u00e1s, nos prohibi\u00f3 la obscenidad, el perjurio, la malversaci\u00f3n del patrimonio de los hu\u00e9rfanos y la difamaci\u00f3n de las mujeres decentes. Luego, nos orden\u00f3 adorar a Al\u00e1, el \u00danico y no asociarle, rezar, dar <u>Z<\/u>akat (caridad) y ayunar. As\u00ed, confiamos en \u00e9l, cre\u00edmos en \u00e9l y seguimos lo que Al\u00e1 le Revel\u00f3. Pues hemos adorado a Al\u00e1, el \u00danico, sin asociarle nada; y obedecimos\u00a0Sus \u00f3rdenes, evitando lo que nos prohibi\u00f3 y haciendo lo que nos permiti\u00f3.\u00bb<\/p><\/blockquote>\n<p>Desde entonces muchas personas empezaron a creer en el Profeta Muhammad\u00a0\ufdfa\u00a0y en su llamada estaba aceptada entre la comunidad. Sin embargo, no les gusta esta llamada a aquellos que no quer\u00edan cambiar la situaci\u00f3n actual ya que tienen poder o dineros para utilizar esa situaci\u00f3n corrupta. Entonces empezaron a rechazarla y a incluso hacer todo lo que posible para pararla de alcanzar a la gente. Por lo tanto, difundieron rumores que el Profeta Muhammad\u00a0\ufdfa es un mago que quiere perturbar y hacer disturbios a la comunidad con su llamada. Adem\u00e1s, empezaron a torturarlo y torturar todos creyentes.<\/p>\n<h2>\u00bfEl Profeta Muhammad\u00a0\ufdfa Invent\u00f3 el Islam para obtener dinero o poder?<\/h2>\n<p>Cuando los l\u00edderes que rechazan la llamada del Profeta Muhammad \ufdfa\u00a0vieron sus creyentes acrecent\u00e1ndose, intentaron de negociar con \u00e9l, y le dieron esas ofertas:<\/p>\n<blockquote><p>\u00abSi haces todo esto para obtener riquezas, te las daremos hasta que seas el m\u00e1s rico de Quraish. Si ambicionas el poder, te haremos nuestro jefe. Si quieres ser nuestro rey lo aceptar\u00edamos. \u00ab<\/p><\/blockquote>\n<p>Si el Profeta Muhammad\u00a0\ufdfa quiso dinero o poder entre su pueblo, \u00bfC\u00f3mo rechazar\u00eda esta oferta atractiva? De hecho, rechaz\u00f3 esa oferta ya que no ha sido su objetivo cualquieras interesas de esa vida mundana.<\/p>\n<p>No fue la oferta \u00fanica que ha recibido el Profeta Muhammad\u00a0\ufdfa, una otra tribu le ofreci\u00f3 el poder y el apoyo contra los \u00c1rabes si tienen el poder despu\u00e9s de su muerte. Sin embargo, el Profeta Muhammad\u00a0\ufdfa rechaz\u00f3 tambi\u00e9n esta oferta diciendo que esta no es su autoridad, sino es la autoridad de Dios. Si el\u00a0Profeta Muhammad\u00a0\ufdfa quiere el poder, no se\u00a0ocupar\u00e1 de lo que se pasar\u00e1 despu\u00e9s de su muerte.<\/p>\n<p>El\u00a0Profeta Muhammad\u00a0\ufdfa rechaz\u00f3 todas las ofertas que pueden darlo las ventajas y el poder en este mundo\u00a0a expensas de su llamada al Islam. \u00c9l\u00a0enfrent\u00f3 torturas, rumores\u00a0y intimidaciones, pero no perdi\u00f3 su confianza en Dios porque no buscaba ninguna ventaja en este mundo. S\u00f3lo buscaba el placer de Dios.<\/p>\n<p>La vida del\u00a0Profeta Muhammad\u00a0\ufdfa estaba muy sencilla\u00a0incluso el Profeta Muhammad\u00a0\ufdfa puede obtener lo que quiere\u00a0despu\u00e9s de la victoria Musulmana contra los paganos de Arabia. No obstante los intereses mundanos no eran lo que busc\u00f3. Su esposa dice que a veces pasaban dos meses sin que se encendiera un fuego (para cocinar la comida) en las casas del Profeta \ufdfa, y s\u00f3lo\u00a0que los sostuvieron el agua y los\u00a0d\u00e1tiles.<\/p>\n<p>La vida del Profeta Muhammad\u00a0\ufdfa\u00a0est\u00e1 llena de lecciones y cuando lee sobre su vida, le deber\u00eda gustar el\u00a0Profeta Muhammad\u00a0\ufdfa. Ese libro <a href=\"http:\/\/www.way-to-allah.com\/es\/documentos\/el_nectar_sellado.pdf\">El Nectar Sellado<\/a>\u00a0es muy bueno hablando de la biograf\u00eda del Profeta Muhammad \ufdfa.<\/p>\n","protected":false},"excerpt":{"rendered":"<p>El Profeta Muhammad\u00a0\ufdfa es el profeta final enviado de Dios. Hay muchos signos de su\u00a0veracidad, esto art\u00edculo va a mostrar unas evidencias entre esos signos. Arabia antes del Islam La conversaci\u00f3n entre Yafar ibn Abi Taleb y El Nayashi \u00a0rey de Abisinia es la mejor comparaci\u00f3n entre el estatus de Arabia antes del Islam y [&hellip;]<\/p>\n","protected":false},"author":1,"featured_media":1671,"parent":1724,"menu_order":0,"comment_status":"closed","ping_status":"closed","template":"","meta":{"om_disable_all_campaigns":false,"_monsterinsights_skip_tracking":false,"_monsterinsights_sitenote_active":false,"_monsterinsights_sitenote_note":"","_monsterinsights_sitenote_category":0,"_uf_show_specific_survey":0,"_uf_disable_surveys":false,"footnotes":""},"categories":[48],"tags":[],"class_list":["post-1649","page","type-page","status-publish","has-post-thumbnail","hentry","category-el-profeta-muhammad-"],"aioseo_notices":[],"_links":{"self":[{"href":"https:\/\/jesus-is-muslim.net\/es\/wp-json\/wp\/v2\/pages\/1649","targetHints":{"allow":["GET"]}}],"collection":[{"href":"https:\/\/jesus-is-muslim.net\/es\/wp-json\/wp\/v2\/pages"}],"about":[{"href":"https:\/\/jesus-is-muslim.net\/es\/wp-json\/wp\/v2\/types\/page"}],"author":[{"embeddable":true,"href":"https:\/\/jesus-is-muslim.net\/es\/wp-json\/wp\/v2\/users\/1"}],"replies":[{"embeddable":true,"href":"https:\/\/jesus-is-muslim.net\/es\/wp-json\/wp\/v2\/comments?post=1649"}],"version-history":[{"count":0,"href":"https:\/\/jesus-is-muslim.net\/es\/wp-json\/wp\/v2\/pages\/1649\/revisions"}],"up":[{"embeddable":true,"href":"https:\/\/jesus-is-muslim.net\/es\/wp-json\/wp\/v2\/pages\/1724"}],"wp:featuredmedia":[{"embeddable":true,"href":"https:\/\/jesus-is-muslim.net\/es\/wp-json\/wp\/v2\/media\/1671"}],"wp:attachment":[{"href":"https:\/\/jesus-is-muslim.net\/es\/wp-json\/wp\/v2\/media?parent=1649"}],"wp:term":[{"taxonomy":"category","embeddable":true,"href":"https:\/\/jesus-is-muslim.net\/es\/wp-json\/wp\/v2\/categories?post=1649"},{"taxonomy":"post_tag","embeddable":true,"href":"https:\/\/jesus-is-muslim.net\/es\/wp-json\/wp\/v2\/tags?post=1649"}],"curies":[{"name":"wp","href":"https:\/\/api.w.org\/{rel}","templated":true}]}}