{"id":1652,"date":"2017-01-22T10:19:11","date_gmt":"2017-01-22T08:19:11","guid":{"rendered":"https:\/\/jesus-is-muslim.net\/?page_id=1652\/"},"modified":"2018-04-17T10:09:49","modified_gmt":"2018-04-17T08:09:49","slug":"la-moral-del-profeta-muhammad","status":"publish","type":"page","link":"https:\/\/jesus-is-muslim.net\/es\/jesus-es-musulman\/el-profeta-muhammad\/la-moral-del-profeta-muhammad\/","title":{"rendered":"La moral del Profeta Muhammad"},"content":{"rendered":"<p>Este art\u00edculo hablar\u00e1 de la moral del Profeta Muhammad\u00a0\ufdfa. El Cor\u00e1n habla de \u00e9l diciendo:<\/p>\n<blockquote><p>Eres de una naturaleza y moral grandiosas. (El Sagrado Cor\u00e1n 68:4)<\/p><\/blockquote>\n<p>Cuando miramos la vida del\u00a0Profeta Muhammad \ufdfa, podr\u00edamos comprender eso, esos son algunos hadices mostrando su moral y c\u00f3mo sus compa\u00f1eros lo describen.<\/p>\n<p><a href=\"https:\/\/jesus-is-muslim.net\/wp-content\/uploads\/2017\/01\/El-Profeta-Muhammad-misericordia-para-todo-el-mundo.png\"><img loading=\"lazy\" decoding=\"async\" class=\"alignnone size-full wp-image-1708\" src=\"https:\/\/jesus-is-muslim.net\/wp-content\/uploads\/2017\/01\/El-Profeta-Muhammad-misericordia-para-todo-el-mundo.png\" alt=\"El Profeta Muhammad misericordia para todo el mundo\" width=\"660\" height=\"330\" srcset=\"https:\/\/jesus-is-muslim.net\/wp-content\/uploads\/2017\/01\/El-Profeta-Muhammad-misericordia-para-todo-el-mundo.png 660w, https:\/\/jesus-is-muslim.net\/wp-content\/uploads\/2017\/01\/El-Profeta-Muhammad-misericordia-para-todo-el-mundo-300x150.png 300w\" sizes=\"auto, (max-width: 660px) 100vw, 660px\" \/><\/a><\/p>\n<h3>La\u00a0misericordia\u00a0del\u00a0Profeta Muhammad\u00a0\ufdfa<\/h3>\n<h4>Su misericordia con el pagano que intentaba a matarlo<\/h4>\n<p>El Profeta Muhammad\u00a0\ufdfa fue\u00a0misericordioso, y perdonaba la gente. Ese hadiz en Bujari es un ejemplo:<\/p>\n<blockquote><p>El Profeta \ufdfa \u00a0tom\u00f3 una peque\u00f1a siesta dejando su espada a su lado. De pronto; un pagano toma su espada. Cuando el Profeta se despert\u00f3, encontr\u00f3 que su espada estaba en las manos de aquella persona.<br \/>\nEl beduino le pregunt\u00f3 al Profeta \ufdfa:<br \/>\n\u00ab\u00bfQui\u00e9n te proteger\u00e1 de m\u00ed en este momento?\u00bb.<br \/>\nEl Profeta le respondi\u00f3:<br \/>\n<strong>\u00abAl\u00e1\u00bb<\/strong>.<br \/>\nEntonces la espada cay\u00f3 de las manos del pagano, y cuando el Profeta la tom\u00f3 y le pregunt\u00f3 al pagano:<br \/>\n<strong>\u00bfQui\u00e9n te proteger\u00e1 de m\u00ed en este momento?<\/strong>.<br \/>\nEl pagano le dijo:<br \/>\n\u00abTu eres el mejor que sostiene la espada\u00bb.<\/p><\/blockquote>\n<p>El Profeta le pregunt\u00f3 al hombre si va a convertirse al Islam. El beduino le contest\u00f3 que no pero nunca lo combatir\u00e1 ni se aliar\u00eda con nadie en su contra. El Profeta lo dejo marcharse, y cuando el pagano retorno a su gente les dijo:<\/p>\n<blockquote><p>Me hab\u00eda encontrado con la mejor persona del mundo.<\/p><\/blockquote>\n<p>Esa estaba la fe del Profeta\u00a0Muhammad\u00a0\ufdfa en Dios\u00a0y esa estaba su misericordia hacia la gente.<\/p>\n<h4>La misericordia a su gente que persiguieron a \u00e9l<\/h4>\n<p>Aunque los paganos de La Meca siguieron haci\u00e9ndole da\u00f1o, no pido a Dios de destruirlos, sino sigui\u00f3 rezar por ellos ya que les quiso ser guiados al camino de Dios y salvados del infierno.<\/p>\n<p>Cuando el Profeta \ufdfa\u00a0se dirigi\u00f3 a pie hacia Ta\u2019if, para invitar a su gente al Islam. Durante diez d\u00edas se qued\u00f3 transmitiendo su Mensaje a toda la gente noble, uno por uno, pero ninguno acept\u00f3. Crearon un tumulto para apresurar la partida del indeseable visitante, los necios y sus sirvientes lo insultaban a trav\u00e9s del camino, arroj\u00e1ndole piedras oblig\u00e1ndole a dejar la ciudad perseguido por una muchedumbre. La sangre manaba de sus piernas. No desistieron hasta que lo expulsaron dos o tres millas cruzando el arenoso terreno hasta los bordes de las colinas. Ah\u00ed, preocupado y exhausto, se refugi\u00f3 en uno de los numerosos huertos, y descans\u00f3 reposando sobre la pared de un vi\u00f1edo. (El Nectar Sellado)<\/p>\n<p>Aishah la esposa del Profeta Muhammad \ufdfa pregunt\u00f3 a \u00e9l : \u201c\u00bfHas tenido un d\u00eda m\u00e1s dif\u00edcil que Uhud?\u201d<\/p>\n<p>Este respondi\u00f3:<\/p>\n<blockquote><p>\u201cTu gente me hab\u00eda perjudicado mucho, y el peor acontecimiento fue el d\u00eda de \u2018Aqabah cuando me present\u00e9 ante Ibn \u2018Abd-Yal\u00eel Ibn \u2018Abd-Kulal (los l\u00edderes de Ta\u2019if) y no respondi\u00f3 a mi pedido. Entonces me march\u00e9 con un excesivo dolor y no me pude relajar hasta llegar a Qarn-az-Za\u2018alib, donde levant\u00e9 mi cabeza hacia el cielo y vi una nube que me cubr\u00eda. Vi entonces a Gabriel en ella. Me dijo:<\/p>\n<p>\u2018Al\u00e1 ha o\u00eddo lo que tu gente dijo, y lo que te respondieron. Al\u00e1 te ha enviado al \u00e1ngel de las monta\u00f1as para que realice lo que quieras.\u2019<\/p>\n<p>El \u00e1ngel de las monta\u00f1as le salud\u00f3 y dijo: \u2018\u00a1Oh Muhammad! Ord\u00e9name lo que quieras. Si lo deseas derrumbar\u00e9 las monta\u00f1as sobre ellos.\u2019\u201d<\/p><\/blockquote>\n<p>El Profeta dijo:<\/p>\n<blockquote><p>\u201cNo, espero que Al\u00e1 haga salir de ellos hijos que no adoren a nadie excepto a \u00c9l.\u201d<\/p><\/blockquote>\n<h4>La misericordia a su gente despu\u00e9s de su victoria<\/h4>\n<p>A pesar de la tortura y de la persecuci\u00f3n que encontraba \u00e9l Profeta Muhammad\u00a0\ufdfa, no quiso vengarse por\u00a0\u00e9l mismo, sino quiso que todo el mundo sepa el camino de Dios y sea salvado del infierno. Despu\u00e9s de su victoria contra los paganos de la Meca, les\u00a0pregunt\u00f3:<\/p>\n<blockquote><p>\u00ab\u00a1Oh pueblo de Quraish! \u00bfQu\u00e9 pens\u00e1is que har\u00e9 con vosotros?\u00bb<\/p>\n<p>Respondieron:<\/p>\n<p>\u00abEres un honorable hermano hijo de un honorable hermano.\u00bb<\/p>\n<p>Al respecto les dijo:<\/p>\n<p>Les dir\u00e9 las mismas palabras que (el Profeta) Jos\u00e9 dijo a sus hermanos: \u00abNo hay ning\u00fan reproche para vosotros en este d\u00eda.\u00bb (El Sagrado Cor\u00e1n 12:92) <strong>Pod\u00e9is marcharos, sois libres.<\/strong>\u00ab<\/p><\/blockquote>\n<h4>Su misericordia hacia todo el mundo<\/h4>\n<p>&#8216;Aishah su esposa dijo sobre el Profeta \ufdfa :<\/p>\n<blockquote><p>\u00abEl Mensajero de All\u00e2h siempre que ten\u00eda la oportunidad de escoger entre dos asuntos, optaba por el m\u00e1s sencillo y el m\u00e1s conveniente. Pero si estaba seguro que era un pecado, ser\u00eda el que m\u00e1s se alejara del mismo.<\/p>\n<p>Nunca se ha vengado por una causa personal; pero cuando la santidad de All\u00e2h se violaba lo hac\u00eda. Eso lo hac\u00eda por All\u00e2h y no por \u00e9l. Era el \u00faltimo en enfadarse y el primero en quedar satisfecho.\u00bb<\/p><\/blockquote>\n<h3>La\u00a0generosidad del\u00a0Profeta Muhammad \ufdfa<\/h3>\n<p>&#8216;Aishah dijo:<\/p>\n<blockquote><p>Su hospitalidad y generosidad eran sin igual. Sus regalos y caridades demostraban que era una persona que no le tem\u00eda a la pobreza.\u00bb<\/p><\/blockquote>\n<p>Ibn Abb\u00e1s, su primo, dijo:<\/p>\n<blockquote><p>\u00abEl Profeta era el m\u00e1s generoso, y sol\u00eda ser m\u00e1s generoso aun en Ramad\u00e1n, cuando el \u00e1ngel Gabriel lo visitaba. Gabriel lo visitaba todas las noches de Ramad\u00e1n y repasaba el Cor\u00e1n con \u00e9l. Ciertamente el Mensajero de All\u00e2h era m\u00e1s generoso en repartir caridades y bondades que el mismo viento\u00bb.<\/p><\/blockquote>\n<p>Y\u00e1bir, uno de sus disc\u00edpulos, dijo:<\/p>\n<blockquote><p>\u00abCuando al Profeta le solicitaban algo nunca se negaba a darlo\u00bb.<\/p><\/blockquote>\n<h3>La Modestia del\u00a0Profeta Muhammad \ufdfa<\/h3>\n<p>Era modesto y era lo m\u00e1s alejado a la arrogancia y el orgullo. Prohibi\u00f3 a la gente que se pusieran de pie en su presencia como otras personas lo hacen ante sus reyes. Visitar a los pobres, los necesitados y ayudarles, era uno de sus h\u00e1bitos. Si un esclavo lo invitaba, \u00e9l aceptaba su invitaci\u00f3n. Siempre se sentaba entre sus amigos como si fuera una persona com\u00fan. &#8216;Aishah dijo:<\/p>\n<blockquote><p>\u00c9l reparaba sus zapatos, remendaba su ropa y colaboraba en los quehaceres dom\u00e9sticos. Orde\u00f1ar la oveja y atender sus necesidades eran algunos de sus trabajos diarios. (<a href=\"http:\/\/www.webislam.com\/media\/2011\/11\/49808_el_nectar_sellado.pdf\">El n\u00e9ctar sellado<\/a>)<\/p><\/blockquote>\n<p>Anas, uno de los compa\u00f1eros del profeta, dijo:<\/p>\n<blockquote><p>No hab\u00eda persona a la que ellos amaran tanto como al profeta Muhammad\u00a0\ufdfa, pero que cuando \u00e9l llegaba a ellos no se pon\u00edan de pie, como reverencia a \u00e9l, pues odiaba que lo reverenciaran,\u00a0tal como otras personas hacen con sus grandes hombres.<\/p><\/blockquote>\n<p>\u00bfSon estas las caracter\u00edsticas de un hombre eg\u00f3latra y hambriento de poder? \u00bfQu\u00e9 podr\u00eda justificar tal vida de sufrimiento y sacrificio incluso despu\u00e9s de que fuera totalmente victorioso sobre sus adversarios? \u00bfQu\u00e9 podr\u00eda explicar la humildad y la nobleza que demostr\u00f3 en sus m\u00e1s gloriosos momentos cuando insisti\u00f3 que el \u00e9xito se debe tan solo a la ayuda de Dios y no a su propio genio? (<a href=\"http:\/\/www.islam-guide.com\/es\/frm-ch1-6.htm\">fuente aqu\u00ed<\/a>)<\/p>\n","protected":false},"excerpt":{"rendered":"<p>Este art\u00edculo hablar\u00e1 de la moral del Profeta Muhammad\u00a0\ufdfa. El Cor\u00e1n habla de \u00e9l diciendo: Eres de una naturaleza y moral grandiosas. (El Sagrado Cor\u00e1n 68:4) Cuando miramos la vida del\u00a0Profeta Muhammad \ufdfa, podr\u00edamos comprender eso, esos son algunos hadices mostrando su moral y c\u00f3mo sus compa\u00f1eros lo describen. La\u00a0misericordia\u00a0del\u00a0Profeta Muhammad\u00a0\ufdfa Su misericordia con el [&hellip;]<\/p>\n","protected":false},"author":1,"featured_media":1708,"parent":1724,"menu_order":0,"comment_status":"closed","ping_status":"closed","template":"","meta":{"om_disable_all_campaigns":false,"_monsterinsights_skip_tracking":false,"_monsterinsights_sitenote_active":false,"_monsterinsights_sitenote_note":"","_monsterinsights_sitenote_category":0,"_uf_show_specific_survey":0,"_uf_disable_surveys":false,"footnotes":""},"categories":[48],"tags":[],"class_list":["post-1652","page","type-page","status-publish","has-post-thumbnail","hentry","category-el-profeta-muhammad-"],"aioseo_notices":[],"_links":{"self":[{"href":"https:\/\/jesus-is-muslim.net\/es\/wp-json\/wp\/v2\/pages\/1652","targetHints":{"allow":["GET"]}}],"collection":[{"href":"https:\/\/jesus-is-muslim.net\/es\/wp-json\/wp\/v2\/pages"}],"about":[{"href":"https:\/\/jesus-is-muslim.net\/es\/wp-json\/wp\/v2\/types\/page"}],"author":[{"embeddable":true,"href":"https:\/\/jesus-is-muslim.net\/es\/wp-json\/wp\/v2\/users\/1"}],"replies":[{"embeddable":true,"href":"https:\/\/jesus-is-muslim.net\/es\/wp-json\/wp\/v2\/comments?post=1652"}],"version-history":[{"count":0,"href":"https:\/\/jesus-is-muslim.net\/es\/wp-json\/wp\/v2\/pages\/1652\/revisions"}],"up":[{"embeddable":true,"href":"https:\/\/jesus-is-muslim.net\/es\/wp-json\/wp\/v2\/pages\/1724"}],"wp:featuredmedia":[{"embeddable":true,"href":"https:\/\/jesus-is-muslim.net\/es\/wp-json\/wp\/v2\/media\/1708"}],"wp:attachment":[{"href":"https:\/\/jesus-is-muslim.net\/es\/wp-json\/wp\/v2\/media?parent=1652"}],"wp:term":[{"taxonomy":"category","embeddable":true,"href":"https:\/\/jesus-is-muslim.net\/es\/wp-json\/wp\/v2\/categories?post=1652"},{"taxonomy":"post_tag","embeddable":true,"href":"https:\/\/jesus-is-muslim.net\/es\/wp-json\/wp\/v2\/tags?post=1652"}],"curies":[{"name":"wp","href":"https:\/\/api.w.org\/{rel}","templated":true}]}}