{"id":1655,"date":"2017-01-28T10:41:23","date_gmt":"2017-01-28T08:41:23","guid":{"rendered":"https:\/\/jesus-is-muslim.net\/?page_id=1655\/"},"modified":"2018-04-17T10:06:24","modified_gmt":"2018-04-17T08:06:24","slug":"el-profeta-muhammad-es-el-paraclito","status":"publish","type":"page","link":"https:\/\/jesus-is-muslim.net\/es\/jesus-es-musulman\/el-profeta-muhammad\/el-profeta-muhammad-en-la-biblia\/el-profeta-muhammad-es-el-paraclito\/","title":{"rendered":"El Profeta Muhammad es el Par\u00e1clito!"},"content":{"rendered":"<p>Los Cristianos creen que el Par\u00e1clito o el Consolador mencionado en el evangelio de Juan es el Esp\u00edritu Santo de la trinidad. En realidad esta profec\u00eda en Juan se trata del Profeta Muhammad \ufdfa. \u00bfC\u00f3mo? Vamos a ver lo que Jes\u00fas dijo:<\/p>\n<blockquote><p><span id=\"es-RVR1960-26686\">Juan 14:16\u00a0Y yo rogar\u00e9 al Padre, y os dar\u00e1 otro Consolador, para que est\u00e9 con vosotros para siempre:\u00a0<\/span><span id=\"es-RVR1960-26687\">17\u00a0el Esp\u00edritu de verdad, al cual el mundo no puede recibir, porque no le ve, ni le conoce; pero vosotros le conoc\u00e9is, porque mora con vosotros, y estar\u00e1 en vosotros.<\/span><\/p>\n<p>Juan 14:26\u00a0Mas el Consolador, el Esp\u00edritu Santo, a quien el Padre enviar\u00e1 en mi nombre, \u00e9l os ense\u00f1ar\u00e1 todas las cosas, y os recordar\u00e1 todo lo que yo os he dicho.<\/p><\/blockquote>\n<p>De hecho, hab\u00eda una gran controversia sobre la palabra \u00abPar\u00e1clito\u00bb que es \u00abParaklytos\u00bb en la Biblia Greca y si esa palabra se ha sido cambiada de \u00abPer\u00edklytos\u00bb que significa \u00abel alabado\u00bb que es \u00abAhmad\u00bb en \u00c1rabe, el nombre del Profeta Muhammad \ufdfa como da cuenta el sagrado Coran:<\/p>\n<blockquote><p>Y cuando Jes\u00fas, hijo de Mar\u00eda, dijo: \u00ab\u00a1Oh, hijos de Israel! Yo soy el Mensajero que Dios les ha enviado para corroborar la Tora y anunciar a un Mensajero que vendr\u00e1 despu\u00e9s de m\u00ed llamado Ahmad\u00bb (El Sagrado Cor\u00e1n 61:6)<\/p><\/blockquote>\n<p>Aunque no hay una evidencia fuerte probando esto ahora, ya podemos encontrar la prueba que este Par\u00e1clito es el Profeta Muhammad \ufdfa analizando los versos b\u00edblicos.<\/p>\n<p><a href=\"https:\/\/jesus-is-muslim.net\/wp-content\/uploads\/2017\/01\/El-Profeta-Muhammad-es-el-Par\u00e1clito.png\"><img loading=\"lazy\" decoding=\"async\" class=\"alignnone size-full wp-image-1678\" src=\"https:\/\/jesus-is-muslim.net\/wp-content\/uploads\/2017\/01\/El-Profeta-Muhammad-es-el-Par\u00e1clito.png\" alt=\"El Profeta Muhammad es el Par\u00e1clito\" width=\"1040\" height=\"570\" srcset=\"https:\/\/jesus-is-muslim.net\/wp-content\/uploads\/2017\/01\/El-Profeta-Muhammad-es-el-Par\u00e1clito.png 1040w, https:\/\/jesus-is-muslim.net\/wp-content\/uploads\/2017\/01\/El-Profeta-Muhammad-es-el-Par\u00e1clito-300x164.png 300w, https:\/\/jesus-is-muslim.net\/wp-content\/uploads\/2017\/01\/El-Profeta-Muhammad-es-el-Par\u00e1clito-768x421.png 768w, https:\/\/jesus-is-muslim.net\/wp-content\/uploads\/2017\/01\/El-Profeta-Muhammad-es-el-Par\u00e1clito-1024x561.png 1024w\" sizes=\"auto, (max-width: 1040px) 100vw, 1040px\" \/><\/a><\/p>\n<h2>\u00bfEl\u00a0Par\u00e1clito es un hombre o un\u00a0esp\u00edritu?<\/h2>\n<p>Algunos piensan que la palabra \u00abesp\u00edritu\u00bb no aplica sobre los seres humanes. Sin embargo, encontramos que esta palabra est\u00e1 utilizada en la Biblia para los hombres como se muestra en ese verso:<\/p>\n<blockquote><p>1 Juan 4:1 Amados, no cre\u00e1is a todo esp\u00edritu, sino probad los esp\u00edritus si son de Dios; porque muchos falsos profetas han salido por el mundo.<\/p><\/blockquote>\n<p>Y Jes\u00fas dice que el Par\u00e1clito no habla por su propia cuenta, sino seg\u00fan lo que oyere:<\/p>\n<blockquote><p><span id=\"es-JBS-26740\">Juan 16:13 Pero cuando venga el Esp\u00edritu de verdad, \u00e9l os guiar\u00e1 a toda la verdad; porque no hablar\u00e1 por su propia cuenta, sino que hablar\u00e1 todo lo que oyere, y os har\u00e1 saber las cosas que habr\u00e1n de venir.<\/span><\/p><\/blockquote>\n<p><span style=\"color: #000000;\">Eso es lo que hace un profeta, no es lo que hace\u00a0Dios \u00c9l mismo. Un profeta habla sobre lo que oye a partir de Dios y no habla por s\u00ed mismo. Los cristianos creen que\u00a0el\u00a0Esp\u00edritu Santo es Dios, \u00bfc\u00f3mo se dice que Dios no hable por s\u00ed mismo? Eso es una prueba que los versos aqu\u00ed no hablan de la persona tercera en la trinidad, sino habla de un profeta enviado de Dios. El par\u00e1clito\u00a0nos\u00a0har\u00e1 saber las cosas que ha<span id=\"es-JBS-26740\">br\u00e1<\/span>n de venir y eso lo que hace el Profeta Muhammad\u00a0\ufdfa como mostrado en el art\u00edculo \u00ab<a href=\"https:\/\/jesus-is-muslim.net\/es\/jesus-es-musulman\/el-profeta-muhammad\/profecias-cumplidas-profeta-muhammad\/\">las profec\u00edas predichas del Profeta Muhammad<\/a>\u00ab.<\/span><\/p>\n<h3>\u00bfQui\u00e9n es el Par\u00e1clito?<\/h3>\n<p>Vemos aqu\u00ed por qu\u00e9 el esp\u00edritu en el que creen los cristianos como la persona tercera de la trinidad no es el par\u00e1clito:<\/p>\n<h4>El\u00a0Par\u00e1clito convencer\u00e1 al mundo<\/h4>\n<blockquote><p>Juan 16:8\u00a0Y cuando \u00e9l venga, convencer\u00e1 al mundo de pecado, de justicia y de juicio.<\/p><\/blockquote>\n<p>El Profeta Muhammad \ufdfa\u00a0condenar\u00e1 al mundo porque la gente no ha cre\u00eddo en Jes\u00fas (que la paz sea con \u00e9l) como un profeta enviado de Dios. El Cor\u00e1n conden\u00f3 a los Jud\u00edos ya que no creyeron en Jes\u00fas y a los Cristianos ya que le consideraron como Dios, lo que es un otro tipo de\u00a0incredulidad en\u00a0Jes\u00fas porque <a href=\"https:\/\/jesus-is-muslim.net\/es\/jesus-es-musulman\/jesus\/jesus-lo-dice-yo-no-soy-dios\/\">Jes\u00fas nunca dijo que \u00e9l es Dios<\/a>.<\/p>\n<p>Por otra parte, cuando el\u00a0Esp\u00edritu Santo descendi\u00f3 sobre los disc\u00edpulos en el libro de Hechos (El\u00a0Pentecost\u00e9s), todo lo que ha hecho era que les hizo hablar con muchas idiomas pero no vimos que conden\u00f3 al mundo o predique acerca de Jes\u00fas. Los comentaristas dicen que este verso significa que convencer\u00e1 a los\u00a0incr\u00e9dulos pero no vemos eso en realidad ya que muchas personas no saben nada sobre Jes\u00fas o sobre el cristianismo y si la misi\u00f3n del\u00a0Esp\u00edritu Santo es convencer a la gente, no habr\u00eda necesidad de los evangelistas o de los apologistas para predicar al cristianismo o defenderlo porque el Esp\u00edritu Santo ya lo hace.<\/p>\n<h4>El Par\u00e1clito nos\u00a0ense\u00f1ara todas las cosas<\/h4>\n<blockquote><p>Juan 14:26\u00a0Mas el Consolador, el Esp\u00edritu Santo, a quien el Padre enviar\u00e1 en mi nombre, \u00e9l os ense\u00f1ar\u00e1 todas las cosas, y os recordar\u00e1 todo lo que yo os he dicho.<\/p><\/blockquote>\n<p>La palabra \u00ab\u00c9l os\u00a0ense\u00f1ara todas las cosas\u00bb no puede ser aplicada al Esp\u00edritu Santo de los cristianos porque los eruditos cristianos interpretaron mal muchos hechos. Por ejemplo si nosotros miramos a los primeros padres de la iglesia, encontrar\u00edamos que muchos de ellos adoptaron opiniones her\u00e9ticas, usted puede ver esto en mi art\u00edculo sobre <a href=\"https:\/\/jesus-is-muslim.net\/es\/los-musulmanes-necesitan-el-espiritu-santo-para-guiarlos\/\">el Esp\u00edritu Santo siendo una gu\u00eda o no<\/a>. Si todas estas mal-interpretaciones y diversidades ocurrieron entre las sectas cristianas, entonces \u00bfcu\u00e1l es la funci\u00f3n del Esp\u00edritu Santo? \u00bfNo se supon\u00eda que \u00e9l ense\u00f1aba todas las cosas?<\/p>\n<p>Este significa tambi\u00e9n que la mayor\u00eda de los padres de la antigua Iglesia de los cuales depend\u00edan principalmente los cristianos ya que tomaban la fe de ellos, y conoc\u00edan los c\u00e1nones de la Biblia por ellos son herejes que rechazaron el Esp\u00edritu Santo cuando \u00e9l les ense\u00f1\u00f3 la verdad. Este es una blasfemia contra el Esp\u00edritu Santo.<\/p>\n<blockquote><p>Mateo 12:30 Y cualquiera que diga una palabra contra el Hijo del hombre, ser\u00e1 perdonando; pero cualquiera que hable contra el Esp\u00edritu Santo, no ser\u00e1 perdonado, ni en este mundo ni en el venidero.<\/p><\/blockquote>\n<p>Esto significar\u00e1 por consiguiente que los Cristianos toman su doctrina y su fe de los padres her\u00e9ticos de la iglesia. En el Islam, el Profeta Muhammad \ufdfa nos mand\u00f3 qu\u00e9 creer, qu\u00e9 hacer y qu\u00e9 no hacer a trav\u00e9s de lo que Dios le revel\u00f3 a \u00e9l en el Cor\u00e1n o en la Sunna ya que nosotros no creemos que hay un Esp\u00edritu Santo en nosotros mismos.<\/p>\n<p>De vuelta a Juan 14:26 que dice que el Consolador ser\u00e1 mandado en el nombre de Jes\u00fas, por lo que todos que creen en Jes\u00fas deben seguirlo, y que \u00e9l ense\u00f1ar\u00e1 todas las cosas, que fue lo que el Profeta Muhammad hizo. \u00c9l tambi\u00e9n les recordar\u00e1 lo que dijo Jes\u00fas. Esto fue hecho por el Profeta Muhammad \ufdfa, cuando Dios dijo en el Cor\u00e1n respecto a Jes\u00fas (La Paz sea con \u00e9l):<\/p>\n<blockquote><p>Y cuando Jes\u00fas, hijo de Mar\u00eda, dijo: \u00ab\u00a1Oh, hijos de Israel! Yo soy el Mensajero que Dios les ha enviado para corroborar la Tora y anunciar a un Mensajero que vendr\u00e1 despu\u00e9s de m\u00ed llamado Ahmad\u00bb (El Sagrado Cor\u00e1n 61:6)<\/p><\/blockquote>\n<h3>\u00bfCu\u00e1ndo vendr\u00e1 el Par\u00e1clito?<\/h3>\n<p>Jes\u00fas dice:<\/p>\n<blockquote><p>Juan 16: 7 Pero yo os digo la verdad: os conviene que yo me vaya; porque si no me voy el Consolador no vendr\u00e1 a vosotros; pero si me voy, os lo enviar\u00e9 a vosotros.<\/p><\/blockquote>\n<p>Esto no puede ser aplicado sobre el Esp\u00edritu Santo de los Cristianos porque el\u00a0Esp\u00edritu Santo ya estaba all\u00e1 cuando \u00e9l ven\u00eda a Mar\u00eda (Lucas 1:35),\u00a0Sime\u00f3n (Lucas 2:25) y Jes\u00fas (Juan 1:33 y Mateo 3:17). Todo esto prueba que el Esp\u00edritu Santo est\u00e1 all\u00e1 incluso antes de la venida de Jes\u00fas y durante su vida, pero el Profeta Muhammad\u00a0\ufdfa no estaba all\u00e1 en ese tiempo.<\/p>\n<p>Puede preguntar \u00bfc\u00f3mo Jes\u00fas env\u00eda Muhammad (Que la paz sea con ellos)? Pues, el verso puede significar que no viven en el mismo tiempo y que la venida del Profeta Muhammad \ufdfa debe ser a condici\u00f3n de que Jes\u00fas (Que la paz sea con \u00e9l) no est\u00e9 en ese mundo, entonces enviarlo ser\u00e1 con este sentido. Y la evidencia que los caracteres del Par\u00e1clito es el Profeta Muhammad \ufdfa y no es el Esp\u00edritu Santo como explicado arriba prueba que eso ser\u00e1 el \u00fanico sentido posible.<\/p>\n","protected":false},"excerpt":{"rendered":"<p>Los Cristianos creen que el Par\u00e1clito o el Consolador mencionado en el evangelio de Juan es el Esp\u00edritu Santo de la trinidad. En realidad esta profec\u00eda en Juan se trata del Profeta Muhammad \ufdfa. \u00bfC\u00f3mo? Vamos a ver lo que Jes\u00fas dijo: Juan 14:16\u00a0Y yo rogar\u00e9 al Padre, y os dar\u00e1 otro Consolador, para que [&hellip;]<\/p>\n","protected":false},"author":1,"featured_media":1678,"parent":1647,"menu_order":0,"comment_status":"closed","ping_status":"closed","template":"","meta":{"om_disable_all_campaigns":false,"_monsterinsights_skip_tracking":false,"_monsterinsights_sitenote_active":false,"_monsterinsights_sitenote_note":"","_monsterinsights_sitenote_category":0,"_uf_show_specific_survey":0,"_uf_disable_surveys":false,"footnotes":""},"categories":[49],"tags":[],"class_list":["post-1655","page","type-page","status-publish","has-post-thumbnail","hentry","category-el-profeta-muhammad--en-la-biblia"],"aioseo_notices":[],"_links":{"self":[{"href":"https:\/\/jesus-is-muslim.net\/es\/wp-json\/wp\/v2\/pages\/1655","targetHints":{"allow":["GET"]}}],"collection":[{"href":"https:\/\/jesus-is-muslim.net\/es\/wp-json\/wp\/v2\/pages"}],"about":[{"href":"https:\/\/jesus-is-muslim.net\/es\/wp-json\/wp\/v2\/types\/page"}],"author":[{"embeddable":true,"href":"https:\/\/jesus-is-muslim.net\/es\/wp-json\/wp\/v2\/users\/1"}],"replies":[{"embeddable":true,"href":"https:\/\/jesus-is-muslim.net\/es\/wp-json\/wp\/v2\/comments?post=1655"}],"version-history":[{"count":0,"href":"https:\/\/jesus-is-muslim.net\/es\/wp-json\/wp\/v2\/pages\/1655\/revisions"}],"up":[{"embeddable":true,"href":"https:\/\/jesus-is-muslim.net\/es\/wp-json\/wp\/v2\/pages\/1647"}],"wp:featuredmedia":[{"embeddable":true,"href":"https:\/\/jesus-is-muslim.net\/es\/wp-json\/wp\/v2\/media\/1678"}],"wp:attachment":[{"href":"https:\/\/jesus-is-muslim.net\/es\/wp-json\/wp\/v2\/media?parent=1655"}],"wp:term":[{"taxonomy":"category","embeddable":true,"href":"https:\/\/jesus-is-muslim.net\/es\/wp-json\/wp\/v2\/categories?post=1655"},{"taxonomy":"post_tag","embeddable":true,"href":"https:\/\/jesus-is-muslim.net\/es\/wp-json\/wp\/v2\/tags?post=1655"}],"curies":[{"name":"wp","href":"https:\/\/api.w.org\/{rel}","templated":true}]}}