{"id":1663,"date":"2017-02-01T20:16:10","date_gmt":"2017-02-01T18:16:10","guid":{"rendered":"https:\/\/jesus-is-muslim.net\/?page_id=1663\/"},"modified":"2018-04-17T10:08:44","modified_gmt":"2018-04-17T08:08:44","slug":"paran-es-la-meca","status":"publish","type":"page","link":"https:\/\/jesus-is-muslim.net\/es\/jesus-es-musulman\/el-profeta-muhammad\/el-profeta-muhammad-en-la-biblia\/paran-es-la-meca\/","title":{"rendered":"Par\u00e1n es la Meca"},"content":{"rendered":"<p>El Antiguo Testamento habla de un lugar llamado\u00a0Par\u00e1n en Deuteronomio \u00a0<span class=\"passage-display-bcv\">33:<\/span><\/p>\n<blockquote>\n<p class=\"chapter-2\"><span class=\"text Deut-33-1\">1 Esta es la bendici\u00f3n con la cual bendijo Mois\u00e9s var\u00f3n de Dios a los hijos de Israel, antes que muriese.<\/span><\/p>\n<\/blockquote>\n<div class=\"poetry\">\n<blockquote>\n<p class=\"line\"><span id=\"es-RVR1960-5813\" class=\"text Deut-33-2\"><sup class=\"versenum\">2\u00a0<\/sup>Dijo:<\/span><br \/>\n<span class=\"indent-1\"><span class=\"indent-1-breaks\">\u00a0\u00a0\u00a0\u00a0<\/span><span class=\"text Deut-33-2\">Jehov\u00e1 vino de Sina\u00ed,<\/span><\/span><br \/>\n<span class=\"indent-1\"><span class=\"indent-1-breaks\">\u00a0\u00a0\u00a0\u00a0<\/span><span class=\"text Deut-33-2\">Y de Seir les esclareci\u00f3;<\/span><\/span><br \/>\n<span class=\"indent-1\"><span class=\"indent-1-breaks\">\u00a0\u00a0\u00a0\u00a0<\/span><strong><span class=\"text Deut-33-2\">Resplandeci\u00f3 desde el monte de Par\u00e1n,<\/span><\/strong><\/span><br \/>\n<strong><span class=\"indent-1\"><span class=\"indent-1-breaks\">\u00a0\u00a0\u00a0\u00a0<\/span><span class=\"text Deut-33-2\">Y vino de entre diez millares de santos,<\/span><\/span><\/strong><br \/>\n<span class=\"indent-1\"><span class=\"indent-1-breaks\">\u00a0\u00a0\u00a0\u00a0<\/span><span class=\"text Deut-33-2\">Con la ley de fuego a su mano derecha.\u00a0(Reina Valera 1960)<\/span><\/span><\/p>\n<p class=\"verse\"><span id=\"es-RVA-5813\" class=\"text Deut-33-2\"><sup class=\"versenum\">2\u00a0<\/sup>Y dijo: Jehov\u00e1 vino de Sina\u00ed, Y de Seir les esclareci\u00f3; Resplandeci\u00f3 del monte de Par\u00e1n, Y vino con diez mil santos: A su diestra la ley de fuego para ellos. (Reina Valera Antigua)<\/span><\/p>\n<\/blockquote>\n<p class=\"verse\">Esa profec\u00eda habla sobre los tres profetas; Mois\u00e9s (Jehov\u00e1 vino de Sina\u00ed), Jes\u00fas (Y de Seir les esclareci\u00f3) y Muhammad como mostrado en las palabras en negrita (Que la paz sea con ellos).<\/p>\n<p class=\"verse\"><a href=\"https:\/\/jesus-is-muslim.net\/wp-content\/uploads\/2017\/02\/Par\u00e1n-es-la-Meca.png\"><img loading=\"lazy\" decoding=\"async\" class=\"alignnone size-full wp-image-1690\" src=\"https:\/\/jesus-is-muslim.net\/wp-content\/uploads\/2017\/02\/Par\u00e1n-es-la-Meca.png\" alt=\"Jehov\u00e1 vino de Sina\u00ed, Y de Seir les esclareci\u00f3; Resplandeci\u00f3 desde el monte de Par\u00e1n Par\u00e1n es la Meca\" width=\"1038\" height=\"570\" srcset=\"https:\/\/jesus-is-muslim.net\/wp-content\/uploads\/2017\/02\/Par\u00e1n-es-la-Meca.png 1038w, https:\/\/jesus-is-muslim.net\/wp-content\/uploads\/2017\/02\/Par\u00e1n-es-la-Meca-300x165.png 300w, https:\/\/jesus-is-muslim.net\/wp-content\/uploads\/2017\/02\/Par\u00e1n-es-la-Meca-768x422.png 768w, https:\/\/jesus-is-muslim.net\/wp-content\/uploads\/2017\/02\/Par\u00e1n-es-la-Meca-1024x562.png 1024w\" sizes=\"auto, (max-width: 1038px) 100vw, 1038px\" \/><\/a><\/p>\n<h3 class=\"verse\">La Prueba que Par\u00e1n es la Meca<\/h3>\n<h4>Ismael vivi\u00f3 en Par\u00e1n<\/h4>\n<p>Par\u00e1n es la Meca no Sina\u00ed y es el lugar donde Ismael y su\u00a0descendientes viv\u00edan como mencionado en G\u00e9nesis 21:<\/p>\n<div class=\"version-RVA result-text-style-normal text-html \">\n<blockquote>\n<p class=\"verse\"><span id=\"es-RVA-534\" class=\"text Gen-21-20\"><sup class=\"versenum\">20\u00a0<\/sup>Y fue Dios con el muchacho; y creci\u00f3, y habit\u00f3 en el desierto, y fue tirador de arco.\u00a0<\/span><span id=\"es-RVA-535\" class=\"text Gen-21-21\"><sup class=\"versenum\">21\u00a0<\/sup><strong>Y habit\u00f3 en el desierto de Par\u00e1n<\/strong>; y su madre le tom\u00f3 mujer de la tierra de Egipto.<\/span><\/p>\n<\/blockquote>\n<p class=\"verse\">El comentario de\u00a0Jamisson-Fausset-Brown dice (<a href=\"https:\/\/www.bibliatodo.com\/comentario-biblico\/?v=NTV&amp;co=jamieson-fausset-brown&amp;l=genesis&amp;cap=21\">referencia aqu\u00ed<\/a>):<\/p>\n<blockquote>\n<p class=\"verse\"><em>21. fu\u00e9 Dios con el muchacho, etc.<strong>-Par\u00e1n, o sea Arabia<\/strong>, donde siempre ha habitado la posteridad de \u00e9l, (cap. 16:12; tambi\u00e9n Isa 48:19; 1Pe 1:25).<\/em><\/p>\n<\/blockquote>\n<p class=\"verse\">Tambi\u00e9n dice G\u00e9nesis 25:<\/p>\n<div class=\"version-RVA result-text-style-normal text-html \">\n<blockquote>\n<p class=\"verse\"><span id=\"es-RVA-677\" class=\"text Gen-25-18\"><sup class=\"versenum\">18\u00a0<\/sup>Y habitaron desde Havila hasta Shur, que est\u00e1 enfrente de Egipto viniendo \u00e1 Asiria; y muri\u00f3 en presencia de todos sus hermanos.<\/span><\/p>\n<\/blockquote>\n<p class=\"verse\">El comentario de Matthew Henry\u00a0dice (<a href=\"https:\/\/www.bibliatodo.com\/comentario-biblico\/?v=NTV&amp;co=matthew-henry&amp;l=genesis&amp;cap=25\">referencia\u00a0aqu\u00ed<\/a>):<\/p>\n<\/div>\n<blockquote>\n<p class=\"verse\"><em>Ismael tuvo doce hijos, cuyas familias llegaron a ser distintas tribus. Poblaron un pa\u00eds muy grande que yace entre Egipto y Asiria, <strong>llamado Arabia<\/strong>.<\/em><\/p>\n<\/blockquote>\n<\/div>\n<p class=\"verse\">\u00a0El diccionario B\u00edblico de Strong lo confirma (<a href=\"http:\/\/www.slideshare.net\/ICZUS\/diccionario-strong-de-palabras-originales-del-at-y-nt-james-strong-11776088\">referencia aqu\u00ed<\/a>\u00a0p\u00e1gina 352):<\/p>\n<div class=\"version-RVA result-text-style-normal text-html \">\n<blockquote>\n<p class=\"verse\"><em>6290. \u05d0\u05e8\u05df \u05b8\u05e4\u05bc \u05b8Par\u00e1n; de 6286; ornamental; <strong>Par\u00e1n, desierto de Arabia<\/strong>:\u2014Par\u00e1n.<\/em><\/p>\n<\/blockquote>\n<p class=\"verse\">S\u00ed, Par\u00e1n estaba mencionada en otras partes significando otros lugares, pero eso no significa que hay un s\u00f3lo Par\u00e1n. Por ejemplo, hay dos lugares apellidos Seir como mostrado en el diccionario de Strong:<\/p>\n<blockquote>\n<p class=\"verse\"><em>8165. \u05e2\u05d9\u05e8 \u05b4\u05e9\u05c2 \u05b5Se\u00edr; formado como 8163; \u00e1spero; Seir, <strong>monta\u00f1a en Idumea<\/strong> y sus habitantes originales, <strong>tambi\u00e9n una en Pal.<\/strong>:\u2014Seir. (<a href=\"http:\/\/www.slideshare.net\/ICZUS\/diccionario-strong-de-palabras-originales-del-at-y-nt-james-strong-11776088\">referencia aqu\u00ed<\/a>\u00a0p\u00e1gina 457<\/em><em>)<\/em><\/p>\n<\/blockquote>\n<h3 class=\"bcv\">Habacuc,\u00a0Tem\u00e1n y Par\u00e1n<\/h3>\n<p>\u00a0Tambi\u00e9n lo que prueba que Par\u00e1n no es Sina\u00ed es el hecho que\u00a0no pas\u00f3 nada all\u00e1, <a href=\"https:\/\/jesus-is-muslim.net\/es\/jesus-es-musulman\/el-profeta-muhammad\/el-profeta-muhammad-en-la-biblia\/la-bendicion-de-ismael\/\">incluso la gran naci\u00f3n de Ismael prometida por Dios<\/a> (G\u00e9nesis 20:20, 21:18) estaba ciertamente en Arabia no en Sina\u00ed ya que los \u00c1rabes (los descendientes de Ismael) se vuelven una gran naci\u00f3n despu\u00e9s de la llegada del Profeta Muhammad\u00a0\ufdfa. Es por eso Par\u00e1n tambi\u00e9n fue mencionado en el fin del Antiguo Testamento:<\/p>\n<blockquote><p>\nHabacuc 3:3\u00a0Dios vendr\u00e1 de Tem\u00e1n, Y el Santo del monte de Par\u00e1n, (Selah.) Su gloria cubri\u00f3 los cielos, Y la tierra se llen\u00f3 de su alabanza.\u00a04\u00a0Y el resplandor fue como la luz; Rayos brillantes sal\u00edan de su mano; Y all\u00ed estaba escondida su fortaleza.\u00a05\u00a0Delante de su rostro iba mortandad, Y a sus pies sal\u00edan carbones encendidos.<\/p><\/blockquote>\n<p>Tem\u00e1n est\u00e1 en el sur:<\/p>\n<blockquote><p>\n<em>8486. \u05d9\u05de\u05df \u05b8\u05ea\u05bc \u05b5teim\u00e1n; o \u05de\u05df\u05b8\u05ea\u05bc \u05b5tem\u00e1n; denom. de 3225; <strong>el sur<\/strong> (como estando a la derecha de una persona que mira hacia el este):\u2014austral, austro, <strong>sur<\/strong>, mediod\u00eda, meridional, (viento) del sur.<\/em>\u00a0<em>(<a href=\"http:\/\/www.slideshare.net\/ICZUS\/diccionario-strong-de-palabras-originales-del-at-y-nt-james-strong-11776088\">referencia aqu\u00ed<\/a>\u00a0p\u00e1gina 474<\/em><em>)<\/em><\/p><\/blockquote>\n<p>Esto puede responder a la objeci\u00f3n que esa profec\u00eda en Deuteronomio es afuera del contexto ya que\u00a0Deuteronomio 33:2 estaba una introducci\u00f3n del cap\u00edtulo y despu\u00e9s hablaba de la bendici\u00f3n de Israel en el resto del\u00a0cap\u00edtulo, pero volvi\u00f3 a mencionarla en Habacuc.<\/p>\n<p>Adem\u00e1s, Deuteronomio 33:2 menciona que Dios vino de entre o con diez mil santos. Esto se pas\u00f3 en el contexto de la Meca cuando el ej\u00e9rcito Musulm\u00e1n consist\u00eda de diez mil Musulmanes. \u00a0El Profeta se dirigi\u00f3 hacia La Meca a la cabeza de diez mil soldados. \u00a0El Profeta se dirigi\u00f3 hacia La Meca a la cabeza de diez mil soldados el d\u00eda 10 del mes de Ramad\u00e1n del a\u00f1o 8 despu\u00e9s de la emigraci\u00f3n.\u00a0\u00a0Los Musulmanes marcharon hasta llegar a un lugar llamado hacia Marr Az Zahran. <\/p>\n<p>Los polite\u00edstas de la Meca\u00a0estaban muy atentos al desarrollo de los acontecimientos. El Profeta Muhammad \ufdfa no quiso tomarlos por sorpresa, entonces les orden\u00f3 a sus hombres que enciendan fogatas para que cocinen. Eso puede ser la significaci\u00f3n del verso \u00abcon la ley de fuego a su mano derecha\u00bb.<\/p>\n","protected":false},"excerpt":{"rendered":"<p>El Antiguo Testamento habla de un lugar llamado\u00a0Par\u00e1n en Deuteronomio \u00a033: 1 Esta es la bendici\u00f3n con la cual bendijo Mois\u00e9s var\u00f3n de Dios a los hijos de Israel, antes que muriese. 2\u00a0Dijo: \u00a0\u00a0\u00a0\u00a0Jehov\u00e1 vino de Sina\u00ed, \u00a0\u00a0\u00a0\u00a0Y de Seir les esclareci\u00f3; \u00a0\u00a0\u00a0\u00a0Resplandeci\u00f3 desde el monte de Par\u00e1n, \u00a0\u00a0\u00a0\u00a0Y vino de entre diez millares de [&hellip;]<\/p>\n","protected":false},"author":1,"featured_media":1690,"parent":1647,"menu_order":0,"comment_status":"closed","ping_status":"closed","template":"","meta":{"om_disable_all_campaigns":false,"_monsterinsights_skip_tracking":false,"_monsterinsights_sitenote_active":false,"_monsterinsights_sitenote_note":"","_monsterinsights_sitenote_category":0,"_uf_show_specific_survey":0,"_uf_disable_surveys":false,"footnotes":""},"categories":[49],"tags":[],"class_list":["post-1663","page","type-page","status-publish","has-post-thumbnail","hentry","category-el-profeta-muhammad--en-la-biblia"],"aioseo_notices":[],"_links":{"self":[{"href":"https:\/\/jesus-is-muslim.net\/es\/wp-json\/wp\/v2\/pages\/1663","targetHints":{"allow":["GET"]}}],"collection":[{"href":"https:\/\/jesus-is-muslim.net\/es\/wp-json\/wp\/v2\/pages"}],"about":[{"href":"https:\/\/jesus-is-muslim.net\/es\/wp-json\/wp\/v2\/types\/page"}],"author":[{"embeddable":true,"href":"https:\/\/jesus-is-muslim.net\/es\/wp-json\/wp\/v2\/users\/1"}],"replies":[{"embeddable":true,"href":"https:\/\/jesus-is-muslim.net\/es\/wp-json\/wp\/v2\/comments?post=1663"}],"version-history":[{"count":0,"href":"https:\/\/jesus-is-muslim.net\/es\/wp-json\/wp\/v2\/pages\/1663\/revisions"}],"up":[{"embeddable":true,"href":"https:\/\/jesus-is-muslim.net\/es\/wp-json\/wp\/v2\/pages\/1647"}],"wp:featuredmedia":[{"embeddable":true,"href":"https:\/\/jesus-is-muslim.net\/es\/wp-json\/wp\/v2\/media\/1690"}],"wp:attachment":[{"href":"https:\/\/jesus-is-muslim.net\/es\/wp-json\/wp\/v2\/media?parent=1663"}],"wp:term":[{"taxonomy":"category","embeddable":true,"href":"https:\/\/jesus-is-muslim.net\/es\/wp-json\/wp\/v2\/categories?post=1663"},{"taxonomy":"post_tag","embeddable":true,"href":"https:\/\/jesus-is-muslim.net\/es\/wp-json\/wp\/v2\/tags?post=1663"}],"curies":[{"name":"wp","href":"https:\/\/api.w.org\/{rel}","templated":true}]}}