{"id":1665,"date":"2017-02-08T21:20:37","date_gmt":"2017-02-08T19:20:37","guid":{"rendered":"https:\/\/jesus-is-muslim.net\/?page_id=1665\/"},"modified":"2018-04-17T10:08:25","modified_gmt":"2018-04-17T08:08:25","slug":"la-piedra-desechada-y-el-reino-de-dios","status":"publish","type":"page","link":"https:\/\/jesus-is-muslim.net\/es\/jesus-es-musulman\/el-profeta-muhammad\/el-profeta-muhammad-en-la-biblia\/la-piedra-desechada-y-el-reino-de-dios\/","title":{"rendered":"La Piedra Desechada y el Reino de Dios"},"content":{"rendered":"<p>Jes\u00fas, durante su conversaci\u00f3n con los jud\u00edos, les dio una par\u00e1bola interesante y les record\u00f3 de la piedra <span class=\"indent-1\"><span class=\"text Matt-21-42\">que desecharon los edificadores que h<\/span><\/span><span class=\"indent-1\"><span class=\"text Matt-21-42\">a venido a ser cabeza del \u00e1ngulo.<\/span><\/span>\u00a0\u00bfC\u00f3mo eso apunta la venida del Profeta Muhammad \ufdfa ? A ver lo que Jes\u00fas dijo:<\/p>\n<blockquote>\n<p class=\"passage-display\"><span class=\"passage-display-bcv\">Mateo 21:33\u00a0<\/span><span class=\"text Matt-21-33\">O\u00edd otra par\u00e1bola: Hubo un hombre, padre de familia, el cual plant\u00f3 una vi\u00f1a, la cerc\u00f3 de vallado, cav\u00f3 en ella un lagar, edific\u00f3 una torre, y la arrend\u00f3 a unos labradores, y se fue lejos.\u00a0<\/span><span id=\"es-RVR1960-23862\" class=\"text Matt-21-34\"><sup class=\"versenum\">34\u00a0<\/sup>Y cuando se acerc\u00f3 el tiempo de los frutos, envi\u00f3 sus siervos a los labradores, para que recibiesen sus frutos.\u00a0<\/span><span id=\"es-RVR1960-23863\" class=\"text Matt-21-35\"><sup class=\"versenum\">35\u00a0<\/sup>Mas los labradores, tomando a los siervos, a uno golpearon, a otro mataron, y a otro apedrearon.\u00a0<\/span><span id=\"es-RVR1960-23864\" class=\"text Matt-21-36\"><sup class=\"versenum\">36\u00a0<\/sup>Envi\u00f3 de nuevo otros siervos, m\u00e1s que los primeros; e hicieron con ellos de la misma manera.\u00a0<\/span><span id=\"es-RVR1960-23865\" class=\"text Matt-21-37\"><sup class=\"versenum\">37\u00a0<\/sup>Finalmente les envi\u00f3 su hijo, diciendo: Tendr\u00e1n respeto a mi hijo.\u00a0<\/span><span id=\"es-RVR1960-23866\" class=\"text Matt-21-38\"><sup class=\"versenum\">38\u00a0<\/sup>Mas los labradores, cuando vieron al hijo, dijeron entre s\u00ed: Este es el heredero; venid, mat\u00e9mosle, y apoder\u00e9monos de su heredad.\u00a0<\/span><span id=\"es-RVR1960-23867\" class=\"text Matt-21-39\"><sup class=\"versenum\">39\u00a0<\/sup>Y tom\u00e1ndole, le echaron fuera de la vi\u00f1a, y le mataron.\u00a0<\/span><span id=\"es-RVR1960-23868\" class=\"text Matt-21-40\"><sup class=\"versenum\">40\u00a0<\/sup>Cuando venga, pues, el se\u00f1or de la vi\u00f1a, \u00bfqu\u00e9 har\u00e1 a aquellos labradores?\u00a0<\/span><span id=\"es-RVR1960-23869\" class=\"text Matt-21-41\"><sup class=\"versenum\">41\u00a0<\/sup>Le dijeron: A los malos destruir\u00e1 sin misericordia, y arrendar\u00e1 su vi\u00f1a a otros labradores, que le paguen el fruto a su tiempo.<\/span><\/p>\n<\/blockquote>\n<p class=\"passage-display\"><a href=\"https:\/\/jesus-is-muslim.net\/wp-content\/uploads\/2017\/02\/la-piedra-desechada-vino-a-ser-la-cabeza-del-anglo.png\"><img loading=\"lazy\" decoding=\"async\" class=\"alignnone size-full wp-image-1686\" src=\"https:\/\/jesus-is-muslim.net\/wp-content\/uploads\/2017\/02\/la-piedra-desechada-vino-a-ser-la-cabeza-del-anglo.png\" alt=\"la piedra desechada vino a ser la cabeza del anglo es una profec\u00eda de la llegada del Profeta Muhammad\" width=\"1040\" height=\"570\" srcset=\"https:\/\/jesus-is-muslim.net\/wp-content\/uploads\/2017\/02\/la-piedra-desechada-vino-a-ser-la-cabeza-del-anglo.png 1040w, https:\/\/jesus-is-muslim.net\/wp-content\/uploads\/2017\/02\/la-piedra-desechada-vino-a-ser-la-cabeza-del-anglo-300x164.png 300w, https:\/\/jesus-is-muslim.net\/wp-content\/uploads\/2017\/02\/la-piedra-desechada-vino-a-ser-la-cabeza-del-anglo-768x421.png 768w, https:\/\/jesus-is-muslim.net\/wp-content\/uploads\/2017\/02\/la-piedra-desechada-vino-a-ser-la-cabeza-del-anglo-1024x561.png 1024w\" sizes=\"auto, (max-width: 1040px) 100vw, 1040px\" \/><\/a><\/p>\n<h3 class=\"passage-display\">\u00bfDe qui\u00e9n habla esta Par\u00e1bola?<\/h3>\n<p>En esta par\u00e1bola, el padre de familia se se\u00f1ala a Dios, la vi\u00f1a a la ley, los siervos a los Profetas de Dios y el hijo del padre de la familia a Jes\u00fas. Por supuesto el sentido del palabra \u00abhijo\u00bb aqu\u00ed significa el sentido jud\u00edo general ya que hay muchas personas apellidas como \u00abhijos de Dios\u00bb como Jacob en \u00c9xodo 4:22, o Ad\u00e1n en Lucas 3:38. Estos versos no significan necesariamente que Jes\u00fas ser\u00e1 crucificado ya que dice que los jud\u00edos intentaron a matarlo, pero eso puede ser una prueba para probar la fe de Jes\u00fas como las ordal\u00edas de los Profetas anteriores ya que \u00e9l pens\u00f3 al primero que ser\u00e1 matado pero Dios lo salv\u00f3 al final.<\/p>\n<p>De todas formas, es muy claro que esa palabra habla sobre c\u00f3mo los Israelitas se desviaron del camino de Dios y de la ley y mataron a los Profetas. Jes\u00fas concluye:<\/p>\n<div class=\"poetry\">\n<blockquote>\n<p class=\"line\"><span id=\"es-RVR1960-23870\">Mateo 21:42\u00a0Jes\u00fas les dijo: \u00bfNunca le\u00edsteis en las Escrituras:<\/span><br \/>\n<span class=\"indent-1\"><span class=\"indent-1-breaks\">\u00a0\u00a0\u00a0\u00a0<\/span><span class=\"text Matt-21-42\">La piedra que desecharon los edificadores,<\/span><\/span><br \/>\n<span class=\"indent-1\"><span class=\"indent-1-breaks\">\u00a0\u00a0\u00a0\u00a0<\/span><span class=\"text Matt-21-42\">Ha venido a ser cabeza del \u00e1ngulo.<\/span><\/span><br \/>\n<span class=\"indent-1\"><span class=\"indent-1-breaks\">\u00a0\u00a0\u00a0\u00a0<\/span><span class=\"text Matt-21-42\">El Se\u00f1or ha hecho esto,<\/span><\/span><br \/>\n<span class=\"indent-1\"><span class=\"indent-1-breaks\">\u00a0\u00a0\u00a0\u00a0<\/span><span class=\"text Matt-21-42\">Y es cosa maravillosa a nuestros ojos?m<\/span><\/span><\/p>\n<\/blockquote>\n<\/div>\n<blockquote><p><span id=\"es-RVR1960-23871\" class=\"text Matt-21-43\"><sup class=\"versenum\">43\u00a0<\/sup>Por tanto os digo, que el reino de Dios ser\u00e1 quitado de vosotros, y ser\u00e1 dado a gente que produzca los frutos de \u00e9l.\u00a0<\/span><span id=\"es-RVR1960-23872\" class=\"text Matt-21-44\"><sup class=\"versenum\">44\u00a0<\/sup>Y el que cayere sobre esta piedra ser\u00e1 quebrantado; y sobre quien ella cayere, le desmenuzar\u00e1.<\/span><\/p><\/blockquote>\n<h3 class=\"passage-display\">La Piedra Desechada\u00a0es Ismael y sus descendientes<\/h3>\n<p>Jes\u00fas les habla aqu\u00ed de aquellos que tendr\u00e1n el reino de Dios, la piedra rechazada es los descendientes de Ismael, como dice claramente la Biblia:<\/p>\n<div>\n<blockquote><p><span id=\"es-RVR1960-394\">G\u00e9nesis 16:12\u00a0Y \u00e9l ser\u00e1 hombre fiero; su mano ser\u00e1 contra todos, y la mano de todos contra \u00e9l, y delante de todos sus hermanos habitar\u00e1.<\/span><\/p><\/blockquote>\n<p>Los descendientes de Ismael viv\u00edan en el deserto y eso es por qu\u00e9 se llama\u00a0un hombre fiero seg\u00fan la Biblia. La Biblia tambi\u00e9n dice que luchar\u00e1 contra todos y todos luchar\u00e1n con \u00e9l, y eso es por qu\u00e9 la Biblia a veces muestra eso como en Jerem\u00edas 49 por ejemplo. Despu\u00e9s de la venida del Islam, hab\u00eda muchas guerras entre los musulmanes y los no musulmanes porque los no musulmanes generalmente\u00a0est\u00e1n de acuerdo combatiendo el Islam.<\/p>\n<p>La situaci\u00f3n ha cambiado mucho despu\u00e9s de la venida del Islam ya que los descendientes de Ismael se convirtieron del paganismo a la creencia verdadera en Dios, y eso es el sentido de lo que Jes\u00fas dice que la piedra ser\u00e1 cabeza del \u00e1ngulo y el que cayere sobre esta piedra ser\u00e1 quebrantado; y sobre quien ella cayere, le desmenuzar\u00e1.<\/p>\n<h3>\u00bfQui\u00e9nes son la gente produciendo\u00a0los frutos del Reino de Dios?<\/h3>\n<p>El verso dice:<\/p>\n<blockquote><p><sup class=\"versenum\">43\u00a0<\/sup>Por tanto os digo, que el reino de Dios ser\u00e1 quitado de vosotros, y ser\u00e1 dado a gente que produzca los frutos de \u00e9l.<\/p><\/blockquote>\n<div class=\"version-NTV result-text-style-normal text-html \">\n<div class=\"version-LBLA result-text-style-normal text-html \">\n<blockquote>\n<p class=\"first-line-none\"><span id=\"es-LBLA-23870\" class=\"text Matt-21-43\"><span class=\"woj\"><sup class=\"versenum\">43\u00a0<\/sup>Por eso os digo que el reino de Dios os ser\u00e1 quitado y ser\u00e1 dado a una naci\u00f3n que produzca sus frutos.\u00a0<\/span><\/span><span class=\"text Matt-21-43\"><span class=\"woj\">(<\/span><\/span><span class=\"passage-display-version\">La Biblia de las Am\u00e9ricas<\/span><span class=\"passage-display-version\">)<\/span><\/p>\n<\/blockquote>\n<\/div>\n<\/div>\n<p><span style=\"color: #000000;\">Esto significa la transmisi\u00f3n del pacto de los descendientes de Isaac a los de Ismael, y no puede significar la iglesia ya que dice que esta naci\u00f3n producir\u00e1 sus frutos. La iglesia sigui\u00f3 Pablo que cancel\u00f3 de seguir la ley o al menos lo hizo solo necesario para los jud\u00edos y dice que la salvaci\u00f3n se cumple justo por la fe:<\/span><\/p>\n<blockquote><p>G\u00e1latas 2:<span id=\"es-LBLA-29098\">16\u00a0sin embargo, sabiendo que el hombre no es justificado por las obras de la ley, sino mediante la fe en Cristo Jes\u00fas, tambi\u00e9n nosotros hemos cre\u00eddo en Cristo Jes\u00fas, para que seamos justificados por la fe en Cristo, y no por las obras de la ley; puesto que por las obras de la ley nadie\u00a0ser\u00e1 justificado.<\/span><\/p><\/blockquote>\n<div class=\"footnotes\">Esto es contra lo que dice Jes\u00fas:<\/div>\n<div>\n<blockquote><p>Mateo 5:17\u00a0No pens\u00e9is que he venido para abolir la ley o los profetas; no he venido para abolir, sino para cumplir.<\/p>\n<p>Mateo 23:1 Entonces Jes\u00fas habl\u00f3 a la muchedumbre y a sus disc\u00edpulos, <span id=\"es-LBLA-23921\">2\u00a0diciendo: Los escribas y los fariseos se han sentado en la c\u00e1tedra de Mois\u00e9s.<\/span> <span id=\"es-LBLA-23922\">3\u00a0De modo que haced y observad todo lo que os digan; pero no hag\u00e1is conforme a sus obras, porque ellos dicen y no hacen.<\/span><\/p><\/blockquote>\n<p>Por lo tanto, Jes\u00fas claramente mand\u00f3 a sus disc\u00edpulos de seguir la ley haciendo todo lo que les dicen los escribas y los fariseos, lo que es contra las\u00a0ense\u00f1anzas de Pablo y de la iglesia. La Biblia\u00a0amenaza a aquellos que no siguen la ley:<\/p>\n<blockquote><p>Deuteronomio 28:15\u00a0Pero suceder\u00e1 que si no obedeces al\u00a0Se\u00f1or tu Dios, guardando todos sus mandamientos y estatutos que te ordeno hoy, vendr\u00e1n sobre ti todas estas maldiciones y te alcanzar\u00e1n: <span id=\"es-LBLA-5628\">16\u00a0Maldito ser\u00e1s en la ciudad, y maldito ser\u00e1s en el campo.<\/span> <span id=\"es-LBLA-5629\">17\u00a0Malditas ser\u00e1n tu canasta y tu artesa.<\/span><span id=\"es-LBLA-5630\">18\u00a0Maldito el fruto de tu vientre y el producto\u00a0de tu suelo, el aumento de tu ganado y las cr\u00edas de tu reba\u00f1o.<\/span><span id=\"es-LBLA-5631\">19\u00a0Maldito ser\u00e1s cuando entres y maldito ser\u00e1s cuando salgas.<\/span><\/p><\/blockquote>\n<p>Entonces seg\u00fan la Biblia, no es aceptable de no seguir la ley, y eso significa que esa naci\u00f3n produciendo los frutos del reino de Dios no puede ser los cristianos, sino es la naci\u00f3n musulmana, de la cual el Cor\u00e1n dice:<\/p>\n<blockquote><p>110. Sois la mejor comunidad humana que jam\u00e1s se haya suscitado: orden\u00e1is lo que est\u00e1 bien, prohib\u00eds lo que est\u00e1 mal y cre\u00e9is en Al\u00e1. Si la gente de la <i>Escritura<\/i> creyera, les ir\u00eda mejor. Hay entre ellos creyentes, pero la mayor\u00eda son perversos. (El Sagrado Cor\u00e1n 3:110).<\/p><\/blockquote>\n<\/div>\n<\/div>\n","protected":false},"excerpt":{"rendered":"<p>Jes\u00fas, durante su conversaci\u00f3n con los jud\u00edos, les dio una par\u00e1bola interesante y les record\u00f3 de la piedra que desecharon los edificadores que ha venido a ser cabeza del \u00e1ngulo.\u00a0\u00bfC\u00f3mo eso apunta la venida del Profeta Muhammad \ufdfa ? A ver lo que Jes\u00fas dijo: Mateo 21:33\u00a0O\u00edd otra par\u00e1bola: Hubo un hombre, padre de familia, [&hellip;]<\/p>\n","protected":false},"author":1,"featured_media":1686,"parent":1647,"menu_order":0,"comment_status":"closed","ping_status":"closed","template":"","meta":{"om_disable_all_campaigns":false,"_monsterinsights_skip_tracking":false,"_monsterinsights_sitenote_active":false,"_monsterinsights_sitenote_note":"","_monsterinsights_sitenote_category":0,"_uf_show_specific_survey":0,"_uf_disable_surveys":false,"footnotes":""},"categories":[49],"tags":[],"class_list":["post-1665","page","type-page","status-publish","has-post-thumbnail","hentry","category-el-profeta-muhammad--en-la-biblia"],"aioseo_notices":[],"_links":{"self":[{"href":"https:\/\/jesus-is-muslim.net\/es\/wp-json\/wp\/v2\/pages\/1665","targetHints":{"allow":["GET"]}}],"collection":[{"href":"https:\/\/jesus-is-muslim.net\/es\/wp-json\/wp\/v2\/pages"}],"about":[{"href":"https:\/\/jesus-is-muslim.net\/es\/wp-json\/wp\/v2\/types\/page"}],"author":[{"embeddable":true,"href":"https:\/\/jesus-is-muslim.net\/es\/wp-json\/wp\/v2\/users\/1"}],"replies":[{"embeddable":true,"href":"https:\/\/jesus-is-muslim.net\/es\/wp-json\/wp\/v2\/comments?post=1665"}],"version-history":[{"count":0,"href":"https:\/\/jesus-is-muslim.net\/es\/wp-json\/wp\/v2\/pages\/1665\/revisions"}],"up":[{"embeddable":true,"href":"https:\/\/jesus-is-muslim.net\/es\/wp-json\/wp\/v2\/pages\/1647"}],"wp:featuredmedia":[{"embeddable":true,"href":"https:\/\/jesus-is-muslim.net\/es\/wp-json\/wp\/v2\/media\/1686"}],"wp:attachment":[{"href":"https:\/\/jesus-is-muslim.net\/es\/wp-json\/wp\/v2\/media?parent=1665"}],"wp:term":[{"taxonomy":"category","embeddable":true,"href":"https:\/\/jesus-is-muslim.net\/es\/wp-json\/wp\/v2\/categories?post=1665"},{"taxonomy":"post_tag","embeddable":true,"href":"https:\/\/jesus-is-muslim.net\/es\/wp-json\/wp\/v2\/tags?post=1665"}],"curies":[{"name":"wp","href":"https:\/\/api.w.org\/{rel}","templated":true}]}}