{"id":1669,"date":"2017-02-13T22:13:34","date_gmt":"2017-02-13T20:13:34","guid":{"rendered":"https:\/\/jesus-is-muslim.net\/?page_id=1669\/"},"modified":"2018-04-17T10:10:06","modified_gmt":"2018-04-17T08:10:06","slug":"profecias-cumplidas-profeta-muhammad","status":"publish","type":"page","link":"https:\/\/jesus-is-muslim.net\/es\/jesus-es-musulman\/el-profeta-muhammad\/profecias-cumplidas-profeta-muhammad\/","title":{"rendered":"Las Profec\u00edas cumplidas del Profeta Muhammad"},"content":{"rendered":"<p>Las profec\u00edas predichas por un profeta y cumplidas despu\u00e9s de decirlas\u00a0son uno de los signos de su veracidad. Hay muchas profec\u00edas predichas por el Profeta Muhammad \ufdfa. En este art\u00edculo vamos a mostrar dos profec\u00edas como un ejemplo:<\/p>\n<h3>Los Musulmanes combatan a los Turcos (Mongoles)<\/h3>\n<p>(6959) Ab\u00fb Hurayrah relat\u00f3 que el Mensajero de Al\u00e1 (\ufdfa) dijo:<\/p>\n<blockquote><p>\u00abLa Hora no llegar\u00e1 hasta que los musulmanes combatan a los turcos; un pueblo cuyos rostros son como escudos martillados, que visten pieles y caminan con calzado de piel\u00bb (Bujari y Muslim)<\/p><\/blockquote>\n<p>Y dijo tambi\u00e9n:<\/p>\n<blockquote><p>\u00abLa Hora no llegar\u00e1 hasta que combat\u00e1is contra un pueblo con calzado de piel. Y la Hora no llegar\u00e1 hasta que combat\u00e1is contra un pueblo de ojos peque\u00f1os y narices chatas y anchas\u00bb\u00a0(Bujari y Muslim)<\/p><\/blockquote>\n<p>Estos hadices se refieren a los ataques de los mongoles y t\u00e1rtaros al estado isl\u00e1mico que culminaron con la toma de Bagdad y el asesinato del califa Abasid Must\u00e1sim en el a\u00f1o 1258 matando a m\u00e1s de dos millones de Musulmanes y ocupando los estados isl\u00e1micos de Afganist\u00e1n a las fronteras orientales de Egipto. Eso se pas\u00f3 seis siglos\u00a0despu\u00e9s del tiempo del Profeta Muhammad\u00a0\ufdfa.<\/p>\n<p>Los turcos mencionados en el hadiz no son los turcos habitando hoy en Turqu\u00eda, sino los turcos mencionados en este hadiz son los que habitaron en el noroeste del Asia Central o Mongolia como explicado <a href=\"https:\/\/es.wikipedia.org\/wiki\/K%C3%B6kt%C3%BCrks\">en este art\u00edculo<\/a>. Ese fue el nombre del pueblo viviendo all\u00e1 en el s\u00e9ptimo siglo y eso es claro con las descripciones en el hadiz que est\u00e1n aplicando sobre los mongoles \u00a0\u00abun pueblo cuyos rostros son como escudos martillados, que visten pieles y caminan con calzado de piel\u00bb.<\/p>\n<p><a href=\"https:\/\/jesus-is-muslim.net\/wp-content\/uploads\/2013\/09\/mongols.png\"><img loading=\"lazy\" decoding=\"async\" class=\"alignnone size-full wp-image-1377\" src=\"https:\/\/jesus-is-muslim.net\/wp-content\/uploads\/2013\/09\/mongols.png\" alt=\"Prophet Muhammad foretold the prophecy of Muslims fighting the Mongols\" width=\"535\" height=\"800\" srcset=\"https:\/\/jesus-is-muslim.net\/wp-content\/uploads\/2013\/09\/mongols.png 535w, https:\/\/jesus-is-muslim.net\/wp-content\/uploads\/2013\/09\/mongols-201x300.png 201w\" sizes=\"auto, (max-width: 535px) 100vw, 535px\" \/><\/a><\/p>\n<h3>Los Edificios Altos en Arabia<\/h3>\n<p>El Profeta Muhammad \ufdfa dice sobre un signo del d\u00eda del juicio:<\/p>\n<blockquote><p>\u00abCuando veas a descalzos, desamparados, pastores de ovejas, compitiendo en la construcci\u00f3n de altos edificios (Bujari y Muslim)<\/p><\/blockquote>\n<p>Eso es muy claro cuando miramos a los altos edificios en ciudades como Dubai o Kuwait o Jeddah. Esta foto muestra la diferencia entre Dubai en 1970 y Dubai hoy. \u00bfC\u00f3mo sabe el Profeta Muhammad\u00a0 \ufdfa que se pasar\u00e1 1400 a\u00f1os despu\u00e9s de su tiempo?<\/p>\n<p><a href=\"https:\/\/jesus-is-muslim.net\/wp-content\/uploads\/2015\/12\/Dubai-fulfilling-the-Prophecy-of-Prophet-Muhammad.png\"><img loading=\"lazy\" decoding=\"async\" class=\"alignnone size-full wp-image-1370\" src=\"https:\/\/jesus-is-muslim.net\/wp-content\/uploads\/2015\/12\/Dubai-fulfilling-the-Prophecy-of-Prophet-Muhammad.png\" alt=\"Dubai fulfilling the Prophecy of Prophet Muhammad\" width=\"660\" height=\"330\" srcset=\"https:\/\/jesus-is-muslim.net\/wp-content\/uploads\/2015\/12\/Dubai-fulfilling-the-Prophecy-of-Prophet-Muhammad.png 660w, https:\/\/jesus-is-muslim.net\/wp-content\/uploads\/2015\/12\/Dubai-fulfilling-the-Prophecy-of-Prophet-Muhammad-300x150.png 300w\" sizes=\"auto, (max-width: 660px) 100vw, 660px\" \/><\/a><\/p>\n<p>La repuesta ser\u00e1:<\/p>\n<blockquote><p>3. No habla por propio impulso.\u00a04. No es sino una revelaci\u00f3n que se ha hecho. (El Sagrado Cor\u00e1n 53)<\/p><\/blockquote>\n","protected":false},"excerpt":{"rendered":"<p>Las profec\u00edas predichas por un profeta y cumplidas despu\u00e9s de decirlas\u00a0son uno de los signos de su veracidad. Hay muchas profec\u00edas predichas por el Profeta Muhammad \ufdfa. En este art\u00edculo vamos a mostrar dos profec\u00edas como un ejemplo: Los Musulmanes combatan a los Turcos (Mongoles) (6959) Ab\u00fb Hurayrah relat\u00f3 que el Mensajero de Al\u00e1 (\ufdfa) [&hellip;]<\/p>\n","protected":false},"author":1,"featured_media":1370,"parent":1724,"menu_order":0,"comment_status":"closed","ping_status":"closed","template":"","meta":{"om_disable_all_campaigns":false,"_monsterinsights_skip_tracking":false,"_monsterinsights_sitenote_active":false,"_monsterinsights_sitenote_note":"","_monsterinsights_sitenote_category":0,"_uf_show_specific_survey":0,"_uf_disable_surveys":false,"footnotes":""},"categories":[48],"tags":[],"class_list":["post-1669","page","type-page","status-publish","has-post-thumbnail","hentry","category-el-profeta-muhammad-"],"aioseo_notices":[],"_links":{"self":[{"href":"https:\/\/jesus-is-muslim.net\/es\/wp-json\/wp\/v2\/pages\/1669","targetHints":{"allow":["GET"]}}],"collection":[{"href":"https:\/\/jesus-is-muslim.net\/es\/wp-json\/wp\/v2\/pages"}],"about":[{"href":"https:\/\/jesus-is-muslim.net\/es\/wp-json\/wp\/v2\/types\/page"}],"author":[{"embeddable":true,"href":"https:\/\/jesus-is-muslim.net\/es\/wp-json\/wp\/v2\/users\/1"}],"replies":[{"embeddable":true,"href":"https:\/\/jesus-is-muslim.net\/es\/wp-json\/wp\/v2\/comments?post=1669"}],"version-history":[{"count":0,"href":"https:\/\/jesus-is-muslim.net\/es\/wp-json\/wp\/v2\/pages\/1669\/revisions"}],"up":[{"embeddable":true,"href":"https:\/\/jesus-is-muslim.net\/es\/wp-json\/wp\/v2\/pages\/1724"}],"wp:featuredmedia":[{"embeddable":true,"href":"https:\/\/jesus-is-muslim.net\/es\/wp-json\/wp\/v2\/media\/1370"}],"wp:attachment":[{"href":"https:\/\/jesus-is-muslim.net\/es\/wp-json\/wp\/v2\/media?parent=1669"}],"wp:term":[{"taxonomy":"category","embeddable":true,"href":"https:\/\/jesus-is-muslim.net\/es\/wp-json\/wp\/v2\/categories?post=1669"},{"taxonomy":"post_tag","embeddable":true,"href":"https:\/\/jesus-is-muslim.net\/es\/wp-json\/wp\/v2\/tags?post=1669"}],"curies":[{"name":"wp","href":"https:\/\/api.w.org\/{rel}","templated":true}]}}