{"id":1721,"date":"2017-02-16T20:16:14","date_gmt":"2017-02-16T18:16:14","guid":{"rendered":"https:\/\/jesus-is-muslim.net\/?page_id=1721\/"},"modified":"2018-04-17T10:19:41","modified_gmt":"2018-04-17T08:19:41","slug":"que-es-el-islam","status":"publish","type":"page","link":"https:\/\/jesus-is-muslim.net\/es\/jesus-es-musulman\/que-es-el-islam\/que-es-el-islam\/","title":{"rendered":"\u00bfQu\u00e9 es el Islam?"},"content":{"rendered":"<p>El Islam es una palabra \u00e1rabe que significa sumisi\u00f3n, significa que nos sometemos a Dios totalmente, y lo adora a \u00c9l solamente sin ning\u00fan asociado.<\/p>\n<p>\u00bfPero que significa la adoraci\u00f3n a Dios? \u00bfQue s\u00f3lo rezamos a \u00c9l? El sentido de la adoraci\u00f3n es mucho m\u00e1s amplio. Significa que Le miramos como nuestro Maestro, no otro Maestro control\u00e1ndonos, que es el \u00daNICO al que somos leal, que es el \u00daNICO en el que confiamos, que es el \u00daNICO al que debemos temer, que \u00a0es el \u00daNICO que nos juzga y pone reglas para nosotros, \u00bfpor qu\u00e9? Porque es nuestro Creador y el Creador del Universo y de todas cosas. \u00c9l es Poderoso, Compasivo, Misericordioso, Omnipotente y Omnisciente. \u00c9l es el \u00danico que cre\u00f3 el Universo.<\/p>\n<blockquote><p><b>21.<\/b>\u00a0\u00a1Hombres! Servid a vuestro Se\u00f1or, Que os ha creado, a vosotros y a quienes os precedieron. Quiz\u00e1s, as\u00ed, teng\u00e1is temor de \u00c9l. (Sagrado Cor\u00e1n 2:21)<\/p><\/blockquote>\n<p><a href=\"https:\/\/jesus-is-muslim.net\/wp-content\/uploads\/2016\/01\/710-Vector-mosque-on-blue-card.jpg\"><img loading=\"lazy\" decoding=\"async\" class=\"alignnone size-full wp-image-1278\" src=\"https:\/\/jesus-is-muslim.net\/wp-content\/uploads\/2016\/01\/710-Vector-mosque-on-blue-card.jpg\" alt=\"What is Islam?\" width=\"660\" height=\"660\" srcset=\"https:\/\/jesus-is-muslim.net\/wp-content\/uploads\/2016\/01\/710-Vector-mosque-on-blue-card.jpg 660w, https:\/\/jesus-is-muslim.net\/wp-content\/uploads\/2016\/01\/710-Vector-mosque-on-blue-card-150x150.jpg 150w, https:\/\/jesus-is-muslim.net\/wp-content\/uploads\/2016\/01\/710-Vector-mosque-on-blue-card-300x300.jpg 300w\" sizes=\"auto, (max-width: 660px) 100vw, 660px\" \/><\/a><\/p>\n<h2>Los Profetas en el Islam<\/h2>\n<p>\u00bfC\u00f3mo supimos eso? Dios envi\u00f3 profetas a nosotros a ense\u00f1arnos la doctrina correcta y decirnos acerca de las leyes de Dios una gu\u00eda en nuestra vida, y eremos contabilizados sobre ellos en la otra vida.<\/p>\n<p>No piensen que el principio del Islam fue s\u00f3lo desde Muhammad \ufdfa. Eso no es correcto, el Islam comenz\u00f3 desde el inicio de la creaci\u00f3n. Dios cre\u00f3 a Ad\u00e1n (La paz sea con \u00e9l) y Ad\u00e1n fue un Musulm\u00e1n, porque \u00e9l realmente ador\u00f3 a Dios solamente, y empez\u00f3 a tener una familia, toda la familia fueron Musulmanes. Despu\u00e9s la gente empez\u00f3 a desviarse de este significado y olvid\u00f3 a Dios, empez\u00f3 a adorar \u00eddolos, Dios envi\u00f3 los profetas a la gente como No\u00e9, Hud, Saleh, Abrah\u00e1n, Mois\u00e9s, David, Salom\u00f3n, Jes\u00fas, Muhammad y muchos otros profetas (La paz sea con todos ellos). La misi\u00f3n de todos estos profetas fue restaurar a la gente en el camino correcto de Dios. Los profetas pueden tener diferentes leyes de acuerdo a las condiciones de tiempo y lugar, pero al final tienen una creencia.<\/p>\n<blockquote><p>25.\u00a0No envi\u00e9 en el pasado a ning\u00fan Mensajero, excepto que recibiera la misma revelaci\u00f3n que t\u00fa: \u00abNada ni nadie merece ser adorado excepto Yo, \u00a1Ad\u00f3renme solo a M\u00ed!\u00bb (Sagrado Cor\u00e1n 21:25)<\/p><\/blockquote>\n<p>Pero al final todos estos profetas no son dioses, ellos no tienen ninguna naturaleza divina porque Al\u00e1 es el \u00daNICO Dios, as\u00ed que los Jud\u00edos se est\u00e1n desviando del concepto de adorar a Dios cuando pusieron conceptos muy equivocados de Dios que lo hicieron como un hombre como ser\u00e1 mostrado en el art\u00edculo Las Objeciones Musulmanas sobre la Biblia. Con respecto a los Cristianos, cuando dicen que Jes\u00fas es Dios o el hijo de Dios, o que Dios es una trinidad, se est\u00e1n de hecho desviando del concepto del monote\u00edsmo puro. En el Islam rechazamos todas estas formas, si alguien dice que el Profeta Muhammad \ufdfa es nuestro Dios, no ser\u00e1 considerado como un Musulm\u00e1n, Al\u00e1 es el \u00daNICO Dios.<\/p>\n<blockquote><p>79. No es concebible que una persona a quien Dios concede el Libro, la sabidur\u00eda y la profec\u00eda, diga a la gente: \u00abR\u00edndanme culto a m\u00ed, no a Dios\u00bb; [una persona as\u00ed] dir\u00e1: \u00abSean gente de Dios ilustrados en su religi\u00f3n, que [practican y] ense\u00f1an el Libro tal como lo han aprendido\u00bb. 80. Tampoco les ordenar\u00eda que tomen como dioses a los \u00e1ngeles y a los Profetas. \u00bfAcaso iba a ordenarles que fueran incr\u00e9dulos siendo ustedes creyentes monote\u00edstas?(Sagrado Cor\u00e1n 3:79)<\/p><\/blockquote>\n<p>Esas son las creencias principales de los Musulmanes.<\/p>\n","protected":false},"excerpt":{"rendered":"<p>El Islam es una palabra \u00e1rabe que significa sumisi\u00f3n, significa que nos sometemos a Dios totalmente, y lo adora a \u00c9l solamente sin ning\u00fan asociado. \u00bfPero que significa la adoraci\u00f3n a Dios? \u00bfQue s\u00f3lo rezamos a \u00c9l? El sentido de la adoraci\u00f3n es mucho m\u00e1s amplio. Significa que Le miramos como nuestro Maestro, no otro [&hellip;]<\/p>\n","protected":false},"author":1,"featured_media":1278,"parent":1611,"menu_order":0,"comment_status":"closed","ping_status":"closed","template":"","meta":{"om_disable_all_campaigns":false,"_monsterinsights_skip_tracking":false,"_monsterinsights_sitenote_active":false,"_monsterinsights_sitenote_note":"","_monsterinsights_sitenote_category":0,"_uf_show_specific_survey":0,"_uf_disable_surveys":false,"footnotes":""},"categories":[45],"tags":[],"class_list":["post-1721","page","type-page","status-publish","has-post-thumbnail","hentry","category-el-islam"],"aioseo_notices":[],"_links":{"self":[{"href":"https:\/\/jesus-is-muslim.net\/es\/wp-json\/wp\/v2\/pages\/1721","targetHints":{"allow":["GET"]}}],"collection":[{"href":"https:\/\/jesus-is-muslim.net\/es\/wp-json\/wp\/v2\/pages"}],"about":[{"href":"https:\/\/jesus-is-muslim.net\/es\/wp-json\/wp\/v2\/types\/page"}],"author":[{"embeddable":true,"href":"https:\/\/jesus-is-muslim.net\/es\/wp-json\/wp\/v2\/users\/1"}],"replies":[{"embeddable":true,"href":"https:\/\/jesus-is-muslim.net\/es\/wp-json\/wp\/v2\/comments?post=1721"}],"version-history":[{"count":0,"href":"https:\/\/jesus-is-muslim.net\/es\/wp-json\/wp\/v2\/pages\/1721\/revisions"}],"up":[{"embeddable":true,"href":"https:\/\/jesus-is-muslim.net\/es\/wp-json\/wp\/v2\/pages\/1611"}],"wp:featuredmedia":[{"embeddable":true,"href":"https:\/\/jesus-is-muslim.net\/es\/wp-json\/wp\/v2\/media\/1278"}],"wp:attachment":[{"href":"https:\/\/jesus-is-muslim.net\/es\/wp-json\/wp\/v2\/media?parent=1721"}],"wp:term":[{"taxonomy":"category","embeddable":true,"href":"https:\/\/jesus-is-muslim.net\/es\/wp-json\/wp\/v2\/categories?post=1721"},{"taxonomy":"post_tag","embeddable":true,"href":"https:\/\/jesus-is-muslim.net\/es\/wp-json\/wp\/v2\/tags?post=1721"}],"curies":[{"name":"wp","href":"https:\/\/api.w.org\/{rel}","templated":true}]}}