{"id":1728,"date":"2017-02-18T19:20:07","date_gmt":"2017-02-18T17:20:07","guid":{"rendered":"https:\/\/jesus-is-muslim.net\/?page_id=1728\/"},"modified":"2018-04-17T10:12:19","modified_gmt":"2018-04-17T08:12:19","slug":"realmente-dijo-jesus-yo-soy-dios","status":"publish","type":"page","link":"https:\/\/jesus-is-muslim.net\/es\/jesus-es-musulman\/jesus\/realmente-dijo-jesus-yo-soy-dios\/","title":{"rendered":"\u00bfRealmente dijo Jes\u00fas \u00abyo soy Dios\u00bb?"},"content":{"rendered":"<style>\n#toc {background: #f9f9f9 none repeat scroll 0 0;\n    border: 1px solid #aaa;\n    font-size: 95%;\n    display: table;\n    margin-bottom: 1em;\n    padding: 10px;\n    width: auto;}\n.toc_title {font-size:20px; text-align:center;}<\/style>\n<p>Jes\u00fas (que la paz sea con el) nunca dijo \u00abYo soy Dios\u00bb ni \u00absoy la segunda persona en la Trinidad\u00bb, ni \u00absoy humano y divino\u00bb, pero como explicado en el art\u00edculo precedente, <a href=\"https:\/\/jesus-is-muslim.net\/es\/jesus-es-musulman\/jesus\/jesus-lo-dice-yo-no-soy-dios\/\">Jes\u00fas dijo que no es Dios<\/a> demostrando que el padre es el \u00fanico Dios, su Dios, y que \u00e9l (Jes\u00fas) \u00a0no sabe la hora, etc. Sin embargo, los cristianos dicen que Jes\u00fas declar\u00f3 claramente su deidad a trav\u00e9s de un mont\u00f3n de escrituras. De hecho, cuando examinamos estos versos, nos damos cuenta que no claramente dijo que es Dios, sino todas son conclusiones hechas, y no quieren decir que Jes\u00fas es Dios. As\u00ed que respondamos la Pregunta: \u00bfRealmente dijo Jes\u00fas yo soy Dios?<\/p>\n<div id=\"toc\">\n<p class=\"toc_title\"> <strong>\u00cdndice<\/strong><\/p>\n<ol>\n<li><a href=\"#h1\">\u00ab\u00a1Antes de que Abraham fuese, yo soy!\u00bb<\/a><\/li>\n<li><a href=\"#h2\">Yo y el Padre somos uno<\/a><\/li>\n<li><a href=\"#h3\">El Padre est\u00e1 en m\u00ed, y yo en el Padre<\/a><\/li>\n<li><a href=\"#h4\">Perdonar pecados<\/a><\/li>\n<li><a href=\"#h5\">El Verbo era Dios<\/a><\/li>\n<li><a href=\"#h6\">El que me ha visto, ha visto al Padre<\/a><\/li>\n<li><a href=\"#h7\">Tom\u00e1s le dijo: !!Se\u00f1or m\u00edo, y Dios m\u00edo!!<\/a><\/li>\n<li><a href=\"#h9\">Yo soy el camino, y la verdad, y la vida; nadie viene al Padre, sino por m\u00ed<\/a><\/li>\n<li><a href=\"#h8\">Isa\u00edas 9:6<\/a><\/li>\n<\/ol>\n<\/div>\n<p><a href=\"https:\/\/jesus-is-muslim.net\/wp-content\/uploads\/2017\/02\/SON-LOS-CRISTIANOS-SEGUIENTES-A-LAS-ENSEJAS-DE-JES\u00daS-O-LAS-ENSE\u00d1ANZAS-DE-LA-IGLESIA-1.png\"><img loading=\"lazy\" decoding=\"async\" class=\"alignnone size-full wp-image-1734\" src=\"https:\/\/jesus-is-muslim.net\/wp-content\/uploads\/2017\/02\/SON-LOS-CRISTIANOS-SEGUIENTES-A-LAS-ENSEJAS-DE-JES\u00daS-O-LAS-ENSE\u00d1ANZAS-DE-LA-IGLESIA-1.png\" alt=\"SON LOS CRISTIANOS SEGUIENTES A LAS ENSEJAS DE JES\u00daS O LAS ENSE\u00d1ANZAS DE LA IGLESIA \" width=\"660\" height=\"330\" srcset=\"https:\/\/jesus-is-muslim.net\/wp-content\/uploads\/2017\/02\/SON-LOS-CRISTIANOS-SEGUIENTES-A-LAS-ENSEJAS-DE-JES\u00daS-O-LAS-ENSE\u00d1ANZAS-DE-LA-IGLESIA-1.png 660w, https:\/\/jesus-is-muslim.net\/wp-content\/uploads\/2017\/02\/SON-LOS-CRISTIANOS-SEGUIENTES-A-LAS-ENSEJAS-DE-JES\u00daS-O-LAS-ENSE\u00d1ANZAS-DE-LA-IGLESIA-1-300x150.png 300w\" sizes=\"auto, (max-width: 660px) 100vw, 660px\" \/><\/a><\/p>\n<h3 id=\"h1\">\u00ab\u00a1Antes de que Abraham fuese, yo soy!\u00bb<\/h3>\n<p>Esto realmente no es una prueba de que Jes\u00fas es Dios o que es eterno porque este lenguaje estaba presente en la Biblia. Solamente significa que estaba en la presciencia de Dios que vendr\u00eda un d\u00eda, lo mismo que lo que se dijo concerniente Jerem\u00edas y Pablo:<\/p>\n<blockquote><p>Jerem\u00edas 1:5 <sup class=\"versenum\">\u00a0<\/sup>Antes que te formase en el vientre te conoc\u00ed, y antes que nacieses te santifiqu\u00e9, te di por profeta a las naciones.<\/p>\n<p>Efesios 1:4 seg\u00fan nos escogi\u00f3 en \u00e9l antes de la fundaci\u00f3n del mundo, para que fu\u00e9semos santos y sin mancha delante de \u00e9l<\/p><\/blockquote>\n<p>El contexto tambi\u00e9n prueba esto cuando \u00e9l dijo antes:<\/p>\n<div>\n<blockquote><p><span id=\"es-RVR1960-26439\">Juan 8:56\u00a0Abraham vuestro padre se goz\u00f3 que hab\u00eda de ver mi d\u00eda; y lo vio, y se goz\u00f3.\u00a0<\/span><span id=\"es-RVR1960-26440\">57\u00a0Entonces le dijeron los jud\u00edos: A\u00fan no tienes cincuenta a\u00f1os, \u00bfy has visto a Abraham?\u00a0<\/span><span id=\"es-RVR1960-26441\">58\u00a0Jes\u00fas les dijo: De cierto, de cierto os digo: Antes que Abraham fuese, yo soy.<\/span><\/p><\/blockquote>\n<p>Jes\u00fas quiere decir aqu\u00ed que Abraham se goz\u00f3 cuando supo que Jes\u00fas ser\u00e1 entre sus descendientes y esto es claro en la palabra \u00abmi d\u00eda\u00bb, no dijo \u00abcuando \u00e9l me vio\u00bb, esto significa claramente que Abraham supo que Jes\u00fas vendr\u00e1 un d\u00eda as\u00ed que se alegr\u00f3, pero no quiere decir que Jes\u00fas exist\u00eda desde la \u00e9poca de Abraham.<\/p>\n<p>La palabra \u00abyo soy\u00bb no significa que es Dios, y no es lo mismo que lo que dice Dios en \u00c9xodo 3:14 \u00abYO SOY EL QUE SOY\u00bb o \u00abego eimi ho on\u00bb como traducida en la Septuaginta qui significa \u00abYO SOY EL SIENDO\u00bb. \u00a0Si la palabra greca \u00abego eimi\u00bb solamente quiere decir Jehov\u00e1 realmente, no habr\u00eda sido traducida sino habr\u00eda sido escrita como Jehov\u00e1 o \u00abhaya asheer haya\u00bb o \u00abego eimi ho on\u00bb, especialmente cuando vamos que otros dicen la misma palabra \u00abego eimi\u00bb:<\/p>\n<blockquote><p>Juan 9:9 Algunos dijeron, \u00abEs \u00e9l.\u00bb Otros dijeron, \u00abNo, pero \u00e9l es como \u00e9l.\u00bb \u00c9l se mantuvo diciendo, \u00abYo soy el hombre.\u00bb<\/p><\/blockquote>\n<\/div>\n<p>\u00bfEs el mendigo Dios? Por supuesto que no, entonces la palabra en Juan 8:58\u00a0no quiere decir que Jes\u00fas es Jehov\u00e1 sino significa \u00abYo soy el Mes\u00edas\u00bb, y esto es muy claro con lo que Jesus dijo a la mujer Samaritana:<\/p>\n<blockquote><p><span id=\"es-RVR1960-26183\">Juan 4:25\u00a0Le dijo la mujer: S\u00e9 que ha de venir el Mes\u00edas, llamado el Cristo; cuando \u00e9l venga nos declarar\u00e1 todas las cosas.\u00a0<\/span><span id=\"es-RVR1960-26184\">26\u00a0Jes\u00fas le dijo: Yo soy, el que habla contigo.<\/span><\/p><\/blockquote>\n<p>Jes\u00fas es el Mes\u00edas pero no es Dios.<\/p>\n<h3 id=\"h2\">\u00abYo y el Padre somos uno\u00bb:<\/h3>\n<p>Esta palabra en s\u00ed misma no es una prueba de que \u00e9l clama divinidad, para que la unidad pueda ser unidad en el objetivo, por ejemplo lo que Jes\u00fas dijo concerniendo a los disc\u00edpulos:<\/p>\n<blockquote><p>Juan 17:22 La gloria que me diste, yo les he dado, para que sean uno, as\u00ed como nosotros somos uno.<\/p><\/blockquote>\n<p>Por supuesto eso no quiere decir que los disc\u00edpulos son unos en cuerpo, sino son unos en la fe y en el\u00a0objetivo. Eso es lo mismo con Jes\u00fas y el Padre ya que obedecer a los profetas (incluyendo Jes\u00fas) es obedecer a Dios que los ha enviado, pero no quiere decir que los profetas son Dios \u00c9l mismo.<\/p>\n<p>El contexto aqu\u00ed no significa que Jes\u00fas dice que es Dios ya que los jud\u00edos quisieron apedrearlo. Los jud\u00edos entendieron mal lo que dijo, y pensaron que \u00e9l estaba diciendo que \u00e9l era Dios. Realmente lo que los jud\u00edos dijeron significa que entendieron que las escrituras no dicen que Mes\u00edas no es Dios, as\u00ed que cualquiera qui\u00e9n dice que es Dios est\u00e1 blasfemando.<\/p>\n<blockquote><p><span id=\"es-RVR1960-26517\">Juan 10:34\u00a0Jes\u00fas les respondi\u00f3: \u00bfNo est\u00e1 escrito en vuestra ley: Yo dije, dioses sois?\u00a0<\/span><span id=\"es-RVR1960-26518\">35\u00a0Si llam\u00f3 dioses a aquellos a quienes vino la palabra de Dios (y la Escritura no puede ser quebrantada),\u00a0<\/span><span id=\"es-RVR1960-26519\">36\u00a0\u00bfal que el Padre santific\u00f3 y envi\u00f3 al mundo, vosotros dec\u00eds: T\u00fa blasfemas, porque dije: Hijo de Dios soy?<\/span><\/p><\/blockquote>\n<p>Jes\u00fas aqu\u00ed los corrige citando Salmos 82:6 que dice:<\/p>\n<blockquote><p><span id=\"es-RVR1960-15241\" class=\"text Ps-82-6\">Yo dije: Vosotros sois dioses,<\/span><br \/>\n<span class=\"text Ps-82-6\">Y todos vosotros hijos del Alt\u00edsimo;<\/span><\/p><\/blockquote>\n<p>Esto prueba que Jes\u00fas no quiere decir que es Dios, si Jes\u00fas quiere decir que es Dios, citar\u00eda un verso en el Antiguo Testamento diciendo que el Mes\u00edas que vendr\u00e1 ser\u00e1 Dios \u00e9l mismo como los Cristianos citan Isa\u00edas 9:6 (este verso no dice que Jes\u00fas es Dios pero los Cristianos lo citan por eso prop\u00f3sito como ser\u00e1 explicado debajo). Sin embargo, Jes\u00fas cita un verso llamando a algunas personas como dioses y hijos de Dios para probar que eso no sea una blasfemia y luego compara ese verso con \u00e9l mismo siendo llamado hijo de Dios, lo que prueba que Jes\u00fas nunca quiso decir que esto es una prueba de que \u00e9l tiene uno atributo divino.<\/p>\n<h3 id=\"h3\">El Padre est\u00e1 en m\u00ed, y yo en el Padre<\/h3>\n<p>Esto no es una prueba de que Jes\u00fas es Dios, solo significa que tiene una relaci\u00f3n buena con Dios ya que es un profeta de Dios y ese lenguaje es muy com\u00fan como podemos verlo en estos versos:<\/p>\n<blockquote><p>Juan 14:20\u00a0En aquel d\u00eda vosotros conocer\u00e9is que yo estoy en mi Padre, y vosotros en m\u00ed, y yo en vosotros.<\/p>\n<p>1 Juan 2:24\u00a0Lo que hab\u00e9is o\u00eddo desde el principio, permanezca en vosotros. Si lo que hab\u00e9is o\u00eddo desde el principio permanece en vosotros, tambi\u00e9n vosotros permanecer\u00e9is en el Hijo y en el Padre.<\/p><\/blockquote>\n<h3 id=\"h4\">Perdonar pecados<\/h3>\n<p>Los Cristianos dicen que Jes\u00fas es Dios ya que perdon\u00f3 pecados, pero cuando examinamos estos versos, encontrar\u00edamos que Jes\u00fas no dice a esas personas \u00abPerdono tus pecados\u00bb, sino dice \u00abtus pecados son perdonados\u00bb. Jes\u00fas refiere el perd\u00f3n de pecados a Dios que le da esa autoridad:<\/p>\n<blockquote><p>Mateo 9:8<sup class=\"versenum\">\u00a0<\/sup>Al ver esto, el temor se apoder\u00f3 de la multitud; y alababan a Dios por enviar a un hombre con tanta autoridad. (Nueva\u00a0<span class=\"passage-display-version\">Traducci\u00f3n Viviente)<\/span><\/p><\/blockquote>\n<p>Jes\u00fas no tuve esta autoridad al primero, pero eso es Dios que se le da a Jes\u00fas como un profeta ya que Jes\u00fas dice en Juan 5:30 que no puede hacer nada por \u00e9l mismo. Adem\u00e1s Jes\u00fas pidi\u00f3 a Dios que perdone aquellos que intentaron a matarlo, si Jes\u00fas tiene esa autoridad por \u00e9l mismo, no necesitar\u00eda pedir a Dios que los perdone:<\/p>\n<blockquote><p>Lucas 23:34<sup class=\"versenum\">\u00a0<\/sup>Y Jes\u00fas dec\u00eda: Padre, perd\u00f3nalos, porque no saben lo que hacen. Y repartieron entre s\u00ed sus vestidos, echando suertes.<\/p><\/blockquote>\n<h3 id=\"h5\">El Verbo era Dios<\/h3>\n<p>Juan 1:1 es un verso com\u00fanmente citado por los Cristianos para probar que Jes\u00fas es Dios, pero \u00bfes verdad? Al primero, ese verso no es la palabra de Jes\u00fas que claramente dijo que el Padre es el \u00fanico y verdadero Dios y Jes\u00fas ciertamente se conoce a si mismo m\u00e1s que cualquiera otra persona. Adem\u00e1s, cuando vamos el texto originario en Greco, encontramos que hay una diferencia entre la primera palabra \u00abDios\u00bb y la segunda palabra \u00abDios\u00bb as\u00ed:<\/p>\n<blockquote><p><span class=\"chapternum\">Juan 1:1\u00a0<\/span> En el principio era el Verbo, y el Verbo era con Dios (\u03c4\u03cc\u03bd \u03b8\u03b5\u03cc\u03bd), y el Verbo era Dios (\u03b8\u03b5\u03cc\u03c2)<\/p><\/blockquote>\n<p>Vemos aqu\u00ed que cuando habla de Dios \u00c9l mismo, usa el articulo definido\u00a0(\u03c4\u03cc\u03bd \u03b8\u03b5\u03cc\u03bd), pero cuando habla del verbo no usa el articulo y cuando vemos la usa de la palabra\u00a0\u03b8\u03b5\u03cc\u03c2 siempre con el articulo definido\u00a0\u03cc as\u00ed (\u03cc \u03b8\u03b5\u03cc\u03c2) <a href=\"http:\/\/biblehub.com\/greek\/theos_2316.htm\">como lo podemos ver en este enlace<\/a>.<\/p>\n<p>Esto prueba que el verso aqu\u00ed no quiere decir que Jes\u00fas es Dios \u00c9l mismo sino es dios (en letras min\u00fasculas), lo que significa un\u00a0maestro como lo que habla el libro de \u00c9xodo sobre Mois\u00e9s (que la paz sea con \u00e9l):<\/p>\n<div class=\"version-RVR1960 result-text-style-normal text-html \">\n<blockquote>\n<p class=\"chapter-1\"><span id=\"es-RVR1960-1687\" class=\"text Exod-7-1\">\u00c9xodo 7:1 Jehov\u00e1 dijo a Mois\u00e9s: Mira, yo te he constituido dios para Fara\u00f3n, y tu hermano Aar\u00f3n ser\u00e1 tu profeta.<\/span><\/p>\n<\/blockquote>\n<p class=\"chapter-1\">No vemos el uso del articulo definido\u00a0(\u03c4\u03cc\u03bd \u03b8\u03b5\u03cc\u03bd)\u00a0en la\u00a0Septuaginta cuando habla de Mois\u00e9s pero el verso solo uso la palabra\u00a0\u03b8\u03b5\u03cc\u03bd sin el articulo definido. Esto es lo mismo cuando habla de Jes\u00fas en Juan 1:1.<\/p>\n<p class=\"chapter-1\">Esto ser\u00e1\u00a0muy claro en Salmos 82:6 que ha sido citado por\u00a0Jes\u00fas respondiendo a los jud\u00edos que lo acusaron que dice que es Dios como explicado arriba en la repuesta de la citaci\u00f3n Cristiana de Juan 10:30-36:<\/p>\n<blockquote>\n<p class=\"chapter-1\"><span id=\"es-RVR1960-15241\" class=\"text Ps-82-6\">Salmos 82:6 Yo dije: Vosotros sois dioses,\u00a0<\/span><span class=\"text Ps-82-6\">Y todos vosotros hijos del Alt\u00edsimo;<\/span><\/p>\n<\/blockquote>\n<p class=\"chapter-1\">En cuanto a lo que dice Juan 1:3:<\/p>\n<div class=\"version-RVR1960 result-text-style-normal text-html \">\n<blockquote><p><span id=\"es-RVR1960-26049\">Juan 1:3\u00a0<\/span><span id=\"es-RVR1960-26049\" class=\"text John-1-3\">Todas las cosas por \u00e9l fueron hechas, y sin \u00e9l nada de lo que ha sido hecho, fue hecho.<\/span><\/p><\/blockquote>\n<p>Las cosas mencionadas aqu\u00ed no significan el universo ya que Jes\u00fas dice en otros versos que puede hacer nada por \u00e9l mismo y que Dios le dio todo. Por lo tanto, este verso quiere decir el mensaje de Dios en el que la gente\u00a0le conocer\u00edan y se salvar\u00edan del infierno por la fe en Jes\u00fas que es el mensajero de Dios.<\/p>\n<h3 id=\"h6\">El que me ha visto, ha visto al Padre<\/h3>\n<p>La Biblia dice claramente que nadie puede ver a Dios:<\/p>\n<div>\n<blockquote><p><span id=\"es-RVR1960-30617\">1 Juan 4:12\u00a0Nadie ha visto jam\u00e1s a Dios. Si nos amamos unos a otros, Dios permanece en nosotros, y su amor se ha perfeccionado en nosotros.<\/span><\/p>\n<p>\u00c9xodo 33:20\u00a0Dijo m\u00e1s: No podr\u00e1s ver mi rostro; porque no me ver\u00e1 hombre, y vivir\u00e1.<\/p><\/blockquote>\n<p>Por lo tanto\u00a0esto verso dice que lo que las palabras y las acciones de Jes\u00fas se conforman a lo que quiere\u00a0Dios. Entonces cualquier quien ve a Jes\u00fas como un profeta enviado de Dios ve a Dios. Sin embargo nadie puede realmente ver a Dios y Jes\u00fas confirma eso en despu\u00e9s:<\/p>\n<div>\n<blockquote><p><span id=\"es-RVR1960-26689\">Juan 14:19\u00a0Todav\u00eda un poco, y el mundo no me ver\u00e1 m\u00e1s; pero vosotros me ver\u00e9is; porque yo vivo, vosotros tambi\u00e9n vivir\u00e9is.<\/span><\/p><\/blockquote>\n<\/div>\n<p>Es claro aqu\u00ed que Jes\u00fas no habla sobre una visi\u00f3n real con el ojo sino es una visi\u00f3n\u00a0metaf\u00f3rica con la fe.<\/p>\n<\/div>\n<\/div>\n<\/div>\n<h3 id=\"h7\">Tom\u00e1s le dijo: !!Se\u00f1or m\u00edo, y Dios m\u00edo!!<\/h3>\n<p>Como explicado en el art\u00edculo precedente y como hemos mostrado en este art\u00edculo, <a href=\"https:\/\/jesus-is-muslim.net\/es\/jesus-lo-dice-yo-no-soy-dios\/\">Jes\u00fas estaba claro que no es Dios<\/a>. Entonces, lo que Tom\u00e1s quiere decir aqu\u00ed es una exclamaci\u00f3n cuando ha visto Jes\u00fas vivo como decimos \u00abOh Dios m\u00edo\u00bb, pero eso no puede ser una evidencia que Jes\u00fas es Dios.<\/p>\n<h3 id=\"h9\">Yo soy el camino, y la verdad, y la vida; nadie viene al Padre, sino por m\u00ed<\/h3>\n<p>Todos los profetas son el camino, la verdad y la vida. Los Cristianos creen en el Antiguo Testamento y creen que Abraham, Mois\u00e9s, Isa\u00edas y otros son profetas enviados de Dios, si alguno vino y dijo que \u00e9l cree en Jes\u00fas pero cree que Abraham o Mois\u00e9s son\u00a0mentirosos o profetas falsos, \u00bfpuede ser un creyente en Jes\u00fas\u00a0as\u00ed? No, porque Jes\u00fas no dice eso pero cree en Abraham, en la ley de Mois\u00e9s y su mensaje es el mismo del mensaje de ellos. As\u00ed que esta persona diciendo esto sobre Mois\u00e9s y Abraham no cree en Jes\u00fas y\u00a0por consiguiente no cree en Dios que les envi\u00f3. Por lo tanto no podemos creer en Dios sin creyendo en todos los profetas y por eso todos los profetas son el camino, la verdad y la vida.<\/p>\n<h3 id=\"h8\">Isa\u00edas 9:6<\/h3>\n<p>Jes\u00fas \u00e9l mismo nunca ha utilizado Isa\u00edas 9:6 aunque hab\u00eda citado muchos versos en el Antiguo Testamento. \u00bfCu\u00e1l es la evidencia entonces que este verso habla de Jes\u00fas entonces?<\/p>\n<p>Incluso si este verso habla de \u00e9l, no dijo que Jes\u00fas es Dios. La palabra hebrea utilizada aqu\u00ed para Dios es \u00abEl\u00bb que fue utilizada para otras personas no s\u00f3lo Dios. Cuando los Jud\u00edos acusaron a Jes\u00fas de que est\u00e1 blasfemando diciendo que es Dios, no les contest\u00f3 con este verso para probar que es Dios.<\/p>\n<p>Sin embargo, les contest\u00f3 citando el verso en Salmos 82:6, un verso llamando seres humanos como dioses e hijos de Dios para probar que eso no sea una blasfemia y luego Jes\u00fas compara este verso con \u00e9l mismo siendo llamado hijo de Dios, lo que prueba que Jes\u00fas nunca quiso decir que esto es una prueba que \u00e9l tiene uno atributo divino.<\/p>\n","protected":false},"excerpt":{"rendered":"<p>Jes\u00fas (que la paz sea con el) nunca dijo \u00abYo soy Dios\u00bb ni \u00absoy la segunda persona en la Trinidad\u00bb, ni \u00absoy humano y divino\u00bb, pero como explicado en el art\u00edculo precedente, Jes\u00fas dijo que no es Dios demostrando que el padre es el \u00fanico Dios, su Dios, y que \u00e9l (Jes\u00fas) \u00a0no sabe la [&hellip;]<\/p>\n","protected":false},"author":1,"featured_media":1734,"parent":1740,"menu_order":0,"comment_status":"closed","ping_status":"closed","template":"","meta":{"om_disable_all_campaigns":false,"_monsterinsights_skip_tracking":false,"_monsterinsights_sitenote_active":false,"_monsterinsights_sitenote_note":"","_monsterinsights_sitenote_category":0,"_uf_show_specific_survey":0,"_uf_disable_surveys":false,"footnotes":""},"categories":[44],"tags":[],"class_list":["post-1728","page","type-page","status-publish","has-post-thumbnail","hentry","category-jesus-es"],"aioseo_notices":[],"_links":{"self":[{"href":"https:\/\/jesus-is-muslim.net\/es\/wp-json\/wp\/v2\/pages\/1728","targetHints":{"allow":["GET"]}}],"collection":[{"href":"https:\/\/jesus-is-muslim.net\/es\/wp-json\/wp\/v2\/pages"}],"about":[{"href":"https:\/\/jesus-is-muslim.net\/es\/wp-json\/wp\/v2\/types\/page"}],"author":[{"embeddable":true,"href":"https:\/\/jesus-is-muslim.net\/es\/wp-json\/wp\/v2\/users\/1"}],"replies":[{"embeddable":true,"href":"https:\/\/jesus-is-muslim.net\/es\/wp-json\/wp\/v2\/comments?post=1728"}],"version-history":[{"count":0,"href":"https:\/\/jesus-is-muslim.net\/es\/wp-json\/wp\/v2\/pages\/1728\/revisions"}],"up":[{"embeddable":true,"href":"https:\/\/jesus-is-muslim.net\/es\/wp-json\/wp\/v2\/pages\/1740"}],"wp:featuredmedia":[{"embeddable":true,"href":"https:\/\/jesus-is-muslim.net\/es\/wp-json\/wp\/v2\/media\/1734"}],"wp:attachment":[{"href":"https:\/\/jesus-is-muslim.net\/es\/wp-json\/wp\/v2\/media?parent=1728"}],"wp:term":[{"taxonomy":"category","embeddable":true,"href":"https:\/\/jesus-is-muslim.net\/es\/wp-json\/wp\/v2\/categories?post=1728"},{"taxonomy":"post_tag","embeddable":true,"href":"https:\/\/jesus-is-muslim.net\/es\/wp-json\/wp\/v2\/tags?post=1728"}],"curies":[{"name":"wp","href":"https:\/\/api.w.org\/{rel}","templated":true}]}}