{"id":1737,"date":"2017-02-18T20:39:42","date_gmt":"2017-02-18T18:39:42","guid":{"rendered":"https:\/\/jesus-is-muslim.net\/?page_id=1737\/"},"modified":"2018-04-17T10:11:55","modified_gmt":"2018-04-17T08:11:55","slug":"que-dice-el-islam-sobre-jesus","status":"publish","type":"page","link":"https:\/\/jesus-is-muslim.net\/es\/jesus-es-musulman\/jesus\/que-dice-el-islam-sobre-jesus\/","title":{"rendered":"\u00bfQu\u00e9 dice el Islam sobre Jes\u00fas?"},"content":{"rendered":"<p>Antes de explicar la creencia <span title=\"\">Isl\u00e1mica<\/span> de Jes\u00fas, debo al primero explicar el sentido del <span title=\"Names of religions or followers of a certain religion are never capitalized in Spanish.\">Islam<\/span>. Como explicado en detalle en el art\u00edculo \u00bf<a href=\"https:\/\/jesus-is-muslim.net\/es\/jesus-es-musulman\/que-es-el-islam\/que-es-el-islam\/\">Qu\u00e9 es el Islam?,<\/a>\u00a0significa que debemos rendir culto a Dios solamente ya <span title=\"\">que \u00c9l<\/span> nos cre\u00f3 y cre\u00f3 el universo, <span title=\"\">entonces \u00c9l<\/span> es el \u00danico que merece ser adorado. Dios ha enviado mensajeros para <span title=\"\">hablar con la gente<\/span> sobre este hecho absoluto y para\u00a0<span title=\"\">recordarlas<\/span> de Dios. Jes\u00fas (que la paz sea con \u00e9l) es uno de <span title=\"\">estos profetas<\/span>.<\/p>\n<p>Los Musulmanes creen en Jes\u00fas y que naci\u00f3\u00a0Milagrosamente de la virgen Mar\u00eda. El Cor\u00e1n dice:<\/p>\n<blockquote><p>Y a la que conserv\u00f3 su virginidad. Infundimos en ella de Nuestro Esp\u00edritu e hicimos de ella y de su hijo signo para todo el mundo. (El Sagrado Cor\u00e1n 21:91)<\/p><\/blockquote>\n<p>Adem\u00e1s, en el Cor\u00e1n hay un cap\u00edtulo llamado \u00abEl cap\u00edtulo de Mar\u00eda\u00bb (l\u00e9alo\u00a0<a href=\"http:\/\/qurango.com\/spanish\/19.html\">aqu\u00ed<\/a>) que habla sobre el\u00a0nacimiento de Jes\u00fas.<\/p>\n<p>Los Musulmanes creen tambi\u00e9n en los milagrosos dados por Dios a Jes\u00fas como dice el Cor\u00e1n:<\/p>\n<blockquote><p>110. Cuando dijo Al\u00e1: \u00ab\u00a1Jes\u00fas, hijo de Mar\u00eda!; Recuerda Mi gracia, que os dispens\u00e9 a ti y a tu madre cuando te fortalec\u00ed con el Esp\u00edritu Santo y hablaste a la gente en la cuna y de adulto, y cuando le ense\u00f1\u00e9 la <i>Escritura<\/i>, la Sabidur\u00eda, la <i>Tora<\/i> y el <i>Evangelio<\/i>. Y cuando creaste de arcilla a modo de p\u00e1jaros con Mi permiso, soplaste en ellos y se convirtieron en p\u00e1jaros con Mi permiso. Y curaste al ciego de nacimiento y al leproso con Mi permiso. Y cuando resucitaste a los muertos con Mi permiso. Y cuando alej\u00e9 de ti a los Hijos de Israel cuando viniste a ellos con las pruebas claras y los que de ellos no cre\u00edan dijeron: &#8216;Esto no es sino manifiesta magia&#8217;. (El Sagrado Cor\u00e1n 5:110)<\/p><\/blockquote>\n<p><a href=\"https:\/\/jesus-is-muslim.net\/wp-content\/uploads\/2017\/02\/Jes\u00fas-en-Islam.png\"><img loading=\"lazy\" decoding=\"async\" class=\"alignnone size-full wp-image-1738\" src=\"https:\/\/jesus-is-muslim.net\/wp-content\/uploads\/2017\/02\/Jes\u00fas-en-Islam.png\" alt=\"La creencia de los Musulmanes en Jes\u00fas\" width=\"1040\" height=\"570\" srcset=\"https:\/\/jesus-is-muslim.net\/wp-content\/uploads\/2017\/02\/Jes\u00fas-en-Islam.png 1040w, https:\/\/jesus-is-muslim.net\/wp-content\/uploads\/2017\/02\/Jes\u00fas-en-Islam-300x164.png 300w, https:\/\/jesus-is-muslim.net\/wp-content\/uploads\/2017\/02\/Jes\u00fas-en-Islam-768x421.png 768w, https:\/\/jesus-is-muslim.net\/wp-content\/uploads\/2017\/02\/Jes\u00fas-en-Islam-1024x561.png 1024w\" sizes=\"auto, (max-width: 1040px) 100vw, 1040px\" \/><\/a><\/p>\n<h3>Jes\u00fas no es Dios ni el hijo de Dios<\/h3>\n<p>Por otra parte, no puedo decir que Jes\u00fas es Dios. Dios es muy poderoso y no necesita encarnarse en un hombre viniendo de su madre, crecer como un beb\u00e9, comer, ir al ba\u00f1o, cansarse o tener un hijo. Todas estas\u00a0 creencias se encontraron despu\u00e9s del tiempo de Jes\u00fas y\u00a0Jes\u00fas no tiene nada que ver con ellas. <a href=\"https:\/\/jesus-is-muslim.net\/es\/jesus-lo-dice-yo-no-soy-dios\/\">Jes\u00fas nunca\u00a0dijo que es Dios<\/a>\u00a0como\u00a0veremos en los art\u00edculos siguientes.<\/p>\n<blockquote><p>171. \u00a1Gente de la <i>Escritura<\/i> ! \u00a1No exager\u00e9is en vuestra religi\u00f3n! \u00a1No dig\u00e1is de Al\u00e1 sino la verdad: que el Ungido, Jes\u00fas, hijo de Mar\u00eda, es solamente el enviado de Al\u00e1 y Su Palabra, que \u00c9l ha comunicado a Mar\u00eda, y un esp\u00edritu que procede de \u00c9l! \u00a1Creed, pues, en Al\u00e1 y en Sus enviados! \u00a1No dig\u00e1is \u00abTres&#8217;! \u00a1Basta ya, ser\u00e1 mejor para vosotros! Al\u00e1 es s\u00f3lo un Dios Uno. \u00a1Gloria a \u00c9l Tener un hijo&#8230;Suyo es lo que est\u00e1 en los cielos y en la tierra&#8230; \u00a1Al\u00e1 basta como protector!\u00a0172. El Ungido no tendr\u00e1 a menos ser siervo de Al\u00e1, ni tampoco los \u00e1ngeles allegados. A todos aqu\u00e9llos que tengan a menos servirle y hayan sido altivos les congregar\u00e1 hacia S\u00ed. (El Sagrado Cor\u00e1n 4:171-172).<\/p><\/blockquote>\n<h3>Jes\u00fas no ha sido Crucificado<\/h3>\n<p>Los Musulmanes creen que\u00a0Jes\u00fas no ha sido\u00a0crucificado, sino Dios le salv\u00f3 de la crucifixi\u00f3n. El Cor\u00e1n dice:<\/p>\n<blockquote><p>157. y por haber dicho: \u00abHemos (los Jud\u00edos) dado muerte al Ungido, Jes\u00fas, hijo de Mar\u00eda, el enviado de Al\u00e1\u00bb, siendo as\u00ed que no le mataron ni le crucificaron, sino que les pareci\u00f3 as\u00ed. Los que discrepan acerca de \u00e9l, dudan. No tienen conocimiento de \u00e9l, no siguen m\u00e1s que conjeturas. Pero, ciertamente no le mataron, (El Sagrado Coran 4:157)<\/p><\/blockquote>\n<p>Las secciones siguientes discutir\u00e1n esos puntos en\u00a0detalle y probar\u00e1n que no hay una evidencia\u00a0s\u00f3lida que Jes\u00fas es Dios o el hijo de Dios o que ha sido crucificado.<\/p>\n","protected":false},"excerpt":{"rendered":"<p>Antes de explicar la creencia Isl\u00e1mica de Jes\u00fas, debo al primero explicar el sentido del Islam. Como explicado en detalle en el art\u00edculo \u00bfQu\u00e9 es el Islam?,\u00a0significa que debemos rendir culto a Dios solamente ya que \u00c9l nos cre\u00f3 y cre\u00f3 el universo, entonces \u00c9l es el \u00danico que merece ser adorado. Dios ha enviado [&hellip;]<\/p>\n","protected":false},"author":1,"featured_media":1738,"parent":1740,"menu_order":0,"comment_status":"closed","ping_status":"closed","template":"","meta":{"om_disable_all_campaigns":false,"_monsterinsights_skip_tracking":false,"_monsterinsights_sitenote_active":false,"_monsterinsights_sitenote_note":"","_monsterinsights_sitenote_category":0,"_uf_show_specific_survey":0,"_uf_disable_surveys":false,"footnotes":""},"categories":[44],"tags":[],"class_list":["post-1737","page","type-page","status-publish","has-post-thumbnail","hentry","category-jesus-es"],"aioseo_notices":[],"_links":{"self":[{"href":"https:\/\/jesus-is-muslim.net\/es\/wp-json\/wp\/v2\/pages\/1737","targetHints":{"allow":["GET"]}}],"collection":[{"href":"https:\/\/jesus-is-muslim.net\/es\/wp-json\/wp\/v2\/pages"}],"about":[{"href":"https:\/\/jesus-is-muslim.net\/es\/wp-json\/wp\/v2\/types\/page"}],"author":[{"embeddable":true,"href":"https:\/\/jesus-is-muslim.net\/es\/wp-json\/wp\/v2\/users\/1"}],"replies":[{"embeddable":true,"href":"https:\/\/jesus-is-muslim.net\/es\/wp-json\/wp\/v2\/comments?post=1737"}],"version-history":[{"count":0,"href":"https:\/\/jesus-is-muslim.net\/es\/wp-json\/wp\/v2\/pages\/1737\/revisions"}],"up":[{"embeddable":true,"href":"https:\/\/jesus-is-muslim.net\/es\/wp-json\/wp\/v2\/pages\/1740"}],"wp:featuredmedia":[{"embeddable":true,"href":"https:\/\/jesus-is-muslim.net\/es\/wp-json\/wp\/v2\/media\/1738"}],"wp:attachment":[{"href":"https:\/\/jesus-is-muslim.net\/es\/wp-json\/wp\/v2\/media?parent=1737"}],"wp:term":[{"taxonomy":"category","embeddable":true,"href":"https:\/\/jesus-is-muslim.net\/es\/wp-json\/wp\/v2\/categories?post=1737"},{"taxonomy":"post_tag","embeddable":true,"href":"https:\/\/jesus-is-muslim.net\/es\/wp-json\/wp\/v2\/tags?post=1737"}],"curies":[{"name":"wp","href":"https:\/\/api.w.org\/{rel}","templated":true}]}}