{"id":1747,"date":"2017-02-10T10:56:30","date_gmt":"2017-02-10T08:56:30","guid":{"rendered":"https:\/\/jesus-is-muslim.net\/?page_id=1747\/"},"modified":"2018-04-17T10:11:34","modified_gmt":"2018-04-17T08:11:34","slug":"jesus-murio-por-nuestros-pecados","status":"publish","type":"page","link":"https:\/\/jesus-is-muslim.net\/es\/jesus-es-musulman\/jesus\/jesus-murio-por-nuestros-pecados\/","title":{"rendered":"\u00bfJes\u00fas muri\u00f3 por nuestros pecados?"},"content":{"rendered":"<p>\u00abJes\u00fas te ama, muri\u00f3 por tus pecados\u00bb. Este es una de las\u00a0oraciones m\u00e1s famosas dichas por los Cristianos. Los Cristianos creen que Jes\u00fas es Dios y el hijo de Dios que necesitaba ser un hombre y morir para que no habr\u00eda m\u00e1s necesidad de los sacrificios de los animales como encontramos en el Antiguo Testamento.<\/p>\n<p>Los Cristianos creen que cuando Ad\u00e1n desobedeci\u00f3 Dios comiendo del \u00e1rbol, el pecado entr\u00f3 en el mundo. Desde este momento, la naturaleza humana se volvi\u00f3 pecada, y dado que no le gusta el pecado a Dios, el Antiguo Testamento dice que todos los que pecaran morir\u00edan y no hay una manera de perdonar el pecado salvo que derramemos la sangre, es decir la ofrenda de animales sacrificados por el pecado. Por otra parte, Dios quiere perdonar los pecados del humano, lo que es contra la ley puesta por \u00c9l-mismo en el Antiguo Testamento, \u00bfqu\u00e9 hace Dios para resolver este problema?<\/p>\n<p>La soluci\u00f3n fue preparar un plan, lo que fue que Dios ser\u00e1 un hombre y\u00a0y derram\u00f3 Su sangre en la cruz\u00a0para proveer el camino al cielo para una humanidad pecadora, quien jam\u00e1s podr\u00eda llegar all\u00ed por s\u00ed misma.<\/p>\n<p>Esta teor\u00eda inventada por Pablo no por Jes\u00fas es contra la l\u00f3gica y la creencia que Dios es el Omnisciente y el Omnipotente como ser\u00e1 mostrada abajo.<\/p>\n<h3>\u00bfLa Naturaleza del Humano es Pecadora?<\/h3>\n<p>Aunque la mayor\u00eda de los seres humanos son pecadores, hay muchos hombres que son sin pecados. Los Musulmanes creen que muchos profetas nunca pecaron. La Biblia muestra un ejemplo de\u00a0Zacar\u00edas y\u00a0Elisabet:<\/p>\n<blockquote><p>Lucas 1:5\u00a0Hubo en los d\u00edas de Herodes, rey de Judea, un sacerdote llamado Zacar\u00edas, de la clase de Ab\u00edas; su mujer era de las hijas de Aar\u00f3n, y se llamaba Elisabet.\u00a0<span id=\"es-RVR1960-24901\">6\u00a0Ambos eran justos delante de Dios, <strong>y andaban irreprensibles en todos los mandamientos y ordenanzas del Se\u00f1or.<\/strong><\/span><\/p><\/blockquote>\n<p>Alguien puede decir que estos humanos sin pecados tienen la naturaleza pecadora ya que son los descendientes de Ad\u00e1n. Esto no es solo contra la justicia de Dios, pero tambi\u00e9n es contra la Biblia que dice:<\/p>\n<blockquote><p>Ezequiel 18:20\u00a0El alma que pecare, esa morir\u00e1; el hijo no llevar\u00e1 el pecado del padre, ni el padre llevar\u00e1 el pecado del hijo; la justicia del justo ser\u00e1 sobre \u00e9l, y la impiedad del imp\u00edo ser\u00e1 sobre \u00e9l.<\/p><\/blockquote>\n<p><a href=\"https:\/\/jesus-is-muslim.net\/wp-content\/uploads\/2017\/02\/Jes\u00fas-muri\u00f3-por-nuestros-pecados.png\"><img loading=\"lazy\" decoding=\"async\" class=\"alignnone size-full wp-image-1756\" src=\"https:\/\/jesus-is-muslim.net\/wp-content\/uploads\/2017\/02\/Jes\u00fas-muri\u00f3-por-nuestros-pecados.png\" alt=\"Jes\u00fas muri\u00f3 por nuestros pecados\" width=\"1040\" height=\"570\" srcset=\"https:\/\/jesus-is-muslim.net\/wp-content\/uploads\/2017\/02\/Jes\u00fas-muri\u00f3-por-nuestros-pecados.png 1040w, https:\/\/jesus-is-muslim.net\/wp-content\/uploads\/2017\/02\/Jes\u00fas-muri\u00f3-por-nuestros-pecados-300x164.png 300w, https:\/\/jesus-is-muslim.net\/wp-content\/uploads\/2017\/02\/Jes\u00fas-muri\u00f3-por-nuestros-pecados-768x421.png 768w, https:\/\/jesus-is-muslim.net\/wp-content\/uploads\/2017\/02\/Jes\u00fas-muri\u00f3-por-nuestros-pecados-1024x561.png 1024w\" sizes=\"auto, (max-width: 1040px) 100vw, 1040px\" \/><\/a><\/p>\n<h3>\u00bfDios conoc\u00eda que los humanos van a pecar?<\/h3>\n<p><span class=\"passage-display-bcv\">Es una pregunta importante. Los Cristianos creen que no Le gusta el pecado Dios\u00a0y que Dios considere la muerte como el solo castigo del pecado. Si Dios conoc\u00eda que la naturaleza humana ser\u00eda una naturaleza pecada, \u00bfpor qu\u00e9 pondr\u00eda esta ley que no encaja con la naturaleza humana? \u00bfPor qu\u00e9 no pone la ley que abre la puerta al arrepentimiento? De hecho, la Biblia ya da esta soluci\u00f3n:<\/span><\/p>\n<blockquote><p><span class=\"passage-display-bcv\">Ezequiel 18:<\/span>21\u00a0Mas el imp\u00edo, si se apartare de todos sus pecados que hizo, y guardare todos mis estatutos e hiciere seg\u00fan el derecho y la justicia, de cierto vivir\u00e1; no morir\u00e1.<\/p><\/blockquote>\n<p>Dios es\u00a0Misericordioso que conoce nuestra naturaleza d\u00e9bil y pecada. Por lo tanto, nos trata tomando en consideraci\u00f3n que no somos \u00e1ngeles sino que pecamos y que olvidamos y ciertamente Dios sabe esto antes de crearnos. Dios es Sabio que trata a cada uno seg\u00fan sus capacidades.<\/p>\n<div>\n<h3 class=\"passage-display\">Dios no perdona los pecados sin un sacrificio<\/h3>\n<p>Cuando buscamos en la Biblia, encontramos ejemplos que Dios perdona\u00a0pecados sin derramar la sangre. Seg\u00fan la Biblia, David cometi\u00f3 un gran pecado matando a Ur\u00edas heteo y durmiendo con su mujer. Los Musulmanes consideran esta historia como una historia falsa contra un profeta enviado de Dios, pero encontramos que seg\u00fan la Biblia Dios perdon\u00f3 a David sin pedirle derramar sangre y sin dar un sacrificio:<\/p>\n<blockquote><p>2 Samuel 12:13\u00a0Entonces dijo David a Nat\u00e1n: Pequ\u00e9 contra Jehov\u00e1. Y Nat\u00e1n dijo a David: Tambi\u00e9n Jehov\u00e1 ha remitido tu pecado; no morir\u00e1s.<\/p><\/blockquote>\n<p>Vemos tambi\u00e9n que Jes\u00fas dijo a muchos hombres que sus pecados son perdonados antes de la crucifixi\u00f3n y Jes\u00fas no ha pedido un sacrificio de los animales a la mujer ad\u00faltera en Juan 7:53-8:11, lo que es contra la ley que el pecado no podr\u00eda ser perdonado sin derramar la sangre y Jes\u00fas a\u00fan no ha muerto. Esto significa que Jes\u00fas o Dios estaban contra la ley que debe haber un derramamiento de la sangre para perdonar los pecados, y seg\u00fan los Cristianos esto ser\u00e1 contra la justicia de Dios.<\/p>\n<h3>La Muerte de Jes\u00fas abole la ofrenda\u00a0de los animales<\/h3>\n<p>Este sacrificio se realiz\u00f3 en el Antiguo Testamento por aquellos que pecaron y quisieron arrepentirse a Dios. Por otro lado la crucifixi\u00f3n de Jes\u00fas se realiz\u00f3 por aquellos que no quisieron arrepentirse, sino quisieron\u00a0matar a Jes\u00fas que es Dios seg\u00fan los Cristianos. Entonces, no es un sacrificio para arrepentirse, sino es un crimen de asesinato y las condiciones del sacrificio del Antiguo Testamento no se aplican sobre la crucifixi\u00f3n. \u00bfC\u00f3mo un pecado ser\u00e1 una manera de perdonar los pecados? \u00bfD\u00f3nde dice el Antiguo Testamento que la muerte de Dios es una soluci\u00f3n para abolir esa ley?\u00a0En ninguna parte.<\/p>\n<h3>\u00bfIsa\u00edas 53 habla de la crucifixi\u00f3n de Jes\u00fas?<\/h3>\n<p>Este cap\u00edtulo habla de la persecuci\u00f3n que pasar\u00e1 contra el pueblo de Israel, y eso ser\u00e1 muy claro en el tiempo de\u00a0Nabucodonosor y la cautividad babilonia, y luego en el alivio de Dios al\u00a0finaliz\u00e1ndola con el supuesto edicto del rey persa Ciro. Los Israelitas justos\u00a0han sufrido los resultados de los pecados de Joaquim y de los pecadores Israelitas que les llevaron a la cautividad. Hay muchas razones por las cuales no decimos que Isa\u00edas 53 habla sobre Jes\u00fas:<\/p>\n<\/div>\n<ol>\n<li>Los Cristianos creen que Jes\u00fas es Dios aunque es claro que este cap\u00edtulo nunca habla sobre Dios, sino sobre un siervo de Dios como escrito en verso 52:13 y como dice el verso 53:12 que \u00abyo le dar\u00e9 parte con los grandes, y con los fuertes repartir\u00e1 despojos\u00bb. Dios no necesita que Dios le da parte con los grandes ya que Dios es el M\u00e1s grande y no podemos compararlo con otras personas.<\/li>\n<li>El verso 53:3 habla de\u00a0un hombre\u00a0despreciado y desechado entre los hombres. Esto puede ser aplicado sobre los Israelitas durante la cautividad babilonia. Jes\u00fas no fue\u00a0despreciado ni\u00a0desechado, sino fue seguido por mucha gente\u00a0de Galilea, de Dec\u00e1polis, de Jerusal\u00e9n, de Judea y del otro lado del Jord\u00e1n (Mateo 4:25) y era glorificado por todos (Lucas 4:15) al punto que\u00a0dijo a sus disc\u00edpulos que le tuviesen siempre lista la barca, a causa del gent\u00edo, para que no le oprimiesen (Marco 3:9).<\/li>\n<li>El verso 53:7 habla que\u00a0no abri\u00f3 su boca; como cordero fue llevado al matadero.\u00a0Jes\u00fas\u00a0les dijo a los disc\u00edpulos: Pues ahora, el que tiene bolsa, t\u00f3mela, y tambi\u00e9n la alforja; y el que no tiene espada, venda su capa y compre una. (Luca 22:36) Y pidi\u00f3 al padre de pasar de \u00e9l la copa y\u00a0estando en agon\u00eda, oraba m\u00e1s intensamente; y era su sudor como grandes gotas de sangre que ca\u00edan hasta la tierra. (Lucas 22:42-44) Si Jes\u00fas conoce seg\u00fan esta profec\u00eda que debe morir, no pedir\u00eda a los disc\u00edpulos de vender sus capas y comprar espadas y no orar\u00eda a Dios de pasar la copa\u00a0de \u00e9l porque sabe bien que Dios no lo contestar\u00eda ya que esta copa estaba necesaria.<\/li>\n<li>El verso 53:10 habla que\u00a0ver\u00e1 linaje, vivir\u00e1 por largos d\u00edas.\u00a0Jes\u00fas no tuvo linaje ni vivi\u00f3 por largos d\u00edas sobre la tierra. La palabra linaje aqu\u00ed no puede tener el sentido de un linaje espiritual ya que la palabra hebrea utilizada para linaje en este verso es \u00abZera\u00bb que habla de un linaje literal como encontramos en (G\u00e9nesis 12:7, 15:2-4, 15:13, 46:6, \u00c9xodo 28:43). La palabra utilizada para un linaje espiritual es\u00a0<i>banim <\/i>como en Deuteronomio 14:1.<\/li>\n<\/ol>\n<p>Debido a esas razones y a las razones mostradas arriba que Dios no necesita morir por nuestros pecados como en \u00a0Deuteronomio 24:16, Ezequiel 18, Isa\u00edas 55:6-7 y en muchos otros versos. Es claro que el cap\u00edtulo 53 en Isa\u00edas no habla sobre Jes\u00fas muriendo por nuestros pecados, sino sobre los Israelitas.<\/p>\n","protected":false},"excerpt":{"rendered":"<p>\u00abJes\u00fas te ama, muri\u00f3 por tus pecados\u00bb. Este es una de las\u00a0oraciones m\u00e1s famosas dichas por los Cristianos. Los Cristianos creen que Jes\u00fas es Dios y el hijo de Dios que necesitaba ser un hombre y morir para que no habr\u00eda m\u00e1s necesidad de los sacrificios de los animales como encontramos en el Antiguo Testamento. [&hellip;]<\/p>\n","protected":false},"author":1,"featured_media":1756,"parent":1740,"menu_order":0,"comment_status":"closed","ping_status":"closed","template":"","meta":{"om_disable_all_campaigns":false,"_monsterinsights_skip_tracking":false,"_monsterinsights_sitenote_active":false,"_monsterinsights_sitenote_note":"","_monsterinsights_sitenote_category":0,"_uf_show_specific_survey":0,"_uf_disable_surveys":false,"footnotes":""},"categories":[44],"tags":[],"class_list":["post-1747","page","type-page","status-publish","has-post-thumbnail","hentry","category-jesus-es"],"aioseo_notices":[],"_links":{"self":[{"href":"https:\/\/jesus-is-muslim.net\/es\/wp-json\/wp\/v2\/pages\/1747","targetHints":{"allow":["GET"]}}],"collection":[{"href":"https:\/\/jesus-is-muslim.net\/es\/wp-json\/wp\/v2\/pages"}],"about":[{"href":"https:\/\/jesus-is-muslim.net\/es\/wp-json\/wp\/v2\/types\/page"}],"author":[{"embeddable":true,"href":"https:\/\/jesus-is-muslim.net\/es\/wp-json\/wp\/v2\/users\/1"}],"replies":[{"embeddable":true,"href":"https:\/\/jesus-is-muslim.net\/es\/wp-json\/wp\/v2\/comments?post=1747"}],"version-history":[{"count":0,"href":"https:\/\/jesus-is-muslim.net\/es\/wp-json\/wp\/v2\/pages\/1747\/revisions"}],"up":[{"embeddable":true,"href":"https:\/\/jesus-is-muslim.net\/es\/wp-json\/wp\/v2\/pages\/1740"}],"wp:featuredmedia":[{"embeddable":true,"href":"https:\/\/jesus-is-muslim.net\/es\/wp-json\/wp\/v2\/media\/1756"}],"wp:attachment":[{"href":"https:\/\/jesus-is-muslim.net\/es\/wp-json\/wp\/v2\/media?parent=1747"}],"wp:term":[{"taxonomy":"category","embeddable":true,"href":"https:\/\/jesus-is-muslim.net\/es\/wp-json\/wp\/v2\/categories?post=1747"},{"taxonomy":"post_tag","embeddable":true,"href":"https:\/\/jesus-is-muslim.net\/es\/wp-json\/wp\/v2\/tags?post=1747"}],"curies":[{"name":"wp","href":"https:\/\/api.w.org\/{rel}","templated":true}]}}