{"id":1764,"date":"2017-02-03T14:44:39","date_gmt":"2017-02-03T12:44:39","guid":{"rendered":"https:\/\/jesus-is-muslim.net\/?page_id=1764\/"},"modified":"2018-04-17T10:11:00","modified_gmt":"2018-04-17T08:11:00","slug":"jesus-es-el-hijo-de-dios","status":"publish","type":"page","link":"https:\/\/jesus-is-muslim.net\/es\/jesus-es-musulman\/jesus\/jesus-es-el-hijo-de-dios\/","title":{"rendered":"\u00bfJes\u00fas es el hijo de Dios?"},"content":{"rendered":"<p>Un tema muy famoso que un punto de disputa entre los Musulmanes y los Cristianos es Jes\u00fas siendo el hijo de Dios o no. Despu\u00e9s de mostrar que<a href=\"https:\/\/jesus-is-muslim.net\/es\/jesus-es-musulman\/jesus\/jesus-lo-dice-yo-no-soy-dios\/\"> Jes\u00fas no es Dios<\/a> y discutir los <a href=\"https:\/\/jesus-is-muslim.net\/es\/jesus-es-musulman\/jesus\/realmente-dijo-jesus-yo-soy-dios\/\">versos utilizados por los Cristianos para probar que Jes\u00fas es Dios<\/a>, vamos en este art\u00edculo a investigar el sentido de esta palabra (hijo de Dios) seg\u00fan la Biblia y c\u00f3mo Jes\u00fas la comprendi\u00f3.<\/p>\n<h3>\u00bfCu\u00e1l es el sentido de la Palabra \u00abHijo de Dios\u00bb?<\/h3>\n<p>Es una pregunta que no tiene una repuesta clara seg\u00fan los Cristianos. Algunos dicen que Jes\u00fas es el hijo de Dios ya que no tiene un padre, pero la Biblia dice que Ad\u00e1n es el hijo de Dios ya que no tiene un padre (Lucas 3:38) y no encontramos que los Cristianos lo llaman como Dios o como el hijo de Dios o como una persona en la Trinidad. Entonces, cuando Jes\u00fas no tiene un padre esto no significa que tiene un\u00a0car\u00e1cter divino.<\/p>\n<p>Otros dicen que Jes\u00fas es el hijo de Dios porque Jes\u00fas es igual a Dios en la naturaleza y en la\u00a0esencia. Sin embargo, los Cristianos tambi\u00e9n creen que el Esp\u00edritu Santo es igual a Dios aunque no dicen que es un hijo nacido\u00a0de Dios, sino dicen que procede del Padre (Juan 15:26). Entonces, hay una diferencia entre los dos casos seg\u00fan la creencia Cristiana.<\/p>\n<p>De hecho, la palabra \u00abhijo de Dios\u00bb no es una evidencia que Jes\u00fas es Dios ya que fue una expresi\u00f3n muy com\u00fan en los dos Testamentos. El sentido de esta palabra es figurativo. De otra manera, encontrar\u00edamos muchas personas que son iguales a Dios porque la Biblia los llama \u00abhijo de Dios\u00bb. Esos son algunos ejemplos:<\/p>\n<blockquote><p>\u00c9xodo 4:22\u00a0Y dir\u00e1s a Fara\u00f3n: Jehov\u00e1 ha dicho as\u00ed: Israel es mi hijo, mi primog\u00e9nito.<\/p>\n<p>Salmos 82:6\u00a0<span id=\"es-RVR1960-15241\" class=\"text Ps-82-6\">Yo dije: Vosotros sois dioses,\u00a0<\/span><span class=\"text Ps-82-6\">Y todos vosotros hijos del Alt\u00edsimo;<\/span><\/p>\n<p>2 Samuel 7:14\u00a0Yo le ser\u00e9 a \u00e9l padre, y \u00e9l me ser\u00e1 a m\u00ed hijo. Y si \u00e9l hiciere mal, yo le castigar\u00e9 con vara de hombres, y con azotes de hijos de hombres;<\/p>\n<p>Lucas 3:38\u00a0hijo de En\u00f3s, hijo de Set, hijo de Ad\u00e1n, hijo de Dios.<\/p>\n<p>Mateo 5:9\u00a0Bienaventurados los pacificadores, porque ellos ser\u00e1n llamados hijos de Dios.<\/p><\/blockquote>\n<p>Vemos en estos versos que no es Jes\u00fas solo que se llama hijo de Dios en la Biblia, pero hay muchas otras personas teniendo el\u00a0mismo t\u00edtulo. Se acuerda que ninguna de esas personas tiene un car\u00e1cter divino aunque se llaman hijos de Dios seg\u00fan la Biblia, este es el mismo con Jes\u00fas.<\/p>\n<p><a href=\"https:\/\/jesus-is-muslim.net\/wp-content\/uploads\/2017\/03\/Jes\u00fas-es-el-hijo-de-Dios-.png\"><img loading=\"lazy\" decoding=\"async\" class=\"alignnone size-full wp-image-1779\" src=\"https:\/\/jesus-is-muslim.net\/wp-content\/uploads\/2017\/03\/Jes\u00fas-es-el-hijo-de-Dios-.png\" alt=\"\" width=\"1040\" height=\"570\" srcset=\"https:\/\/jesus-is-muslim.net\/wp-content\/uploads\/2017\/03\/Jes\u00fas-es-el-hijo-de-Dios-.png 1040w, https:\/\/jesus-is-muslim.net\/wp-content\/uploads\/2017\/03\/Jes\u00fas-es-el-hijo-de-Dios--300x164.png 300w, https:\/\/jesus-is-muslim.net\/wp-content\/uploads\/2017\/03\/Jes\u00fas-es-el-hijo-de-Dios--768x421.png 768w, https:\/\/jesus-is-muslim.net\/wp-content\/uploads\/2017\/03\/Jes\u00fas-es-el-hijo-de-Dios--1024x561.png 1024w\" sizes=\"auto, (max-width: 1040px) 100vw, 1040px\" \/><\/a><\/p>\n<h3>\u00bfC\u00f3mo comprende Jes\u00fas el sentido de la Palabra \u00abhijo de Dios\u00bb?<\/h3>\n<p>Jes\u00fas \u00e9l mismo comprendi\u00f3 que la palabra \u00abhijo de Dios\u00bb tiene un sentido figurativo. Vemos eso en Juan 10:33-36 cuando Jes\u00fas contest\u00f3 a los Jud\u00edos que le acusaron de la blasfemia:<\/p>\n<div class=\"version-RVR1960 result-text-style-normal text-html \">\n<blockquote><p><span id=\"es-RVR1960-26516\">Juan 10:33\u00a0Le respondieron los jud\u00edos, diciendo: Por buena obra no te apedreamos, sino por la blasfemia; porque t\u00fa, siendo hombre, te haces Dios.\u00a0<\/span><\/p>\n<p><span id=\"es-RVR1960-26517\">34\u00a0<\/span><span id=\"es-RVR1960-26517\">J<\/span><span id=\"es-RVR1960-26517\" class=\"text John-10-34\">es\u00fas les respondi\u00f3: \u00bfNo est\u00e1 escrito en vuestra ley: Yo dije, dioses sois?<\/span><span id=\"es-RVR1960-26518\" class=\"text John-10-35\"><sup class=\"versenum\">35\u00a0<\/sup>Si llam\u00f3 dioses a aquellos a quienes vino la palabra de Dios (y la Escritura no puede ser quebrantada),\u00a0<\/span><span id=\"es-RVR1960-26518\"><\/span><span id=\"es-RVR1960-26518\" class=\"text John-10-35\">\u00bfal que el Padre santific\u00f3 y envi\u00f3 al mundo, vosotros dec\u00eds: T\u00fa blasfemas, porque dije: Hijo de Dios soy?<\/span><\/p><\/blockquote>\n<\/div>\n<p>Jes\u00fas ha citado Salmos 82:6 y dijo que siendo llamado el hijo de Dios esto es como esos jueces en Salmos 82:6 llamados hijos de Dios y es\u00a0por eso\u00a0porque no es una blasfemia de llamarlo hijo de Dios. Los jueces no son dioses o hijos literales de Dios, \u00bfverdad? Es lo\u00a0mismo con Jes\u00fas y eso es lo que Jes\u00fas \u00e9l mismo comprende.<\/p>\n<p>Adem\u00e1s, Jes\u00fas confirma esto sentido cuando dice a los\u00a0fariseos:<\/p>\n<blockquote><p>38\u00a0Yo hablo lo que he visto cerca del Padre; y vosotros hac\u00e9is lo que hab\u00e9is o\u00eddo cerca de vuestro padre.<\/p><\/blockquote>\n<p>Jes\u00fas compara su Padre con el padre de los fariseos; el diablo. Por supuesto nadie dice que el diablo los ha engendrado, pero los llama como los hijos del diablo ya que los fariseos siguen el diablo. Entonces s\u00f3lo Jes\u00fas quiere decir que su Padre es Dios porque sigue a Dios\u00a0como los fariseos siguen al diablo.<\/p>\n<h3>Juan 3:16<\/h3>\n<p>Algunos pueden citar Juan 3:16 que dice que Jes\u00fas es el hijo \u00fanico de Dios que significa que la palabra \u00abhijo de Dios tiene un sentido diferente acerca de Jes\u00fas, pero Juan 3:16 no son las palabras de Jes\u00fas, sino son las del escrito del evangelio de Juan y por eso encontramos en muchas traducciones como DHH, NVI, NBD, NTV, RVR 1995 un soporte antes del verso 3:16 como mostrado <a href=\"https:\/\/www.biblegateway.com\/verse\/es\/Juan%203:16\">en este enlace<\/a>, y NVI pone una nota en Juan 3:21 diciendo \u00ab<a title=\"Go to Juan 3:21\" href=\"https:\/\/www.biblegateway.com\/passage\/?search=Juan+3%3A16-22&amp;version=NVI#es-NVI-26104\">3:21<\/a> <span class=\"footnote-text\">Algunos int\u00e9rpretes consideran que el discurso de Jes\u00fas termina en el v. 15.).<\/span><\/p>\n<p>Si Jes\u00fas \u00e9l mismo no comprende que el sentido de esa palabra es literal como mostrado arriba, \u00bfpor qu\u00e9 aceptar otros sentidos que son contra la comprensi\u00f3n de Jes\u00fas? \u00bfEsas personas conocen Jes\u00fas m\u00e1s que Jes\u00fas el mismo?<\/p>\n<p>Decir que Jes\u00fas es el hijo de Dios es un tipo de polite\u00edsmo y es contra las ense\u00f1anzas de todos los profetas. Jes\u00fas dijo en Juan 17:3 que el Padre es el\u00a0\u00fanico Dios verdadero. \u00bfC\u00f3mo decir que Dios tiene un hijo? Esto significa que Dios tiene una familia, lo que es un polite\u00edsmo claro como \u00e9l\u00a0de los paganos. Hay un solo Dios no una familia de dioses y esto fue el mensaje de todos los profetas. \u00bfPor qu\u00e9 alejarse de esta verdad absoluta para seguir una creencia pagana?<\/p>\n","protected":false},"excerpt":{"rendered":"<p>Un tema muy famoso que un punto de disputa entre los Musulmanes y los Cristianos es Jes\u00fas siendo el hijo de Dios o no. Despu\u00e9s de mostrar que Jes\u00fas no es Dios y discutir los versos utilizados por los Cristianos para probar que Jes\u00fas es Dios, vamos en este art\u00edculo a investigar el sentido de [&hellip;]<\/p>\n","protected":false},"author":1,"featured_media":1779,"parent":1740,"menu_order":0,"comment_status":"closed","ping_status":"closed","template":"","meta":{"om_disable_all_campaigns":false,"_monsterinsights_skip_tracking":false,"_monsterinsights_sitenote_active":false,"_monsterinsights_sitenote_note":"","_monsterinsights_sitenote_category":0,"_uf_show_specific_survey":0,"_uf_disable_surveys":false,"footnotes":""},"categories":[44],"tags":[],"class_list":["post-1764","page","type-page","status-publish","has-post-thumbnail","hentry","category-jesus-es"],"aioseo_notices":[],"_links":{"self":[{"href":"https:\/\/jesus-is-muslim.net\/es\/wp-json\/wp\/v2\/pages\/1764","targetHints":{"allow":["GET"]}}],"collection":[{"href":"https:\/\/jesus-is-muslim.net\/es\/wp-json\/wp\/v2\/pages"}],"about":[{"href":"https:\/\/jesus-is-muslim.net\/es\/wp-json\/wp\/v2\/types\/page"}],"author":[{"embeddable":true,"href":"https:\/\/jesus-is-muslim.net\/es\/wp-json\/wp\/v2\/users\/1"}],"replies":[{"embeddable":true,"href":"https:\/\/jesus-is-muslim.net\/es\/wp-json\/wp\/v2\/comments?post=1764"}],"version-history":[{"count":0,"href":"https:\/\/jesus-is-muslim.net\/es\/wp-json\/wp\/v2\/pages\/1764\/revisions"}],"up":[{"embeddable":true,"href":"https:\/\/jesus-is-muslim.net\/es\/wp-json\/wp\/v2\/pages\/1740"}],"wp:featuredmedia":[{"embeddable":true,"href":"https:\/\/jesus-is-muslim.net\/es\/wp-json\/wp\/v2\/media\/1779"}],"wp:attachment":[{"href":"https:\/\/jesus-is-muslim.net\/es\/wp-json\/wp\/v2\/media?parent=1764"}],"wp:term":[{"taxonomy":"category","embeddable":true,"href":"https:\/\/jesus-is-muslim.net\/es\/wp-json\/wp\/v2\/categories?post=1764"},{"taxonomy":"post_tag","embeddable":true,"href":"https:\/\/jesus-is-muslim.net\/es\/wp-json\/wp\/v2\/tags?post=1764"}],"curies":[{"name":"wp","href":"https:\/\/api.w.org\/{rel}","templated":true}]}}