{"id":1774,"date":"2017-01-08T20:39:34","date_gmt":"2017-01-08T18:39:34","guid":{"rendered":"https:\/\/jesus-is-muslim.net\/?page_id=1774\/"},"modified":"2018-04-17T10:11:16","modified_gmt":"2018-04-17T08:11:16","slug":"jesus-fue-realmente-crucificado","status":"publish","type":"page","link":"https:\/\/jesus-is-muslim.net\/es\/jesus-es-musulman\/jesus\/jesus-fue-realmente-crucificado\/","title":{"rendered":"\u00bfJes\u00fas fue realmente crucificado?"},"content":{"rendered":"<p>La crucifixi\u00f3n estaba uno de los debates muy antiguos entre los Musulmanes y los Cristianos. Los Cristianos creen que Jes\u00fas fue crucificado, mientras que los Musulmanes creen que no hab\u00eda crucificado. El Cor\u00e1n dice:<\/p>\n<blockquote><p>157. y por haber dicho: \u00abHemos dado muerte al Ungido, Jes\u00fas, hijo de Mar\u00eda, el enviado de Al\u00e1\u00bb, siendo as\u00ed que no le mataron ni le crucificaron, sino que les pareci\u00f3 as\u00ed. Los que discrepan acerca de \u00e9l, dudan. No tienen conocimiento de \u00e9l, no siguen m\u00e1s que conjeturas. Pero, ciertamente no le mataron, (El Sagrado Cor\u00e1n 4:157)<\/p><\/blockquote>\n<p><a href=\"https:\/\/jesus-is-muslim.net\/wp-content\/uploads\/2013\/05\/Was-Jesus-really-crucified-.png\"><img loading=\"lazy\" decoding=\"async\" class=\"alignnone size-full wp-image-1431\" src=\"https:\/\/jesus-is-muslim.net\/wp-content\/uploads\/2013\/05\/Was-Jesus-really-crucified-.png\" alt=\"Jesus fue realmente crucificado?\" width=\"1040\" height=\"570\" srcset=\"https:\/\/jesus-is-muslim.net\/wp-content\/uploads\/2013\/05\/Was-Jesus-really-crucified-.png 1040w, https:\/\/jesus-is-muslim.net\/wp-content\/uploads\/2013\/05\/Was-Jesus-really-crucified--300x164.png 300w, https:\/\/jesus-is-muslim.net\/wp-content\/uploads\/2013\/05\/Was-Jesus-really-crucified--768x421.png 768w, https:\/\/jesus-is-muslim.net\/wp-content\/uploads\/2013\/05\/Was-Jesus-really-crucified--1024x561.png 1024w\" sizes=\"auto, (max-width: 1040px) 100vw, 1040px\" \/><\/a><\/p>\n<h3>\u00bfHab\u00eda una evidencia que Jes\u00fas fue crucificado?<\/h3>\n<p>En primer lugar, los Musulmanes no necesitan dar una evidencia hist\u00f3rica que Jes\u00fas no fue crucificado ya que el verso dice que les pareci\u00f3 as\u00ed, esto quiere decir que hab\u00eda una crucifixi\u00f3n de un hombre que se pareci\u00f3 a Jes\u00fas durante la crucifixi\u00f3n. Adem\u00e1s, si un Cristiano quiere una prueba hist\u00f3rica, tiene que traer una prueba que esos eventos ocurrieron durante la crucifixi\u00f3n:<\/p>\n<blockquote><p><span id=\"es-RVR1960-24182\">Mateo 27:51\u00a0Y he aqu\u00ed, el velo del templo se rasg\u00f3 en dos, de arriba abajo; y la tierra tembl\u00f3, y las rocas se partieron;\u00a0<\/span><span id=\"es-RVR1960-24183\">52\u00a0y se abrieron los sepulcros, y muchos cuerpos de santos que hab\u00edan dormido, se levantaron;<\/span><\/p><\/blockquote>\n<p>Estos eventos son demasiado grandes tal que no pueden ser olvidos por los historiadores, especialmente cuando\u00a0acompa\u00f1an a la crucifixi\u00f3n la misma y ni siquiera los menciona\u00a0el evangelio\u00a0de Juan. La sola referencia dada por algunos Cristianos es lo que Talo el historiador Romano menciona seg\u00fan Sexto Julio Africano que se pas\u00f3 un eclipse solar solamente pero no tenemos en mano las obras de Talo y el contexto de esto eclipse y solo Julio Africano lo que es Cristiano da esta cuenta. Adem\u00e1s nadie ha mencionado los otros eventos ni siquiera el evangelio de Marco y Juan.<\/p>\n<h3>Sectas y Escritos Antiguos del Cristianismo diciendo que Jes\u00fas no fue crucificado<\/h3>\n<p>No todos los Cristianos han cre\u00eddo que Jes\u00fas fue crucificado. Encontramos que algunas sectas creen que no fue crucificado, pero eso no significa que los Musulmanes aceptan todo lo que dicen estas sectas tanto como las sectas Cristianas presentes, cada secta tiene verdades y errores.<\/p>\n<p>Unas de estas sectas son los <a href=\"https:\/\/en.wikipedia.org\/wiki\/Basilideans\">Basilideanos<\/a>\u00a0que creen que Jes\u00fas no fue crucificado, sino fue\u00a0Sim\u00f3n de Cirene que fue crucificado en lugar de Jes\u00fas. \u00a0Tambi\u00e9n\u00a0hay <a href=\"https:\/\/es.wikipedia.org\/wiki\/Evangelio_de_Judas\">el\u00a0evangelio de Judas<\/a>\u00a0que fue compuesto durante el siglo II alrededor de los a\u00f1os 130-150 que dice:<\/p>\n<blockquote><p>\u201c<i>T\u00fa los superar\u00e1s a todos ellos. Porque t\u00fa sacrificar\u00e1s el hombre que me reviste\u00bb<\/i><\/p><\/blockquote>\n<h4>Contestando la evidencia utilizada por los Cristianos para probar que Jes\u00fas fue crucificado<\/h4>\n<p>Examinando la evidencia adoptada por los Cristianos, encontramos que hablan sobre lo que dicen la Biblia, los Jud\u00edos y los romanos. En cuanto a la Biblia, la historia de la crucifixi\u00f3n est\u00e1 llena de contradicciones como la manera de la cual Judas utiliz\u00f3 para entregar Jes\u00fas, \u00bfqui\u00e9n fue a la tumba? o la hora donde se pasa la crucifixi\u00f3n. Este art\u00edculo habla de <a href=\"https:\/\/jesus-is-muslim.net\/es\/jesus-es-musulman\/la-biblia\/las-dificultades-de-la-biblia\/la-historia-de-la-crucifixion\/\">las contradicciones en la historia de la crucifixi\u00f3n<\/a> en m\u00e1s detalle. Si los testimonios tienen todas estas contradicciones, \u00bfc\u00f3mo estaremos seguros que Jes\u00fas fue realmente crucificado? Los manuscritos m\u00e1s antiguos de la Biblia hablando de la crucifixi\u00f3n de Jes\u00fas son demasiado tarde ya que datan al cuarto siglo (el evangelio de Judas tiene manuscritos m\u00e1s antiguos), as\u00ed que\u00a0no es una referencia aceptada.<\/p>\n<p>En cuanto a los Jud\u00edos, el Cor\u00e1n ya dice que digan que mataron a Jes\u00fas, pero no saben que este hombre crucificado no es Jes\u00fas. Los testimonios Romanos son tambi\u00e9n muy tarde como T\u00e1cito que naci\u00f3 en 56 DC y\u00a0Luciano de Sam\u00f3sata que naci\u00f3 en 125 DC, ambos no vivieron en el tiempo de la crucifixi\u00f3n, sino contaron lo que entendieron seg\u00fan algunas personas. Adem\u00e1s, no contaron lo que Dice Mateo 27:51-53. Esto prueba lo que el Cor\u00e1n dice sobre la crucifixi\u00f3n de Jes\u00fas:<\/p>\n<blockquote><p>\u00abLos que discrepan acerca de \u00e9l, dudan. No tienen conocimiento de \u00e9l, no siguen m\u00e1s que conjeturas. Pero, ciertamente no le mataron,\u00bb (El Sagrado Cor\u00e1n 4:157)<\/p><\/blockquote>\n","protected":false},"excerpt":{"rendered":"<p>La crucifixi\u00f3n estaba uno de los debates muy antiguos entre los Musulmanes y los Cristianos. Los Cristianos creen que Jes\u00fas fue crucificado, mientras que los Musulmanes creen que no hab\u00eda crucificado. El Cor\u00e1n dice: 157. y por haber dicho: \u00abHemos dado muerte al Ungido, Jes\u00fas, hijo de Mar\u00eda, el enviado de Al\u00e1\u00bb, siendo as\u00ed que [&hellip;]<\/p>\n","protected":false},"author":1,"featured_media":1431,"parent":1740,"menu_order":0,"comment_status":"closed","ping_status":"closed","template":"","meta":{"om_disable_all_campaigns":false,"_monsterinsights_skip_tracking":false,"_monsterinsights_sitenote_active":false,"_monsterinsights_sitenote_note":"","_monsterinsights_sitenote_category":0,"_uf_show_specific_survey":0,"_uf_disable_surveys":false,"footnotes":""},"categories":[44],"tags":[],"class_list":["post-1774","page","type-page","status-publish","has-post-thumbnail","hentry","category-jesus-es"],"aioseo_notices":[],"_links":{"self":[{"href":"https:\/\/jesus-is-muslim.net\/es\/wp-json\/wp\/v2\/pages\/1774","targetHints":{"allow":["GET"]}}],"collection":[{"href":"https:\/\/jesus-is-muslim.net\/es\/wp-json\/wp\/v2\/pages"}],"about":[{"href":"https:\/\/jesus-is-muslim.net\/es\/wp-json\/wp\/v2\/types\/page"}],"author":[{"embeddable":true,"href":"https:\/\/jesus-is-muslim.net\/es\/wp-json\/wp\/v2\/users\/1"}],"replies":[{"embeddable":true,"href":"https:\/\/jesus-is-muslim.net\/es\/wp-json\/wp\/v2\/comments?post=1774"}],"version-history":[{"count":0,"href":"https:\/\/jesus-is-muslim.net\/es\/wp-json\/wp\/v2\/pages\/1774\/revisions"}],"up":[{"embeddable":true,"href":"https:\/\/jesus-is-muslim.net\/es\/wp-json\/wp\/v2\/pages\/1740"}],"wp:featuredmedia":[{"embeddable":true,"href":"https:\/\/jesus-is-muslim.net\/es\/wp-json\/wp\/v2\/media\/1431"}],"wp:attachment":[{"href":"https:\/\/jesus-is-muslim.net\/es\/wp-json\/wp\/v2\/media?parent=1774"}],"wp:term":[{"taxonomy":"category","embeddable":true,"href":"https:\/\/jesus-is-muslim.net\/es\/wp-json\/wp\/v2\/categories?post=1774"},{"taxonomy":"post_tag","embeddable":true,"href":"https:\/\/jesus-is-muslim.net\/es\/wp-json\/wp\/v2\/tags?post=1774"}],"curies":[{"name":"wp","href":"https:\/\/api.w.org\/{rel}","templated":true}]}}