{"id":1789,"date":"2017-03-17T22:15:27","date_gmt":"2017-03-17T20:15:27","guid":{"rendered":"https:\/\/jesus-is-muslim.net\/?page_id=1789\/"},"modified":"2018-04-17T10:03:49","modified_gmt":"2018-04-17T08:03:49","slug":"quien-escribio-el-coran-1","status":"publish","type":"page","link":"https:\/\/jesus-is-muslim.net\/es\/jesus-es-musulman\/el-coran\/quien-escribio-el-coran-1\/","title":{"rendered":"\u00bfQui\u00e9n escribi\u00f3 el Cor\u00e1n? (Parte 1)"},"content":{"rendered":"<p>Una de las preguntas m\u00e1s comunes entre los no Musulmanes es: \u00ab\u00bfQui\u00e9n escribi\u00f3 el Cor\u00e1n? \u00bfEl Cor\u00e1n es la palabra de Dios o fue compuesta por el Profeta Muhammad \ufdfa ?\u00bb Esto estaba un punto de argumento entre los Musulmanes y los no Musulmanes. En ese art\u00edculo la repuesta de esa pregunta ser\u00eda destacada con respecto a la vida del Profeta Muhammad \ufdfa.<\/p>\n<h3>\u00bfEl Profeta Muhammad\u00a0\ufdfa compuso el Cor\u00e1n para ser un jefe?<\/h3>\n<p>\u00a1Pensemos de eso! Si uno quiere ser un jefe grande y adquirir la celebridad, el dinero y la autoridad, y recibi\u00f3 muchas propuestas para obtener dinero y para ser el jefe de su pueblo, esta persona decidi\u00f3 de escribir un libro y de decir que este libro viene de Dios, \u00bfQu\u00e9 ser\u00e1 el contenido de un tal libro? \u00bfIntentar\u00eda a glorificar su pueblo o a criticar sus creencias y ser\u00eda vulnerable a la tortura y a las insultas? Va probablemente a elegir la primera ruta que es una ruta r\u00e1pida y puede ganar el apoyo de su pueblo. Sin embargo, no era el mensaje del Cor\u00e1n que tiene el mismo mensaje de todos los profetas; rendir culto solamente a Dios, creer en todos los profetas y dejar el culto de todos los \u00eddolos que pueden hacer nada.<\/p>\n<p>Este mensaje traer\u00e1 la colisi\u00f3n con el pueblo polite\u00edsta ya que el Cor\u00e1n critica sus creencias y la creencia de sus antepasados en Arabia por cientos de a\u00f1os. Adem\u00e1s, el pueblo \u00e1rabe empez\u00f3 a torturarlo y a torturar los Musulmanes que vivieron en persecuci\u00f3n por 13 a\u00f1os y en guerras por 10 a\u00f1os. Todo eso ocurri\u00f3 aunque podr\u00eda haber aceptado las ofertas de los \u00c1rabes obteniendo dinero y siendo un rey a condici\u00f3n que pare de predicar el Islam a la gente como muestra ese art\u00edculo hablando <a href=\"https:\/\/jesus-is-muslim.net\/es\/jesus-es-musulman\/el-profeta-muhammad\/el-profeta-muhammad-un-profeta-enviado-de-dios\/\">del Profeta Muhammad \ufdfa<\/a>.<\/p>\n<p><a href=\"https:\/\/jesus-is-muslim.net\/wp-content\/uploads\/2017\/03\/Who-wrote-the-Quran-Part-2.png\"><img loading=\"lazy\" decoding=\"async\" class=\"alignnone size-full wp-image-1790\" src=\"https:\/\/jesus-is-muslim.net\/wp-content\/uploads\/2017\/03\/Who-wrote-the-Quran-Part-2.png\" alt=\"Qui\u00e9n escribi\u00f3 el Cor\u00e1n? \" width=\"1040\" height=\"570\" srcset=\"https:\/\/jesus-is-muslim.net\/wp-content\/uploads\/2017\/03\/Who-wrote-the-Quran-Part-2.png 1040w, https:\/\/jesus-is-muslim.net\/wp-content\/uploads\/2017\/03\/Who-wrote-the-Quran-Part-2-300x164.png 300w, https:\/\/jesus-is-muslim.net\/wp-content\/uploads\/2017\/03\/Who-wrote-the-Quran-Part-2-768x421.png 768w, https:\/\/jesus-is-muslim.net\/wp-content\/uploads\/2017\/03\/Who-wrote-the-Quran-Part-2-1024x561.png 1024w\" sizes=\"auto, (max-width: 1040px) 100vw, 1040px\" \/><\/a><\/p>\n<h3>El Cor\u00e1n culpa el Profeta Muhammad\u00a0\ufdfa en algunas situaciones<\/h3>\n<p>Si el Profeta Muhammad\u00a0\ufdfa escribi\u00f3 el Cor\u00e1n, \u00bfva a culpar \u00e9l mismo? Un d\u00eda, \u00e9l estaba dando daawah (invitaci\u00f3n al Islam) para los de alto rango de los \u00e1rabes. Estas personas eran la elite de clase alta en la Meca, y en realidad est\u00e1n hablando con \u00e9l \ufdfa.\u00a0Por otra parte,\u00a0un hombre ciego, y uno de los primeros musulmanes\u00a0viene al Mensajero de Allah y dijo:<\/p>\n<blockquote><p>(Oh Muhammad! Ens\u00e9\u00f1ame de lo que Allah te ha ense\u00f1ado).<\/p><\/blockquote>\n<p>El Mensajero de Allah est\u00e1 en medio de\u00a0la invitaci\u00f3n al Islam, por lo que el Ibn-al-Maktum \u2013 que ya es un creyente, puede esperar y pedirle de nuevo m\u00e1s tarde. Dado que esta oportunidad de oro de que la \u00e9lite escuche su mensaje no es tan f\u00e1cil de conseguir.<\/p>\n<p>As\u00ed que desde la situaci\u00f3n del Mensajero de Allah \u2013 en realidad no ha hecho nada malo, sin embargo los versos en el Cor\u00e1n fueron revelados diciendo:<\/p>\n<blockquote><p>1. Frunci\u00f3 las cejasy volvi\u00f3 la espalda,\u00a02. porque el ciego vino a \u00e9l\u00a03. \u00bfQui\u00e9n sabe? Quiz\u00e1 quer\u00eda purificarse,\u00a04. o dejarse amonestar y que la amonestaci\u00f3n le aprovechara.\u00a05. A quien es rico.\u00a06. le dispensas una buena acogida\u00a07. y te tiene sin cuidado que no quiera purificarse.\u00a08. En cambio, de quien viene a ti, corriendo,\u00a09. con miedo de Al\u00e1,\u00a010. te despreocupas.\u00a011. \u00a1No! Es un Recuerdo, (El Sagrado Cor\u00e1n 80:1-11)<\/p><\/blockquote>\n<p>\u00bfSer\u00eda razonable creer que si el Profeta Muhammad \ufdfa\u00a0escribi\u00f3 el Cor\u00e1n para lograr poder para s\u00ed mismo, se critique algunas de sus propias actitudes en el texto?<\/p>\n<p>Una otra ocasi\u00f3n cuando el Profeta Muhammad\u00a0\ufdfa pidi\u00f3 a Dios el perd\u00f3n de su t\u00edo que lo ayud\u00f3 y lo protegi\u00f3 contra los paganos pero muri\u00f3 sin convertirse al Islam. El Profeta Muhammad \ufdfa era muy triste ya que no se convirti\u00f3 al Islam y\u00a0dijo:<\/p>\n<blockquote><p>\u00abpedir\u00e9 perd\u00f3n por ti hasta que no se me impida hacerlo\u00bb<\/p><\/blockquote>\n<p>Esto era como lo que habla el Cor\u00e1n de Abraham pidiendo perd\u00f3n por su padre, pero el Cor\u00e1n fue claro que Al\u00e1 no perdona que se Le asocie (El Sagrado Cor\u00e1n 4:116) y por eso el Cor\u00e1n. A ra\u00edz de eso Al\u00e1 revel\u00f3:<\/p>\n<blockquote><p>113. El Profeta y los creyentes no deben pedir el perd\u00f3n de los asociadores, aunque sean parientes suyos, despu\u00e9s de haber visto claramente que morar\u00e1n en el fuego de la gehena.\u00a0114. El perd\u00f3n que Abraham pidi\u00f3 para su padre no fue sino en virtud de una promesa que le hab\u00eda hecho; pero, cuando vio claramente que era enemigo de Al\u00e1, se desentendi\u00f3 de \u00e9l. Abraham era, ciertamente, tierno, benigno.<\/p><\/blockquote>\n<p>El Cor\u00e1n no fue revelado para el favor del Profeta Muhammad\u00a0\ufdfa, sino las leyes de Dios son aplicable a todos.<\/p>\n<h3>\u00bfEl Profeta Muhammad\u00a0\ufdfa utiliza el Cor\u00e1n para su favor?<\/h3>\n<p>Si alguien viene y acusa la esposa de un rey grande y algunos empiezan a creer esto hombre y hablar de este sujeto. El rey tiene los medios de comunicaci\u00f3n para parar eso rumor y decir que es\u00a0un hombre mentiroso, y sabe que la gente van a creerlo ya que conf\u00edan en \u00e9l. Si un rey tiene un tal tipo de medios, \u00bfenseguida va a usarlos para terminar eso problema o va a vivir en agon\u00eda grande durante un mes?<\/p>\n<p>Eso es lo que se pas\u00f3 con el Profeta Muhammad \ufdfa cuando Abdullah ibn Ubayy ibn Salul el jefe de los hip\u00f3critas (aquellos que dicen que son Musulmanes pero no creen realmente en el Islam y entran en Islam para destruirlo desde el interior) acusa Aisha la esposa del Profeta Muhammad \ufdfa. Si el Profeta Muhammad \ufdfa compuso el Cor\u00e1n, va a usarlo tan temprano como ocurre ese rumor pero la revelaci\u00f3n del Cor\u00e1n ha detenido por un mes y el Profeta Muhammad \ufdfa ha sufrido en este mes hasta que vino la revelaci\u00f3n mostrando que Aisha es inocente.<\/p>\n<p>Si el Profeta Muhammad\u00a0\ufdfa ha compuesto el Cor\u00e1n, no necesitar\u00eda esperar un mes subiendo mientras que sabe que todos los Musulmanes van a creer el Cor\u00e1n, pero el Profeta Muhammad\u00a0\ufdfa no juzga con lo que no sabe por el mismo.<\/p>\n<p>No es el final de la historia, hab\u00eda entre las gente que hablaban de Aisha un hombre llamado Mustah que recib\u00eda ayuda de Abu Bakr el padre de Aisha. Abu Bakr jur\u00f3 que no va a ayudarlo nunca m\u00e1s, pero los versos del Cor\u00e1n fueron revelados orden\u00e1ndolo que no haga eso y dando un gran ejemple de perd\u00f3n:<\/p>\n<blockquote><p>22. Quienes de vosotros gocen del favor y de una vida acomodada, que no juren que no dar\u00e1n m\u00e1s a los parientes, a los pobres y a los que han emigrado por Al\u00e1. Que perdonen y se muestren indulgentes. \u00bfEs que no quer\u00e9is que Al\u00e1 os perdone? Al\u00e1 es indulgente, misericordioso.<\/p><\/blockquote>\n<p>Abu Bakr dice:<\/p>\n<blockquote><p>\u00abS\u00ed, quiero que Al\u00e1 me perdone.\u00bb<\/p><\/blockquote>\n<h3>Conclusi\u00f3n<\/h3>\n<p>Si el Profeta Muhammad\u00a0\ufdfa escribi\u00f3 el Cor\u00e1n por iniciativa propia, lo habr\u00eda utilizado por su beneficio propio. El Cor\u00e1n no fue revelado por eso, sino es la palabra de Dios para guiar a todos.<\/p>\n","protected":false},"excerpt":{"rendered":"<p>Una de las preguntas m\u00e1s comunes entre los no Musulmanes es: \u00ab\u00bfQui\u00e9n escribi\u00f3 el Cor\u00e1n? \u00bfEl Cor\u00e1n es la palabra de Dios o fue compuesta por el Profeta Muhammad \ufdfa ?\u00bb Esto estaba un punto de argumento entre los Musulmanes y los no Musulmanes. En ese art\u00edculo la repuesta de esa pregunta ser\u00eda destacada con [&hellip;]<\/p>\n","protected":false},"author":1,"featured_media":1790,"parent":1816,"menu_order":0,"comment_status":"closed","ping_status":"closed","template":"","meta":{"om_disable_all_campaigns":false,"_monsterinsights_skip_tracking":false,"_monsterinsights_sitenote_active":false,"_monsterinsights_sitenote_note":"","_monsterinsights_sitenote_category":0,"_uf_show_specific_survey":0,"_uf_disable_surveys":false,"footnotes":""},"categories":[52],"tags":[],"class_list":["post-1789","page","type-page","status-publish","has-post-thumbnail","hentry","category-el-coran"],"aioseo_notices":[],"_links":{"self":[{"href":"https:\/\/jesus-is-muslim.net\/es\/wp-json\/wp\/v2\/pages\/1789","targetHints":{"allow":["GET"]}}],"collection":[{"href":"https:\/\/jesus-is-muslim.net\/es\/wp-json\/wp\/v2\/pages"}],"about":[{"href":"https:\/\/jesus-is-muslim.net\/es\/wp-json\/wp\/v2\/types\/page"}],"author":[{"embeddable":true,"href":"https:\/\/jesus-is-muslim.net\/es\/wp-json\/wp\/v2\/users\/1"}],"replies":[{"embeddable":true,"href":"https:\/\/jesus-is-muslim.net\/es\/wp-json\/wp\/v2\/comments?post=1789"}],"version-history":[{"count":0,"href":"https:\/\/jesus-is-muslim.net\/es\/wp-json\/wp\/v2\/pages\/1789\/revisions"}],"up":[{"embeddable":true,"href":"https:\/\/jesus-is-muslim.net\/es\/wp-json\/wp\/v2\/pages\/1816"}],"wp:featuredmedia":[{"embeddable":true,"href":"https:\/\/jesus-is-muslim.net\/es\/wp-json\/wp\/v2\/media\/1790"}],"wp:attachment":[{"href":"https:\/\/jesus-is-muslim.net\/es\/wp-json\/wp\/v2\/media?parent=1789"}],"wp:term":[{"taxonomy":"category","embeddable":true,"href":"https:\/\/jesus-is-muslim.net\/es\/wp-json\/wp\/v2\/categories?post=1789"},{"taxonomy":"post_tag","embeddable":true,"href":"https:\/\/jesus-is-muslim.net\/es\/wp-json\/wp\/v2\/tags?post=1789"}],"curies":[{"name":"wp","href":"https:\/\/api.w.org\/{rel}","templated":true}]}}