{"id":1794,"date":"2017-03-16T21:17:54","date_gmt":"2017-03-16T19:17:54","guid":{"rendered":"https:\/\/jesus-is-muslim.net\/?page_id=1794\/"},"modified":"2018-04-17T10:05:01","modified_gmt":"2018-04-17T08:05:01","slug":"quien-escribio-el-coran-2","status":"publish","type":"page","link":"https:\/\/jesus-is-muslim.net\/es\/jesus-es-musulman\/el-coran\/quien-escribio-el-coran-2\/","title":{"rendered":"\u00bfQuien escribi\u00f3 el Cor\u00e1n? (Parte 2)"},"content":{"rendered":"<p>Destacamos en el art\u00edculo precedente que <a href=\"https:\/\/jesus-is-muslim.net\/es\/quien-escribio-el-coran-1\/\">el Profeta Muhammad\u00a0\ufdfa no escribi\u00f3 el Cor\u00e1n ya que hab\u00edan versos revelados en el Cor\u00e1n que son contra su favor<\/a>. En este art\u00edculo, demostraremos que el Profeta Muhammad \ufdfa no podr\u00eda escribir el Cor\u00e1n ya que fue imposible de traer el contenido del Cor\u00e1n\u00a0por \u00e9l mismo.<\/p>\n<h3>El Profeta Muhammad\u00a0\ufdfa no pod\u00eda leer o escribir<\/h3>\n<p>El Profeta Muhammad\u00a0\ufdfa fue analfabeto y no pod\u00eda leer o escribir. El Cor\u00e1n dice:<\/p>\n<blockquote><p>48. T\u00fa no le\u00edas, antes de recibirla, ninguna <i>Escritura<\/i>, ni copiabas ninguna con tu diestra. Los falsarios, si no, habr\u00edan sospechado. (El Sagrado Cor\u00e1n 29:48)<\/p><\/blockquote>\n<p>El Cor\u00e1n es una obra maestra literaria en lengua \u00e1rabe que era y sigue siendo \u00fanica en su elocuencia.\u00a0 \u201cSu estilo r\u00edtmico, su peculiar expresividad, su profundidad, majestad, y la sinfon\u00eda inimitable, los mismos sonidos son capaces de llevar a los hombres de las l\u00e1grimas al \u00e9xtasis\u201d<span lang=\"FR\">.\u00a0 El Cor\u00e1n agit\u00f3 los mism\u00edsimos cimientos\u00a0 de una sociedad que ten\u00eda el orgullo de sus habilidades en el arte de la oratoria.\u00a0 Se realizaban concursos todos los a\u00f1os en La Meca para qui\u00e9n podr\u00eda recitar el m\u00e1s largo y elocuente poema de memoria.\u00a0 Cuando el Cor\u00e1n fue revelado, tales concursos se suspendieron, ya que frente al Cor\u00e1n no hab\u00eda rivales posibles. (<a href=\"http:\/\/www.islamreligion.com\/es\/articles\/16\/la-autori-del-coran-parte-2-de-3\/\">fuente aqu\u00ed<\/a>) Esto ocurri\u00f3 aunque el Profeta Muhammad\u00a0\ufdfa jam\u00e1s estaba un poeta como el Cor\u00e1n dice:<\/span><\/p>\n<blockquote><p>69. No le hemos ense\u00f1ado la poes\u00eda, que no le est\u00e1 bien. Esto no es m\u00e1s que una amonestaci\u00f3n y un <i>Cor\u00e1n<\/i> claro, (El Sagrado Cor\u00e1n 36:69)<\/p><\/blockquote>\n<p><span lang=\"FR\"><a href=\"https:\/\/jesus-is-muslim.net\/wp-content\/uploads\/2017\/03\/Que-escribio-el-Coran.png\"><img loading=\"lazy\" decoding=\"async\" class=\"alignnone size-full wp-image-1795\" src=\"https:\/\/jesus-is-muslim.net\/wp-content\/uploads\/2017\/03\/Que-escribio-el-Coran.png\" alt=\"\u00bfQuien escribi\u00f3 el Cor\u00e1n?\" width=\"940\" height=\"788\" srcset=\"https:\/\/jesus-is-muslim.net\/wp-content\/uploads\/2017\/03\/Que-escribio-el-Coran.png 940w, https:\/\/jesus-is-muslim.net\/wp-content\/uploads\/2017\/03\/Que-escribio-el-Coran-300x251.png 300w, https:\/\/jesus-is-muslim.net\/wp-content\/uploads\/2017\/03\/Que-escribio-el-Coran-768x644.png 768w\" sizes=\"auto, (max-width: 940px) 100vw, 940px\" \/><\/a><\/span><\/p>\n<p>El Cor\u00e1n invita a traer un cap\u00edtulo (sura) como un cap\u00edtulo del Cor\u00e1n y nadie puede traer ni siquiera un cap\u00edtulo como el m\u00e1s corto cap\u00edtulo del Cor\u00e1n hasta hoy:<\/p>\n<blockquote><p>23. Si dud\u00e1is de lo que hemos revelado a Nuestro siervo, traed una sura semejante y, si es verdad lo que dec\u00eds, llamad a vuestros testigos en lugar de llamar a Al\u00e1. (El Sagrado Cor\u00e1n 2:23)<\/p><\/blockquote>\n<p>El efecto del Cor\u00e1n no era justo debido a su lengua, pero el efecto m\u00e1s grande es el efecto espiritual. Los \u00c1rabes fueron unas tribus dispersas y sociedades llenas de injusto y de tradiciones malas. Gracias al Cor\u00e1n, los \u00c1rabes hicieron una civilizaci\u00f3n m\u00e1s grande que todas las civilizaciones contempor\u00e1neas cuando siguieron el Cor\u00e1n. Eso es el efecto milagroso del Cor\u00e1n.<\/p>\n<h3>Las Historias de los Pueblos Antiguos<\/h3>\n<p>El Cor\u00e1n habla mucho sobre las historias de los Profetas precedentes con sus pueblos, esto incluye las historias de los profetas mencionados en el Antiguo Testamento como No\u00e9, Abraham, Mois\u00e9s o Jes\u00fas (Que la paz sea con ellos). El Cor\u00e1n da muchos detalles sobre estos profetas, y hab\u00eda algunos detalles que no fueron mencionados en la Biblia como el cad\u00e1ver del fara\u00f3n siendo salvado, Jes\u00fas hablando en la cuna y otros detalles. El Cor\u00e1n tambi\u00e9n habla de otros profetas no Israelitos que no fueron mencionados en la Biblia como Hud, Saleh y Shuaib.<\/p>\n<p>El Profeta Muhammad \ufdfa vivi\u00f3 en un ambiente pagano y no tuvo muchas conversaciones con los Jud\u00edos o con los Cristianos. No pudo conocer a todos esos detalles por \u00e9l mismo. El Cor\u00e1n reconoci\u00f3 las\u00a0ventajas de los profetas antiguos y igualmente critica las creencias falsas fabricadas por los Jud\u00edos y\u00a0los Cristianos.<\/p>\n<p>Hay muchas objeciones que el Profeta Muhammad \ufdfa tom\u00f3 estas historias de Waraqa , el primo de su esposa Khadija pero eso no es correcto ya que el Profeta Muhammad\u00a0\ufdfa no lo conoci\u00f3 excepto cuando la revelaci\u00f3n vino a \u00e9l y Waraqa muri\u00f3 unos meses despu\u00e9s un periodo m\u00e1s peque\u00f1o y no tuvo el tiempo para ense\u00f1ar el Profeta Muhammad\u00a0\ufdfa sobre todas esas historias. Adem\u00e1s, los jud\u00edos hicieron preguntas al Profeta Muhammad\u00a0\ufdfa en algunas ocasiones despu\u00e9s de la muerte de Waraqa y no tuvo la repuestas hasta que vino la revelaci\u00f3n para contestar estas preguntas.<\/p>\n<p>Tambi\u00e9n hay una otra objeci\u00f3n que el Profeta Muhammad \ufdfa se junt\u00f3 con un monje llamado Bahira cuando fue joven, este monje le ense\u00f1\u00f3 todas las historias de los profetas. Sin embargo eso estaba una reuni\u00f3n que se pas\u00f3 cuando ten\u00eda 12 a\u00f1os el profeta Muhammad \ufdfa con una caravana \u00e1rabe en camino a Siria, el Profeta Muhammad \ufdfa no pod\u00eda aprender todas las historias en esa reuni\u00f3n muy corta y no pod\u00eda recordar todas estas historias despu\u00e9s de 28 a\u00f1os cuando ven\u00eda la revelaci\u00f3n al Profeta Muhammad \ufdfa y el Profeta Muhammad \ufdfa estaba muy joven para regresar a esto monje.<\/p>\n<h3>La Fe Clara y Sencilla en Dios<\/h3>\n<p>El Cor\u00e1n ense\u00f1a la creencia simple en Dios, Sus Profetas y Sus libros. El Cor\u00e1n rechaza las intercesiones ya que nadie puede ayudarnos ni da\u00f1arnos salvo Dios. El Cor\u00e1n dice que el Profeta Muhammad\u00a0\ufdfa es solo un profeta de Dios y no tiene ning\u00fan car\u00e1cter divino y si alguno dice eso, no ser\u00e1 un Musulm\u00e1n.<\/p>\n<h3>Las \u00a0Leyes Detalladas acerca Aspectos Distintos de la Vida<\/h3>\n<p>El Cor\u00e1n da las leyes sobre la pol\u00edtica, la econom\u00eda, el matrimonio, el divorcio, el patrimonio y sobre otras cosas. Esas leyes son suficientes para guiarnos en la vida. Todas estas leyes en muchos aspectos no pueden ser inventados por un hombre analfabeto viviendo en el desierto en el s\u00e9ptimo siglo. Eso simplemente muestra que es imposible decir que el Profeta Muhammad\u00a0\ufdfa compuso el Cor\u00e1n porque no puede saber todas estas informaciones.<\/p>\n","protected":false},"excerpt":{"rendered":"<p>Destacamos en el art\u00edculo precedente que el Profeta Muhammad\u00a0\ufdfa no escribi\u00f3 el Cor\u00e1n ya que hab\u00edan versos revelados en el Cor\u00e1n que son contra su favor. En este art\u00edculo, demostraremos que el Profeta Muhammad \ufdfa no podr\u00eda escribir el Cor\u00e1n ya que fue imposible de traer el contenido del Cor\u00e1n\u00a0por \u00e9l mismo. El Profeta Muhammad\u00a0\ufdfa [&hellip;]<\/p>\n","protected":false},"author":1,"featured_media":1795,"parent":1816,"menu_order":0,"comment_status":"closed","ping_status":"closed","template":"","meta":{"om_disable_all_campaigns":false,"_monsterinsights_skip_tracking":false,"_monsterinsights_sitenote_active":false,"_monsterinsights_sitenote_note":"","_monsterinsights_sitenote_category":0,"_uf_show_specific_survey":0,"_uf_disable_surveys":false,"footnotes":""},"categories":[52],"tags":[],"class_list":["post-1794","page","type-page","status-publish","has-post-thumbnail","hentry","category-el-coran"],"aioseo_notices":[],"_links":{"self":[{"href":"https:\/\/jesus-is-muslim.net\/es\/wp-json\/wp\/v2\/pages\/1794","targetHints":{"allow":["GET"]}}],"collection":[{"href":"https:\/\/jesus-is-muslim.net\/es\/wp-json\/wp\/v2\/pages"}],"about":[{"href":"https:\/\/jesus-is-muslim.net\/es\/wp-json\/wp\/v2\/types\/page"}],"author":[{"embeddable":true,"href":"https:\/\/jesus-is-muslim.net\/es\/wp-json\/wp\/v2\/users\/1"}],"replies":[{"embeddable":true,"href":"https:\/\/jesus-is-muslim.net\/es\/wp-json\/wp\/v2\/comments?post=1794"}],"version-history":[{"count":0,"href":"https:\/\/jesus-is-muslim.net\/es\/wp-json\/wp\/v2\/pages\/1794\/revisions"}],"up":[{"embeddable":true,"href":"https:\/\/jesus-is-muslim.net\/es\/wp-json\/wp\/v2\/pages\/1816"}],"wp:featuredmedia":[{"embeddable":true,"href":"https:\/\/jesus-is-muslim.net\/es\/wp-json\/wp\/v2\/media\/1795"}],"wp:attachment":[{"href":"https:\/\/jesus-is-muslim.net\/es\/wp-json\/wp\/v2\/media?parent=1794"}],"wp:term":[{"taxonomy":"category","embeddable":true,"href":"https:\/\/jesus-is-muslim.net\/es\/wp-json\/wp\/v2\/categories?post=1794"},{"taxonomy":"post_tag","embeddable":true,"href":"https:\/\/jesus-is-muslim.net\/es\/wp-json\/wp\/v2\/tags?post=1794"}],"curies":[{"name":"wp","href":"https:\/\/api.w.org\/{rel}","templated":true}]}}