{"id":1801,"date":"2017-03-15T12:20:50","date_gmt":"2017-03-15T10:20:50","guid":{"rendered":"https:\/\/jesus-is-muslim.net\/?page_id=1801\/"},"modified":"2018-04-17T10:05:35","modified_gmt":"2018-04-17T08:05:35","slug":"milagros-cientificos-en-el-coran","status":"publish","type":"page","link":"https:\/\/jesus-is-muslim.net\/es\/jesus-es-musulman\/el-coran\/milagros-cientificos-en-el-coran\/","title":{"rendered":"Los Milagros Cient\u00edficos en el Cor\u00e1n"},"content":{"rendered":"<p>El Cor\u00e1n no es justo un libro milagroso ya que tiene una lengua elocuente, pero los milagros siguen a aparecerse a trav\u00e9s de los a\u00f1os. El Cor\u00e1n da cuenta sobre hechos descubiertos recientemente que no hab\u00edan sido conocidos antes de los dos siglos \u00faltimos aunque hab\u00eda revelado hace 1400 a\u00f1os. Al\u00e1 dice en el Cor\u00e1n:<\/p>\n<blockquote><p>53. Les mostraremos Nuestros signos fuera y dentro de\u00a0s\u00ed mismos hasta que vean claramente que es la Verdad. \u00bfEs que no basta que tu Se\u00f1or sea testigo de todo? (El Sagrado Cor\u00e1n 41:53)<\/p><\/blockquote>\n<p>Este art\u00edculo mostrar\u00e1 algunos milagros cient\u00edficos del Cor\u00e1n.<\/p>\n<h3>La Expansi\u00f3n del Universo<\/h3>\n<p>El Cor\u00e1n nos habla sobre la expansi\u00f3n del Universo:<\/p>\n<blockquote><p><a name=\"47\"><\/a>47. Y el cielo, lo construimos con fuerza. Y, ciertamente, asignamos un vasto espacio.<\/p><\/blockquote>\n<p>Esto hecho fue descubierto en el siglo 20 por Edwin Hubble. Nadie conoci\u00f3 este hecho hace 1400 a\u00f1os. \u00bfC\u00f3mo conoce el Profeta Muhammad \ufdfa ese hecho a menos que fue una revelaci\u00f3n de Dios?<\/p>\n<h3>Las Ra\u00edces de las Monta\u00f1as y su efecto sobre la Estabilidad de la Tierra<\/h3>\n<p>Al\u00e1 dice en el Cor\u00e1n:<\/p>\n<blockquote><p><a name=\"6\"><\/a>6. \u00bfNo hemos hecho de la tierra lecho<a name=\"7\"><\/a>\u00a0 7. y de las monta\u00f1as estacas? (El Sagrado Cor\u00e1n 78:6-7)<\/p>\n<p><a name=\"15\"><\/a>15. Y ha fijado en la tierra las monta\u00f1as para que ella y vosotros no vacil\u00e9is, r\u00edos, caminos -quiz\u00e1s, as\u00ed, se\u00e1is bien dirigidos- (El Sagrado Cor\u00e1n 16:15)<\/p><\/blockquote>\n<p>Esos versos muestran dos hechos cient\u00edficos; lo primero se trata de las monta\u00f1as que tienen ra\u00edces en la corteza terrestre como explicada en esa foto:<\/p>\n<p><a href=\"https:\/\/jesus-is-muslim.net\/wp-content\/uploads\/2017\/03\/fenmeno-de-la-tierra-26-638.jpg\"><img loading=\"lazy\" decoding=\"async\" class=\"alignnone size-full wp-image-1806\" src=\"https:\/\/jesus-is-muslim.net\/wp-content\/uploads\/2017\/03\/fenmeno-de-la-tierra-26-638.jpg\" alt=\"El concepto de la isostasia\" width=\"638\" height=\"479\" srcset=\"https:\/\/jesus-is-muslim.net\/wp-content\/uploads\/2017\/03\/fenmeno-de-la-tierra-26-638.jpg 638w, https:\/\/jesus-is-muslim.net\/wp-content\/uploads\/2017\/03\/fenmeno-de-la-tierra-26-638-300x225.jpg 300w\" sizes=\"auto, (max-width: 638px) 100vw, 638px\" \/><\/a><\/p>\n<p>&nbsp;<\/p>\n<p><a href=\"https:\/\/jesus-is-muslim.net\/wp-content\/uploads\/2017\/03\/isostasia-concepto-con-la-densidad.gif\"><img loading=\"lazy\" decoding=\"async\" class=\"alignnone size-full wp-image-1807\" src=\"https:\/\/jesus-is-muslim.net\/wp-content\/uploads\/2017\/03\/isostasia-concepto-con-la-densidad.gif\" alt=\"isostasia concepto con la densidad\" width=\"388\" height=\"161\" \/><\/a><\/p>\n<p>Adem\u00e1s, el Cor\u00e1n tambi\u00e9n destaca un otro hecho. Se trata del papel que desempe\u00f1an las monta\u00f1as para mantener la estabilidad de la Tierra. Es un concepto\u00a0geol\u00f3gico llamado isostasia. Mirando a las fotos arriba, vemos que las monta\u00f1as tienen una densidad menos que la densidad de las capas de la corteza terrestre. Es por eso cuando vemos las monta\u00f1as, encontramos que\u00a0sus altos alturas se extienden para compensar su baja densidad y por lo tanto mantener la estabilidad de la corteza terrestre. Si las monta\u00f1as no tienen ra\u00edces con baja densidad, encontrar\u00edamos un gran disturbio en la tierra debido a la diferencia de pesos entre las partes de la corteza terrestre. \u00bfC\u00f3mo conoci\u00f3 el Profeta Muhammad\u00a0\ufdfa este hecho hace 1400?<\/p>\n<h3>El Cor\u00e1n y los Estuarios<\/h3>\n<p>Al\u00e1 dice en el Cor\u00e1n:<\/p>\n<blockquote><p>53. \u00c9l es Quien ha hecho que las dos grandes masas de agua fluyan: una, dulce, agradable; otra, salobre, amarga. Ha colocado entre ellas una barrera y l\u00edmite infranqueable. (El Sagrado Cor\u00e1n 25:53)<\/p><\/blockquote>\n<p>La ciencia moderna ha descubierto que en los lugares donde se unen dos mares diferentes, existe una barrera entre los dos. Esa barrera divide a los dos mares para que cada mar tenga su propia temperatura, salinidad y densidad.\u00a0Este es el <a href=\"https:\/\/es.wikipedia.org\/wiki\/Estuario\">estuario<\/a>.\u00a0Esta informaci\u00f3n ha sido descubierta recientemente, utilizando avanzados equipos para medir la temperatura, salinidad, densidad, disolubilidad del ox\u00edgeno, etc. El ojo humano no puede ver la diferencia entre los dos mares que se juntan, m\u00e1s bien los dos mares nos parecen un mar homog\u00e9neo. De igual manera, el ojo humano no puede ver la divisi\u00f3n (o punto intermedio), del agua en los estuarios ni la partici\u00f3n (zona de separaci\u00f3n).\u00a0(ver <a href=\"http:\/\/www.islam-guide.com\/es\/frm-ch1-1-e.htm\">aqu\u00ed<\/a>)<\/p>\n<h3>Otros Milagros Cient\u00edficos<\/h3>\n<p>De hecho, hay muchos otros milagros cient\u00edficos en el Cor\u00e1n acerca de la embriolog\u00eda, el cuerpo del humano, la geograf\u00eda y otras ciencias como explicado en ese <a href=\"http:\/\/www.islamreligion.com\/fr\/category\/34\/les-miracles-scientifiques-du-coran\/\">enlace<\/a>. Ese v\u00eddeo debajo muestra algunos testimonios de\u00a0cient\u00edficos afirmando los milagros en el Cor\u00e1n:<\/p>\n<div style=\"width: 640px;\" class=\"wp-video\"><video class=\"wp-video-shortcode\" id=\"video-1801-1\" width=\"640\" height=\"360\" preload=\"metadata\" controls=\"controls\"><source type=\"video\/mp4\" src=\"https:\/\/jesus-is-muslim.net\/wp-content\/uploads\/2017\/03\/Comentarios-de-los-Cient\u00edficos-sobre-los-Milagros-Cient\u00edficos-en-el-Sagrado-Cor\u00e1n.mp4?_=1\" \/><a href=\"https:\/\/jesus-is-muslim.net\/wp-content\/uploads\/2017\/03\/Comentarios-de-los-Cient\u00edficos-sobre-los-Milagros-Cient\u00edficos-en-el-Sagrado-Cor\u00e1n.mp4\">https:\/\/jesus-is-muslim.net\/wp-content\/uploads\/2017\/03\/Comentarios-de-los-Cient\u00edficos-sobre-los-Milagros-Cient\u00edficos-en-el-Sagrado-Cor\u00e1n.mp4<\/a><\/video><\/div>\n","protected":false},"excerpt":{"rendered":"<p>El Cor\u00e1n no es justo un libro milagroso ya que tiene una lengua elocuente, pero los milagros siguen a aparecerse a trav\u00e9s de los a\u00f1os. El Cor\u00e1n da cuenta sobre hechos descubiertos recientemente que no hab\u00edan sido conocidos antes de los dos siglos \u00faltimos aunque hab\u00eda revelado hace 1400 a\u00f1os. Al\u00e1 dice en el Cor\u00e1n: [&hellip;]<\/p>\n","protected":false},"author":1,"featured_media":1808,"parent":1816,"menu_order":0,"comment_status":"closed","ping_status":"closed","template":"","meta":{"om_disable_all_campaigns":false,"_monsterinsights_skip_tracking":false,"_monsterinsights_sitenote_active":false,"_monsterinsights_sitenote_note":"","_monsterinsights_sitenote_category":0,"_uf_show_specific_survey":0,"_uf_disable_surveys":false,"footnotes":""},"categories":[52],"tags":[],"class_list":["post-1801","page","type-page","status-publish","has-post-thumbnail","hentry","category-el-coran"],"aioseo_notices":[],"_links":{"self":[{"href":"https:\/\/jesus-is-muslim.net\/es\/wp-json\/wp\/v2\/pages\/1801","targetHints":{"allow":["GET"]}}],"collection":[{"href":"https:\/\/jesus-is-muslim.net\/es\/wp-json\/wp\/v2\/pages"}],"about":[{"href":"https:\/\/jesus-is-muslim.net\/es\/wp-json\/wp\/v2\/types\/page"}],"author":[{"embeddable":true,"href":"https:\/\/jesus-is-muslim.net\/es\/wp-json\/wp\/v2\/users\/1"}],"replies":[{"embeddable":true,"href":"https:\/\/jesus-is-muslim.net\/es\/wp-json\/wp\/v2\/comments?post=1801"}],"version-history":[{"count":0,"href":"https:\/\/jesus-is-muslim.net\/es\/wp-json\/wp\/v2\/pages\/1801\/revisions"}],"up":[{"embeddable":true,"href":"https:\/\/jesus-is-muslim.net\/es\/wp-json\/wp\/v2\/pages\/1816"}],"wp:featuredmedia":[{"embeddable":true,"href":"https:\/\/jesus-is-muslim.net\/es\/wp-json\/wp\/v2\/media\/1808"}],"wp:attachment":[{"href":"https:\/\/jesus-is-muslim.net\/es\/wp-json\/wp\/v2\/media?parent=1801"}],"wp:term":[{"taxonomy":"category","embeddable":true,"href":"https:\/\/jesus-is-muslim.net\/es\/wp-json\/wp\/v2\/categories?post=1801"},{"taxonomy":"post_tag","embeddable":true,"href":"https:\/\/jesus-is-muslim.net\/es\/wp-json\/wp\/v2\/tags?post=1801"}],"curies":[{"name":"wp","href":"https:\/\/api.w.org\/{rel}","templated":true}]}}