{"id":1811,"date":"2017-03-14T16:23:19","date_gmt":"2017-03-14T14:23:19","guid":{"rendered":"https:\/\/jesus-is-muslim.net\/?page_id=1811\/"},"modified":"2018-04-17T10:05:16","modified_gmt":"2018-04-17T08:05:16","slug":"la-preservacion-del-coran","status":"publish","type":"page","link":"https:\/\/jesus-is-muslim.net\/es\/jesus-es-musulman\/el-coran\/la-preservacion-del-coran\/","title":{"rendered":"La Preservaci\u00f3n del Cor\u00e1n"},"content":{"rendered":"<p>En la Biblia, Dios orden\u00f3 a los Israelitas que guardan la Tora como dice Deuteronomio 4:2. Este es un mando de Dios como los otros mandos; rendir culto solo a Dios, amar a los vecinos, no cometer adulterio, &#8230;etc. En el Cor\u00e1n, Dios no ordena a los Musulmanes que guardan el Cor\u00e1n porque Dios prometa guardarlo como dice:<\/p>\n<blockquote><p>9. Somos Nosotros Quienes hemos revelado la Amonestaci\u00f3n y somos Nosotros sus custodios. (El Sagrado Cor\u00e1n 15:9)<\/p><\/blockquote>\n<p>Hay dos m\u00e9todos de la preservaci\u00f3n del Cor\u00e1n; el m\u00e9todo principal estaba por la tradici\u00f3n oral, y el segundo m\u00e9todo fue por los manuscritos fechando al primero siglo isl\u00e1mico. Este art\u00edculo explicar\u00e1 los dos m\u00e9todos de la preservaci\u00f3n.<\/p>\n<p><a href=\"https:\/\/jesus-is-muslim.net\/wp-content\/uploads\/2014\/10\/Quranic-manuscript.jpg\"><img loading=\"lazy\" decoding=\"async\" class=\"alignnone size-full wp-image-1462\" src=\"https:\/\/jesus-is-muslim.net\/wp-content\/uploads\/2014\/10\/Quranic-manuscript.jpg\" alt=\"Quranic manuscript\" width=\"600\" height=\"400\" srcset=\"https:\/\/jesus-is-muslim.net\/wp-content\/uploads\/2014\/10\/Quranic-manuscript.jpg 600w, https:\/\/jesus-is-muslim.net\/wp-content\/uploads\/2014\/10\/Quranic-manuscript-300x200.jpg 300w\" sizes=\"auto, (max-width: 600px) 100vw, 600px\" \/><\/a><\/p>\n<h3>La Importancia de la Ciencia del Isnad<\/h3>\n<p>Los manuscritos no pueden ser una evidencia suficiente para probar la autenticidad de una obra incluso si su edad se refiere al tiempo de la obra. Este puede ser una evidencia\u00a0cuando examinamos la historia de un evento normal o de una obra que no se relaciona con la creencia en Dios ya que tenemos que saber el origen de este manuscrito y la creencia de su autor para verificar que no viene de un hereje que quiere corromper la fe y la religi\u00f3n de la gente.<\/p>\n<p>Es por eso tenemos que poner unas condiciones m\u00e1s duras y entonces somos seguros de que este libro viene realmente de Dios. Eso es porque hab\u00eda muchas personas oponiendo al mensaje de Dios sea luchando contra ello o tratando a\u00a0corromperlo desde el interior inventando herej\u00edas. Si no conocemos a los autores de esos manuscritos, no podemos estar seguros de que contienen la verdad pura. Aqu\u00ed viene el papel de la ciencia Isl\u00e1mica del Isnad que investiga c\u00f3mo se transmitieron las fuentes del Islam as\u00ed que podemos verificar sus autenticidades.<\/p>\n<p>Es un concepto distinto del concepto de los Cristianos que consideran que si encontramos un manuscrito que contiene un verso de la Biblia fechando a un tiempo pr\u00f3ximo del tiempo supuesto de escribir los evangelios, lo van a considerarlo como una evidencia suficiente de los evangelios actuales. Los Musulmanes no consideran eso como una evidencia suficiente ya que hay una posibilidad que el autor de ese manuscrito fechando al segundo o tercero o cuarto siglo fue un her\u00e9tico o que no verific\u00f3 bien las fuentes correctas que conoc\u00edan a Jes\u00fas, especialmente que hay una brecha grande entre su tiempo y el tiempo de Jes\u00fas.<\/p>\n<p>Es por eso cada verso del Cor\u00e1n y cada hadiz del Profeta Muhammad\u00a0\ufdfa tiene su evidencia y la persona que le transmiti\u00f3 y por lo tanto podemos verificar su autenticidad.<\/p>\n<h3>La\u00a0Memorizaci\u00f3n del Cor\u00e1n<\/h3>\n<p>La mayor evidencia de la preservaci\u00f3n del Cor\u00e1n no es el manuscrito, sino la memorizaci\u00f3n del Cor\u00e1n. Dios dice en el Cor\u00e1n:<\/p>\n<blockquote><p>17. Hemos facilitado el <i>Cor\u00e1n<\/i> para que pueda servir de amonestaci\u00f3n, \u00bfhay alguien que se deje amonestar? (El Sagrado Cor\u00e1n 54:17)<\/p><\/blockquote>\n<p>Contrariamente a la Biblia, el Cor\u00e1n es muy f\u00e1cil para ser memorizado y hay muchos Musulmanes memoriz\u00e1ndolo, entre ellos muchos ni\u00f1os y eso se pas\u00f3 desde el primero del Islam hasta hoy.\u00a0No s\u00f3lo eran memorizadas las palabras del Cor\u00e1n, sino tambi\u00e9n su correcta pronunciaci\u00f3n, despu\u00e9s esto se transform\u00f3 en una ciencia en s\u00ed misma y se la llam\u00f3 Taywid.\u00a0 Esta ciencia describe meticulosamente c\u00f3mo cada letra debe ser pronunciada, as\u00ed como la palabra en conjunto, ambas en el contexto de otras letras y palabras.\u00a0 En la actualidad, podemos encontrar a personas de muy diversas lenguas capaces de recitar el Cor\u00e1n como si fueran \u00e1rabes que vivieron durante el tiempo del Profeta.<\/p>\n<p class=\"w-body-text-1\">La memorizaci\u00f3n del Cor\u00e1n surgi\u00f3 como una tradici\u00f3n continuada durante \u00a0siglos.\u00a0 Aparecieron escuelas para la memorizaci\u00f3n que se establecieron por todo el mundo musulm\u00e1n.\u00a0 En estas escuelas<b>,<\/b> los estudiantes aprenden y memorizan el Cor\u00e1n junto con su Taywid, siguiendo a un maestro que a su vez adquiri\u00f3 el conocimiento de su maestro, form\u00e1ndose as\u00ed una cadena de trasmisi\u00f3n oral que se remonta al Mensajero de Dios.\u00a0 El proceso de memorizar todo el Cor\u00e1n normalmente toma entre 3 y 6 a\u00f1os.\u00a0 Despu\u00e9s de que el dominio se logra y la recitaci\u00f3n se realiza libre de errores, se le otorga a la persona una licencia formal (iyyaza), certificando que ha dominado las reglas de recitaci\u00f3n y puede recitar el Cor\u00e1n de la manera que lo recit\u00f3 Muh\u00e1mmad, el Profeta de Dios. (<a href=\"http:\/\/www.islamreligion.com\/es\/articles\/19\/la-preservacion-del-coran-parte-1-de-2\/\">Fuente aqu\u00ed<\/a>)<\/p>\n<h3>La Preservaci\u00f3n del Cor\u00e1n por los Manuscritos<\/h3>\n<p>Adem\u00e1s de la memorizaci\u00f3n del Cor\u00e1n, hay tambi\u00e9n algunos manuscritos antiguos fechando al primero siglo Isl\u00e1mico como <a href=\"http:\/\/www.islamic-awareness.org\/Quran\/Text\/Mss\/topkapi.html\">el manuscrito de Topkapi <\/a>en Estanbul, <a href=\"http:\/\/www.islamic-awareness.org\/Quran\/Text\/Mss\/hussein.html\">el manuscrito de la Mezquita del Hussein<\/a> en Cairo y <a href=\"http:\/\/www.islamic-awareness.org\/Quran\/Text\/Mss\/hussein.html\">el manuscrito de Tashkent<\/a>\u00a0datando al segundo siglo Isl\u00e1mico. Ese enlace <a href=\"http:\/\/www.islamreligion.com\/es\/articles\/18\/la-preservacion-del-coran-parte-2-de-2\/\">habla m\u00e1s\u00a0de los manuscritos del Cor\u00e1n<\/a>.<\/p>\n","protected":false},"excerpt":{"rendered":"<p>En la Biblia, Dios orden\u00f3 a los Israelitas que guardan la Tora como dice Deuteronomio 4:2. Este es un mando de Dios como los otros mandos; rendir culto solo a Dios, amar a los vecinos, no cometer adulterio, &#8230;etc. En el Cor\u00e1n, Dios no ordena a los Musulmanes que guardan el Cor\u00e1n porque Dios prometa [&hellip;]<\/p>\n","protected":false},"author":1,"featured_media":1462,"parent":1816,"menu_order":0,"comment_status":"closed","ping_status":"closed","template":"","meta":{"om_disable_all_campaigns":false,"_monsterinsights_skip_tracking":false,"_monsterinsights_sitenote_active":false,"_monsterinsights_sitenote_note":"","_monsterinsights_sitenote_category":0,"_uf_show_specific_survey":0,"_uf_disable_surveys":false,"footnotes":""},"categories":[52],"tags":[],"class_list":["post-1811","page","type-page","status-publish","has-post-thumbnail","hentry","category-el-coran"],"aioseo_notices":[],"_links":{"self":[{"href":"https:\/\/jesus-is-muslim.net\/es\/wp-json\/wp\/v2\/pages\/1811","targetHints":{"allow":["GET"]}}],"collection":[{"href":"https:\/\/jesus-is-muslim.net\/es\/wp-json\/wp\/v2\/pages"}],"about":[{"href":"https:\/\/jesus-is-muslim.net\/es\/wp-json\/wp\/v2\/types\/page"}],"author":[{"embeddable":true,"href":"https:\/\/jesus-is-muslim.net\/es\/wp-json\/wp\/v2\/users\/1"}],"replies":[{"embeddable":true,"href":"https:\/\/jesus-is-muslim.net\/es\/wp-json\/wp\/v2\/comments?post=1811"}],"version-history":[{"count":0,"href":"https:\/\/jesus-is-muslim.net\/es\/wp-json\/wp\/v2\/pages\/1811\/revisions"}],"up":[{"embeddable":true,"href":"https:\/\/jesus-is-muslim.net\/es\/wp-json\/wp\/v2\/pages\/1816"}],"wp:featuredmedia":[{"embeddable":true,"href":"https:\/\/jesus-is-muslim.net\/es\/wp-json\/wp\/v2\/media\/1462"}],"wp:attachment":[{"href":"https:\/\/jesus-is-muslim.net\/es\/wp-json\/wp\/v2\/media?parent=1811"}],"wp:term":[{"taxonomy":"category","embeddable":true,"href":"https:\/\/jesus-is-muslim.net\/es\/wp-json\/wp\/v2\/categories?post=1811"},{"taxonomy":"post_tag","embeddable":true,"href":"https:\/\/jesus-is-muslim.net\/es\/wp-json\/wp\/v2\/tags?post=1811"}],"curies":[{"name":"wp","href":"https:\/\/api.w.org\/{rel}","templated":true}]}}