{"id":1823,"date":"2017-03-31T07:18:31","date_gmt":"2017-03-31T05:18:31","guid":{"rendered":"https:\/\/jesus-is-muslim.net\/?page_id=1823\/"},"modified":"2018-04-17T10:14:36","modified_gmt":"2018-04-17T08:14:36","slug":"la-creencia-islamica-de-la-biblia","status":"publish","type":"page","link":"https:\/\/jesus-is-muslim.net\/es\/jesus-es-musulman\/la-biblia\/la-creencia-islamica-de-la-biblia\/","title":{"rendered":"La Creencia Isl\u00e1mica de la Biblia"},"content":{"rendered":"<p>Hay una idea equivocada entre los Cristianos que los Musulmanes creen que todas las escrituras de los Judios y de los Cristianos son distorsionadas. De hecho, no es preciso, sino los Musulmanes creen que estas escrituras (incluyendo la Biblia) contengan verdades y mentiras. Estas escrituras han sido sometidos a la corrupci\u00f3n sea por a\u00f1adir sea por retirar sea por reemplazar y hay muchas evidencias hist\u00f3ricas probando esto. En cuanto a la creencia isl\u00e1mica, el Profeta Muhammad \ufdfa dijo:<\/p>\n<blockquote><p>\u00abNo cre\u00e1is a la Gente de la Escritura ni los desmint\u00e1is; decid: \u2018\u00a1Creemos en Dios y en lo que se nos ha revelado!\u2019\u00bb. (Bujari)<\/p><\/blockquote>\n<p>Dijo tambi\u00e9n:<\/p>\n<blockquote><p>\u00abSi la Gente de la Escritura os dijeron algo, no los cre\u00e1is y no\u00a0los desmint\u00e1is y decid:\u00a0\u2018\u00a1Creemos en Dios y en lo que se nos ha revelado!\u2019.\u00a0\u00a0Si es falso, no lo cre\u00e1is y\u00a0si es verdad, no lo desmint\u00e1is.\u00bb<\/p><\/blockquote>\n<p>El Profeta Muhammad\u00a0\ufdfa quiere decir con ese mandato que las fuentes de los Jud\u00edos y de los Cristianos no son puras, entonces sus discursos pueden ser verdades o mentiras. Ibn Abbas, un disc\u00edpulo del Profeta Muhammad \ufdfa, dijo:<\/p>\n<blockquote><p>\u00abOh Musulmanes \u00bfPor qu\u00e9 pregunt\u00e1is a la gente de la Escritura mientras que vuestro libro (el Cor\u00e1n), que ha sido revelado al Ap\u00f3stol de Al\u00e1 es el libro m\u00e1s reciente de Al\u00e1? Lo Le\u00edsteis puro, sin distorsiones y sin cambios, y Al\u00e1 os ha dicho que la gente de la Escritura (Jud\u00edos\u00a0y Cristianos) cambi\u00f3 su escritura y la ha distorsionado, y escribi\u00f3 la Escritura con sus propias manos diciendo: &#8216;Es de Al\u00e1,&#8217; venderlo por un poco de ganancia. \u061fNo ten\u00e9is el conocimiento que os impide preguntarles sobre algo? No, por Dios, nunca hemos visto a un hombre de ellos pregunt\u00e1ndoos con respecto a lo que se ha revelado a vosotros! \u00ab<\/p><\/blockquote>\n<p><a href=\"https:\/\/jesus-is-muslim.net\/wp-content\/uploads\/2017\/03\/La-Creencia-Isl\u00e1mica-de-la-Biblia.png\"><img loading=\"lazy\" decoding=\"async\" class=\"alignnone size-full wp-image-1832\" src=\"https:\/\/jesus-is-muslim.net\/wp-content\/uploads\/2017\/03\/La-Creencia-Isl\u00e1mica-de-la-Biblia.png\" alt=\"La Creencia Isl\u00e1mica de la Biblia\" width=\"1040\" height=\"570\" srcset=\"https:\/\/jesus-is-muslim.net\/wp-content\/uploads\/2017\/03\/La-Creencia-Isl\u00e1mica-de-la-Biblia.png 1040w, https:\/\/jesus-is-muslim.net\/wp-content\/uploads\/2017\/03\/La-Creencia-Isl\u00e1mica-de-la-Biblia-300x164.png 300w, https:\/\/jesus-is-muslim.net\/wp-content\/uploads\/2017\/03\/La-Creencia-Isl\u00e1mica-de-la-Biblia-768x421.png 768w, https:\/\/jesus-is-muslim.net\/wp-content\/uploads\/2017\/03\/La-Creencia-Isl\u00e1mica-de-la-Biblia-1024x561.png 1024w\" sizes=\"auto, (max-width: 1040px) 100vw, 1040px\" \/><\/a><\/p>\n<p>Ibn Abbas hace referencia al verso 2:79 en el Sagrado Cor\u00e1n diciendo:<\/p>\n<blockquote><p>79. \u00a1Ay de aqu\u00e9llos que escriben la <i>Escritura<\/i> con sus manos y luego dicen: Esto viene de Al\u00e1, para, luego, malvenderlo! \u00a1Ay de ellos por lo que sus manos han escrito! \u00a1Ay de ellos por lo que han cometido!<\/p><\/blockquote>\n<p>Muawiya, un otro disc\u00edpulo del Profeta Muhammad\u00a0\ufdfa habl\u00f3 sobre Kaab el-Ahbar, un ex rabino que se convirti\u00f3 al Islam:<\/p>\n<blockquote><p>\u00abEs uno de las personas m\u00e1s veraz que narr\u00f3 sobre la gente de la Escritura aunque a veces encontramos que narr\u00f3 mentiras\u00bb<\/p><\/blockquote>\n<p>Muawiya quiere\u00a0decir aqu\u00ed que Kaab no intenta mentir, sino narr\u00f3 por error lo que fue cambiada por la gente de la escritura.<\/p>\n<h3>\u00bfEl Cor\u00e1n\u00a0Aprueba la Biblia?<\/h3>\n<p>Algunas personas piensan que el Cor\u00e1n endosa la Biblia ya que habla de la Tor\u00e1 y del Evangelio como unos libros de Dios pero eso no es preciso. Los Musulmanes creen que Dios envi\u00f3 a sus profetas\u00a0la Tor\u00e1,\u00a0el Evangelio y otros libros. Sin embargo, el Cor\u00e1n no dice que el pentateuco es la Tor\u00e1\u00a0o que los cuatro evangelios son el evangelio que Dios envi\u00f3 a\u00a0Jes\u00fas. Eso no quiere decir que los libros y las palabras en la Biblia son todos falsos, sino hay verdades y mentiras en la Biblia ya que todav\u00eda existen algunos versos que fueron contenidos en los libros originales de Dios. Es por eso Dios ha revelado el Cor\u00e1n como la \u00faltima palabra de Dios que juzg\u00f3 las escrituras precedentes. Por lo tanto, si un verso B\u00edblico es de acuerdo con el Cor\u00e1n, eso quiere decir que este verso es correcto. Si no es de acuerdo, decimos que no es un verso autentico. Si tiene un sentido que no es mencionado en el Cor\u00e1n, los Musulmanes ni deber\u00edan creerlo ni\u00a0desmentirlo.<\/p>\n<h3>\u00bfDios no puede guardar a Sus Libros?<\/h3>\n<p>Dios dej\u00f3 la misi\u00f3n de mantener a los libros precedentes del Cor\u00e1n a los seguidores de los profetas. Al\u00e1 dice en el Cor\u00e1n:<\/p>\n<blockquote><p>44. Hemos revelado la Tora, que contiene Direcci\u00f3n y Luz. Los profetas que se hab\u00edan sometido administraban justicia a los jud\u00edos seg\u00fan ella, como hac\u00edan los maestros y doctores, seg\u00fan lo que de la Escritura de Al\u00e1 se les hab\u00eda confiado y de lo cual eran testigos. (El Sagrado Cor\u00e1n 5:44)<\/p><\/blockquote>\n<p>En otra parte, Dios promete que va \u00a0mantener al Cor\u00e1n (Amonestaci\u00f3n):<\/p>\n<blockquote><p>9. Somos Nosotros Quienes hemos revelado la Amonestaci\u00f3n y somos Nosotros sus custodios. (El Sagrado Cor\u00e1n 15:9)<\/p><\/blockquote>\n<p>Es claro igualmente en la Biblia que Dios orden\u00f3 a los Israelitas de mantener a la palabra de Dios y no de a\u00f1adir o de disminuir de ella:<\/p>\n<blockquote><p>Deuteronomio 4:2 No a\u00f1adir\u00e9is a la palabra que yo os mando, ni disminuir\u00e9is de ella, para que guard\u00e9is los mandamientos de Jehov\u00e1 vuestro Dios que yo os ordeno.<\/p><\/blockquote>\n<p>Por lo tanto hay una diferencia entre el Cor\u00e1n y las escrituras precedentes ya que Dios prometi\u00f3 que mantendr\u00e1 al Cor\u00e1n. De otra parte, mand\u00f3 a los Israelitas de guardar sus libros. Eso significa que la corrupci\u00f3n en las escrituras precedentes puede existir si la gente de Israel no obedece a Dios. La historia de los Israelitas est\u00e1 llena de pecados como rendir culto a otras divinidades, cometer adulterio. Si la historia de un pueblo es como eso, no ser\u00e1 extra\u00f1o que desobedecer\u00edan a Dios y que cambiar\u00edan Sus palabras.<\/p>\n<h3>\u00bfEl Cor\u00e1n mand\u00f3 a los Musulmanes de preguntar a las Gente de la Escritura?<\/h3>\n<p>Algunos Cristianos citan ese verso del Cor\u00e1n para probar que la gente de la escritura tiene el libro verdadero de Dios:<\/p>\n<blockquote><p>94. Si tienes alguna duda acerca de lo que te hemos revelado, pregunta a quienes, antes de ti, ya le\u00edan la <i>Escritura<\/i>. Te ha venido, de tu Se\u00f1or, la Verdad. \u00a1No seas, pues, de los que dudan! (El Sagrado Cor\u00e1n 10:94)<\/p><\/blockquote>\n<p>De hecho, este verso tiene un contexto en el cual los paganos \u00e1rabes cre\u00edan que un profeta deber\u00eda ser un \u00e1ngel no un humano. Es por eso el Cor\u00e1n da el ejemplo de los Jud\u00edos y los Cristianos a los que vienen muchos profetas humanos. Entonces, el Cor\u00e1n contesta a la idea equivocada de los paganos pero no quiere decir que endosa la Biblia.<\/p>\n<h3>\u00bfQui\u00e9n cambi\u00f3 la Biblia y cu\u00e1ndo y c\u00f3mo se pasaba eso?<\/h3>\n<p>Este es una pregunta com\u00fan entre los Cristianos, pero hay un problema en la pregunta ella misma. Si vemos un cad\u00e1ver en la calle, examin\u00e1ndolo, somos seguros que este cuerpo est\u00e1 muerto, \u00bfSer\u00eda l\u00f3gico que uno dice: \u00abdeber\u00edan saber qui\u00e9n mat\u00f3 a este hombre y cu\u00e1ndo y c\u00f3mo para probar que su muerte\u00bb? No es l\u00f3gico ya que es el resultado de todos los ex\u00e1menes m\u00e9dicos, la repuesta de las preguntas arriba no cambiar\u00e1 el hecho que este hombre est\u00e1 muerto.<\/p>\n<p>Es el mismo respecto a la Biblia, no hay una evidencia que prueba que la Biblia sea escrito por los profetas o por los disc\u00edpulos de Jes\u00fas ya que <a href=\"https:\/\/jesus-is-muslim.net\/es\/jesus-es-musulman\/la-biblia\/manuscritos-biblia-prueban-su-autenticidad\/\">los manuscritos completos m\u00e1s antiguo de la Biblia datan al cuatro siglo<\/a>, que es muy tarde (m\u00e1s que 250 a\u00f1os despu\u00e9s de los disc\u00edpulos). Tambi\u00e9n hay otras evidencias probando que <a href=\"https:\/\/jesus-is-muslim.net\/es\/jesus-es-musulman\/la-biblia\/la-corrupcion-judia-del-antiguo-testamento\/\">los Jud\u00edos cambiaron en el Antiguo Testamento<\/a>, <a href=\"https:\/\/jesus-is-muslim.net\/es\/jesus-es-musulman\/la-biblia\/las-dificultades-de-la-biblia\/\">las contradicciones en la Biblia<\/a> como ser\u00e1 mostrado en detalle en otros art\u00edculos. \u00bfC\u00f3mo podemos creer entonces que esos libros son aut\u00e9nticos?<\/p>\n","protected":false},"excerpt":{"rendered":"<p>Hay una idea equivocada entre los Cristianos que los Musulmanes creen que todas las escrituras de los Judios y de los Cristianos son distorsionadas. De hecho, no es preciso, sino los Musulmanes creen que estas escrituras (incluyendo la Biblia) contengan verdades y mentiras. Estas escrituras han sido sometidos a la corrupci\u00f3n sea por a\u00f1adir sea [&hellip;]<\/p>\n","protected":false},"author":1,"featured_media":1832,"parent":1870,"menu_order":0,"comment_status":"closed","ping_status":"closed","template":"","meta":{"om_disable_all_campaigns":false,"_monsterinsights_skip_tracking":false,"_monsterinsights_sitenote_active":false,"_monsterinsights_sitenote_note":"","_monsterinsights_sitenote_category":0,"_uf_show_specific_survey":0,"_uf_disable_surveys":false,"footnotes":""},"categories":[46],"tags":[],"class_list":["post-1823","page","type-page","status-publish","has-post-thumbnail","hentry","category-la-biblia"],"aioseo_notices":[],"_links":{"self":[{"href":"https:\/\/jesus-is-muslim.net\/es\/wp-json\/wp\/v2\/pages\/1823","targetHints":{"allow":["GET"]}}],"collection":[{"href":"https:\/\/jesus-is-muslim.net\/es\/wp-json\/wp\/v2\/pages"}],"about":[{"href":"https:\/\/jesus-is-muslim.net\/es\/wp-json\/wp\/v2\/types\/page"}],"author":[{"embeddable":true,"href":"https:\/\/jesus-is-muslim.net\/es\/wp-json\/wp\/v2\/users\/1"}],"replies":[{"embeddable":true,"href":"https:\/\/jesus-is-muslim.net\/es\/wp-json\/wp\/v2\/comments?post=1823"}],"version-history":[{"count":0,"href":"https:\/\/jesus-is-muslim.net\/es\/wp-json\/wp\/v2\/pages\/1823\/revisions"}],"up":[{"embeddable":true,"href":"https:\/\/jesus-is-muslim.net\/es\/wp-json\/wp\/v2\/pages\/1870"}],"wp:featuredmedia":[{"embeddable":true,"href":"https:\/\/jesus-is-muslim.net\/es\/wp-json\/wp\/v2\/media\/1832"}],"wp:attachment":[{"href":"https:\/\/jesus-is-muslim.net\/es\/wp-json\/wp\/v2\/media?parent=1823"}],"wp:term":[{"taxonomy":"category","embeddable":true,"href":"https:\/\/jesus-is-muslim.net\/es\/wp-json\/wp\/v2\/categories?post=1823"},{"taxonomy":"post_tag","embeddable":true,"href":"https:\/\/jesus-is-muslim.net\/es\/wp-json\/wp\/v2\/tags?post=1823"}],"curies":[{"name":"wp","href":"https:\/\/api.w.org\/{rel}","templated":true}]}}