{"id":1836,"date":"2017-03-30T09:25:44","date_gmt":"2017-03-30T07:25:44","guid":{"rendered":"https:\/\/jesus-is-muslim.net\/?page_id=1836\/"},"modified":"2018-04-17T10:16:39","modified_gmt":"2018-04-17T08:16:39","slug":"las-objeciones-musulmanas-sobre-la-biblia","status":"publish","type":"page","link":"https:\/\/jesus-is-muslim.net\/es\/jesus-es-musulman\/la-biblia\/las-objeciones-musulmanas-sobre-la-biblia\/","title":{"rendered":"Las Objeciones Musulmanas sobre la Biblia"},"content":{"rendered":"<p>Como destacado en el art\u00edculo precedente, <a href=\"https:\/\/jesus-is-muslim.net\/es\/la-creencia-islamica-de-la-biblia\/\">los Musulmanes creen que la Biblia tiene tanto escrituras verdaderas como unas falsas<\/a>. Veremos en este art\u00edculo por qu\u00e9 los Musulmanes rechazan algunas escrituras en la Biblia como un ejemplo.<\/p>\n<h3>Las Objeciones de los Musulmanes sobre los Atributos de Dios en la Biblia<\/h3>\n<p>La Biblia contiene unos versos hablando sobre Dios en\u00a0una manera que no coincide con su potencia o con sus atributos perfectos. Por ejemplo \u00c9xodo 31:17 dice que\u00a0en seis d\u00edas hizo Dios\u00a0los cielos y la tierra, y en el s\u00e9ptimo d\u00eda ces\u00f3 y repos\u00f3. Dios no se cansa para necesitar de reposar. En otro ejemplo la Biblia G\u00e9nesis 32:38 dice que Jacob ha luchado con Dios y Lo ha vencido. \u00bfUn hombre lucha con Dios\u00a0Todopoderoso y derrotarlo? Este es una blasfemia contra Dios.<\/p>\n<p>Los Musulmanes no aceptan las analog\u00edas ilustrando Dios\u00a0<span id=\"es-LBLA-15179\" class=\"text Ps-78-65\">despertando como <i>de un<\/i> sue\u00f1o,\u00a0<\/span><span class=\"text Ps-78-65\">como guerrero vencido por el vino (Salmos 78:65) o como una osa y una leona (Oseas 13:8) o como un cordero (<\/span><span class=\"passage-display-bcv\">Apocalipsis\u00a0<\/span><span class=\"text Ps-78-65\">17:14). Dios no tiene que poner\u00a0una se\u00f1al del pacto\u00a0entre \u00c9l y los humanos, as\u00ed que cuando el arco est\u00e9 en las nubes, lo mirar\u00e1 para acordarse del pacto eterno entre Dios y todo ser viviente de toda carne que est\u00e1 sobre la tierra. (G\u00e9nesis 9:12-16). Dios no olvida para necesitar poner una se\u00f1al as\u00ed que recuerda el pacto.\u00a0<\/span><\/p>\n<p><a href=\"https:\/\/jesus-is-muslim.net\/wp-content\/uploads\/2017\/03\/Las-objeciones-de-los-Musulmanes-sobre-la-Biblia.png\"><img loading=\"lazy\" decoding=\"async\" class=\"alignnone size-full wp-image-1838\" src=\"https:\/\/jesus-is-muslim.net\/wp-content\/uploads\/2017\/03\/Las-objeciones-de-los-Musulmanes-sobre-la-Biblia.png\" alt=\"Las objeciones de los Musulmanes sobre la Biblia\" width=\"1040\" height=\"570\" srcset=\"https:\/\/jesus-is-muslim.net\/wp-content\/uploads\/2017\/03\/Las-objeciones-de-los-Musulmanes-sobre-la-Biblia.png 1040w, https:\/\/jesus-is-muslim.net\/wp-content\/uploads\/2017\/03\/Las-objeciones-de-los-Musulmanes-sobre-la-Biblia-300x164.png 300w, https:\/\/jesus-is-muslim.net\/wp-content\/uploads\/2017\/03\/Las-objeciones-de-los-Musulmanes-sobre-la-Biblia-768x421.png 768w, https:\/\/jesus-is-muslim.net\/wp-content\/uploads\/2017\/03\/Las-objeciones-de-los-Musulmanes-sobre-la-Biblia-1024x561.png 1024w\" sizes=\"auto, (max-width: 1040px) 100vw, 1040px\" \/><\/a><\/p>\n<h3>Las Objeciones de los Musulmanes sobre las Historias\u00a0Vergonzosas de los Profetas en la Biblia<\/h3>\n<p>La Biblia habla de historias vergonzosas ilustrando a los Profetas como hombres ladrones, borrachos, asesinos y incluso como adoradores de \u00eddolos. La Biblia dice que el Profeta No\u00e9 bebi\u00f3 el vino y se embriag\u00f3, y se desnud\u00f3 en medio de su tienda (G\u00e9nesis 9:21), que\u00a0Aar\u00f3n ayud\u00f3 a los Israelitas a adorar el becerro del oro (\u00c9xodo 32), \u00bfC\u00f3mo un profeta enviado de Dios ayuda la gente a adorar un \u00eddolo?<\/p>\n<p>Seg\u00fan la Biblia, Jacob no estuvo bendecido hasta que m<span class=\"conj-irregular\">i<\/span>nti\u00f3 y rob\u00f3 la bendici\u00f3n de su padre (G\u00e9nesis 27). Esto significa que Dios eligi\u00f3 la gente de Israel como el pueblo de Dios por una mentira. David hizo un pecado terrible cometiendo el adulterio con la mujer de Ur\u00edas el hitita y despu\u00e9s le mat\u00f3. (2 Samuel 11),\u00a0Salom\u00f3n ador\u00f3 a otros dioses (1 Reyes 11).<\/p>\n<p>Los Musulmanes creen que los Profetas son las mejores de la gente y es por eso Dios les eligi\u00f3 entre todos los humanos para ense\u00f1ar a la gente la creencia verdadera de Dios y los buenos morales. \u00bfC\u00f3mo hicieron los profetas tales pecados cometidos por las peores personas? \u00bfDios no pudo elegir hombres mejores? Es una acusaci\u00f3n a Dios \u00c9l mismo.<\/p>\n<p>Algunos pueden decir que la misi\u00f3n de estos profetas era ense\u00f1ar a la gente quien es Dios, pero son pecadores como los seres humanos. Es tambi\u00e9n una blasfemia contra Dios ilustr\u00e1ndolo como si no sabe la naturaleza de los humanos. \u00bfC\u00f3mo imaginar que\u00a0la gente van a obedecer Dios si los profetas que les ense\u00f1aron sobre Dios no Lo obedecen? Imaginemos una empresa donde vemos su jefe no siguiendo sus reglas, \u00bfC\u00f3mo esperamos que los empleados las siguen? En la mayor\u00eda de los casos esas reglas s\u00f3lo estar\u00e1 en papel y nadie les seguir\u00e1. Es lo mismo con la gente que ven sus profetas como pecadores, ver\u00e1n los pecados como algo simple. Dios puede elegir hombres m\u00e1s justos como Zacar\u00edas como ejemplo que no fue un pecador (Lucas 1:5-6). Si Dios no puede elegir los hombres adecuados para ser profetas, eso ser\u00e1 una blasfemia contra Dios \u00c9l mismo.<\/p>\n","protected":false},"excerpt":{"rendered":"<p>Como destacado en el art\u00edculo precedente, los Musulmanes creen que la Biblia tiene tanto escrituras verdaderas como unas falsas. Veremos en este art\u00edculo por qu\u00e9 los Musulmanes rechazan algunas escrituras en la Biblia como un ejemplo. Las Objeciones de los Musulmanes sobre los Atributos de Dios en la Biblia La Biblia contiene unos versos hablando [&hellip;]<\/p>\n","protected":false},"author":1,"featured_media":1839,"parent":1870,"menu_order":0,"comment_status":"closed","ping_status":"closed","template":"","meta":{"om_disable_all_campaigns":false,"_monsterinsights_skip_tracking":false,"_monsterinsights_sitenote_active":false,"_monsterinsights_sitenote_note":"","_monsterinsights_sitenote_category":0,"_uf_show_specific_survey":0,"_uf_disable_surveys":false,"footnotes":""},"categories":[46],"tags":[],"class_list":["post-1836","page","type-page","status-publish","has-post-thumbnail","hentry","category-la-biblia"],"aioseo_notices":[],"_links":{"self":[{"href":"https:\/\/jesus-is-muslim.net\/es\/wp-json\/wp\/v2\/pages\/1836","targetHints":{"allow":["GET"]}}],"collection":[{"href":"https:\/\/jesus-is-muslim.net\/es\/wp-json\/wp\/v2\/pages"}],"about":[{"href":"https:\/\/jesus-is-muslim.net\/es\/wp-json\/wp\/v2\/types\/page"}],"author":[{"embeddable":true,"href":"https:\/\/jesus-is-muslim.net\/es\/wp-json\/wp\/v2\/users\/1"}],"replies":[{"embeddable":true,"href":"https:\/\/jesus-is-muslim.net\/es\/wp-json\/wp\/v2\/comments?post=1836"}],"version-history":[{"count":0,"href":"https:\/\/jesus-is-muslim.net\/es\/wp-json\/wp\/v2\/pages\/1836\/revisions"}],"up":[{"embeddable":true,"href":"https:\/\/jesus-is-muslim.net\/es\/wp-json\/wp\/v2\/pages\/1870"}],"wp:featuredmedia":[{"embeddable":true,"href":"https:\/\/jesus-is-muslim.net\/es\/wp-json\/wp\/v2\/media\/1839"}],"wp:attachment":[{"href":"https:\/\/jesus-is-muslim.net\/es\/wp-json\/wp\/v2\/media?parent=1836"}],"wp:term":[{"taxonomy":"category","embeddable":true,"href":"https:\/\/jesus-is-muslim.net\/es\/wp-json\/wp\/v2\/categories?post=1836"},{"taxonomy":"post_tag","embeddable":true,"href":"https:\/\/jesus-is-muslim.net\/es\/wp-json\/wp\/v2\/tags?post=1836"}],"curies":[{"name":"wp","href":"https:\/\/api.w.org\/{rel}","templated":true}]}}