{"id":1842,"date":"2017-03-29T14:04:06","date_gmt":"2017-03-29T12:04:06","guid":{"rendered":"https:\/\/jesus-is-muslim.net\/?page_id=1842\/"},"modified":"2018-04-17T10:13:54","modified_gmt":"2018-04-17T08:13:54","slug":"manuscritos-biblia-prueban-su-autenticidad","status":"publish","type":"page","link":"https:\/\/jesus-is-muslim.net\/es\/jesus-es-musulman\/la-biblia\/manuscritos-biblia-prueban-su-autenticidad\/","title":{"rendered":"\u00bfLos Manuscritos de la Biblia Prueban su Autenticidad?"},"content":{"rendered":"<h3>La Brecha entre las fechas de los Manuscritos y la fecha de la escritura de la Biblia<\/h3>\n<p>La primera evidencia utilizada por los Cristianos probando que la Biblia es aut\u00e9ntica es su\u00a0gran n\u00famero de manuscritos. De hecho, cuando examinamos los manuscritos de ambos testamentos, encontramos que los manuscritos completos m\u00e1s antiguos fechan al cuarto siglo d. J. C.<\/p>\n<p>Por ejemplo, los manuscritos completos y m\u00e1s antiguos\u00a0del Antiguo Testamento son dos; el texto masor\u00e9tico en hebreo que viene\u00a0del siglo IX\u00a0d.\u00a0C.\u00a0y la Septuaginta en greco del siglo IV d.C. Como para el Nuevo Testamento, los dos manuscritos m\u00e1s antiguos son <a href=\"https:\/\/es.wikipedia.org\/wiki\/Codex_Sinaiticus\">Codex Sinaiticus<\/a>\u00a0escrito los a\u00f1os 330 y 350 y <a href=\"https:\/\/es.wikipedia.org\/wiki\/Codex_Vaticanus\">Codex Vaticanus<\/a>\u00a0ligeramente anterior al Codex Sinaiticus, y probablemente copiado, como aqu\u00e9l, durante el siglo IV.<\/p>\n<div class=\"timeline-1\" style=\"background:#CDDC39;\">\n<div class=\"container-1 left-1\">\n<div class=\"content-1\">\n<h3>568 &#8211; 433 a. J. C.<\/h3>\n<p>El Tiempo supuesto del escrito del libro de Malaqu\u00edas.<\/p>\n<\/div>\n<\/div>\n<div class=\"container-1 right-1\">\n<div class=\"content-1\">\n<h3>150 a. J. C &#8211; 70 d. J. C.<\/h3>\n<p>Los manuscritos del Mar Muerto<br \/>\n<strong>Contenido<\/strong>: El libro de Isa\u00edas, Unos versos de los otros libros del Antiguo Testamento salvo Esther y Nehem\u00edas.<br \/><strong>Idioma:<\/strong> Hebreo<br \/> <strong>N.B. <\/strong>La mayor\u00eda del contenido son libros ap\u00f3crifos y pseudoepigraf\u00edas.\n<\/div>\n<\/div>\n<div class=\"container-1 left-1\">\n<div class=\"content-1\">\n<h3>300-360 d. J. C.<\/h3>\n<p>Los manuscritos Vaticanus y Sinaiticus<br \/>\n<strong>Contenido<\/strong>: La mayor\u00eda del Antiguo Testamento con los libros pseudoepigraf\u00edos.<br \/><strong>Idioma:<\/strong> Greco (Septuaginta)<\/p>\n<\/div>\n<\/div>\n<div class=\"container-1 right-1\">\n<div class=\"content-1\">\n<h3>Siglo IX d. J. C<\/h3>\n<p>Texto Masor\u00e9tico <br \/> <strong>Contenido<\/strong>: Todo el Antiguo Testamento. <br \/> <strong>Idioma: <\/strong>Hebreo<\/p>\n<\/div>\n<\/div>\n<\/div>\n<div class=\"timeline-1\">\n<div class=\"container-1 left-1\">\n<div class=\"content-1\">\n<h3>50-80 d. J. C.<\/h3>\n<p>El Tiempo supuesto por los Cristianos del escrito de los evangelios.<\/p>\n<\/div>\n<\/div>\n<div class=\"container-1 right-1\">\n<div class=\"content-1\">\n<h3>125 d. J. C.<\/h3>\n<p>El fragmento m\u00e1s antiguo de John Ryland<br \/>\n<strong>Contenido<\/strong>: Unas palabras de Juan 18:31\u201333, 18:37\u201338.<\/p>\n<\/div>\n<\/div>\n<div class=\"container-1 left-1\">\n<div class=\"content-1\">\n<h3>150-250 d. J. C.<\/h3>\n<p>Otros fragmento similares al manuscrito de John Ryland<br \/> <strong>Contenido<\/strong>: Unas palabras de pocos versos de los evangelios.<\/p>\n<\/div>\n<\/div>\n<div class=\"container-1 right-1\">\n<div class=\"content-1\">\n<h3>300-325 d. J. C. <\/h3>\n<p>El manuscrito Vaticanus <br \/> <strong>Contenido<\/strong>: Todo el nuevo testamento salvo Juan 7:53-8:11, Marcos 16:9-20 y algunos otros versos. <\/p>\n<\/div>\n<\/div>\n<div class=\"container-1 left-1\">\n<div class=\"content-1\">\n<h3>330-360 d. J. C<\/h3>\n<p>La Fecha del manuscrito Sinaiticaus<br \/> <strong>Contenido<\/strong>: Todo el nuevo testamento salvo Juan 7:53-8:11, Marcos 16:9-20 y algunos otros versos. <br \/> <strong>N.B. <\/strong>este manuscrito contiene otros libros no can\u00f3nicos como la ep\u00edstola de Bernab\u00e9 y el pastor de Hermas.<\/p>\n<\/div>\n<\/div>\n<\/div>\n<p>El n\u00famero de los manuscritos no puede ser una evidencia suficiente de la autenticidad de la Biblia ya que tenemos que considerar la fecha de los manuscritos.\u00a0Si la fecha es muy tarde (m\u00e1s que\u00a0200\u00a0a\u00f1os despu\u00e9s de la muerte del \u00faltimo disc\u00edpulo de Jes\u00fas), eso significa que hay una brecha\u00a0hist\u00f3rica en la cual no sabemos lo que se pasaba y no sabemos si el autor de los manuscritos sigui\u00f3 realmente las ense\u00f1anzas de Jes\u00fas o no especialmente que habr\u00eda otros evangelios en este tiempo que reclaman ser los evangelios de Jes\u00fas como los evangelios de Tomas o de Mar\u00eda Magdalena que tienen manuscritos datando al siglo IV igualmente, <span id=\"result_box\" class=\"short_text\" lang=\"es\">\u00bfQui\u00e9n creeremos?<\/span><\/p>\n<h3>\u00bfLos Antiguos Fragmentos del Nuevo Testamento Prueban su autenticidad?<\/h3>\n<p>Uno puede decir que hab\u00eda fragmentos m\u00e1s antiguos probando que la Biblia\u00a0exist\u00eda durante el siglo II como el ejemplo del fragmento de John Ryland datando aproximadamente a 125 d. J. C. y conteniendo pocas palabras en el evangelio de Juan 18:31\u201333, 18:37\u201338.<\/p>\n<p>De hecho, estas pocas palabras no pueden ser una evidencia de toda la Biblia o que el evangelio de Juan existi\u00f3\u00a0desde 125 d. J. C.\u00a0Si examinamos esta \u00e9poca, encontrar\u00edamos que hab\u00eda muchos evangelios en los tres primeros siglos y hab\u00eda por supuesto palabras comunes entre ellos. \u00a0Por lo tanto no sabemos si el evangelio de Juan en su forma hoy fue realmente el original de este manuscrito o era un otro libro. Tal vez que esas palabras fueron una parte de un otro libro que fue citado despu\u00e9s por el autor del evangelio de Juan. Hay muchas posibilidades pero no podemos verificar esto si no tenemos los manuscritos del completo evangelio de Juan datando a un tiempo m\u00e1s temprano que 125 d. J. C. Pocas palabras no son una evidencia suficiente que todo el libro exist\u00eda.<\/p>\n<p><a href=\"https:\/\/jesus-is-muslim.net\/wp-content\/uploads\/2017\/03\/Bible-manuscripts.png\"><img loading=\"lazy\" decoding=\"async\" class=\"alignnone size-full wp-image-1852\" src=\"https:\/\/jesus-is-muslim.net\/wp-content\/uploads\/2017\/03\/Bible-manuscripts.png\" alt=\"Los fragmentos no pueden ser una evidencia para probar toda la Biblia\" width=\"1040\" height=\"570\" srcset=\"https:\/\/jesus-is-muslim.net\/wp-content\/uploads\/2017\/03\/Bible-manuscripts.png 1040w, https:\/\/jesus-is-muslim.net\/wp-content\/uploads\/2017\/03\/Bible-manuscripts-300x164.png 300w, https:\/\/jesus-is-muslim.net\/wp-content\/uploads\/2017\/03\/Bible-manuscripts-768x421.png 768w, https:\/\/jesus-is-muslim.net\/wp-content\/uploads\/2017\/03\/Bible-manuscripts-1024x561.png 1024w\" sizes=\"auto, (max-width: 1040px) 100vw, 1040px\" \/><\/a><\/p>\n<h3>\u00bfLos manuscritos del Mar Muerto Prueban la Autenticidad del Antiguo Testamento?<\/h3>\n<p>Este es el mismo con los manuscritos del Mar Muerto datando de entre los a\u00f1os 250\u00a0a.\u00a0C. y 66\u00a0d.\u00a0C. Una cuenta detallada sobre los manuscritos del Mar Muerto se encuentra en <a href=\"http:\/\/www.deadseascrolls.org.il\/explore-the-archive\">ese enlace\u00a0<\/a>\u00a0(en ingl\u00e9s). Examinando al contenido de estos manuscritos, encontramos s\u00f3lo fragmentos del Antiguo Testamento y no encontramos un libro completo salvo el libro de Isa\u00edas. Tambi\u00e9n no encontramos ning\u00fan fragmento del libro de Ester (aunque tampoco se han hallado fragmentos de Nehem\u00edas, que en la Biblia hebrea forma parte del libro de Esdras).<\/p>\n<p>Esto no prueba la autenticidad del Antiguo Testamento ya que todav\u00eda hay una gran brecha de cuatro siglos entre el tiempo de esos manuscritos y el tiempo del \u00faltimo profeta Malaqu\u00edas, lo que todav\u00eda es un periodo largo. \u00a0Adem\u00e1s, encontramos entre esos manuscritos muchos libros ap\u00f3crifos, lo que hace pregunta sobre la\u00a0canonicidad del Antiguo Testamento y c\u00f3mo los 66 o 73 libros del Antiguo Testamento se han elegido como los libros revelados de Dios. De hecho la mayor\u00eda cantidad de los manuscritos del Mar Muerto son libros ap\u00f3crifos y pseudoepigraf\u00edas de los cuales algunos fueron conocidos como el libro de\u00a0los Jubileos y el libro de Enoc, y algunos otros libros no fueron conocidos como el g\u00e9nesis ap\u00f3crifo como mostrado <a href=\"http:\/\/www.deadseascrolls.org.il\/explore-the-archive\/search#q=composition_type_parent_en:'Parabiblical Texts' AND manuscript_type_parent_en:'Non-Biblical Compositions'\">aqu\u00ed<\/a>. \u00bfC\u00f3mo entonces saber el canon real del Antiguo Testamento si los manuscritos m\u00e1s antiguos contienen los libros ap\u00f3crifos con los libros can\u00f3nicos? Por lo tanto, los manuscritos del Mar Muerto no pueden ser una evidencia de la autenticidad del Antiguo Testamento.<\/p>\n","protected":false},"excerpt":{"rendered":"<p>La Brecha entre las fechas de los Manuscritos y la fecha de la escritura de la Biblia La primera evidencia utilizada por los Cristianos probando que la Biblia es aut\u00e9ntica es su\u00a0gran n\u00famero de manuscritos. De hecho, cuando examinamos los manuscritos de ambos testamentos, encontramos que los manuscritos completos m\u00e1s antiguos fechan al cuarto siglo [&hellip;]<\/p>\n","protected":false},"author":1,"featured_media":1852,"parent":1870,"menu_order":0,"comment_status":"closed","ping_status":"closed","template":"","meta":{"om_disable_all_campaigns":false,"_monsterinsights_skip_tracking":false,"_monsterinsights_sitenote_active":false,"_monsterinsights_sitenote_note":"","_monsterinsights_sitenote_category":0,"_uf_show_specific_survey":0,"_uf_disable_surveys":false,"footnotes":""},"categories":[46],"tags":[],"class_list":["post-1842","page","type-page","status-publish","has-post-thumbnail","hentry","category-la-biblia"],"aioseo_notices":[],"_links":{"self":[{"href":"https:\/\/jesus-is-muslim.net\/es\/wp-json\/wp\/v2\/pages\/1842","targetHints":{"allow":["GET"]}}],"collection":[{"href":"https:\/\/jesus-is-muslim.net\/es\/wp-json\/wp\/v2\/pages"}],"about":[{"href":"https:\/\/jesus-is-muslim.net\/es\/wp-json\/wp\/v2\/types\/page"}],"author":[{"embeddable":true,"href":"https:\/\/jesus-is-muslim.net\/es\/wp-json\/wp\/v2\/users\/1"}],"replies":[{"embeddable":true,"href":"https:\/\/jesus-is-muslim.net\/es\/wp-json\/wp\/v2\/comments?post=1842"}],"version-history":[{"count":0,"href":"https:\/\/jesus-is-muslim.net\/es\/wp-json\/wp\/v2\/pages\/1842\/revisions"}],"up":[{"embeddable":true,"href":"https:\/\/jesus-is-muslim.net\/es\/wp-json\/wp\/v2\/pages\/1870"}],"wp:featuredmedia":[{"embeddable":true,"href":"https:\/\/jesus-is-muslim.net\/es\/wp-json\/wp\/v2\/media\/1852"}],"wp:attachment":[{"href":"https:\/\/jesus-is-muslim.net\/es\/wp-json\/wp\/v2\/media?parent=1842"}],"wp:term":[{"taxonomy":"category","embeddable":true,"href":"https:\/\/jesus-is-muslim.net\/es\/wp-json\/wp\/v2\/categories?post=1842"},{"taxonomy":"post_tag","embeddable":true,"href":"https:\/\/jesus-is-muslim.net\/es\/wp-json\/wp\/v2\/tags?post=1842"}],"curies":[{"name":"wp","href":"https:\/\/api.w.org\/{rel}","templated":true}]}}