{"id":1855,"date":"2017-03-28T07:51:15","date_gmt":"2017-03-28T05:51:15","guid":{"rendered":"https:\/\/jesus-is-muslim.net\/?page_id=1855\/"},"modified":"2018-04-17T10:13:35","modified_gmt":"2018-04-17T08:13:35","slug":"las-citaciones-de-los-primeros-padres-de-la-iglesia-prueban-la-autenticidad-de-la-biblia","status":"publish","type":"page","link":"https:\/\/jesus-is-muslim.net\/es\/jesus-es-musulman\/la-biblia\/las-citaciones-de-los-primeros-padres-de-la-iglesia-prueban-la-autenticidad-de-la-biblia\/","title":{"rendered":"\u00bfLas Citaciones de los Primeros Padres de la Iglesia Prueban la Autenticidad de la Biblia?"},"content":{"rendered":"<p>Los Cristianos frecuentemente utilizan las citaciones de los antiguos padres de la iglesia viviendo en los siglos II hasta el siglo IV de los versos de los evangelios para demostrar la autenticidad de la Biblia. Examinando estas citaciones, encontraremos que hay pocos versos citados por los padres viviendo en el siglo II como\u00a0Ignacio de Antioqu\u00eda,\u00a0Policarpo de Esmirna o Justino M\u00e1rtir. Tal vez que Justino M\u00e1rtir cite m\u00e1s el Antiguo Testamento pero sus citaciones del Nuevo Testamento son muy pocas. Adem\u00e1s, una gran porcentaje de estas citaciones no son precisas, sino son citaciones solo con el sentido y no da su fuente. Esto da la posibilidad que hab\u00eda una fuente com\u00fan de los evangelios de la cu\u00e1l copiaron los autores de los evangelios.<\/p>\n<p><a href=\"https:\/\/jesus-is-muslim.net\/wp-content\/uploads\/2017\/03\/Las-citaciones-de-los-Primeros-Padres-de-la-Iglesia-prueban-la-autenticidad-de-la-Biblia_.png\"><img loading=\"lazy\" decoding=\"async\" class=\"alignnone size-full wp-image-1861\" src=\"https:\/\/jesus-is-muslim.net\/wp-content\/uploads\/2017\/03\/Las-citaciones-de-los-Primeros-Padres-de-la-Iglesia-prueban-la-autenticidad-de-la-Biblia_.png\" alt=\"\u00bfLas citaciones de los Primeros Padres de la Iglesia prueban la autenticidad de la Biblia?\" width=\"1040\" height=\"570\" srcset=\"https:\/\/jesus-is-muslim.net\/wp-content\/uploads\/2017\/03\/Las-citaciones-de-los-Primeros-Padres-de-la-Iglesia-prueban-la-autenticidad-de-la-Biblia_.png 1040w, https:\/\/jesus-is-muslim.net\/wp-content\/uploads\/2017\/03\/Las-citaciones-de-los-Primeros-Padres-de-la-Iglesia-prueban-la-autenticidad-de-la-Biblia_-300x164.png 300w, https:\/\/jesus-is-muslim.net\/wp-content\/uploads\/2017\/03\/Las-citaciones-de-los-Primeros-Padres-de-la-Iglesia-prueban-la-autenticidad-de-la-Biblia_-768x421.png 768w, https:\/\/jesus-is-muslim.net\/wp-content\/uploads\/2017\/03\/Las-citaciones-de-los-Primeros-Padres-de-la-Iglesia-prueban-la-autenticidad-de-la-Biblia_-1024x561.png 1024w\" sizes=\"auto, (max-width: 1040px) 100vw, 1040px\" \/><\/a><\/p>\n<h3>Las Falsas Creencias de los Antiguos Padres de la Iglesia<\/h3>\n<p>Adem\u00e1s, muchos padres adoptaron opiniones y creencias que son contra los evangelios y contra la creencia de los Cristianos hoy. Eso significa que hab\u00eda confusiones y desarrollos entre los Cristianos en esta \u00e9poca, lo que significa que la creencia Cristiana no fue clara en este tiempo aunque fueron m\u00e1s pr\u00f3ximos al tiempo de Jes\u00fas y de los disc\u00edpulos y tuvieron el apoyo el esp\u00edritu santo \u00a0si fueron realmente seguidores de Jes\u00fas seg\u00fan <a href=\"https:\/\/jesus-is-muslim.net\/es\/los-musulmanes-necesitan-el-espiritu-santo-para-guiarlos\/\">la creencia cristiana en el esp\u00edritu santo<\/a>. Vemos algunas opiniones falsas de los padres:<\/p>\n<h4 id=\"firstHeading\" class=\"firstHeading\" lang=\"es\"><a href=\"https:\/\/es.wikipedia.org\/wiki\/Pap%C3%ADas_de_Hier%C3%A1polis\">Pap\u00edas de Hier\u00e1polis (h. <\/a><a title=\"69\" href=\"https:\/\/es.wikipedia.org\/wiki\/69\">69<\/a><a href=\"https:\/\/es.wikipedia.org\/wiki\/Pap%C3%ADas_de_Hier%C3%A1polis\"> &#8211; h. <\/a><a title=\"150\" href=\"https:\/\/es.wikipedia.org\/wiki\/150\">150<\/a><a href=\"https:\/\/es.wikipedia.org\/wiki\/Pap%C3%ADas_de_Hier%C3%A1polis\">)<\/a><\/h4>\n<p>Pap\u00edas fue una fuente utilizada por los Cristianos para probar la autenticidad del evangelio de Mateo. Sin embargo, sus citaciones prueban que no sab\u00eda el evangelio actual de Mateo. Su citaci\u00f3n de la manera en la que Judas muri\u00f3 es contra la <span id=\"result_box\" class=\"short_text\" lang=\"es\">narraci\u00f3n del evangelio de Mateo. Seg\u00fan \u00e9l, Judas se hinch\u00f3 tanto que no pod\u00eda pasar ni siquiera por donde pasaba normalmente un carro y finalmente aplastado por dicho carro extendiendo sus entra\u00f1as en la calle. (Fuente <a href=\"http:\/\/www.ccel.org\/ccel\/schaff\/anf01.vii.ii.iii.html\">aqu\u00ed en ingl\u00e9s<\/a>). <\/span>Esto es contra lo que narr\u00f3 el evangelio de Mateo de que Judas <span id=\"es-RVR1977-24136\" class=\"text Matt-27-5\">se ahorc\u00f3 (Mateo 27:5-6).<\/span><\/p>\n<p>Adem\u00e1s, Eusebio cita estas palabras de Pap\u00edas:<\/p>\n<blockquote><p>\u00abMateo orden\u00f3 en lengua hebrea los dichos del Se\u00f1or y cada uno las interpret\u00f3 [tradujo] conforme a su capacidad\u00bb (Hist. Ecl. III,39,16).<\/p><\/blockquote>\n<p>\u00bfC\u00f3mo entonces decir que el evangelio actual de Mateo es el evangelio significado aqu\u00ed si la lengua del evangelio actual es la lengua greca no la hebrea?<\/p>\n<h3><a href=\"https:\/\/es.wikipedia.org\/wiki\/Ireneo_de_Lyon\">Ireneo de Lyon <\/a>(n.\u00a0 c.130 &#8211; m. c. 202)<\/h3>\n<p>Ireneo dijo que Jes\u00fas tuvo como 50 a\u00f1os, lo que es contra las ense\u00f1anzas de los Cristianos que dicen que Jes\u00fas muri\u00f3 cuando tuvo 33 a\u00f1os. Ireneo dijo en el libro (<i><a href=\"https:\/\/mercaba.files.wordpress.com\/2007\/10\/contra-los-herejes.pdf\">Contra las Herej\u00edas<\/a> p\u00e1gina 120)<\/i>:<\/p>\n<blockquote>\n<div>Los jud\u00edos que disputaban con el Se\u00f1or Jesucristo dieron a entender claramente lo mismo. Pues cuando el Se\u00f1or les dijo: \u00abAbraham vuestro Padre se alegr\u00f3 al ver mi d\u00eda: lo vio y se alegr\u00f3. Ellos le respondieron: A\u00fan no tienes <span class=\"highlight selected\">cincuenta <\/span>a\u00f1os \u00bfy has visto a Abraham?\u00bb (Jn 8,56-57). Esto se dice de una persona que ya ha cumplido los cuarenta y que, sin haber a\u00fan llegado a los cincuenta, sin embargo ya no est\u00e1 en los treinta. Porque si a\u00fan estuviera en los treinta, le hubiesen dicho: \u00abA\u00fan no tienes cuarenta a\u00f1os\u00bb.<\/div>\n<\/blockquote>\n<h3><a href=\"https:\/\/es.wikipedia.org\/wiki\/Tertuliano\">Teruliano <\/a>( ca. 160 \u2013 ca. 220)<\/h3>\n<p>Tertuliano que fue el primero padre de la iglesia utilizando la palabra (trinidad) se adhiri\u00f3 al montanismo que fue un movimiento her\u00e9tico famoso.<\/p>\n<p>La concepci\u00f3n del profetismo seg\u00fan el\u00a0montanismo difer\u00eda sustancialmente de la tradici\u00f3n primitiva, puesto que los profetas del montanismo se consideraban recept\u00e1culos de la divinidad: no eran ellos quienes hablaban, era el Esp\u00edritu quien hablaba por su boca. As\u00ed, Montano era un nuevo Par\u00e1clito que continuaba la revelaci\u00f3n contenida en el Evangelio. (<a href=\"https:\/\/es.wikipedia.org\/wiki\/Montanismo\">fuente aqu\u00ed<\/a>)<\/p>\n<p>\u00bfC\u00f3mo depender de uno que apoy\u00f3 a un hereje para probar la Biblia y la creencia (ortodoxa) del Cristianismo?<\/p>\n<h3><a href=\"https:\/\/es.wikipedia.org\/wiki\/Or%C3%ADgenes\">Or\u00edgenes <\/a>(185-254)<\/h3>\n<p>Or\u00edgenes fue un gran sistematizador del pensamiento cristiano, cuyo influjo habr\u00eda de ser muy notorio en la escol\u00e1stica a pesar de que muchas de sus doctrinas hayan sido consideradas heterodoxas.<\/p>\n<p class=\"biog\">Exponente privilegiado de la gnosis ortodoxa, fue el primero en concebir un sistema completo del cristianismo, integrando las teor\u00edas neoplat\u00f3nicas. Sus ideas, recuperadas y sistematizadas en los siglos siguientes por una corriente de pensamiento llamada origenismo, suscitaron vivas controversias y fueron finalmente condenadas en el concilio de Constantinopla (553).<\/p>\n<p>Cree Or\u00edgenes que todas las almas provienen de un mundo preexistente: los que hicieron uso de su libertad en contra de Dios, fueron condenados a unirse con el cuerpo; es el caso de los hombres. Los demonios ser\u00edan seres cuya desobediencia fue mayor, y por eso cayeron m\u00e1s abajo. Solamente el alma de aquel hombre que ser\u00eda Jes\u00fas permaneci\u00f3 devota y unida al Verbo hasta identificarse plenamente con \u00e9l. La redenci\u00f3n del pecado es ofrecida por el Verbo a todas las criaturas. Pero la escatolog\u00eda de Or\u00edgenes se resume en la apocat\u00e1stasis, seg\u00fan la cual al final de los tiempos tendr\u00e1n fin el infierno y las penas previstas para los condenados y cada cosa ser\u00e1 restituida a su estado originario de proximidad con Dios. (<a href=\"http:\/\/www.biografiasyvidas.com\/biografia\/o\/origenes.htm\">fuente aqu\u00ed<\/a>)<\/p>\n<h3>Conclusi\u00f3n<\/h3>\n<p>Los primeros padres de la iglesia no pueden ser una evidencia para probar que los cuatros evangelios fueron escritos por los disc\u00edpulos de Jes\u00fas a causa de dos razones principales. El primero raz\u00f3n es que hay una brecha de\u00a0alrededor de 100 a\u00f1os entre las citaciones de esos padres y el tiempo de los disc\u00edpulos entonces no podemos saber lo que ha pasado durante este tiempo.<\/p>\n<p>El segundo raz\u00f3n es que estos padres adoptaron opiniones her\u00e9ticas, lo que muestra que no hab\u00eda un papel del esp\u00edritu santo en este tiempo para guiar a los padres o que la mayor\u00eda de los padres primeros fueron herejes. \u00bfC\u00f3mo tomar la creencia ortodoxa de un hereje? Si la creencia no tiene una evidencia s\u00f3lida de ella misma, no puede ser una creencia ortodoxa. Si estos padres considerados como padres grandes y defensores de la fe no pueden tener una creencia ortodoxa, esto significa que la creencia Cristiana no fue una creencia s\u00f3lida en este tiempo.<\/p>\n","protected":false},"excerpt":{"rendered":"<p>Los Cristianos frecuentemente utilizan las citaciones de los antiguos padres de la iglesia viviendo en los siglos II hasta el siglo IV de los versos de los evangelios para demostrar la autenticidad de la Biblia. Examinando estas citaciones, encontraremos que hay pocos versos citados por los padres viviendo en el siglo II como\u00a0Ignacio de Antioqu\u00eda,\u00a0Policarpo [&hellip;]<\/p>\n","protected":false},"author":1,"featured_media":1861,"parent":1870,"menu_order":0,"comment_status":"closed","ping_status":"closed","template":"","meta":{"om_disable_all_campaigns":false,"_monsterinsights_skip_tracking":false,"_monsterinsights_sitenote_active":false,"_monsterinsights_sitenote_note":"","_monsterinsights_sitenote_category":0,"_uf_show_specific_survey":0,"_uf_disable_surveys":false,"footnotes":""},"categories":[46],"tags":[],"class_list":["post-1855","page","type-page","status-publish","has-post-thumbnail","hentry","category-la-biblia"],"aioseo_notices":[],"_links":{"self":[{"href":"https:\/\/jesus-is-muslim.net\/es\/wp-json\/wp\/v2\/pages\/1855","targetHints":{"allow":["GET"]}}],"collection":[{"href":"https:\/\/jesus-is-muslim.net\/es\/wp-json\/wp\/v2\/pages"}],"about":[{"href":"https:\/\/jesus-is-muslim.net\/es\/wp-json\/wp\/v2\/types\/page"}],"author":[{"embeddable":true,"href":"https:\/\/jesus-is-muslim.net\/es\/wp-json\/wp\/v2\/users\/1"}],"replies":[{"embeddable":true,"href":"https:\/\/jesus-is-muslim.net\/es\/wp-json\/wp\/v2\/comments?post=1855"}],"version-history":[{"count":0,"href":"https:\/\/jesus-is-muslim.net\/es\/wp-json\/wp\/v2\/pages\/1855\/revisions"}],"up":[{"embeddable":true,"href":"https:\/\/jesus-is-muslim.net\/es\/wp-json\/wp\/v2\/pages\/1870"}],"wp:featuredmedia":[{"embeddable":true,"href":"https:\/\/jesus-is-muslim.net\/es\/wp-json\/wp\/v2\/media\/1861"}],"wp:attachment":[{"href":"https:\/\/jesus-is-muslim.net\/es\/wp-json\/wp\/v2\/media?parent=1855"}],"wp:term":[{"taxonomy":"category","embeddable":true,"href":"https:\/\/jesus-is-muslim.net\/es\/wp-json\/wp\/v2\/categories?post=1855"},{"taxonomy":"post_tag","embeddable":true,"href":"https:\/\/jesus-is-muslim.net\/es\/wp-json\/wp\/v2\/tags?post=1855"}],"curies":[{"name":"wp","href":"https:\/\/api.w.org\/{rel}","templated":true}]}}