{"id":1867,"date":"2017-03-01T12:07:05","date_gmt":"2017-03-01T10:07:05","guid":{"rendered":"https:\/\/jesus-is-muslim.net\/?page_id=1867\/"},"modified":"2018-04-17T10:14:17","modified_gmt":"2018-04-17T08:14:17","slug":"la-corrupcion-judia-del-antiguo-testamento","status":"publish","type":"page","link":"https:\/\/jesus-is-muslim.net\/es\/jesus-es-musulman\/la-biblia\/la-corrupcion-judia-del-antiguo-testamento\/","title":{"rendered":"La Corrupci\u00f3n Jud\u00eda del Antiguo Testamento"},"content":{"rendered":"<div class=\"ff1\">\n<div id=\"gt-res-content\">\n<div id=\"gt-res-dir-ctr\" class=\"trans-verified-button-small\" dir=\"ltr\">\n<h3 id=\"tts_button\"><span id=\"result_box\" class=\"\" lang=\"es\">Los Cristianos acusan a los Jud\u00edos de Quitar los versos del Antiguo Testamento<\/span><\/h3>\n<p>Este art\u00edculo muestra \u00a0lo que dicen algunos padres de la iglesia y los eruditos Cristianos acusando a los jud\u00edos de quitar o cambiar los versos en el Antiguo Testamento a causa de sus beneficios o de su negligencia. Si los Cristianos que se suponen que comparten el mismo libro con los Jud\u00edos dicen eso, \u00bfc\u00f3mo pedir a los Musulmanes de creer que la Biblia es la pura palabra de Dios?<\/p>\n<p><a href=\"https:\/\/jesus-is-muslim.net\/wp-content\/uploads\/2017\/04\/La-Corrupci\u00f3n-Jud\u00eda-del-Antiguo-Testamento.png\"><img loading=\"lazy\" decoding=\"async\" class=\"alignnone size-full wp-image-1868\" src=\"https:\/\/jesus-is-muslim.net\/wp-content\/uploads\/2017\/04\/La-Corrupci\u00f3n-Jud\u00eda-del-Antiguo-Testamento.png\" alt=\"Si los cristianos acusaron a los jud\u00cdos de quitar versos en el antiguo testamento por sus beneficios, \u00bfpor qu\u00c9 parecer\u00cda extra\u00d1o que los musulmanes digan que la biblia fue cambiado?\" width=\"1040\" height=\"570\" srcset=\"https:\/\/jesus-is-muslim.net\/wp-content\/uploads\/2017\/04\/La-Corrupci\u00f3n-Jud\u00eda-del-Antiguo-Testamento.png 1040w, https:\/\/jesus-is-muslim.net\/wp-content\/uploads\/2017\/04\/La-Corrupci\u00f3n-Jud\u00eda-del-Antiguo-Testamento-300x164.png 300w, https:\/\/jesus-is-muslim.net\/wp-content\/uploads\/2017\/04\/La-Corrupci\u00f3n-Jud\u00eda-del-Antiguo-Testamento-768x421.png 768w, https:\/\/jesus-is-muslim.net\/wp-content\/uploads\/2017\/04\/La-Corrupci\u00f3n-Jud\u00eda-del-Antiguo-Testamento-1024x561.png 1024w\" sizes=\"auto, (max-width: 1040px) 100vw, 1040px\" \/><\/a><\/p>\n<\/div>\n<\/div>\n<p><strong>Justino M\u00e1rtir: Los Jud\u00edos Quitan \u00abMuchas Escrituras\u00bb<\/strong><\/p>\n<p>El primero ejemplo es <a href=\"https:\/\/es.wikipedia.org\/wiki\/Justino_M%C3%A1rtir\">Justino M\u00e1rtir <\/a>(100-168 d. J. C) que fue un padre de la iglesia que dice en su di\u00e1logo con Trif\u00f3n (un Jud\u00edo) que los Judios quitaron muchas escrituras:<\/p>\n<blockquote><p>\u00abPero estoy lejos de poner confianza en tus maestros, quienes se niegan a admitir que la interpretaci\u00f3n hecha por los setenta ancianos (&#8230;) es correcta; e intentan formular otra 169 . Y deseo que observes, que todos ellos han quitado muchas Escrituras (noXk\u00e1q ypowp\u00e1c;) de las traducciones efectuadas por aquellos setenta ancianos (&#8230;) pero procedo a continuar mis discusiones por medio de aquellos pasajes que a\u00fan son admitidos por ustedes (&#8230;) ustedes contradicen la proposici\u00f3n \u00abHe aqu\u00ed que una virgen concebir\u00e1\u00bb [Is 7, 14], y dicen que debe ser le\u00eddo \u00abHe aqu\u00ed que una joven concebir\u00e1\u00bb. \u00bb<\/p>\n<p>A pedido de Trif\u00f3n, quien, descre\u00eddo, le pide alg\u00fan ejemplo de esas Escrituras que \u00e9l 171 considera \u00abquitadas\u00bb, Justino se limita a citar un fragmento de Esdras , otro del Salmo 96, 10 (ninguno de ellos se conserva en los c\u00e1nones actuales) y dos de Jerem\u00edas, de los cuales uno se conserva en el canon (Jr. 11, 19) y el otro, desconocido, presenta un paralelismo interesante con la doctrina del descenso de Cristo a los Infiernos: \u00abEl Se\u00f1or Dios se acord\u00f3 de Su gente de Israel muerta que reposaba en las tumbas; y \u00c9l descendi\u00f3 para predicarles Su propia salvaci\u00f3n\u00bb 112 . (Di\u00e1logo con Trif\u00f3n de LXX a LXXII, fuente <a href=\"https:\/\/archive.org\/stream\/el-libro-de-la-sabidurc3ada-y\/el-libro-de-la-sabidurc3ada-y_djvu.txt\">aqu\u00ed<\/a> y en <a href=\"http:\/\/www.ccel.org\/ccel\/schaff\/anf01.viii.iv.lxxii.html\">ingl\u00e9s<\/a>)<\/p><\/blockquote>\n<p>Vemos aqu\u00ed que Justino acusa a los jud\u00edos de cambiar la Biblia por sus beneficios, lo que significa que los jud\u00edos no obedec\u00edan a Dios en Deutoronomio 4:2 y camb\u00edan Sus palabras.<\/p>\n<h3>Juan Crisostomo afirma la p\u00e9rdida de muchas escrituras B\u00edblicas<\/h3>\n<p>Juan Crisostomo dijo acerca de Mateo 2:23 hablando de una profec\u00eda dicha por las profetas sobre Jes\u00fas que \u00abhabr\u00eda de ser llamado nazareno\u00bb :<\/p>\n<\/div>\n<blockquote>\n<p class=\"ff1\"><span class=\"a\">POR QU\u00c9 SE LLAMA <span class=\"fourgen_highlight\">NAZARENO<\/span> A JES\u00daS<\/span><\/p>\n<p class=\"ff2\"><span class=\"a\">Per<span class=\"l7\">o \u00bfqu\u00e9 profet<span class=\"l8\">a dij<span class=\"l6\">o eso? No lo inquieras curiosamente, no <\/span><\/span><\/span><\/span><span class=\"a\">pierdas el tiempo en averiguarlo. Porque muchos libros de los <\/span><span class=\"a\">profetas han desaparecido, como puede verse por la historia de los Paralip\u00f3menos (Par 34,14ss), y es que los jud\u00edos eran negligentes <\/span><span class=\"a\">y co<span class=\"l9\">ntinuame<span class=\"l10\">nte ca\u00edan en la id<span class=\"l8\">olatr\u00eda; de ah\u00ed que unos libros <\/span><\/span><\/span><\/span><span class=\"a\">dejaron que se perdieran, otros los hicieron pedazos ellos mismos. <\/span><span class=\"a\">Lo uno lo cuenta Jerem\u00edas (36,19), lo otro el autor del libro cuarto <\/span><span class=\"a\">de los Reyes, diciendo que despu\u00e9s de mucho tiempo se encontr\u00f3 <\/span><span class=\"a\">con mucho trabajo el libro del Deuteronomio, que hab\u00eda estado all\u00e1 <\/span><span class=\"a\">enterrado y desaparecido (4 Reyes 22,8). Ahora bien, si cuando el <\/span><span class=\"a\">extranjero no hab\u00eda a\u00fan ocupado su pa\u00eds, abandonaron los libros <\/span><span class=\"a\">sagrados, mucho m\u00e1s despu\u00e9s de la invasi\u00f3n extranjera. <\/span><\/p>\n<p>(Homil\u00eda sobre el Evangelio de San Mateo, San Juan Crisostomo fuente <a href=\"https:\/\/www.scribd.com\/doc\/65897169\/Homilias-sobre-el-Evangelio-de-San-Mateo-San-Juan-Crisostomo\">aqu\u00ed<\/a> p\u00e1gina 132 y fuente en ingl\u00e9s <a href=\"http:\/\/www.ccel.org\/ccel\/schaff\/npnf110.iii.IX.html\">aqu\u00ed<\/a>)<\/p><\/blockquote>\n<h3>Adam Clarke: Monte Gerizim o al monte Ebal<\/h3>\n<p>Nos encontramos con la siguiente declaraci\u00f3n en el Deuteronomio:<\/p>\n<blockquote><p>Ser\u00e1 cuando hab\u00e9is pasado el Jord\u00e1n que hab\u00e9is de establecer levantar\u00e1s estas piedras que yo os mando hoy, en el monte Ebal, y t\u00fa deber\u00e1n yeso con yeso .. \u00ab<\/p><\/blockquote>\n<p>Por otro lado la versi\u00f3n samaritana contiene:<\/p>\n<blockquote><p>&#8230; Las piedras que yo les comando SET en Gerizim.<\/p><\/blockquote>\n<p>Adam Clarke, el famoso erudito protestante, dice en la p\u00e1gina 817 del primer volumen de su comentario:<\/p>\n<blockquote><p>El erudito Kennicott sostuvo que el samaritano versi\u00f3n\u00a0era correcta, mientras que los estudiosos Parry y Verschuur afirm\u00f3 que la versi\u00f3n hebrea era aut\u00e9ntica, pero es generalmente conocido que Kennicott propios argumentos son irrefutables, y la gente cree positivamente que los Judios, de su enemistad contra los samaritanos, cambiado el texto. (fuente <a href=\"http:\/\/www.studylight.org\/commentary\/deuteronomy\/27-4.html\">aqu\u00ed<\/a> en ingl\u00e9s)<\/p><\/blockquote>\n<h3>Conclusi\u00f3n<\/h3>\n<p>Encontramos arriba que los jud\u00edos no tuvieron ning\u00fan problema en quitar o cambiar las escrituras por sus beneficios contra los Cristianos, los samaritanos y en otros art\u00edculos vamos a ver ejemplos contra los Musulmanes con respecto al <a href=\"https:\/\/jesus-is-muslim.net\/es\/jesus-es-musulman\/la-biblia\/las-dificultades-de-la-biblia\/corrupcion-nombre-del-hijo-ofrecido-de-abraham\/\">hijo ofrecido de Abraham<\/a>.<\/p>\n<p>Estos fueron algunos ejemplos en las obras Cristianas, y por supuesto si buscamos m\u00e1s vamos a descubrir m\u00e1s ejemplos. Las antiguas obras isl\u00e1micas hablan de escrituras prediciendo la llegada del Profeta Muhammad \ufdfa expl\u00edcitamente y no son presentes en la Biblia hoy. Si los jud\u00edos quitan versos hablando de Jes\u00fas y compartan el Antiguo Testamento con los Cristianos, ser\u00eda m\u00e1s f\u00e1cil de quitar los versos hablando del Profeta Muhammad \ufdfa\u00a0ya que los jud\u00edos no compartan la Biblia con los Musulmanes, \u00a0y los Cristianos ser\u00edan de acuerdo con ellos. Entonces, no podemos decir que la Biblia hoy contiene la pura y correcta palabra de Dios.<\/p>\n","protected":false},"excerpt":{"rendered":"<p>Los Cristianos acusan a los Jud\u00edos de Quitar los versos del Antiguo Testamento Este art\u00edculo muestra \u00a0lo que dicen algunos padres de la iglesia y los eruditos Cristianos acusando a los jud\u00edos de quitar o cambiar los versos en el Antiguo Testamento a causa de sus beneficios o de su negligencia. Si los Cristianos que [&hellip;]<\/p>\n","protected":false},"author":1,"featured_media":1868,"parent":1870,"menu_order":0,"comment_status":"closed","ping_status":"closed","template":"","meta":{"om_disable_all_campaigns":false,"_monsterinsights_skip_tracking":false,"_monsterinsights_sitenote_active":false,"_monsterinsights_sitenote_note":"","_monsterinsights_sitenote_category":0,"_uf_show_specific_survey":0,"_uf_disable_surveys":false,"footnotes":""},"categories":[46],"tags":[],"class_list":["post-1867","page","type-page","status-publish","has-post-thumbnail","hentry","category-la-biblia"],"aioseo_notices":[],"_links":{"self":[{"href":"https:\/\/jesus-is-muslim.net\/es\/wp-json\/wp\/v2\/pages\/1867","targetHints":{"allow":["GET"]}}],"collection":[{"href":"https:\/\/jesus-is-muslim.net\/es\/wp-json\/wp\/v2\/pages"}],"about":[{"href":"https:\/\/jesus-is-muslim.net\/es\/wp-json\/wp\/v2\/types\/page"}],"author":[{"embeddable":true,"href":"https:\/\/jesus-is-muslim.net\/es\/wp-json\/wp\/v2\/users\/1"}],"replies":[{"embeddable":true,"href":"https:\/\/jesus-is-muslim.net\/es\/wp-json\/wp\/v2\/comments?post=1867"}],"version-history":[{"count":0,"href":"https:\/\/jesus-is-muslim.net\/es\/wp-json\/wp\/v2\/pages\/1867\/revisions"}],"up":[{"embeddable":true,"href":"https:\/\/jesus-is-muslim.net\/es\/wp-json\/wp\/v2\/pages\/1870"}],"wp:featuredmedia":[{"embeddable":true,"href":"https:\/\/jesus-is-muslim.net\/es\/wp-json\/wp\/v2\/media\/1868"}],"wp:attachment":[{"href":"https:\/\/jesus-is-muslim.net\/es\/wp-json\/wp\/v2\/media?parent=1867"}],"wp:term":[{"taxonomy":"category","embeddable":true,"href":"https:\/\/jesus-is-muslim.net\/es\/wp-json\/wp\/v2\/categories?post=1867"},{"taxonomy":"post_tag","embeddable":true,"href":"https:\/\/jesus-is-muslim.net\/es\/wp-json\/wp\/v2\/tags?post=1867"}],"curies":[{"name":"wp","href":"https:\/\/api.w.org\/{rel}","templated":true}]}}