{"id":1882,"date":"2017-04-06T19:50:53","date_gmt":"2017-04-06T17:50:53","guid":{"rendered":"https:\/\/jesus-is-muslim.net\/?page_id=1882\/"},"modified":"2018-04-17T10:15:31","modified_gmt":"2018-04-17T08:15:31","slug":"corrupcion-nombre-del-hijo-ofrecido-de-abraham","status":"publish","type":"page","link":"https:\/\/jesus-is-muslim.net\/es\/jesus-es-musulman\/la-biblia\/las-dificultades-de-la-biblia\/corrupcion-nombre-del-hijo-ofrecido-de-abraham\/","title":{"rendered":"La Corrupci\u00f3n del nombre del Hijo Ofrecido de Abraham"},"content":{"rendered":"<p>\u00bfQui\u00e9n es el hijo ofrecido de Abraham; Ismael o Isaac? Esto fue un punto de controversia entre los Musulmanes que creen que es Ismael, y los Jud\u00edos y los Cristianos que creen que es Isaac. Este art\u00edculo mostrar\u00e1 una dificultad b\u00edblica significando una alteraci\u00f3n de versos en la Biblia con respecto a este tema. Posaremos una pregunta a la Biblia:<\/p>\n<p><a href=\"https:\/\/jesus-is-muslim.net\/wp-content\/uploads\/2017\/04\/Quien-es-el-hijo-ofrecido-de-Abraham_3.png\"><img loading=\"lazy\" decoding=\"async\" class=\"alignnone wp-image-1889 size-full\" src=\"https:\/\/jesus-is-muslim.net\/wp-content\/uploads\/2017\/04\/Quien-es-el-hijo-ofrecido-de-Abraham_3.png\" alt=\"\u00bfCu\u00e1l es la edad de Ismael cuando se fue con Agar? UNA CONTRADICCI\u00d3N DE LA BIBLIA MOSTRANDO LA ALTERACI\u00d3N DEL NOMBRE DEL HIJO OFRECIDO DE ABRAHAM de Ismael a Isaac\" width=\"1040\" height=\"570\" srcset=\"https:\/\/jesus-is-muslim.net\/wp-content\/uploads\/2017\/04\/Quien-es-el-hijo-ofrecido-de-Abraham_3.png 1040w, https:\/\/jesus-is-muslim.net\/wp-content\/uploads\/2017\/04\/Quien-es-el-hijo-ofrecido-de-Abraham_3-300x164.png 300w, https:\/\/jesus-is-muslim.net\/wp-content\/uploads\/2017\/04\/Quien-es-el-hijo-ofrecido-de-Abraham_3-768x421.png 768w, https:\/\/jesus-is-muslim.net\/wp-content\/uploads\/2017\/04\/Quien-es-el-hijo-ofrecido-de-Abraham_3-1024x561.png 1024w\" sizes=\"auto, (max-width: 1040px) 100vw, 1040px\" \/><\/a><\/p>\n<h3>\u00bfCu\u00e1l es la edad de Ismael cuando fue con Agar?<\/h3>\n<p>La Biblia dice que Ismael tuvo 16 a\u00f1os cuando fue con Agar:<\/p>\n<blockquote><p><span id=\"es-RVR1977-422\">G\u00e9nesis 17:24\u00a0Era Abraham de edad de noventa y nueve a\u00f1os cuando circuncid\u00f3 la carne de su prepucio. <\/span><span id=\"es-RVR1977-423\">25\u00a0E Ismael su hijo era <strong>de trece a\u00f1os<\/strong>, cuando fue circuncidada la carne de su prepucio.<\/span><\/p><\/blockquote>\n<p>Isaac naci\u00f3 despu\u00e9s de que Abraham tuvo 100 a\u00f1os (G\u00e9nesis 21:5), <span class=\"text Gen-21-8\">y fue destetado (G\u00e9nesis 21:8), lo que\u00a0 tarda como 2 a\u00f1os. Esto significa que Ismael tuvo como 16 a\u00f1os cuando se fue con Agar como mostrado en G\u00e9nesis 21. Posemos esta pregunta: \u00bfC\u00f3mo Agar pod\u00eda alzar a un <\/span><span id=\"result_box\" class=\"short_text\" lang=\"es\">adolescente de 16 a\u00f1os a lo largo del camino como muestra el cap\u00edtulo?<br \/>\n<\/span><\/p>\n<blockquote><p><span id=\"es-RVR1977-528\" class=\"text Gen-21-14\"><sup class=\"versenum\">14\u00a0<\/sup>Entonces Abraham se levant\u00f3 muy de ma\u00f1ana, y tom\u00f3 pan, y un odre de agua, y lo dio a Agar, <strong>poni\u00e9ndolo sobre su hombro, y le entreg\u00f3 el muchacho, y la despidi\u00f3.<\/strong> Y ella sali\u00f3 y anduvo errante por el desierto de Beerseba. <\/span><span id=\"es-RVR1977-529\" class=\"text Gen-21-15\"><sup class=\"versenum\">15\u00a0<\/sup>Y le falt\u00f3 el agua del odre, <strong>y ech\u00f3 al muchacho debajo de un arbusto<\/strong>, <\/span><span id=\"es-RVR1977-530\" class=\"text Gen-21-16\"><sup class=\"versenum\">16\u00a0<\/sup>y se fue y se sent\u00f3 enfrente, a distancia de un tiro de arco; porque dec\u00eda: No ver\u00e9 cuando el muchacho muera. Y cuando ella se sent\u00f3 enfrente, el muchacho alz\u00f3 su voz y llor\u00f3. <\/span><span id=\"es-RVR1977-531\" class=\"text Gen-21-17\"><sup class=\"versenum\">17\u00a0<\/sup><strong>Y oy\u00f3 Dios la voz del muchacho que lloraba<\/strong>; y el \u00e1ngel de Dios llam\u00f3 a Agar desde el cielo, y le dijo: \u00bfQu\u00e9 tienes, Agar? No temas; porque Dios ha o\u00eddo la voz del muchacho en donde est\u00e1. <\/span><span id=\"es-RVR1977-532\" class=\"text Gen-21-18\"><sup class=\"versenum\">18\u00a0<\/sup>Lev\u00e1ntate, <strong>alza al muchacho, y sostenlo con tu mano<\/strong>, porque yo har\u00e9 de \u00e9l una gran naci\u00f3n. <\/span><span id=\"es-RVR1977-533\" class=\"text Gen-21-19\"><sup class=\"versenum\">19\u00a0<\/sup>Entonces Dios le abri\u00f3 los ojos, y vio una fuente de agua; y fue y llen\u00f3 el odre de agua, y dio de beber al muchacho. <\/span><span id=\"es-RVR1977-534\" class=\"text Gen-21-20\"><sup class=\"versenum\">20\u00a0<\/sup>Y Dios estaba con el muchacho; y creci\u00f3, y habit\u00f3 en el desierto, y fue tirador de arco.<\/span><\/p><\/blockquote>\n<p>El cap\u00edtulo muestra Ismael como un beb\u00e9 llevado y sostenido por su madre y no habla sino sigue llorando. Este no es la manera de un adolescente teniendo 16 a\u00f1os. Si Ismael ten\u00eda 16 a\u00f1os durante esta situaci\u00f3n, podr\u00eda ir a buscar al agua con su madre. Uno puede decir que Abraham no coloc\u00f3 Ismael sobre el hombro de Agar sino se le entreg\u00f3, entonces el verso no dice que Ismael fue un beb\u00e9 aqu\u00ed, pero parece que los escritos del texto Masor\u00e9tico sentaban la dificultad y as\u00ed que le escribieron en esta manera. Sin embargo, <a href=\"http:\/\/www.bibliacatolica.com.br\/septuaginta-transliterada-vs-la-biblia-de-jerusalen\/genesis\/21\/\">la traducci\u00f3n de la Septuaginta<\/a> da una traducci\u00f3n diferente:<\/p>\n<blockquote><p>14. Levant\u00f3se, pues, Abraham de ma\u00f1ana, tom\u00f3 pan y un odre de agua, y se lo dio a Agar,<span style=\"text-decoration: underline;\"><strong> le puso al hombro el ni\u00f1o<\/strong><\/span> y la despidi\u00f3. Ella se fue y anduvo por el desierto de Berseba.<\/p><\/blockquote>\n<p>Por lo tanto, hay un problema aqu\u00ed. Su raz\u00f3n ser\u00e1 clara en el cap\u00edtulo siguiente:<\/p>\n<blockquote><p><span class=\"text Gen-22-1\">G\u00e9nesis 22:1 <strong>Aconteci\u00f3 que despu\u00e9s de estas cosas<\/strong>, Dios prob\u00f3 a Abraham, y le dijo: \u00a1Abraham! Y \u00e9l respondi\u00f3: Heme aqu\u00ed.<\/span> <span id=\"es-LBLA-550\" class=\"text Gen-22-2\"><sup class=\"versenum\">2\u00a0<\/sup>Y <i>Dios<\/i> dijo: Toma ahora a tu hijo, tu \u00fanico, a quien amas, a Isaac, y ve a la tierra de Moriah, y ofr\u00e9celo all\u00ed en holocausto sobre uno de los montes que yo te dir\u00e9.<\/span><\/p><\/blockquote>\n<p>Los Musulmanes creen que Ismael es el hijo ofrecido de Abraham y creen que los Jud\u00edos modificaron la palabra Ismael para que sea Isaac. La dificultad mostrada arriba es una evidencia clara ya que el verso dice que el sacrificio del hijo de Abraham se pas\u00f3 despu\u00e9s de los eventos de Ismael e Agar y si Ismael fue todav\u00eda un beb\u00e9, eso significa que Isaac a\u00fan no ha nacido y entonces no puede ser el hijo ofrecido en G\u00e9nesis 22. Entonces, los Jud\u00edos modificaron el nombre del hijo de Abraham de Ismael a Isaac y reorganizaron la historia poniendo la historia del nacimiento de Isaac antes del sacrificio para resolver este problema pero olvidaron a deshacerse del problema de la edad de Ismael.<\/p>\n<p>Eso no es la primera vez en la que los Jud\u00edos modificaron los versos por sus beneficios. Hicieron eso con los Cristianos y con los Samaritanos como explicado en el art\u00edculo hablando de <a href=\"https:\/\/jesus-is-muslim.net\/es\/jesus-es-musulman\/la-biblia\/la-corrupcion-judia-del-antiguo-testamento\/\">la corrupci\u00f3n Judia del Antiguo Testamento.<\/a><\/p>\n","protected":false},"excerpt":{"rendered":"<p>\u00bfQui\u00e9n es el hijo ofrecido de Abraham; Ismael o Isaac? Esto fue un punto de controversia entre los Musulmanes que creen que es Ismael, y los Jud\u00edos y los Cristianos que creen que es Isaac. Este art\u00edculo mostrar\u00e1 una dificultad b\u00edblica significando una alteraci\u00f3n de versos en la Biblia con respecto a este tema. Posaremos [&hellip;]<\/p>\n","protected":false},"author":1,"featured_media":1889,"parent":1872,"menu_order":0,"comment_status":"closed","ping_status":"closed","template":"","meta":{"om_disable_all_campaigns":false,"_monsterinsights_skip_tracking":false,"_monsterinsights_sitenote_active":false,"_monsterinsights_sitenote_note":"","_monsterinsights_sitenote_category":0,"_uf_show_specific_survey":0,"_uf_disable_surveys":false,"footnotes":""},"categories":[47],"tags":[],"class_list":["post-1882","page","type-page","status-publish","has-post-thumbnail","hentry","category-las-dificultades-de-la-biblia"],"aioseo_notices":[],"_links":{"self":[{"href":"https:\/\/jesus-is-muslim.net\/es\/wp-json\/wp\/v2\/pages\/1882","targetHints":{"allow":["GET"]}}],"collection":[{"href":"https:\/\/jesus-is-muslim.net\/es\/wp-json\/wp\/v2\/pages"}],"about":[{"href":"https:\/\/jesus-is-muslim.net\/es\/wp-json\/wp\/v2\/types\/page"}],"author":[{"embeddable":true,"href":"https:\/\/jesus-is-muslim.net\/es\/wp-json\/wp\/v2\/users\/1"}],"replies":[{"embeddable":true,"href":"https:\/\/jesus-is-muslim.net\/es\/wp-json\/wp\/v2\/comments?post=1882"}],"version-history":[{"count":0,"href":"https:\/\/jesus-is-muslim.net\/es\/wp-json\/wp\/v2\/pages\/1882\/revisions"}],"up":[{"embeddable":true,"href":"https:\/\/jesus-is-muslim.net\/es\/wp-json\/wp\/v2\/pages\/1872"}],"wp:featuredmedia":[{"embeddable":true,"href":"https:\/\/jesus-is-muslim.net\/es\/wp-json\/wp\/v2\/media\/1889"}],"wp:attachment":[{"href":"https:\/\/jesus-is-muslim.net\/es\/wp-json\/wp\/v2\/media?parent=1882"}],"wp:term":[{"taxonomy":"category","embeddable":true,"href":"https:\/\/jesus-is-muslim.net\/es\/wp-json\/wp\/v2\/categories?post=1882"},{"taxonomy":"post_tag","embeddable":true,"href":"https:\/\/jesus-is-muslim.net\/es\/wp-json\/wp\/v2\/tags?post=1882"}],"curies":[{"name":"wp","href":"https:\/\/api.w.org\/{rel}","templated":true}]}}