{"id":1892,"date":"2017-04-06T18:48:15","date_gmt":"2017-04-06T16:48:15","guid":{"rendered":"https:\/\/jesus-is-muslim.net\/?page_id=1892\/"},"modified":"2018-04-17T10:15:15","modified_gmt":"2018-04-17T08:15:15","slug":"cuando-abraham-partio-de-haran","status":"publish","type":"page","link":"https:\/\/jesus-is-muslim.net\/es\/jesus-es-musulman\/la-biblia\/las-dificultades-de-la-biblia\/cuando-abraham-partio-de-haran\/","title":{"rendered":"\u00bfCu\u00e1ndo Abraham parti\u00f3 de Har\u00e1n?"},"content":{"rendered":"<p>\u00bfCu\u00e1ndo Abraham parti\u00f3 de Har\u00e1n, antes o despu\u00e9s de la muerte de su padre? Es una contradicci\u00f3n en la Biblia mostrando la <span id=\"result_box\" class=\"short_text\" lang=\"es\"><span class=\"\">inconsistencia<\/span><\/span> entre el Antiguo Testamento y el Nuevo Testamento.<\/p>\n<p><a href=\"https:\/\/jesus-is-muslim.net\/wp-content\/uploads\/2017\/04\/\u00bfCu\u00e1ndo-Abraham-parti\u00f3-de-Har\u00e1n-.png\"><img loading=\"lazy\" decoding=\"async\" class=\"alignnone size-full wp-image-1896\" src=\"https:\/\/jesus-is-muslim.net\/wp-content\/uploads\/2017\/04\/\u00bfCu\u00e1ndo-Abraham-parti\u00f3-de-Har\u00e1n-.png\" alt=\"\u00bfCu\u00e1ndo Abraham parti\u00f3 de Har\u00e1n, antes o despues la muerte de su padre?\" width=\"1040\" height=\"570\" srcset=\"https:\/\/jesus-is-muslim.net\/wp-content\/uploads\/2017\/04\/\u00bfCu\u00e1ndo-Abraham-parti\u00f3-de-Har\u00e1n-.png 1040w, https:\/\/jesus-is-muslim.net\/wp-content\/uploads\/2017\/04\/\u00bfCu\u00e1ndo-Abraham-parti\u00f3-de-Har\u00e1n--300x164.png 300w, https:\/\/jesus-is-muslim.net\/wp-content\/uploads\/2017\/04\/\u00bfCu\u00e1ndo-Abraham-parti\u00f3-de-Har\u00e1n--768x421.png 768w, https:\/\/jesus-is-muslim.net\/wp-content\/uploads\/2017\/04\/\u00bfCu\u00e1ndo-Abraham-parti\u00f3-de-Har\u00e1n--1024x561.png 1024w\" sizes=\"auto, (max-width: 1040px) 100vw, 1040px\" \/><\/a><\/p>\n<h3>\u00bfQu\u00e9 dice el Antiguo Testamento?<\/h3>\n<p>Encontramos que Tar\u00e9 ten\u00eda 70 a\u00f1os cuando engendr\u00f3 Abraham:<\/p>\n<blockquote><p><span id=\"es-LBLA-293\">G\u00e9nesis 11:26\u00a0<\/span><span id=\"es-LBLA-293\" class=\"text Gen-11-26\">Tar\u00e9 vivi\u00f3 setenta a\u00f1os, y engendr\u00f3 a Abram, a Nacor y a Har\u00e1n.<\/span><\/p><\/blockquote>\n<p>Despu\u00e9s, G\u00e9nesis dice que Abraham parti\u00f3 de Har\u00e1n cuando ten\u00eda 75 a\u00f1os:<\/p>\n<blockquote>\n<p class=\"first-line-none\"><span id=\"es-LBLA-303\">G\u00e9nesis 12:4\u00a0<\/span><span id=\"es-LBLA-303\" class=\"text Gen-12-4\">Entonces Abram se fue tal como el <span class=\"small-caps\">Se\u00f1or<\/span> le hab\u00eda dicho; y Lot fue con \u00e9l. <strong>Y Abram <i>ten\u00eda<\/i> setenta y cinco a\u00f1os cuando parti\u00f3 de Har\u00e1n.<\/strong><\/span><\/p>\n<\/blockquote>\n<p class=\"first-line-none\">Tar\u00e9 ten\u00eda 205 cuando muri\u00f3:<\/p>\n<blockquote><p><span id=\"es-LBLA-299\">G\u00e9nesis 11:32\u00a0<\/span><span id=\"es-LBLA-299\" class=\"text Gen-11-32\">Los d\u00edas de Tar\u00e9 fueron doscientos cinco a\u00f1os; y muri\u00f3 Tar\u00e9 en Har\u00e1n.<\/span><\/p><\/blockquote>\n<h3>\u00bfQu\u00e9 dice el Nuevo Testamento?<\/h3>\n<p>Sin embargo el escritor del libro de hechos tiene una opini\u00f3n diferente:<\/p>\n<blockquote><p><span id=\"es-LBLA-27121\">Hechos 7:4\u00a0Entonces \u00e9l sali\u00f3 de la tierra de los caldeos y se radic\u00f3 en Har\u00e1n. Y de all\u00ed, <strong>despu\u00e9s de la muerte de su padre,<\/strong><strong> Dios lo traslad\u00f3 a esta tierra en la cual ahora vosotros habit\u00e1is.<\/strong><\/span><\/p><\/blockquote>\n<p>Por lo tanto encontramos aqu\u00ed una contradicci\u00f3n entre los dos testamentos.<\/p>\n<h3>Los Intentos para Resolver Esta Dificultad<\/h3>\n<p>Los eruditos Cristianos intentaron a resolver esta dificultad diciendo que Tar\u00e9 no engendr\u00f3 a Abraham cuando tuvo 70 a\u00f1os, sino cuando tuvo 130 a\u00f1os y Abraham fue mencionado al primero ya que fue el mejor de sus hermanos y citaron versos en la Biblia probando esto como el verso mencionando Shem el hijo de No\u00e9 antes de sus hermanos aunque fue su hijo m\u00e1s joven o cu\u00e1ndo Mois\u00e9s fue mencionado antes de Aaron aunque fue m\u00e1s joven que \u00e9l.<\/p>\n<p>Sin embargo, esto es contra lo que Abraham <span id=\"result_box\" class=\"short_text\" lang=\"es\"><span class=\"\">s\u00ed <\/span><\/span>mismo dijo:<\/p>\n<blockquote><p><span id=\"es-LBLA-415\">G\u00e9nesis 17:17\u00a0<\/span><span id=\"es-LBLA-415\" class=\"text Gen-17-17\">Entonces Abraham se postr\u00f3 sobre su rostro y se ri\u00f3, y dijo en su coraz\u00f3n:<strong> \u00bfA un hombre de cien a\u00f1os le nacer\u00e1 un hijo?<\/strong> \u00bfY Sara, que tiene noventa a\u00f1os, concebir\u00e1?<\/span><\/p><\/blockquote>\n<p>Si Abraham naci\u00f3 cuando su padre ten\u00eda 130 a\u00f1os, \u00bfpor qu\u00e9 <span id=\"result_box\" class=\"short_text\" lang=\"es\">asombrarse de que un hombre de cien a\u00f1os engendrar\u00e1 un hijo?<br \/>\n<\/span><\/p>\n<p>Adem\u00e1s, hay un fragmento descubierto en el Mar Muerto <span id=\"result_box\" class=\"short_text\" lang=\"es\">Contradiciendo con este interpretaci\u00f3n, se situando en el fragmento 4Q252 que dice:<br \/>\n<\/span><\/p>\n<blockquote><p>~Terah was~one hundred~and forty years old when he left 9Ur of the Chaldees and went to Haran and Ab[ram was s]eventy. And he dwet five years in Haran. <strong>Then [Terah died] six[ty years after Abram] went out [to] the land of Ganaan. \u201c <\/strong>(<a href=\"http:\/\/www.moellerhaus.com\/Dead%20Sea%20Scrs\/dsscomsGen.htm\">Fuente aqu\u00ed<\/a>)<\/p><\/blockquote>\n<p>La traducci\u00f3n en espa\u00f1ol es:<\/p>\n<blockquote><p>\u00abTar\u00e9 ten\u00eda 140 a\u00f1os cuando parti\u00f3 de Ur de Chaldea y fue a Har\u00e1n y Abraham ten\u00eda 70 a\u00f1os. Abraham se qued\u00f3 5 a\u00f1os en Har\u00e1n y despu\u00e9s, <strong>Tar\u00e9 muri\u00f3 60 a\u00f1os despu\u00e9s de \u0650Abraham parti\u00f3 hacia la tierra de Cana\u00e1n.\u00bb<\/strong><\/p><\/blockquote>\n<p>Por lo tanto, diciendo que Tar\u00e9 engendr\u00f3 Abraham cuando ten\u00eda 130 a\u00f1os contradice con la Biblia y con los manuscritos del Mar Muero, lo que significa que hay un problema en lo que dijo el escritor de los hechos.<\/p>\n","protected":false},"excerpt":{"rendered":"<p>\u00bfCu\u00e1ndo Abraham parti\u00f3 de Har\u00e1n, antes o despu\u00e9s de la muerte de su padre? Es una contradicci\u00f3n en la Biblia mostrando la inconsistencia entre el Antiguo Testamento y el Nuevo Testamento. \u00bfQu\u00e9 dice el Antiguo Testamento? Encontramos que Tar\u00e9 ten\u00eda 70 a\u00f1os cuando engendr\u00f3 Abraham: G\u00e9nesis 11:26\u00a0Tar\u00e9 vivi\u00f3 setenta a\u00f1os, y engendr\u00f3 a Abram, a [&hellip;]<\/p>\n","protected":false},"author":1,"featured_media":1896,"parent":1872,"menu_order":0,"comment_status":"closed","ping_status":"closed","template":"","meta":{"om_disable_all_campaigns":false,"_monsterinsights_skip_tracking":false,"_monsterinsights_sitenote_active":false,"_monsterinsights_sitenote_note":"","_monsterinsights_sitenote_category":0,"_uf_show_specific_survey":0,"_uf_disable_surveys":false,"footnotes":""},"categories":[47],"tags":[],"class_list":["post-1892","page","type-page","status-publish","has-post-thumbnail","hentry","category-las-dificultades-de-la-biblia"],"aioseo_notices":[],"_links":{"self":[{"href":"https:\/\/jesus-is-muslim.net\/es\/wp-json\/wp\/v2\/pages\/1892","targetHints":{"allow":["GET"]}}],"collection":[{"href":"https:\/\/jesus-is-muslim.net\/es\/wp-json\/wp\/v2\/pages"}],"about":[{"href":"https:\/\/jesus-is-muslim.net\/es\/wp-json\/wp\/v2\/types\/page"}],"author":[{"embeddable":true,"href":"https:\/\/jesus-is-muslim.net\/es\/wp-json\/wp\/v2\/users\/1"}],"replies":[{"embeddable":true,"href":"https:\/\/jesus-is-muslim.net\/es\/wp-json\/wp\/v2\/comments?post=1892"}],"version-history":[{"count":0,"href":"https:\/\/jesus-is-muslim.net\/es\/wp-json\/wp\/v2\/pages\/1892\/revisions"}],"up":[{"embeddable":true,"href":"https:\/\/jesus-is-muslim.net\/es\/wp-json\/wp\/v2\/pages\/1872"}],"wp:featuredmedia":[{"embeddable":true,"href":"https:\/\/jesus-is-muslim.net\/es\/wp-json\/wp\/v2\/media\/1896"}],"wp:attachment":[{"href":"https:\/\/jesus-is-muslim.net\/es\/wp-json\/wp\/v2\/media?parent=1892"}],"wp:term":[{"taxonomy":"category","embeddable":true,"href":"https:\/\/jesus-is-muslim.net\/es\/wp-json\/wp\/v2\/categories?post=1892"},{"taxonomy":"post_tag","embeddable":true,"href":"https:\/\/jesus-is-muslim.net\/es\/wp-json\/wp\/v2\/tags?post=1892"}],"curies":[{"name":"wp","href":"https:\/\/api.w.org\/{rel}","templated":true}]}}