{"id":1898,"date":"2017-04-05T17:06:13","date_gmt":"2017-04-05T15:06:13","guid":{"rendered":"https:\/\/jesus-is-muslim.net\/?page_id=1898\/"},"modified":"2018-04-17T10:13:12","modified_gmt":"2018-04-17T08:13:12","slug":"cuanto-anos-tiene-fares-cuando-se-caso","status":"publish","type":"page","link":"https:\/\/jesus-is-muslim.net\/es\/jesus-es-musulman\/la-biblia\/cuanto-anos-tiene-fares-cuando-se-caso\/","title":{"rendered":"\u00bfCu\u00e1ntos a\u00f1os tiene Fares cuando se cas\u00f3?"},"content":{"rendered":"<p>Jos\u00e9 tuvo 17 a\u00f1os cuando so\u00f1aba, sus hermanos le aborrec\u00edan y fue vendido a los Ismaelitas que\u00a0llevaron a Jos\u00e9 a Egipto.\u00a0:<\/p>\n<blockquote><p><span id=\"es-RVR1977-1086\">G\u00e9nesis 37:2\u00a0<\/span>Esta es la historia de Jacob: Jos\u00e9 siendo de edad de diecisiete a\u00f1os, apacentaba las ovejas con sus hermanos; y el joven estaba con los hijos de Bilha y con los hijos de Zilpa, mujeres de su padre; e informaba Jos\u00e9 a su padre de la mala fama de ellos &#8230;.<span id=\"es-RVR1977-1088\" class=\"text Gen-37-4\">.\u00a0<\/span><span id=\"es-RVR1977-1089\">5\u00a0<\/span><span class=\"text Gen-37-5\">Y so\u00f1\u00f3 Jos\u00e9 un sue\u00f1o, y lo cont\u00f3 a sus hermanos; y ellos llegaron a aborrecerle m\u00e1s todav\u00eda&#8230;.<\/span>28\u00a0Y cuando pasaban los madianitas mercaderes, sacaron ellos a Jos\u00e9 de la cisterna, y le trajeron arriba, y lo vendieron a los ismaelitas por veinte piezas de plata. Y llevaron a Jos\u00e9 a Egipto.<\/p><\/blockquote>\n<p>Jos\u00e9 era 30 a\u00f1os cuando fue presentado delante de Fara\u00f3n:<\/p>\n<div>\n<blockquote><p><span id=\"es-RVR1977-1242\">G\u00e9nesis 41:46\u00a0Era Jos\u00e9 de edad de treinta a\u00f1os cuando fue presentado delante de Fara\u00f3n rey de Egipto; y sali\u00f3 Jos\u00e9 de delante de Fara\u00f3n, y recorri\u00f3 toda la tierra de Egipto.<\/span><\/p><\/blockquote>\n<p>Los siete a\u00f1os se cumplieron despu\u00e9s:<\/p>\n<div>\n<blockquote><p><span id=\"es-RVR1977-1249\">G\u00e9nesis 41:53\u00a0As\u00ed se cumplieron los siete a\u00f1os de abundancia que hubo en la tierra de Egipto.<\/span><\/p><\/blockquote>\n<p>Dos a\u00f1os de hambre pasaron cuando Jos\u00e9 invit\u00f3 a su familia de venir a Egipto:<\/p>\n<div>\n<blockquote><p>G\u00e9nesis 45:6\u00a0Pues ya ha habido dos a\u00f1os de hambre en medio de la tierra, y a\u00fan quedan cinco a\u00f1os en los cuales ni habr\u00e1 arada ni siega&#8230;.\u00a0<span id=\"es-RVR1977-1368\" class=\"text Gen-45-9\"><sup class=\"versenum\">9\u00a0<\/sup>Daos prisa, id a mi padre y decidle: As\u00ed dice tu hijo Jos\u00e9: Dios me ha puesto por se\u00f1or de todo Egipto; <strong>ven a m\u00ed, no te detengas.<\/strong><\/span><span id=\"es-RVR1977-1369\" class=\"text Gen-45-10\"><strong><sup class=\"versenum\">10\u00a0<\/sup>Habitar\u00e1s en la tierra de Gos\u00e9n<\/strong>, y estar\u00e1s cerca de m\u00ed, t\u00fa y tus hijos, y los hijos de tus hijos, tus ganados y tus vacas, y todo lo que tienes.<\/span><\/p><\/blockquote>\n<p>As\u00ed que concluimos que el per\u00edodo entre el tiempo\u00a0cuando Jos\u00e9 fue vendido y llevado a Egipto\u00a0y cuando Jos\u00e9 invit\u00f3 a su familia a Egipto ser\u00e1 2+7+30-17= 22 a\u00f1os.<\/p>\n<p>Vemos lo que pas\u00f3 en la familia de Jacob durante este tiempo. Jud\u00e1 se cas\u00f3 y engendr\u00f3 Er y On\u00e1n (G\u00e9nesis 38:3-4), este ocurri\u00f3 al menos durante dos a\u00f1os y que su esposa fue embarazada dos veces. Despu\u00e9s, Er y Tamar se casaron luego Er muri\u00f3. Este ocurri\u00f3 al menos en un per\u00edodo de 12 a\u00f1os as\u00ed que Er se crecer\u00eda y podr\u00eda casarse. Suponemos que Er muri\u00f3 inmediatamente despu\u00e9s de su matrimonio.<\/p>\n<p>On\u00e1n se cas\u00f3 con Tamar y luego se muri\u00f3. Suponemos que eso ocurri\u00f3 una d\u00eda despu\u00e9s de la muerte de su hermano. En G\u00e9nesis 38:11, Jud\u00e1 dice a Tamar que ella quedar\u00e1 viuda\u00a0en casa de su padre hasta que que crezca Sel\u00e1 su hijo. El verso 14 dice que Sel\u00e1 creci\u00f3 pero no se cas\u00f3 con ella, lo que tarda al menos dos a\u00f1os. Despu\u00e9s, Jud\u00e1 hizo adultera con ella y fue\u00a0embarazada de \u00e9l. (G\u00e9nesis 38:18) y engendr\u00f3 Perez lo que tarda 7 meses al menos.\u00a0Por lo tanto, han pasado\u00a016 a\u00f1os desde Jos\u00e9 fue vendido y llevado a Egipto que Fares naci\u00f3.<\/p>\n<p>Esto\u00a0significa que la edad de Fares cuando fue a Jos\u00e9 en Egipto era 22-16= 6 a\u00f1os. La Biblia habla de Fares entre la familia de Jacob que vinieron a Egipto:<\/p>\n<blockquote><p><span id=\"es-RVR1977-1399\">G\u00e9nesis 46:12\u00a0Los hijos de Jud\u00e1: Er, On\u00e1n, Sel\u00e1, Fares y Zera; mas Er y On\u00e1n murieron en la tierra de Cana\u00e1n. Y los hijos de Fares fueron Hesr\u00f3n y Hamul.<\/span><\/p><\/blockquote>\n<\/div>\n<\/div>\n<\/div>\n<p>\u00a1\u00bfC\u00f3mo un ni\u00f1o teniendo 6 a\u00f1os puede casarse y incluso tener dos hijos?! Hay un problema en la Biblia.<\/p>\n","protected":false},"excerpt":{"rendered":"<p>Jos\u00e9 tuvo 17 a\u00f1os cuando so\u00f1aba, sus hermanos le aborrec\u00edan y fue vendido a los Ismaelitas que\u00a0llevaron a Jos\u00e9 a Egipto.\u00a0: G\u00e9nesis 37:2\u00a0Esta es la historia de Jacob: Jos\u00e9 siendo de edad de diecisiete a\u00f1os, apacentaba las ovejas con sus hermanos; y el joven estaba con los hijos de Bilha y con los hijos de [&hellip;]<\/p>\n","protected":false},"author":1,"featured_media":1522,"parent":1870,"menu_order":0,"comment_status":"closed","ping_status":"closed","template":"","meta":{"om_disable_all_campaigns":false,"_monsterinsights_skip_tracking":false,"_monsterinsights_sitenote_active":false,"_monsterinsights_sitenote_note":"","_monsterinsights_sitenote_category":0,"_uf_show_specific_survey":0,"_uf_disable_surveys":false,"footnotes":""},"categories":[47],"tags":[],"class_list":["post-1898","page","type-page","status-publish","has-post-thumbnail","hentry","category-las-dificultades-de-la-biblia"],"aioseo_notices":[],"_links":{"self":[{"href":"https:\/\/jesus-is-muslim.net\/es\/wp-json\/wp\/v2\/pages\/1898","targetHints":{"allow":["GET"]}}],"collection":[{"href":"https:\/\/jesus-is-muslim.net\/es\/wp-json\/wp\/v2\/pages"}],"about":[{"href":"https:\/\/jesus-is-muslim.net\/es\/wp-json\/wp\/v2\/types\/page"}],"author":[{"embeddable":true,"href":"https:\/\/jesus-is-muslim.net\/es\/wp-json\/wp\/v2\/users\/1"}],"replies":[{"embeddable":true,"href":"https:\/\/jesus-is-muslim.net\/es\/wp-json\/wp\/v2\/comments?post=1898"}],"version-history":[{"count":0,"href":"https:\/\/jesus-is-muslim.net\/es\/wp-json\/wp\/v2\/pages\/1898\/revisions"}],"up":[{"embeddable":true,"href":"https:\/\/jesus-is-muslim.net\/es\/wp-json\/wp\/v2\/pages\/1870"}],"wp:featuredmedia":[{"embeddable":true,"href":"https:\/\/jesus-is-muslim.net\/es\/wp-json\/wp\/v2\/media\/1522"}],"wp:attachment":[{"href":"https:\/\/jesus-is-muslim.net\/es\/wp-json\/wp\/v2\/media?parent=1898"}],"wp:term":[{"taxonomy":"category","embeddable":true,"href":"https:\/\/jesus-is-muslim.net\/es\/wp-json\/wp\/v2\/categories?post=1898"},{"taxonomy":"post_tag","embeddable":true,"href":"https:\/\/jesus-is-muslim.net\/es\/wp-json\/wp\/v2\/tags?post=1898"}],"curies":[{"name":"wp","href":"https:\/\/api.w.org\/{rel}","templated":true}]}}