{"id":1910,"date":"2017-04-06T14:44:03","date_gmt":"2017-04-06T12:44:03","guid":{"rendered":"https:\/\/jesus-is-muslim.net\/?page_id=1910\/"},"modified":"2018-04-17T10:15:57","modified_gmt":"2018-04-17T08:15:57","slug":"la-genealogia-de-jesus","status":"publish","type":"page","link":"https:\/\/jesus-is-muslim.net\/es\/jesus-es-musulman\/la-biblia\/las-dificultades-de-la-biblia\/la-genealogia-de-jesus\/","title":{"rendered":"La Genealog\u00eda de Jes\u00fas"},"content":{"rendered":"<p>La genealog\u00eda de Jes\u00fas se aparece en dos lugares de la Biblia; en Mateo cap\u00edtulo 1 y en Lucas cap\u00edtulo 3, versos 23-38. Mateo traza la genealog\u00eda desde Jes\u00fas hasta Abraham. Lucas traza la genealog\u00eda desde Jes\u00fas hasta Ad\u00e1n. Sin embargo, hay una buena raz\u00f3n para creer que Mateo y Lucas de hecho trazaron genealog\u00edas enteramente diferentes. Por ejemplo, Mateo dice que el padre de Jos\u00e9 fue Jacob (Mateo 1:16), mientras que Lucas dice que el padre de Jos\u00e9 fue El\u00ed (Lucas 3:23). Mateo traza la l\u00ednea a trav\u00e9s de Salom\u00f3n el hijo de David (Mateo 1:6), mientras que Lucas traza la l\u00ednea a trav\u00e9s de Nat\u00e1n, hijo de David (Lucas 3:31). De hecho entre David y Jes\u00fas, los \u00fanicos nombres que las genealog\u00edas tienen en com\u00fan son Salatiel y Zorobabel (Mateo 1:12; Lucas 3:27).<\/p>\n<p>La mayor\u00eda de los eruditos b\u00edblicos conservadores asumen que Lucas registra la genealog\u00eda de Mar\u00eda y Mateo registra la de Jos\u00e9. Mateo sigue el linaje de Jos\u00e9 (el padre legal de Jes\u00fas), a trav\u00e9s de Salom\u00f3n el hijo de David, mientras que Lucas sigue el linaje de Mar\u00eda (familiar sangu\u00edneo de Jes\u00fas), a trav\u00e9s de Nat\u00e1n el hijo de David. No hab\u00eda la palabra griega para \u201cyerno\u201d y Jos\u00e9 pudo haber sido considerado como un hijo de El\u00ed por haberse casado con Mar\u00eda, la hija de El\u00ed. A trav\u00e9s de ambas l\u00edneas, Jes\u00fas es un descendiente de David y por lo tanto elegible para ser el Mes\u00edas. El trazar una genealog\u00eda por el lado de la madre es inusual, pero igualmente lo fue el nacimiento virginal. (<a href=\"https:\/\/www.gotquestions.org\/Espanol\/genealogias-Jesus.html\">fuente aqu\u00ed<\/a>)<\/p>\n<h3>\u00bfMateo eligi\u00f3 el linaje de Jos\u00e9 a trav\u00e9s de Salom\u00f3n para probar que Jes\u00fas sea el Mes\u00edas?<\/h3>\n<p><span id=\"es-RVR1995-364\">Esto fue la explicaci\u00f3n m\u00e1s famosa entre los Cristianos, sin embargo hay algunos problemas con ella. Si la genealog\u00eda en Mateo estaba relacionada con Jos\u00e9, eso quer\u00eda decir que Jes\u00fas no puede ser el Mes\u00edas ya que la genealog\u00eda real de Jes\u00fas no contiene Salom\u00f3n y no podemos decir que la genealog\u00eda no debe ser trazada desde su madre porque no hay evidencia en la Biblia utilizando el padrastro como el padre literal, sino encontramos que la Biblia considere el hijo literal como el solo heredero como muestra G\u00e9nesis 15:<\/span><\/p>\n<blockquote><p><span id=\"es-RVR1995-364\">3\u00a0Dijo tambi\u00e9n Abram:<\/span>\u2014Como no me has dado prole, mi heredero ser\u00e1 un esclavo nacido en mi casa.<\/p>\n<p><span id=\"es-RVR1995-365\">4\u00a0Luego vino a \u00e9l palabra de Jehov\u00e1, diciendo:<\/span>\u2014<strong>No te heredar\u00e1 \u00e9ste, sino que un hijo tuyo ser\u00e1 el que te herede.<\/strong><\/p><\/blockquote>\n<p>Por lo tanto, esta explicaci\u00f3n no funciona ya que Jos\u00e9 no engendr\u00f3 a Jes\u00fas y si aceptamos esta explicaci\u00f3n, no debemos creer que Jes\u00fas es el Mes\u00edas.<\/p>\n<p><a href=\"https:\/\/jesus-is-muslim.net\/wp-content\/uploads\/2017\/04\/Genealog\u00eda-de-Jes\u00fas.png\"><img loading=\"lazy\" decoding=\"async\" class=\"alignnone size-full wp-image-1924\" src=\"https:\/\/jesus-is-muslim.net\/wp-content\/uploads\/2017\/04\/Genealog\u00eda-de-Jes\u00fas.png\" alt=\"Genealog\u00eda de Jes\u00fas\" width=\"1040\" height=\"570\" srcset=\"https:\/\/jesus-is-muslim.net\/wp-content\/uploads\/2017\/04\/Genealog\u00eda-de-Jes\u00fas.png 1040w, https:\/\/jesus-is-muslim.net\/wp-content\/uploads\/2017\/04\/Genealog\u00eda-de-Jes\u00fas-300x164.png 300w, https:\/\/jesus-is-muslim.net\/wp-content\/uploads\/2017\/04\/Genealog\u00eda-de-Jes\u00fas-768x421.png 768w, https:\/\/jesus-is-muslim.net\/wp-content\/uploads\/2017\/04\/Genealog\u00eda-de-Jes\u00fas-1024x561.png 1024w\" sizes=\"auto, (max-width: 1040px) 100vw, 1040px\" \/><\/a><\/p>\n<h3>Otras Dificultades en la genealog\u00eda de Jes\u00fas<\/h3>\n<p>Adem\u00e1s, hay otras dificultades en la genealog\u00eda de Mateo. La primera dificultad se aparece cuando comparamos la genealog\u00eda de Mateo\u00a0con la genealog\u00eda en 1 Cr\u00f3nicas 3. Encontramos que hay tres nombres que est\u00e1n desaparecidos; Acaz, Jo\u00e1s y Joacim. No les encontramos en la genealog\u00eda de Mateo.<\/p>\n<p>Algunos pueden decir que borrando nombres en las genealog\u00edas ocurri\u00f3 en las escrituras Jud\u00edas. Sin embargo, se supon\u00eda que el escribidor de Mateo escribi\u00f3 sobre 42 generaciones a lo largo de tres \u00e9pocas en las cual cada \u00e9poca tiene 14 generaciones, pero encontramos que la segunda \u00e9poca tiene 18 generaciones. Por lo tanto, debe haber habido una raz\u00f3n por la cual el escribidor de Mateo quit\u00f3 estos 4 nombres especialmente.<\/p>\n<p>Algunos dicen que fueron borrado de esa genealog\u00eda ya que fueron pecadores, pero la genealog\u00eda todav\u00eda contiene otros pecadores como Jud\u00e1 que hizo adultera con Tamar (G\u00e9nesis 38) y Salom\u00f3n con \u00e9l que la Biblia dice que rindi\u00f3 culto a otros dioses (1 Reyes 11), <a href=\"https:\/\/jesus-is-muslim.net\/es\/jesus-es-musulman\/la-biblia\/las-objeciones-musulmanas-sobre-la-biblia\/\">lo que es contra la creencia Musulmana<\/a>\u00a0y Jor\u00e1m que rindi\u00f3 culto a otros dioses igualmente.<\/p>\n<article id=\"post-214\" class=\"post-214 page type-page status-publish hentry\">\n<div class=\"entry-content\">\n<h3>La Raz\u00f3n de la Omisi\u00f3n de Joacim de la genealog\u00eda en Mateo<\/h3>\n<p>La raz\u00f3n de la omisi\u00f3n de Joacim entre la genealog\u00eda de Mateo es en este verso:<\/p>\n<blockquote><p><span id=\"es-RVR1995-19874\">Jerem\u00edas 36:30\u00a0<\/span><span id=\"es-RVR1995-19874\" class=\"text Jer-36-30\">Por tanto, esto ha dicho Jehov\u00e1 acerca de Joacim, rey de Jud\u00e1: <strong>No tendr\u00e1 quien se siente sobre el trono de David, y su cuerpo ser\u00e1 echado al calor del d\u00eda y al hielo de la noche.<\/strong><\/span><\/p><\/blockquote>\n<div class=\"version-RVR1995 result-text-style-normal text-html \">\n<p>Seg\u00fan este verso Jerem\u00edas, nadie entre los descendientes de Joacim se sentar\u00e1 sobre el trono de David, lo que significa que Jes\u00fas no puede ser el Mes\u00edas si utilizamos esta genealog\u00eda como una evidencia. Algunos dir\u00edan que esto es la genealog\u00eda de Jos\u00e9 no la de Jes\u00fas, \u00bfc\u00f3mo entonces el escribidor de Mateo utiliza la genealog\u00eda de Jos\u00e9 para probar que Jes\u00fas es el Mes\u00edas ya que contiene Salom\u00f3n? Si eso fue la raz\u00f3n para utilizar la genealog\u00eda de Jos\u00e9, debe utilizar toda la genealog\u00eda, no tomar alguna parte y borrar la otra parte.<\/p>\n<p>Por lo tanto, esta explicaci\u00f3n que el escribidor de Mateo utiliz\u00f3 esa genealog\u00eda para probar que Jes\u00fas es el Mes\u00edas no es una buena explicaci\u00f3n, y la pregunta sigue siendo v\u00e1lida, \u00bfpor qu\u00e9 encontramos dos genealog\u00edas distintas entre Mateo y Lucas? \u00bfLos dos escribidores ten\u00edan dos esp\u00edritus santos?<\/p>\n<\/div>\n<\/div>\n<footer class=\"entry-meta\"><\/footer>\n<\/article>\n","protected":false},"excerpt":{"rendered":"<p>La genealog\u00eda de Jes\u00fas se aparece en dos lugares de la Biblia; en Mateo cap\u00edtulo 1 y en Lucas cap\u00edtulo 3, versos 23-38. Mateo traza la genealog\u00eda desde Jes\u00fas hasta Abraham. Lucas traza la genealog\u00eda desde Jes\u00fas hasta Ad\u00e1n. Sin embargo, hay una buena raz\u00f3n para creer que Mateo y Lucas de hecho trazaron genealog\u00edas [&hellip;]<\/p>\n","protected":false},"author":1,"featured_media":1924,"parent":1872,"menu_order":0,"comment_status":"closed","ping_status":"closed","template":"","meta":{"om_disable_all_campaigns":false,"_monsterinsights_skip_tracking":false,"_monsterinsights_sitenote_active":false,"_monsterinsights_sitenote_note":"","_monsterinsights_sitenote_category":0,"_uf_show_specific_survey":0,"_uf_disable_surveys":false,"footnotes":""},"categories":[47],"tags":[],"class_list":["post-1910","page","type-page","status-publish","has-post-thumbnail","hentry","category-las-dificultades-de-la-biblia"],"aioseo_notices":[],"_links":{"self":[{"href":"https:\/\/jesus-is-muslim.net\/es\/wp-json\/wp\/v2\/pages\/1910","targetHints":{"allow":["GET"]}}],"collection":[{"href":"https:\/\/jesus-is-muslim.net\/es\/wp-json\/wp\/v2\/pages"}],"about":[{"href":"https:\/\/jesus-is-muslim.net\/es\/wp-json\/wp\/v2\/types\/page"}],"author":[{"embeddable":true,"href":"https:\/\/jesus-is-muslim.net\/es\/wp-json\/wp\/v2\/users\/1"}],"replies":[{"embeddable":true,"href":"https:\/\/jesus-is-muslim.net\/es\/wp-json\/wp\/v2\/comments?post=1910"}],"version-history":[{"count":0,"href":"https:\/\/jesus-is-muslim.net\/es\/wp-json\/wp\/v2\/pages\/1910\/revisions"}],"up":[{"embeddable":true,"href":"https:\/\/jesus-is-muslim.net\/es\/wp-json\/wp\/v2\/pages\/1872"}],"wp:featuredmedia":[{"embeddable":true,"href":"https:\/\/jesus-is-muslim.net\/es\/wp-json\/wp\/v2\/media\/1924"}],"wp:attachment":[{"href":"https:\/\/jesus-is-muslim.net\/es\/wp-json\/wp\/v2\/media?parent=1910"}],"wp:term":[{"taxonomy":"category","embeddable":true,"href":"https:\/\/jesus-is-muslim.net\/es\/wp-json\/wp\/v2\/categories?post=1910"},{"taxonomy":"post_tag","embeddable":true,"href":"https:\/\/jesus-is-muslim.net\/es\/wp-json\/wp\/v2\/tags?post=1910"}],"curies":[{"name":"wp","href":"https:\/\/api.w.org\/{rel}","templated":true}]}}