{"id":1917,"date":"2017-04-06T14:23:17","date_gmt":"2017-04-06T12:23:17","guid":{"rendered":"https:\/\/jesus-is-muslim.net\/?page_id=1917\/"},"modified":"2018-04-17T10:14:53","modified_gmt":"2018-04-17T08:14:53","slug":"como-judas-murio","status":"publish","type":"page","link":"https:\/\/jesus-is-muslim.net\/es\/jesus-es-musulman\/la-biblia\/las-dificultades-de-la-biblia\/como-judas-murio\/","title":{"rendered":"\u00bfC\u00f3mo Jud\u00e1s Muri\u00f3?"},"content":{"rendered":"<h3>Una Contradicci\u00f3n entre el Evangelio de Mateo y el Libro de Hechos<\/h3>\n<p>La Biblia nos habla de dos historias. La primera historia es en el evangelio de Mateo:<\/p>\n<div class=\"version-RVR1995 result-text-style-normal text-html \">\n<blockquote><p><span id=\"es-RVR1995-24136\">Mateo 27:5\u00a0<\/span><span id=\"es-RVR1995-24136\">En<\/span><span id=\"es-RVR1995-24136\" class=\"text Matt-27-5\">tonces, arrojando las piezas de plata en el Templo, sali\u00f3, y fue y se ahorc\u00f3.<\/span><\/p><\/blockquote>\n<p>Sin embargo, el libro de hechos habla de una historia diferente:<\/p>\n<div>\n<blockquote><p><span id=\"es-RVR1995-26943\">Hechos 1:18\u00a0\u00c9ste, pues, que hab\u00eda adquirido un campo con el salario de su iniquidad, cay\u00f3 de cabeza y se revent\u00f3 por la mitad, y todas sus entra\u00f1as se derramaron.<\/span><\/p><\/blockquote>\n<p>\u00bfCu\u00e1l es la historia correcta? Algunos pueden decir que se ahorc\u00f3 y cuando cay\u00f3, todas\u00a0sus entra\u00f1as se derramaron. De hecho, parece extra\u00f1o y no sabemos c\u00f3mo ocurri\u00f3 esto. Adem\u00e1s, hay una otra historia distinta contada\u00a0por Pap\u00edas el padre de la iglesia en el segundo siglo. Seg\u00fan \u00e9l, Judas y se hinch\u00f3 tanto que no pod\u00eda pasar ni siquiera por donde pasaba normalmente un carro y finalmente aplastado por dicho carro extendiendo sus entra\u00f1as en la calle. (Fuente <a href=\"http:\/\/www.ccel.org\/ccel\/schaff\/anf01.vii.ii.iii.html\">aqu\u00ed en ingl\u00e9s<\/a>)<\/p>\n<p>Pap\u00edas dice que las\u00a0entra\u00f1as de Jud\u00e1s fueron extendidas en la calle pero eso no es ya que se cay\u00f3 despu\u00e9s de que se ahorc\u00f3, sino la raz\u00f3n es que fue aplastado por un carro despu\u00e9s de que\u00a0se hinch\u00f3. Esto puede caber con la historia del libro de hechos, \u00bfpero c\u00f3mo cabe con Mateo?\u00a0Vale la pena se\u00f1alar que Pap\u00edas fue la fuente m\u00e1s antigua entre los padres de la iglesia citando que Mateo escribi\u00f3 un evangelio. Parece que conozca un otro evangelio.<\/p>\n<p><a href=\"https:\/\/jesus-is-muslim.net\/wp-content\/uploads\/2017\/04\/\u00bfC\u00f3mo-Jud\u00e1s-Muri\u00f3-.png\"><img loading=\"lazy\" decoding=\"async\" class=\"alignnone size-full wp-image-1930\" src=\"https:\/\/jesus-is-muslim.net\/wp-content\/uploads\/2017\/04\/\u00bfC\u00f3mo-Jud\u00e1s-Muri\u00f3-.png\" alt=\"\u00bfC\u00f3mo Jud\u00e1s Muri\u00f3?\" width=\"1040\" height=\"570\" srcset=\"https:\/\/jesus-is-muslim.net\/wp-content\/uploads\/2017\/04\/\u00bfC\u00f3mo-Jud\u00e1s-Muri\u00f3-.png 1040w, https:\/\/jesus-is-muslim.net\/wp-content\/uploads\/2017\/04\/\u00bfC\u00f3mo-Jud\u00e1s-Muri\u00f3--300x164.png 300w, https:\/\/jesus-is-muslim.net\/wp-content\/uploads\/2017\/04\/\u00bfC\u00f3mo-Jud\u00e1s-Muri\u00f3--768x421.png 768w, https:\/\/jesus-is-muslim.net\/wp-content\/uploads\/2017\/04\/\u00bfC\u00f3mo-Jud\u00e1s-Muri\u00f3--1024x561.png 1024w\" sizes=\"auto, (max-width: 1040px) 100vw, 1040px\" \/><\/a><\/p>\n<h3>\u00bfQui\u00e9n compr\u00f3 el campo? Jud\u00e1s o los principales sacerdotes?<\/h3>\n<p>Hay tambi\u00e9n una otra contradicci\u00f3n, se trata de lo que Mateo dice que despu\u00e9s de que Jud\u00e1s muri\u00f3, los\u00a0principales sacerdotes compraron un campo con el dinero dado a Jud\u00e1s para traicionar Jes\u00fas, y el escribidor de Mateo dice que esto fue una profec\u00eda mencionada por Jerem\u00edas (de hecho fue Zecar\u00edas):<\/p>\n<div class=\"version-RVR1995 result-text-style-normal text-html \">\n<blockquote><p><span id=\"es-RVR1995-24138\">Mateo 27:7\u00a0<\/span><span id=\"es-RVR1995-24138\" class=\"text Matt-27-7\">Y, despu\u00e9s de consultar, compraron con ellas el campo del alfarero, para sepultura de los extranjeros.<\/span> <span id=\"es-RVR1995-24139\" class=\"text Matt-27-8\"><sup class=\"versenum\">8\u00a0<\/sup>Por lo cual <strong>aquel campo se llama hasta el d\u00eda de hoy: \u00abCampo de sangre\u00bb<\/strong>.<\/span> <span id=\"es-RVR1995-24140\" class=\"text Matt-27-9\"><sup class=\"versenum\">9\u00a0<\/sup><strong>As\u00ed se cumpli\u00f3 lo dicho por el profeta Jerem\u00edas, cuando dijo: \u00abTomaron las treinta piezas de plata, precio del apreciado,<\/strong> seg\u00fan precio puesto por los hijos de Israel,<\/span><span id=\"es-RVR1995-24141\" class=\"text Matt-27-10\"><sup class=\"versenum\">10\u00a0<\/sup>y <strong>las dieron para el campo del alfarero<\/strong>, como me orden\u00f3 el Se\u00f1or.\u00bb<\/span><\/p><\/blockquote>\n<p>Sin embargo, el escribidor del libro de hechos dice que Jud\u00e1s compr\u00f3 el campo no los principales sacerdotes y cita una otra profec\u00eda en Salmos:<\/p>\n<blockquote><p><span id=\"es-RVR1995-26943\">Hechos 1:18\u00a0<\/span><span id=\"es-RVR1995-26943\" class=\"text Acts-1-18\">\u00c9ste, pues, <strong>que hab\u00eda adquirido un campo con el salario de su iniquidad<\/strong>, cay\u00f3 de cabeza y se revent\u00f3 por la mitad, y todas sus entra\u00f1as se derramaron.<\/span> <span id=\"es-RVR1995-26944\" class=\"text Acts-1-19\"><sup class=\"versenum\">19\u00a0<\/sup>Y fue notorio a todos los habitantes de Jerusal\u00e9n, de tal manera que aquel campo se llama en su propia lengua, Ac\u00e9ldama (que significa \u201cCampo de sangre\u201d),<\/span> <span id=\"es-RVR1995-26945\" class=\"text Acts-1-20\"><sup class=\"versenum\">20\u00a0<\/sup><strong>porque est\u00e1 escrito en el libro de los Salmos:\u00a0<\/strong><\/span>\u00bb\u201cSea hecha desierta su habitaci\u00f3n y no haya quien more en ella\u201d,\u00a0<span class=\"text Acts-1-20\">\u00bby:\u00a0<\/span>\u00bb\u201cTome otro su oficio.\u201d<\/p><\/blockquote>\n<\/div>\n<\/div>\n<\/div>\n<div class=\"version-RVR1995 result-text-style-normal text-html \">\n<div>\n<div class=\"version-RVR1995 result-text-style-normal text-html \">\n<p>Por lo tanto, el escribidor del libro de hechos cita un verso en los Salmos que\u00a0la\u00a0habitaci\u00f3n de Jud\u00e1s est\u00e1 hecha desierta. As\u00ed que seg\u00fan el libro de los hechos, no fueron los principales sacerdotes como encontramos en el evangelio de Mateo que cuenta que fue Jud\u00e1s que compr\u00f3 el campo, \u00a1y cada uno utiliza una profec\u00eda en el Antiguo Testamento para probar su narraci\u00f3n! No es solo un error, eso es una fabricaci\u00f3n de las narraciones y utilizar los versos disponibles en el Antiguo Testamento para apoyarla.<\/p>\n<\/div>\n<\/div>\n<\/div>\n","protected":false},"excerpt":{"rendered":"<p>Una Contradicci\u00f3n entre el Evangelio de Mateo y el Libro de Hechos La Biblia nos habla de dos historias. La primera historia es en el evangelio de Mateo: Mateo 27:5\u00a0Entonces, arrojando las piezas de plata en el Templo, sali\u00f3, y fue y se ahorc\u00f3. Sin embargo, el libro de hechos habla de una historia diferente: [&hellip;]<\/p>\n","protected":false},"author":1,"featured_media":1930,"parent":1872,"menu_order":0,"comment_status":"closed","ping_status":"closed","template":"","meta":{"om_disable_all_campaigns":false,"_monsterinsights_skip_tracking":false,"_monsterinsights_sitenote_active":false,"_monsterinsights_sitenote_note":"","_monsterinsights_sitenote_category":0,"_uf_show_specific_survey":0,"_uf_disable_surveys":false,"footnotes":""},"categories":[47],"tags":[],"class_list":["post-1917","page","type-page","status-publish","has-post-thumbnail","hentry","category-las-dificultades-de-la-biblia"],"aioseo_notices":[],"_links":{"self":[{"href":"https:\/\/jesus-is-muslim.net\/es\/wp-json\/wp\/v2\/pages\/1917","targetHints":{"allow":["GET"]}}],"collection":[{"href":"https:\/\/jesus-is-muslim.net\/es\/wp-json\/wp\/v2\/pages"}],"about":[{"href":"https:\/\/jesus-is-muslim.net\/es\/wp-json\/wp\/v2\/types\/page"}],"author":[{"embeddable":true,"href":"https:\/\/jesus-is-muslim.net\/es\/wp-json\/wp\/v2\/users\/1"}],"replies":[{"embeddable":true,"href":"https:\/\/jesus-is-muslim.net\/es\/wp-json\/wp\/v2\/comments?post=1917"}],"version-history":[{"count":0,"href":"https:\/\/jesus-is-muslim.net\/es\/wp-json\/wp\/v2\/pages\/1917\/revisions"}],"up":[{"embeddable":true,"href":"https:\/\/jesus-is-muslim.net\/es\/wp-json\/wp\/v2\/pages\/1872"}],"wp:featuredmedia":[{"embeddable":true,"href":"https:\/\/jesus-is-muslim.net\/es\/wp-json\/wp\/v2\/media\/1930"}],"wp:attachment":[{"href":"https:\/\/jesus-is-muslim.net\/es\/wp-json\/wp\/v2\/media?parent=1917"}],"wp:term":[{"taxonomy":"category","embeddable":true,"href":"https:\/\/jesus-is-muslim.net\/es\/wp-json\/wp\/v2\/categories?post=1917"},{"taxonomy":"post_tag","embeddable":true,"href":"https:\/\/jesus-is-muslim.net\/es\/wp-json\/wp\/v2\/tags?post=1917"}],"curies":[{"name":"wp","href":"https:\/\/api.w.org\/{rel}","templated":true}]}}