{"id":1934,"date":"2017-04-08T10:48:20","date_gmt":"2017-04-08T08:48:20","guid":{"rendered":"https:\/\/jesus-is-muslim.net\/?page_id=1934\/"},"modified":"2018-04-17T10:18:35","modified_gmt":"2018-04-17T08:18:35","slug":"quien-es-ala","status":"publish","type":"page","link":"https:\/\/jesus-is-muslim.net\/es\/jesus-es-musulman\/las-preguntas-comunes-sobre-el-islam\/quien-es-ala\/","title":{"rendered":"\u00bfQui\u00e9n es Al\u00e1?"},"content":{"rendered":"<h3>Al\u00e1 es el mismo Dios de los Musulmanes, los Cristianos y los Jud\u00edos<\/h3>\n<p>Los Cristianos siempre piensan que los Musulmanes adoran a un Dios diferente de su Dios. De hecho no es correcto, los Musulmanes y los Cristianos adoran al mismo Dios. Al\u00e1 es el Dios de Ad\u00e1n, No\u00e9, Abraham, Mois\u00e9s, Jes\u00fas y Muhammad (Que la Paz sea con ellos todos). Al\u00e1 es el Dios a quien todos los profetas llamaron a adorar. El Sagrado Cor\u00e1n dice:<\/p>\n<div>\n<blockquote><p>84. Di \u00abCreemos en Al\u00e1 y en lo que se nos ha revelado, en lo que se ha revelado a Abraham, Ismael, Isaac, Jacob y las tribus, en lo que Mois\u00e9s, Jes\u00fas y los profetas han recibido de su Se\u00f1or. No hacemos distinci\u00f3n entre ninguno de ellos y nos sometemos a \u00c9l\u00bb. (El Sagrado Cor\u00e1n 3)<\/p><\/blockquote>\n<p>La palabra \u00abAl\u00e1\u00bb consiste en dos palabras \u00e1rabes \u00abAl Elah\u00bb que significa \u00abEl Dios\u00bb. La palabra \u00abElah\u00bb estaba utilizada en Daniel 2:20 referendo a Dios en hebreo. En Arameo, la palabra utilizada para Dios es \u00abAlaaha\u00bb como mostrado en <a href=\"http:\/\/learnassyrian.com\/aramaic\/church\/church.html\">el sitio de la iglesia asiria<\/a> (en ingl\u00e9s), lo que es muy similar a Al\u00e1. Es por eso la pel\u00edcula &#8216;La Pasi\u00f3n de Cristo&#8217; que utiliza el Arameo usa la palabra \u00abAlaaha\u00bb como mostrado en este v\u00eddeo:<\/p>\n<div style=\"width: 450px;\" class=\"wp-video\"><video class=\"wp-video-shortcode\" id=\"video-1934-1\" width=\"450\" height=\"360\" preload=\"metadata\" controls=\"controls\"><source type=\"video\/mp4\" src=\"https:\/\/jesus-is-muslim.net\/wp-content\/uploads\/2018\/03\/Profeta-Jesu\u0301s-anunciando-a-Muhammad-1.mp4?_=1\" \/><a href=\"https:\/\/jesus-is-muslim.net\/wp-content\/uploads\/2018\/03\/Profeta-Jesu\u0301s-anunciando-a-Muhammad-1.mp4\">https:\/\/jesus-is-muslim.net\/wp-content\/uploads\/2018\/03\/Profeta-Jesu\u0301s-anunciando-a-Muhammad-1.mp4<\/a><\/video><\/div>\n<\/div>\n<div>\n<p>Adem\u00e1s la\u00a0palabra Al\u00e1 est\u00e1 utilizada por los Cristianos \u00c1rabes en la Biblia \u00c1rabe para se\u00f1alar a Dios. Esto no significa que adoran a un otro dios ya que nosotros todos adoramos el mismo Dios de Abraham, Mois\u00e9s, Jes\u00fas, Muhammad y todos los profetas (Que la Paz sea con ellos todos).<\/p>\n<\/div>\n<h3>\u00a0Contestar la Reclamaci\u00f3n que Al\u00e1 es el Dios de la luna<\/h3>\n<p>Hay un malentendido com\u00fan entre los Cristianos que Al\u00e1 es \u00abel dios de la luna\u00bbadorado por algunos paganos antes del Islam. De hecho no hay ninguna evidencia que hab\u00eda paganos adorando a un dios de la luna llam\u00e1ndole Al\u00e1, y el Cor\u00e1n fue claro con respecto al culto del sol y de la luna:<\/p>\n<blockquote><p>\u00a037. Entre Sus signos figuran la noche el d\u00eda, el sol y la luna. \u00a1No os prostern\u00e9is ante el sol ni ante la luna! \u00a1Prosternaos ante Al\u00e1, Que los ha creado! Si es a \u00c9l a Quien serv\u00eds (El Sagrado Cor\u00e1n 41)<\/p><\/blockquote>\n<p>Algunos pueden se\u00f1alar que el novilunio\u00a0era el s\u00edmbolo de los Musulmanes como\u00a0se muestra en algunas banderas de unos pa\u00edses Musulmanes y sobre los alminares de algunas mezquitas.\u00a0Sin embargo no hay evidencia en el Cor\u00e1n ni en la Sunna considerando el novilunio como un s\u00edmbolo isl\u00e1mico. El Cor\u00e1n solo considera el novilunio como un herramienta para determinar el principio del mes en el calendario isl\u00e1mico. El Cor\u00e1n dice:<\/p>\n<blockquote><p>189. Te preguntan acerca de los novilunios. Di: \u00abSon indicaciones que sirven a los hombres para fijar la \u00e9poca y de la peregrinaci\u00f3n\u00bb (El Sagrado Cor\u00e1n 2)<\/p><\/blockquote>\n<p>Eso no\u00a0le da ning\u00fan tipo de veneraci\u00f3n, justo es una herramienta. La utilizaci\u00f3n del novilunio como un s\u00edmbolo se llev\u00f3 a cabo durante el per\u00edodo otomano en el siglo 14 (800 a\u00f1os despu\u00e9s del Profeta Muhammad \ufdfa).<\/p>\n<p><span style=\"color: #800000;\"><span style=\"color: #000000;\">Hay un otro malentendido usado para apoyar la reclamaci\u00f3n del \u00abdios de la luna\u00bb, lo que dice que los \u00e1rabes antes del Islam rezaron a 360 \u00eddolos en la Kaaba y consideraron Al\u00e1 como el Dios Supremo. Para contestar esto, nos hace falta examinar la historia de Arabia antes del Islam. Cuando Ismael vino en Arabia, ense\u00f1o a sus descendientes el monote\u00edsmo y rendir culto a Al\u00e1 el Dios de Abraham y todos los profetas. Ismael y Abraham han construido la Kaaba, la casa de Dios para que la gente recen a Al\u00e1. Este art\u00edculo muestra el hecho de que <a href=\"https:\/\/jesus-is-muslim.net\/es\/por-que-rezar-dios-hacia-la-caaba\/\">la Caaba es la casa de Baca en Salmos 84:6 y el Sagrado Cor\u00e1n 3:96<\/a>:<\/span><\/span><\/p>\n<blockquote><p>Salmos 84:6 \u00a0Pasando por el valle de Baca lo convierten en manantial, tambi\u00e9n las lluvias tempranas lo cubren de bendiciones.\u00a0(La Biblia de las Am\u00e9ricas)<\/p><\/blockquote>\n<blockquote><p>96. La primera Casa erigida para los hombres es, ciertamente, la de Bakka, casa bendita y direcci\u00f3n para todos. (El Sagrado Cor\u00e1n 3:96)<\/p><\/blockquote>\n<p>Los \u00e1rabes comenzaron a adorar a otros dioses despu\u00e9s siglos desde la muerte de Ismael, aunque reconoc\u00edan que Al\u00e1 es el solo Creador que maneja el universo. El Profeta Muhammad \u00a0\ufdfa vino para corregir esta creencia falsa y restaurar la gente a la creencia correcta en Dios ense\u00f1ada por todos los profetas. Por lo tanto no es correcto decir que Islam tom\u00f3 el nombre \u00abAl\u00e1\u00bb de los paganos \u00e1rabes ya que eso significar\u00eda que los cristianos \u00e1rabes y arameos le tomaron de los paganos \u00e1rabes igualmente. Sin embargo, el Islam vino para restaurar la gente al culto de Al\u00e1 solamente, el Dios de Abraham, Ismael, Isaac y todos los profetas y para rechazar todos los otros \u00eddolos.<\/p>\n","protected":false},"excerpt":{"rendered":"<p>Al\u00e1 es el mismo Dios de los Musulmanes, los Cristianos y los Jud\u00edos Los Cristianos siempre piensan que los Musulmanes adoran a un Dios diferente de su Dios. De hecho no es correcto, los Musulmanes y los Cristianos adoran al mismo Dios. Al\u00e1 es el Dios de Ad\u00e1n, No\u00e9, Abraham, Mois\u00e9s, Jes\u00fas y Muhammad (Que [&hellip;]<\/p>\n","protected":false},"author":1,"featured_media":1942,"parent":1969,"menu_order":0,"comment_status":"closed","ping_status":"closed","template":"","meta":{"om_disable_all_campaigns":false,"_monsterinsights_skip_tracking":false,"_monsterinsights_sitenote_active":false,"_monsterinsights_sitenote_note":"","_monsterinsights_sitenote_category":0,"_uf_show_specific_survey":0,"_uf_disable_surveys":false,"footnotes":""},"categories":[42],"tags":[],"class_list":["post-1934","page","type-page","status-publish","has-post-thumbnail","hentry","category-preguntas-sobre-el-islam"],"aioseo_notices":[],"_links":{"self":[{"href":"https:\/\/jesus-is-muslim.net\/es\/wp-json\/wp\/v2\/pages\/1934","targetHints":{"allow":["GET"]}}],"collection":[{"href":"https:\/\/jesus-is-muslim.net\/es\/wp-json\/wp\/v2\/pages"}],"about":[{"href":"https:\/\/jesus-is-muslim.net\/es\/wp-json\/wp\/v2\/types\/page"}],"author":[{"embeddable":true,"href":"https:\/\/jesus-is-muslim.net\/es\/wp-json\/wp\/v2\/users\/1"}],"replies":[{"embeddable":true,"href":"https:\/\/jesus-is-muslim.net\/es\/wp-json\/wp\/v2\/comments?post=1934"}],"version-history":[{"count":0,"href":"https:\/\/jesus-is-muslim.net\/es\/wp-json\/wp\/v2\/pages\/1934\/revisions"}],"up":[{"embeddable":true,"href":"https:\/\/jesus-is-muslim.net\/es\/wp-json\/wp\/v2\/pages\/1969"}],"wp:featuredmedia":[{"embeddable":true,"href":"https:\/\/jesus-is-muslim.net\/es\/wp-json\/wp\/v2\/media\/1942"}],"wp:attachment":[{"href":"https:\/\/jesus-is-muslim.net\/es\/wp-json\/wp\/v2\/media?parent=1934"}],"wp:term":[{"taxonomy":"category","embeddable":true,"href":"https:\/\/jesus-is-muslim.net\/es\/wp-json\/wp\/v2\/categories?post=1934"},{"taxonomy":"post_tag","embeddable":true,"href":"https:\/\/jesus-is-muslim.net\/es\/wp-json\/wp\/v2\/tags?post=1934"}],"curies":[{"name":"wp","href":"https:\/\/api.w.org\/{rel}","templated":true}]}}