{"id":1944,"date":"2017-04-08T15:17:26","date_gmt":"2017-04-08T13:17:26","guid":{"rendered":"https:\/\/jesus-is-muslim.net\/?page_id=1944\/"},"modified":"2018-04-17T10:17:31","modified_gmt":"2018-04-17T08:17:31","slug":"es-terrorismo-el-yihad","status":"publish","type":"page","link":"https:\/\/jesus-is-muslim.net\/es\/jesus-es-musulman\/las-preguntas-comunes-sobre-el-islam\/es-terrorismo-el-yihad\/","title":{"rendered":"\u00bfEs terrorismo el Yihad?"},"content":{"rendered":"<h3>\u00bfPor qu\u00e9 fue el Yihad Sancionada?<\/h3>\n<p>El Yihad es el malentendido m\u00e1s principal entre los no Musulmanes acerca del Islam. Muchas personas piensan que el objetivo del Islam se trata de matar a la gente y tomar su dinero, lo que es totalmente falsa. El Yihad fue sancionada para proteger a la gente y para dejarlos vivir pac\u00edficamente combatiendo contra aquellos que combatan a los Musulmanes y aquellos que impiden la llegada de la llamada del Islam a la gente.<\/p>\n<p>Por ejemplo, si hay una ciudad infectada con un virus, y algunas personas llegaron con la medicina utilizada para curar a la gente del virus. Sin embargo algunas personas viviendo en la ciudad impiden la llegada de esas medicinas a la gente. \u00bfC\u00f3mo actuar si esas personas tienen el poder y el pueblo necesitan la medicina? No hay otra soluci\u00f3n. Es simplemente el Yihad. El Yihad no es terrorismo, es una guerra contra el terrorismo. Al\u00e1 dice en el sagrado Cor\u00e1n:<\/p>\n<blockquote><p>75. \u00bfPor qu\u00e9 no quer\u00e9is combatir por Al\u00e1 y por los oprimidos -hombres, mujeres y ni\u00f1os que dicen: \u00ab\u00a1Se\u00f1or! \u00a1S\u00e1canos de esta ciudad, de imp\u00edos habitantes! \u00a1Danos un amigo designado por Ti! \u00a1Danos un auxiliar designado por t\u00ed!\u00bb? (El Sagrado Cor\u00e1n 4:75)<\/p><\/blockquote>\n<p><a href=\"https:\/\/jesus-is-muslim.net\/wp-content\/uploads\/2017\/04\/LAS-ENSE\u00d1ANZAS-DEL-PROFETA-MUHAMMAD-\ufdfa-DURANTE-LA-GUERRA.png\"><img loading=\"lazy\" decoding=\"async\" class=\"alignnone size-full wp-image-1948\" src=\"https:\/\/jesus-is-muslim.net\/wp-content\/uploads\/2017\/04\/LAS-ENSE\u00d1ANZAS-DEL-PROFETA-MUHAMMAD-\ufdfa-DURANTE-LA-GUERRA.png\" alt=\"No traicion\u00e9is, no os exced\u00e1is, no mat\u00e9is a los reci\u00e9n nacidos\" width=\"1040\" height=\"570\" srcset=\"https:\/\/jesus-is-muslim.net\/wp-content\/uploads\/2017\/04\/LAS-ENSE\u00d1ANZAS-DEL-PROFETA-MUHAMMAD-\ufdfa-DURANTE-LA-GUERRA.png 1040w, https:\/\/jesus-is-muslim.net\/wp-content\/uploads\/2017\/04\/LAS-ENSE\u00d1ANZAS-DEL-PROFETA-MUHAMMAD-\ufdfa-DURANTE-LA-GUERRA-300x164.png 300w, https:\/\/jesus-is-muslim.net\/wp-content\/uploads\/2017\/04\/LAS-ENSE\u00d1ANZAS-DEL-PROFETA-MUHAMMAD-\ufdfa-DURANTE-LA-GUERRA-768x421.png 768w, https:\/\/jesus-is-muslim.net\/wp-content\/uploads\/2017\/04\/LAS-ENSE\u00d1ANZAS-DEL-PROFETA-MUHAMMAD-\ufdfa-DURANTE-LA-GUERRA-1024x561.png 1024w\" sizes=\"auto, (max-width: 1040px) 100vw, 1040px\" \/><\/a><\/p>\n<h3>\u00a0El Islam nos ense\u00f1a que no debemos matar a un inocente<\/h3>\n<p>El Islam claramente proh\u00edbe matar a un inocente. El Cor\u00e1n dice:<\/p>\n<blockquote><p>8. Al\u00e1 no os proh\u00edbe que se\u00e1is buenos y equitativos con quienes no han combatido contra vosotros por causa de la religi\u00f3n, ni os han expulsado de vuestros hogares. Al\u00e1 ama a los que son equitativos.\u00a09. Lo que s\u00ed os proh\u00edbe Al\u00e1 es que tom\u00e9is como amigos a los que han combatido contra vosotros por causa de la religi\u00f3n y os han expulsado de vuestros hogares o han contribuido a vuestra expulsi\u00f3n. Quienes les tomen como amigos, \u00e9sos son los imp\u00edos. (El Sagrado Cor\u00e1n 60:8-9)<\/p><\/blockquote>\n<p class=\"w-body-text-1\" dir=\"LTR\">El Profeta Muhammad \ufdfa prohib\u00eda a los soldados matar a mujeres y ni\u00f1os<span lang=\"ES\">, y los aconsejaba dici\u00e9ndoles: <\/span><\/p>\n<blockquote>\n<p class=\"w-body-text-1\" dir=\"LTR\"><span lang=\"ES\">\u201c&#8230;No traicion\u00e9is, no os exced\u00e1is, no mat\u00e9is a los reci\u00e9n nacidos<\/span><a title=\" Narrado en Sahih Muslim, #1731, y Al-Tirmidhi, #1408.\" href=\"http:\/\/www.islamreligion.com\/es\/articles\/238\/que-es-lo-que-el-islam-dice-sobre-el-terrorismo\/#_ftn14659\" name=\"_ftnref14659\"><span class=\"w-footnote-number\">[2]<\/span><\/a><span lang=\"ES\">.\u00a0 <\/span><\/p>\n<\/blockquote>\n<p class=\"w-body-text-1\" dir=\"LTR\"><span lang=\"ES\">Y dijo tambi\u00e9n: <\/span><\/p>\n<blockquote>\n<p class=\"w-body-text-1\" dir=\"LTR\"><span lang=\"ES\">\u201cQuien mate a una persona que tuviese un pacto con los musulmanes, no oler\u00e1 la fragancia del Para\u00edso, a pesar de que \u00e9sta se puede percibir a una distancia de cuarenta a\u00f1os (de viaje)\u201d.<\/span><a title=\" Narrado en Sahih Al-Bujari, #3166, y Ibn Mayah, #2686.\" href=\"http:\/\/www.islamreligion.com\/es\/articles\/238\/que-es-lo-que-el-islam-dice-sobre-el-terrorismo\/#_ftn14660\" name=\"_ftnref14660\"><span class=\"w-footnote-number\"><span dir=\"RTL\" lang=\"AR-SA\"><span dir=\"LTR\">[3]<\/span><\/span><\/span><\/a><\/p>\n<\/blockquote>\n<p class=\"w-body-text-1\" dir=\"LTR\">A la luz de este y otros textos isl\u00e1micos, ocasionar terror en los corazones de civiles indefensos, la total destrucci\u00f3n de edificios y propiedades, la explosi\u00f3n de bombas y mutilaci\u00f3n de hombres, mujeres y ni\u00f1os inocentes, son actos prohibidos y detestables para la religi\u00f3n del Islam y la naturaleza de los musulmanes.\u00a0 Los musulmanes siguen una religi\u00f3n de paz, misericordia y perd\u00f3n; y la vasta mayor\u00eda de ellos son completamente inocentes de los violentos eventos que algunos han asociado con los musulmanes.\u00a0 Si un musulm\u00e1n comete un acto de terrorismo, esa persona ser\u00e1 culpable tambi\u00e9n de violar la ley del Islam. (<a href=\"http:\/\/www.islamreligion.com\/es\/articles\/238\/que-es-lo-que-el-islam-dice-sobre-el-terrorismo\/\">fuente aqu\u00ed<\/a>)<\/p>\n","protected":false},"excerpt":{"rendered":"<p>\u00bfPor qu\u00e9 fue el Yihad Sancionada? El Yihad es el malentendido m\u00e1s principal entre los no Musulmanes acerca del Islam. Muchas personas piensan que el objetivo del Islam se trata de matar a la gente y tomar su dinero, lo que es totalmente falsa. El Yihad fue sancionada para proteger a la gente y para [&hellip;]<\/p>\n","protected":false},"author":1,"featured_media":1948,"parent":1969,"menu_order":0,"comment_status":"closed","ping_status":"closed","template":"","meta":{"om_disable_all_campaigns":false,"_monsterinsights_skip_tracking":false,"_monsterinsights_sitenote_active":false,"_monsterinsights_sitenote_note":"","_monsterinsights_sitenote_category":0,"_uf_show_specific_survey":0,"_uf_disable_surveys":false,"footnotes":""},"categories":[43],"tags":[],"class_list":["post-1944","page","type-page","status-publish","has-post-thumbnail","hentry","category-los-musulmanes-y-los-no-musulmanes"],"aioseo_notices":[],"_links":{"self":[{"href":"https:\/\/jesus-is-muslim.net\/es\/wp-json\/wp\/v2\/pages\/1944","targetHints":{"allow":["GET"]}}],"collection":[{"href":"https:\/\/jesus-is-muslim.net\/es\/wp-json\/wp\/v2\/pages"}],"about":[{"href":"https:\/\/jesus-is-muslim.net\/es\/wp-json\/wp\/v2\/types\/page"}],"author":[{"embeddable":true,"href":"https:\/\/jesus-is-muslim.net\/es\/wp-json\/wp\/v2\/users\/1"}],"replies":[{"embeddable":true,"href":"https:\/\/jesus-is-muslim.net\/es\/wp-json\/wp\/v2\/comments?post=1944"}],"version-history":[{"count":0,"href":"https:\/\/jesus-is-muslim.net\/es\/wp-json\/wp\/v2\/pages\/1944\/revisions"}],"up":[{"embeddable":true,"href":"https:\/\/jesus-is-muslim.net\/es\/wp-json\/wp\/v2\/pages\/1969"}],"wp:featuredmedia":[{"embeddable":true,"href":"https:\/\/jesus-is-muslim.net\/es\/wp-json\/wp\/v2\/media\/1948"}],"wp:attachment":[{"href":"https:\/\/jesus-is-muslim.net\/es\/wp-json\/wp\/v2\/media?parent=1944"}],"wp:term":[{"taxonomy":"category","embeddable":true,"href":"https:\/\/jesus-is-muslim.net\/es\/wp-json\/wp\/v2\/categories?post=1944"},{"taxonomy":"post_tag","embeddable":true,"href":"https:\/\/jesus-is-muslim.net\/es\/wp-json\/wp\/v2\/tags?post=1944"}],"curies":[{"name":"wp","href":"https:\/\/api.w.org\/{rel}","templated":true}]}}