{"id":1955,"date":"2017-04-01T14:52:35","date_gmt":"2017-04-01T12:52:35","guid":{"rendered":"https:\/\/jesus-is-muslim.net\/?page_id=1955\/"},"modified":"2018-04-17T10:17:51","modified_gmt":"2018-04-17T08:17:51","slug":"el-islam-se-extendio-por-la-espada","status":"publish","type":"page","link":"https:\/\/jesus-is-muslim.net\/es\/jesus-es-musulman\/las-preguntas-comunes-sobre-el-islam\/es-terrorismo-el-yihad\/el-islam-se-extendio-por-la-espada\/","title":{"rendered":"\u00bfEl Islam se Extendi\u00f3 por la Espada?"},"content":{"rendered":"<p>Decir que el Islam fue propagado por la espada es uno de los malentendidos comunes sobre el Islam. Muchas personas creen que los Musulmanes utilizaron la fuerza contra la gente pare convertirla al Islam, lo que es la mayor raz\u00f3n de las conversiones al Islam. Este art\u00edculo mostrar\u00e1 que este concepto es falso seg\u00fan las escrituras isl\u00e1micas y seg\u00fan la historia.<\/p>\n<h3>El Islam no comenz\u00f3\u00a0con autoridad para forzar la gente a convertirse al Islam<\/h3>\n<p>Si el Islam ha propagado por las conversiones forzadas, \u00bfc\u00f3mo un solo hombre forz\u00f3 muchas tribus a convertirse al Islam? El Islam no empez\u00f3 con un ej\u00e9rcito fuerte, sino solo por el Profeta Muhammad\u00a0\ufdfa. El Profeta Muhammad \ufdfa llam\u00f3 al Islam durante 13 a\u00f1os en la Meca, algunas personas aceptaron la llamada del Islam y se convirtieron al Islam. Sin embargo, se enfrent\u00f3 a\u00a0las dificultades desde los l\u00edderes en la Meca. Los Musulmanes fueron torturados no para que se conviertan al Islam, sino para que dejen el Islam.<\/p>\n<p>Despu\u00e9s, el Profeta Muhammad \ufdfa empez\u00f3 a buscar a una otra tribu para ayudarlo. El pueblo de la Medina empez\u00f3 a convertirse al Islam y a seguir el Profeta Muhammad\u00a0\ufdfa y acept\u00f3 a ayudarlo aunque fue una tribu peque\u00f1a y supo que ser\u00eda amenazado ya que todos los \u00c1rabes ir\u00edan a combatirlo. El Profeta Muhammad \ufdfa no le prometi\u00f3 autoridad o dinero, solo se le prometi\u00f3 el Para\u00edso. \u00bfC\u00f3mo decir entonces que el pueblo de la Medina acept\u00f3 el Islam por la espada? De hecho, la historia del pueblo de la Medina est\u00e1 llena de sacrificios por el bien del Islam.<\/p>\n<p><a href=\"https:\/\/jesus-is-muslim.net\/wp-content\/uploads\/2017\/04\/No-cabe-coacci\u00f3n-en-religi\u00f3n.png\"><img loading=\"lazy\" decoding=\"async\" class=\"alignnone size-full wp-image-1960\" src=\"https:\/\/jesus-is-muslim.net\/wp-content\/uploads\/2017\/04\/No-cabe-coacci\u00f3n-en-religi\u00f3n.png\" alt=\"No cabe coacci\u00f3n en religi\u00f3n.\" width=\"1040\" height=\"570\" srcset=\"https:\/\/jesus-is-muslim.net\/wp-content\/uploads\/2017\/04\/No-cabe-coacci\u00f3n-en-religi\u00f3n.png 1040w, https:\/\/jesus-is-muslim.net\/wp-content\/uploads\/2017\/04\/No-cabe-coacci\u00f3n-en-religi\u00f3n-300x164.png 300w, https:\/\/jesus-is-muslim.net\/wp-content\/uploads\/2017\/04\/No-cabe-coacci\u00f3n-en-religi\u00f3n-768x421.png 768w, https:\/\/jesus-is-muslim.net\/wp-content\/uploads\/2017\/04\/No-cabe-coacci\u00f3n-en-religi\u00f3n-1024x561.png 1024w\" sizes=\"auto, (max-width: 1040px) 100vw, 1040px\" \/><\/a><\/p>\n<h3>No\u00a0Cabe Coacci\u00f3n en Religi\u00f3n<\/h3>\n<p>El Islam es claro que no tenemos que forzar la gente a convertirse al Islam. Al\u00e1 dice en el Cor\u00e1n:<\/p>\n<blockquote><p>256. No cabe coacci\u00f3n en religi\u00f3n. La buena direcci\u00f3n se distingue claramente del descarr\u00edo. (El Sagrado Cor\u00e1n 2:256)<\/p><\/blockquote>\n<p>Algunos pueden\u00a0decir que las conquistas Isl\u00e1micas primeras usaron conversiones forzadas, lo que es totalmente una exigencia falsa. Como mencionado en el art\u00edculo precedente acerca del <a href=\"https:\/\/jesus-is-muslim.net\/es\/es-terrorismo-el-yihad\/\">Yihad<\/a>, el objetivo de las conquistas isl\u00e1micas fue abrir el camino a las personas para que se conviertan al Islam y para practicarlo sin encontrar molestias si quieren, no forzarlas a convertirse al Islam. Si la gente no quiere ser Musulmanes, tendr\u00edan derecho de quedarse con sus creencias y de practicar sus ritos. Los Jud\u00edos y los Cristianos han vivido en los pa\u00edses Musulmanes por siglos desde la llegada del Islam como Egipto, Marruecos, Palestina, L\u00edbano, Siria,\u00a0Jord\u00e1n y otros pa\u00edses teniendo poblaciones Jud\u00edos y Cristianos.<\/p>\n<h3>Los Musulmanes nunca fueron forzados a convertir al Islam<\/h3>\n<p>Indonesia es el pa\u00eds que tiene el mayor n\u00famero de musulmanes en el mundo, y la mayor\u00eda de la gente en Malasia son musulmanes. Pero ning\u00fan ej\u00e9rcito musulm\u00e1n jam\u00e1s lleg\u00f3 a Indonesia o a Malasia. Es un hecho hist\u00f3rico establecido que Indonesia entr\u00f3 al Islam no a causa de la guerra, sino gracias a su mensaje moral. A pesar de la desaparici\u00f3n del gobierno isl\u00e1mico en muchas regiones que una vez fueron gobernadas por \u00e9l, sus habitantes originales han permanecido musulmanes. M\u00e1s a\u00fan, ellos llevan el mensaje de verdad, invitando tambi\u00e9n a otros a \u00e9l y resistiendo el da\u00f1o, la aflicci\u00f3n y la opresi\u00f3n. (<a href=\"http:\/\/www.islamreligion.com\/es\/articles\/677\/el-islam-fue-propagado-por-la-espada\/\">fuente aqu\u00ed<\/a>)<\/p>\n<p>De hecho, cuando miramos a lo largo de la historia, observamos que las sociedades isl\u00e1micas no hab\u00edan tratado los conquistadores Musulmanes como invasores en el cual salieron del Islam tan temprano como los Musulmanes han perdido el poder, sino el Islam se qued\u00f3 con Musulmanes aunque no hab\u00eda un poder Musulm\u00e1n, como lo que ha pasado en el siglo 19 y 20 cuando la mayor\u00eda de los pa\u00edses Musulmanes estaban ocupados por los pa\u00edses Europeos, las poblaciones no hab\u00edan salido del Islam, sino consideraron los Europeos como invasores, y aqu\u00ed encontramos la diferencia entre las conquistas Isl\u00e1micas que se pasaron para liberar los pueblos y las otras invasiones que llegaron para esclavizar la gente y para tomar sus recursos.<\/p>\n","protected":false},"excerpt":{"rendered":"<p>Decir que el Islam fue propagado por la espada es uno de los malentendidos comunes sobre el Islam. Muchas personas creen que los Musulmanes utilizaron la fuerza contra la gente pare convertirla al Islam, lo que es la mayor raz\u00f3n de las conversiones al Islam. Este art\u00edculo mostrar\u00e1 que este concepto es falso seg\u00fan las [&hellip;]<\/p>\n","protected":false},"author":1,"featured_media":1960,"parent":1944,"menu_order":0,"comment_status":"closed","ping_status":"closed","template":"","meta":{"om_disable_all_campaigns":false,"_monsterinsights_skip_tracking":false,"_monsterinsights_sitenote_active":false,"_monsterinsights_sitenote_note":"","_monsterinsights_sitenote_category":0,"_uf_show_specific_survey":0,"_uf_disable_surveys":false,"footnotes":""},"categories":[43],"tags":[],"class_list":["post-1955","page","type-page","status-publish","has-post-thumbnail","hentry","category-los-musulmanes-y-los-no-musulmanes"],"aioseo_notices":[],"_links":{"self":[{"href":"https:\/\/jesus-is-muslim.net\/es\/wp-json\/wp\/v2\/pages\/1955","targetHints":{"allow":["GET"]}}],"collection":[{"href":"https:\/\/jesus-is-muslim.net\/es\/wp-json\/wp\/v2\/pages"}],"about":[{"href":"https:\/\/jesus-is-muslim.net\/es\/wp-json\/wp\/v2\/types\/page"}],"author":[{"embeddable":true,"href":"https:\/\/jesus-is-muslim.net\/es\/wp-json\/wp\/v2\/users\/1"}],"replies":[{"embeddable":true,"href":"https:\/\/jesus-is-muslim.net\/es\/wp-json\/wp\/v2\/comments?post=1955"}],"version-history":[{"count":0,"href":"https:\/\/jesus-is-muslim.net\/es\/wp-json\/wp\/v2\/pages\/1955\/revisions"}],"up":[{"embeddable":true,"href":"https:\/\/jesus-is-muslim.net\/es\/wp-json\/wp\/v2\/pages\/1944"}],"wp:featuredmedia":[{"embeddable":true,"href":"https:\/\/jesus-is-muslim.net\/es\/wp-json\/wp\/v2\/media\/1960"}],"wp:attachment":[{"href":"https:\/\/jesus-is-muslim.net\/es\/wp-json\/wp\/v2\/media?parent=1955"}],"wp:term":[{"taxonomy":"category","embeddable":true,"href":"https:\/\/jesus-is-muslim.net\/es\/wp-json\/wp\/v2\/categories?post=1955"},{"taxonomy":"post_tag","embeddable":true,"href":"https:\/\/jesus-is-muslim.net\/es\/wp-json\/wp\/v2\/tags?post=1955"}],"curies":[{"name":"wp","href":"https:\/\/api.w.org\/{rel}","templated":true}]}}