{"id":1962,"date":"2017-04-12T16:14:24","date_gmt":"2017-04-12T14:14:24","guid":{"rendered":"https:\/\/jesus-is-muslim.net\/?page_id=1962\/"},"modified":"2018-04-17T10:18:13","modified_gmt":"2018-04-17T08:18:13","slug":"la-espada-y-la-guerra-en-la-biblia","status":"publish","type":"page","link":"https:\/\/jesus-is-muslim.net\/es\/jesus-es-musulman\/las-preguntas-comunes-sobre-el-islam\/es-terrorismo-el-yihad\/la-espada-y-la-guerra-en-la-biblia\/","title":{"rendered":"La Espada y la Guerra en la Biblia"},"content":{"rendered":"<p>Hay muchos versos en la Biblia donde Dios ordena a los Israelitas de matar a la gente alrededor de ellos. Presentaremos dos ejemplos en este art\u00edculo. El primero es en Deuteronomio 20:<\/p>\n<blockquote><p><span id=\"es-RVA-2015-5438\">10\u00a0\u201cCuando te acerques a una ciudad para combatir contra ella, le propondr\u00e1s la paz. <\/span><span id=\"es-RVA-2015-5439\">11\u00a0Si te responde con paz y te abre sus puertas, toda la gente que se halla en ella te rendir\u00e1 tributo laboral, y ellos te servir\u00e1n. <\/span><span id=\"es-RVA-2015-5440\">12\u00a0Pero si no hace la paz contigo, sino que te hace la guerra, entonces la sitiar\u00e1s. <\/span><span id=\"es-RVA-2015-5441\">13\u00a0Cuando el SE\u00d1OR tu Dios la entregue en tu mano, matar\u00e1s a filo de espada a todos sus varones. <\/span><span id=\"es-RVA-2015-5442\">14\u00a0Solamente las mujeres, los ni\u00f1os, los animales y todo lo que haya en la ciudad, todo su bot\u00edn, podr\u00e1s tomar para ti y comer del bot\u00edn de tus enemigos que el SE\u00d1OR tu Dios te entreg\u00f3. <\/span><span id=\"es-RVA-2015-5443\">15\u00a0Har\u00e1s esto con todas las ciudades que est\u00e9n muy distantes de ti, que no sean de las ciudades de estas naciones de aqu\u00ed. <\/span><span id=\"es-RVA-2015-5444\">16\u00a0Pero en las ciudades de estos pueblos que el SE\u00d1OR tu Dios te da por heredad, no dejar\u00e1s con vida a ninguna persona. <\/span><span id=\"es-RVA-2015-5445\">17\u00a0Los destruir\u00e1s completamente, como el SE\u00d1OR tu Dios te ha mandado: heteos, amorreos, cananeos, ferezeos, heveos y jebuseos. <\/span><span id=\"es-RVA-2015-5446\">18\u00a0De esta manera no les ense\u00f1ar\u00e1n a imitar todas las abominaciones que ellos hacen para sus dioses, de modo que pequen contra el SE\u00d1OR su Dios.<\/span><\/p><\/blockquote>\n<p>El segundo es en 1 Samuel 15:<\/p>\n<blockquote><p>1 Samuel 15 :1 El SE\u00d1OR me envi\u00f3 para ungirte como rey de su pueblo Israel. Escucha, pues, ahora las palabras del SE\u00d1OR. <span id=\"es-RVA-2015-7563\">2\u00a0As\u00ed ha dicho el SE\u00d1OR de los Ej\u00e9rcitos: \u201cYo castigar\u00e9 a Amalec por lo que hizo a Israel, porque se le opuso en el camino cuando sub\u00eda de Egipto. <\/span><span id=\"es-RVA-2015-7564\">3\u00a0Ve ahora y ataca a Amalec; destruye completamente todo lo que le pertenece. No le tengas compasi\u00f3n; mata a hombres y mujeres, a ni\u00f1os y beb\u00e9s, vacas y ovejas, camellos y asnos\u201d.\u00a0<\/span><span id=\"es-RVA-2015-7565\">4\u00a0Sa\u00fal convoc\u00f3 a la gente y les pas\u00f3 revista en Telaim: doscientos mil de infanter\u00eda m\u00e1s diez mil hombres de Jud\u00e1. <\/span><span id=\"es-RVA-2015-7566\">5\u00a0Sa\u00fal fue a la ciudad de Amalec y puso una emboscada en el arroyo. <\/span><span id=\"es-RVA-2015-7567\">6\u00a0Entonces Sa\u00fal dijo a los queneos:\u00a0<\/span>\u2014V\u00e1yanse, ap\u00e1rtense y salgan de en medio de los amalequitas, no sea que yo los destruya juntamente con ellos; porque ustedes tuvieron misericordia de todos los hijos de Israel cuando sub\u00edan de Egipto.\u00a0Entonces los queneos se apartaron de en medio de los amalequitas. <span id=\"es-RVA-2015-7568\">7\u00a0Y Sa\u00fal derrot\u00f3 a los amalequitas desde Havila hasta las inmediaciones de Shur, al este de Egipto. <\/span><span id=\"es-RVA-2015-7569\">8\u00a0Captur\u00f3 vivo a Agag, rey de Amalec, y destruy\u00f3 a filo de espada a todo el pueblo. <\/span><span id=\"es-RVA-2015-7570\">9\u00a0Sin embargo, Sa\u00fal y el pueblo perdonaron la vida a Agag, a lo mejor de las ovejas y de las vacas, de los animales engordados, de los carneros y de todo lo bueno, lo cual no quisieron destruir. Pero destruyeron todo lo despreciable y sin valor.\u00a0<\/span><span id=\"es-RVA-2015-7571\"><\/span>10\u00a0Entonces el SE\u00d1OR habl\u00f3 a Samuel diciendo:\u00a0<span id=\"es-RVA-2015-7572\">11\u00a0\u2014Me pesa haber puesto a Sa\u00fal como rey, porque se ha apartado de m\u00ed y no ha cumplido mis palabras.\u00a0<\/span>Samuel se apesadumbr\u00f3 y clam\u00f3 al SE\u00d1OR toda aquella noche.<\/p><\/blockquote>\n<p>Por lo tanto encontramos que la guerra en el Antiguo Testamento estuvo llena de matanzas ocurriendo incluso contra las mujeres y los ni\u00f1os y esto fue lo que Dios ha mandado a los Israelitas. Los Cristianos creen que Jes\u00fas es Dios, entonces, Jes\u00fas acept\u00f3 esas matanzas. Algunos pueden decir que esa fue una guerra entre las tribus y los Israelitas fueron defensivos, pero los versos fueron claro que las matanzas fueron contra las mujeres y los ni\u00f1os que no atacaron a los Israelitas. Por qu\u00e9 acusar el Islam y los Musulmanes de terrorismo y por otra parte justificar las matanzas en el Antiguo Testamento. Es una doble moral, \u00bfverdad?<\/p>\n","protected":false},"excerpt":{"rendered":"<p>Hay muchos versos en la Biblia donde Dios ordena a los Israelitas de matar a la gente alrededor de ellos. Presentaremos dos ejemplos en este art\u00edculo. El primero es en Deuteronomio 20: 10\u00a0\u201cCuando te acerques a una ciudad para combatir contra ella, le propondr\u00e1s la paz. 11\u00a0Si te responde con paz y te abre sus [&hellip;]<\/p>\n","protected":false},"author":1,"featured_media":1964,"parent":1944,"menu_order":0,"comment_status":"closed","ping_status":"closed","template":"","meta":{"om_disable_all_campaigns":false,"_monsterinsights_skip_tracking":false,"_monsterinsights_sitenote_active":false,"_monsterinsights_sitenote_note":"","_monsterinsights_sitenote_category":0,"_uf_show_specific_survey":0,"_uf_disable_surveys":false,"footnotes":""},"categories":[43],"tags":[],"class_list":["post-1962","page","type-page","status-publish","has-post-thumbnail","hentry","category-los-musulmanes-y-los-no-musulmanes"],"aioseo_notices":[],"_links":{"self":[{"href":"https:\/\/jesus-is-muslim.net\/es\/wp-json\/wp\/v2\/pages\/1962","targetHints":{"allow":["GET"]}}],"collection":[{"href":"https:\/\/jesus-is-muslim.net\/es\/wp-json\/wp\/v2\/pages"}],"about":[{"href":"https:\/\/jesus-is-muslim.net\/es\/wp-json\/wp\/v2\/types\/page"}],"author":[{"embeddable":true,"href":"https:\/\/jesus-is-muslim.net\/es\/wp-json\/wp\/v2\/users\/1"}],"replies":[{"embeddable":true,"href":"https:\/\/jesus-is-muslim.net\/es\/wp-json\/wp\/v2\/comments?post=1962"}],"version-history":[{"count":0,"href":"https:\/\/jesus-is-muslim.net\/es\/wp-json\/wp\/v2\/pages\/1962\/revisions"}],"up":[{"embeddable":true,"href":"https:\/\/jesus-is-muslim.net\/es\/wp-json\/wp\/v2\/pages\/1944"}],"wp:featuredmedia":[{"embeddable":true,"href":"https:\/\/jesus-is-muslim.net\/es\/wp-json\/wp\/v2\/media\/1964"}],"wp:attachment":[{"href":"https:\/\/jesus-is-muslim.net\/es\/wp-json\/wp\/v2\/media?parent=1962"}],"wp:term":[{"taxonomy":"category","embeddable":true,"href":"https:\/\/jesus-is-muslim.net\/es\/wp-json\/wp\/v2\/categories?post=1962"},{"taxonomy":"post_tag","embeddable":true,"href":"https:\/\/jesus-is-muslim.net\/es\/wp-json\/wp\/v2\/tags?post=1962"}],"curies":[{"name":"wp","href":"https:\/\/api.w.org\/{rel}","templated":true}]}}