{"id":1983,"date":"2017-04-12T22:08:25","date_gmt":"2017-04-12T20:08:25","guid":{"rendered":"https:\/\/jesus-is-muslim.net\/?page_id=1983\/"},"modified":"2018-04-17T10:52:28","modified_gmt":"2018-04-17T08:52:28","slug":"los-derechos-de-las-mujeres-en-el-islam","status":"publish","type":"page","link":"https:\/\/jesus-is-muslim.net\/es\/jesus-es-musulman\/las-preguntas-comunes-sobre-el-islam\/las-mujeres-en-el-islam\/los-derechos-de-las-mujeres-en-el-islam\/","title":{"rendered":"Los Derechos de las Mujeres en el Islam"},"content":{"rendered":"<p>Hay un malentendido com\u00fan entre los no Musulmanes que el Islam oprima a las mujeres, y ten\u00edan ese malentendido ya que parece a veces que los hombres tienen m\u00e1s derechos que las mujeres. Este art\u00edculo mostrar\u00e1 que el Islam nunca oprimi\u00f3 a las mujeres,\u00a0por el contrario las mujeres se ocupan un rango\u00a0alto en el Islam ya que juegan un papel importante criando la sociedad Isl\u00e1mica.<\/p>\n<p><a href=\"https:\/\/jesus-is-muslim.net\/wp-content\/uploads\/2017\/04\/El-Rango-de-las-Mujeres-en-Islam.png\"><img loading=\"lazy\" decoding=\"async\" class=\"alignnone size-full wp-image-1991\" src=\"https:\/\/jesus-is-muslim.net\/wp-content\/uploads\/2017\/04\/El-Rango-de-las-Mujeres-en-Islam.png\" alt=\"El Rango de las Mujeres en Islam\" width=\"1040\" height=\"570\" srcset=\"https:\/\/jesus-is-muslim.net\/wp-content\/uploads\/2017\/04\/El-Rango-de-las-Mujeres-en-Islam.png 1040w, https:\/\/jesus-is-muslim.net\/wp-content\/uploads\/2017\/04\/El-Rango-de-las-Mujeres-en-Islam-300x164.png 300w, https:\/\/jesus-is-muslim.net\/wp-content\/uploads\/2017\/04\/El-Rango-de-las-Mujeres-en-Islam-768x421.png 768w, https:\/\/jesus-is-muslim.net\/wp-content\/uploads\/2017\/04\/El-Rango-de-las-Mujeres-en-Islam-1024x561.png 1024w\" sizes=\"auto, (max-width: 1040px) 100vw, 1040px\" \/><\/a><\/p>\n<p>Un hombre fue hacia el Profeta\u00a0Muhammad \ufdfa y dijo:<\/p>\n<blockquote><p>\u00a1Oh, Profeta de Dios! gu\u00edame \u00bfa qui\u00e9n debo hacer el bien para beneficiar completamente con mi buena acci\u00f3n?<\/p>\n<p>El respondi\u00f3: \u201c<strong>Hazle el bien a tu madre!<\/strong>\u201d<\/p>\n<p>El pregunt\u00f3: \u201c\u00bfLuego de ella?<\/p>\n<p>El Profeta \ufdfa \u00a0repiti\u00f3: \u201c<strong>\u00a1Haz el bien a tu madre!<\/strong><\/p>\n<p>Una vez m\u00e1s pregunt\u00f3: \u201c\u00bfY luego de ella?\u201d<\/p>\n<p>El Profeta \ufdfa \u00a0respondi\u00f3: \u201c<strong>A tu madre<\/strong>\u201d<\/p>\n<p>El hombre dijo: \u201c\u00bfA qu\u00e9 otra persona debo hacer el bien?\u201d<\/p>\n<p>El Profeta \ufdfa \u00a0respondi\u00f3: \u201c<strong>A tu padre<\/strong>\u201d (Bujari)<\/p><\/blockquote>\n<p>Con respecto a la esposa, el Profeta Muhammad \ufdfa\u00a0dijo:<\/p>\n<blockquote><p>\u201cEl creyente m\u00e1s perfecto es el del mejor car\u00e1cter. Los mejores son los que tratan mejor a sus mujeres\u201d (Al Tirmizi)<\/p><\/blockquote>\n<p>Con respecto a la t\u00eda, un hombre vino al Profeta Muhammad\u00a0\ufdfa diciendo:<\/p>\n<blockquote><p>\u00ab\u00a1Oh, Mensajero de Al\u00e1! Comet\u00ed un gran pecado, \u00bfC\u00f3mo puedo arrepentirme?\u00bb<\/p>\n<p>El Profeta Muhammad \ufdfa le pregunt\u00f3: <strong>\u00ab\u00bfTus padres est\u00e1n vivos?\u00bb, <\/strong>respondi\u00f3: \u00abNo\u00bb<\/p>\n<p>El Profeta Muhammad \ufdfa le\u00a0pregunt\u00f3: \u00ab<strong>\u00bfTu t\u00eda materna est\u00e1\u00a0viva?\u00bb, <\/strong>respondi\u00f3: \u00abS\u00ed\u00bb<\/p>\n<p>El Profeta Muhammad \ufdfa le dijo:<strong>\u00a0\u201c\u00a1Hazle el bien a ella!\u201d <\/strong>(Ibn Habb\u00e1n)<\/p><\/blockquote>\n<div align=\"left\">Con respecto a las hijas y a las hermanas, el Profeta Muhammad \ufdfa \u00a0dijo:<\/div>\n<blockquote>\n<div align=\"left\">\u00abAquel que tiene tres hijas o hermanas, o quiz\u00e1s dos hermanas o dos hijas, y es compasivo y piadoso con ellas y se\u00a0preocupa por ellas, educ\u00e1ndolas, cuid\u00e1ndolas y favoreciendo que contraigan matrimonio, entrar\u00e1 en el Para\u00edso.\u00bb (Abu Dawud, Adab, 130; Tirmizi, Birr, 13)<\/div>\n<\/blockquote>\n<p>Vimos arriba el rango de la mujer como una madre, una esposa, una t\u00eda, una hija y una hermana. El Islam reconoce el papel de la madre en la casa y su gran responsabilidad para criar a los hombres y a las mujeres que construyen la sociedad. Es por eso la madre fue mencionada tres veces antes del padre.<\/p>\n<p>El Islam da las mujeres muchos derechos, uno de estos derechos es el derecho a buscar a adquirir el\u00a0conocimiento. El hadiz siguiente contesta al malentendido entre muchos no Musulmanes que el Islam proh\u00edbe la educaci\u00f3n de las mujeres, el Profeta Muhammad \ufdfa dijo:<\/p>\n<blockquote><p>\u00ab Buscar y adquirir conocimiento es una obligaci\u00f3n para todos los musulmanes, hombres o mujeres.\u00a0\u00bb (<i>at-Tirmizi<\/i>)<\/p><\/blockquote>\n<p>Las mujeres son consultadas en los asuntos importantes. El Profeta Muhammad \ufdfa ha escuchado a las opiniones de sus esposas. Las mujeres tienen el derecho de poseer dinero y bienes y tienen el derecho de conducta empresarial y de trabajar si el trabajo no tiene un problema contra el mensaje del Islam aunque la mujer no tiene que gastar dinero para la casa ya que es el deber del hombre. Al\u00e1 dice en el Cor\u00e1n:<\/p>\n<blockquote><p>19. \u00a1Creyentes! No es l\u00edcito recibir en herencia a mujeres contra su voluntad, ni impedirles que vuelvan a casarse para quitarles parte de lo que les hab\u00edais dado, a menos que sean culpables de deshonestidad manifiesta. Comportaos con ellas como es debido. Y si os resultan antip\u00e1ticas, puede que Al\u00e1 haya puesto mucho bien en el objeto de vuestra antipat\u00eda. (El Sagrado Cor\u00e1n 4:19)<\/p><\/blockquote>\n<p>Las mujeres tienen muchos derechos en el Islam en los cuales algunos derechos fueron destacados en la sociedad, el art\u00edculo siguiente mostrar\u00e1 <a href=\"https:\/\/jesus-is-muslim.net\/es\/jesus-es-musulman\/las-preguntas-comunes-sobre-el-islam\/las-mujeres-en-el-islam\/los-hombres-iguales-las-mujeres\/\">c\u00f3mo sus papeles va con los papeles de los hombres<\/a>.<\/p>\n","protected":false},"excerpt":{"rendered":"<p>Hay un malentendido com\u00fan entre los no Musulmanes que el Islam oprima a las mujeres, y ten\u00edan ese malentendido ya que parece a veces que los hombres tienen m\u00e1s derechos que las mujeres. Este art\u00edculo mostrar\u00e1 que el Islam nunca oprimi\u00f3 a las mujeres,\u00a0por el contrario las mujeres se ocupan un rango\u00a0alto en el Islam [&hellip;]<\/p>\n","protected":false},"author":1,"featured_media":1991,"parent":1970,"menu_order":0,"comment_status":"closed","ping_status":"closed","template":"","meta":{"om_disable_all_campaigns":false,"_monsterinsights_skip_tracking":false,"_monsterinsights_sitenote_active":false,"_monsterinsights_sitenote_note":"","_monsterinsights_sitenote_category":0,"_uf_show_specific_survey":0,"_uf_disable_surveys":false,"footnotes":""},"categories":[55],"tags":[],"class_list":["post-1983","page","type-page","status-publish","has-post-thumbnail","hentry","category-las-mujeres-en-el-islam"],"aioseo_notices":[],"_links":{"self":[{"href":"https:\/\/jesus-is-muslim.net\/es\/wp-json\/wp\/v2\/pages\/1983","targetHints":{"allow":["GET"]}}],"collection":[{"href":"https:\/\/jesus-is-muslim.net\/es\/wp-json\/wp\/v2\/pages"}],"about":[{"href":"https:\/\/jesus-is-muslim.net\/es\/wp-json\/wp\/v2\/types\/page"}],"author":[{"embeddable":true,"href":"https:\/\/jesus-is-muslim.net\/es\/wp-json\/wp\/v2\/users\/1"}],"replies":[{"embeddable":true,"href":"https:\/\/jesus-is-muslim.net\/es\/wp-json\/wp\/v2\/comments?post=1983"}],"version-history":[{"count":0,"href":"https:\/\/jesus-is-muslim.net\/es\/wp-json\/wp\/v2\/pages\/1983\/revisions"}],"up":[{"embeddable":true,"href":"https:\/\/jesus-is-muslim.net\/es\/wp-json\/wp\/v2\/pages\/1970"}],"wp:featuredmedia":[{"embeddable":true,"href":"https:\/\/jesus-is-muslim.net\/es\/wp-json\/wp\/v2\/media\/1991"}],"wp:attachment":[{"href":"https:\/\/jesus-is-muslim.net\/es\/wp-json\/wp\/v2\/media?parent=1983"}],"wp:term":[{"taxonomy":"category","embeddable":true,"href":"https:\/\/jesus-is-muslim.net\/es\/wp-json\/wp\/v2\/categories?post=1983"},{"taxonomy":"post_tag","embeddable":true,"href":"https:\/\/jesus-is-muslim.net\/es\/wp-json\/wp\/v2\/tags?post=1983"}],"curies":[{"name":"wp","href":"https:\/\/api.w.org\/{rel}","templated":true}]}}