{"id":1993,"date":"2017-04-12T11:06:42","date_gmt":"2017-04-12T09:06:42","guid":{"rendered":"https:\/\/jesus-is-muslim.net\/?page_id=1993\/"},"modified":"2018-04-17T10:51:32","modified_gmt":"2018-04-17T08:51:32","slug":"los-hombres-iguales-las-mujeres","status":"publish","type":"page","link":"https:\/\/jesus-is-muslim.net\/es\/jesus-es-musulman\/las-preguntas-comunes-sobre-el-islam\/las-mujeres-en-el-islam\/los-hombres-iguales-las-mujeres\/","title":{"rendered":"\u00bfLas Mujeres son Iguales a los Hombres en Islam?"},"content":{"rendered":"<p>Los no Musulmanes tienen frecuentemente esta pregunta: \u00ab\u00bfLas mujeres son\u00a0iguales a los hombres en Islam?\u00bb \u00ab\u00bfPor qu\u00e9 los hombres tienen m\u00e1s derechos que las mujeres en Islam?\u00bb. En el art\u00edculo precedente, indicamos <a href=\"https:\/\/jesus-is-muslim.net\/es\/jesus-es-musulman\/las-preguntas-comunes-sobre-el-islam\/las-mujeres-en-el-islam\/los-derechos-de-las-mujeres-en-el-islam\/\">los derechos de las mujeres en Islam<\/a>. Este art\u00edculo destacar\u00e1 las diferencias entre los hombres y las mujeres y c\u00f3mo esas diferencias se reconocen en el Islam.<\/p>\n<p>Al primeo, el Cor\u00e1n dice que los hombres y las mujeres son iguales con respecto a su relaci\u00f3n con Dios. El Sagrado Cor\u00e1n dice:<\/p>\n<blockquote><p>97. Al creyente, var\u00f3n o hembra, que obre bien, le haremos, ciertamente, que viva una vida buena y le retribuiremos, s\u00ed, con arreglo a sus mejores obras.\u00a0(El Sagrado Cor\u00e1n 16:97)<\/p>\n<p>35. Al\u00e1 ha preparado perd\u00f3n y magn\u00edfica recompensa para los musulmanes y las musulmanas, los creyentes y las creyentes, los devotos y las devotas, los sinceros y las sinceras, los pacientes y las pacientes, los humildes y las humildes, los que y las que dan limosna, los que y las que ayunan, los castos y las castas, los que y las que recuerdan mucho a Al\u00e1.\u00a0(El Sagrado Cor\u00e1n 33:35)<\/p><\/blockquote>\n<p>El Profeta Muhammad \ufdfa dijo:<\/p>\n<blockquote><p>\u00abLas mujeres son hermanas de\u00a0los hombres\u00bb\u00a0(Abu Daw\u00fad)<\/p><\/blockquote>\n<p><a href=\"https:\/\/jesus-is-muslim.net\/wp-content\/uploads\/2017\/04\/\u00bfLas-Mujeres-son-Iguales-a-los-Hombres-en-Islam-.png\"><img loading=\"lazy\" decoding=\"async\" class=\"alignnone size-full wp-image-1994\" src=\"https:\/\/jesus-is-muslim.net\/wp-content\/uploads\/2017\/04\/\u00bfLas-Mujeres-son-Iguales-a-los-Hombres-en-Islam-.png\" alt=\"\u00bfLas Mujeres son Iguales a los Hombres en Islam-\" width=\"1040\" height=\"570\" srcset=\"https:\/\/jesus-is-muslim.net\/wp-content\/uploads\/2017\/04\/\u00bfLas-Mujeres-son-Iguales-a-los-Hombres-en-Islam-.png 1040w, https:\/\/jesus-is-muslim.net\/wp-content\/uploads\/2017\/04\/\u00bfLas-Mujeres-son-Iguales-a-los-Hombres-en-Islam--300x164.png 300w, https:\/\/jesus-is-muslim.net\/wp-content\/uploads\/2017\/04\/\u00bfLas-Mujeres-son-Iguales-a-los-Hombres-en-Islam--768x421.png 768w, https:\/\/jesus-is-muslim.net\/wp-content\/uploads\/2017\/04\/\u00bfLas-Mujeres-son-Iguales-a-los-Hombres-en-Islam--1024x561.png 1024w\" sizes=\"auto, (max-width: 1040px) 100vw, 1040px\" \/><\/a><\/p>\n<p>Por otra parte, el Islam reconoce que hay muchas diferencias naturales entre los dos g\u00e9neros. Entonces, deben\u00a0tener responsabilidades cabiendo con sus naturalezas diferentes, y si tienen responsabilidades distintas, tendr\u00edan derechos diferentes cabiendo con sus\u00a0responsabilidades. Por lo tanto, las leyes del Islam no consideran la igualdad como el enfoque correcto, sino la equidad y la justicia que no significa necesariamente la igualdad. Al\u00e1 dice en el Cor\u00e1n:<\/p>\n<blockquote><p>34. Los hombres tienen autoridad sobre las mujeres en virtud de la preferencia que Al\u00e1 ha dado a unos m\u00e1s que a otros y de los bienes que gastan. (El Sagrado Cor\u00e1n 4:34)<\/p><\/blockquote>\n<p>As\u00ed que cuando el Islam da al hombre una autoridad sobre la mujer, no significa que esta autoridad es gratis, pero el hombre tiene que cumplir con su responsabilidad para merecerla. La primera responsabilidad es gastar para la casa. Si un hombre quiere casarse, deber\u00eda pagar (mahr), lo que es un regalo pagado como una parte del contrato del matrimonio. La mujer debe solamente tener cuidado de la casa y de sus ni\u00f1os ya que su papel es construir una sociedad Isl\u00e1mica virtuosa. Este es su trabajo como el trabajo principal del hombre es trabajar y gastar para la casa. Es por eso el hermano hereda el doble de sus hermanas en algunos casos ya que tiene muchas obligaciones financieras para cumplirla, contrariamente a la hermana que ahorrar\u00e1 toda la herencia.<\/p>\n<p>Adem\u00e1s, un hombre tiene una naturaleza diferente de la mujer, lo que es claro en su fuerza ayud\u00e1ndolo a realizar trabajos que no se pueden hacer por una mujer. Las mujeres se afectan por sus emociones m\u00e1s que\u00a0el\u00a0pensamiento racional. Por supuesto no\u00a0son todas las mujeres as\u00ed, pero estas son la mayor\u00eda aplastante. El Islam reconoce esas diferencias y las leyes del Islam las tomaron en consideraci\u00f3n.<\/p>\n","protected":false},"excerpt":{"rendered":"<p>Los no Musulmanes tienen frecuentemente esta pregunta: \u00ab\u00bfLas mujeres son\u00a0iguales a los hombres en Islam?\u00bb \u00ab\u00bfPor qu\u00e9 los hombres tienen m\u00e1s derechos que las mujeres en Islam?\u00bb. En el art\u00edculo precedente, indicamos los derechos de las mujeres en Islam. Este art\u00edculo destacar\u00e1 las diferencias entre los hombres y las mujeres y c\u00f3mo esas diferencias se [&hellip;]<\/p>\n","protected":false},"author":1,"featured_media":1994,"parent":1970,"menu_order":0,"comment_status":"closed","ping_status":"closed","template":"","meta":{"om_disable_all_campaigns":false,"_monsterinsights_skip_tracking":false,"_monsterinsights_sitenote_active":false,"_monsterinsights_sitenote_note":"","_monsterinsights_sitenote_category":0,"_uf_show_specific_survey":0,"_uf_disable_surveys":false,"footnotes":""},"categories":[55,43],"tags":[],"class_list":["post-1993","page","type-page","status-publish","has-post-thumbnail","hentry","category-las-mujeres-en-el-islam","category-los-musulmanes-y-los-no-musulmanes"],"aioseo_notices":[],"_links":{"self":[{"href":"https:\/\/jesus-is-muslim.net\/es\/wp-json\/wp\/v2\/pages\/1993","targetHints":{"allow":["GET"]}}],"collection":[{"href":"https:\/\/jesus-is-muslim.net\/es\/wp-json\/wp\/v2\/pages"}],"about":[{"href":"https:\/\/jesus-is-muslim.net\/es\/wp-json\/wp\/v2\/types\/page"}],"author":[{"embeddable":true,"href":"https:\/\/jesus-is-muslim.net\/es\/wp-json\/wp\/v2\/users\/1"}],"replies":[{"embeddable":true,"href":"https:\/\/jesus-is-muslim.net\/es\/wp-json\/wp\/v2\/comments?post=1993"}],"version-history":[{"count":0,"href":"https:\/\/jesus-is-muslim.net\/es\/wp-json\/wp\/v2\/pages\/1993\/revisions"}],"up":[{"embeddable":true,"href":"https:\/\/jesus-is-muslim.net\/es\/wp-json\/wp\/v2\/pages\/1970"}],"wp:featuredmedia":[{"embeddable":true,"href":"https:\/\/jesus-is-muslim.net\/es\/wp-json\/wp\/v2\/media\/1994"}],"wp:attachment":[{"href":"https:\/\/jesus-is-muslim.net\/es\/wp-json\/wp\/v2\/media?parent=1993"}],"wp:term":[{"taxonomy":"category","embeddable":true,"href":"https:\/\/jesus-is-muslim.net\/es\/wp-json\/wp\/v2\/categories?post=1993"},{"taxonomy":"post_tag","embeddable":true,"href":"https:\/\/jesus-is-muslim.net\/es\/wp-json\/wp\/v2\/tags?post=1993"}],"curies":[{"name":"wp","href":"https:\/\/api.w.org\/{rel}","templated":true}]}}