{"id":1997,"date":"2017-04-11T22:28:13","date_gmt":"2017-04-11T20:28:13","guid":{"rendered":"https:\/\/jesus-is-muslim.net\/?page_id=1997\/"},"modified":"2018-04-17T10:51:50","modified_gmt":"2018-04-17T08:51:50","slug":"por-que-las-mujeres-musulmanas-llevan-un-velo","status":"publish","type":"page","link":"https:\/\/jesus-is-muslim.net\/es\/jesus-es-musulman\/las-preguntas-comunes-sobre-el-islam\/las-mujeres-en-el-islam\/por-que-las-mujeres-musulmanas-llevan-un-velo\/","title":{"rendered":"\u00bfPor qu\u00e9 las Mujeres Musulmanas llevan un velo?"},"content":{"rendered":"<h3>Las Soluciones Isl\u00e1micas del Problema del Adulterio<\/h3>\n<p>Muchos no Musulmanes\u00a0creen que las mujeres Musulmanas est\u00e9n oprimidas ya que deben llevar un velo. Para explicar la raz\u00f3n de que se exige el velo, debemos al primeo comprender c\u00f3mo trata el Islam con el problema del adulterio. Dios dice en el Cor\u00e1n:<\/p>\n<blockquote><p>\u00a032.\u00a0\u00a1Evitad la fornicaci\u00f3n: es una deshonestidad! \u00a1Mal camino&#8230;! (El Sagrado Cor\u00e1n 17:32)<\/p><\/blockquote>\n<p>Dios dice igualmente:<\/p>\n<blockquote><p>21. \u00a1Creyentes! \u00a1No sig\u00e1is las pisadas del Demonio! A quien sigue las pisadas del Demonio, \u00e9ste le ordena lo deshonesto y lo reprobable. (El Sagrado Cor\u00e1n 24:21)<\/p><\/blockquote>\n<p>Cuando Dios prohibi\u00f3 el adulterio, sab\u00eda que hay muchos caminos llevando los hombres hacia ese pecado horrible. Si Dios deja esos caminos abiertos, ser\u00e1 dif\u00edcil de reducir las tasas del adulterio. Estos caminos dependen de las actitudes de tanto los hombres que de las mujeres. Es por eso Dios prohibi\u00f3 que los hombres miren a las mujeres. Dios dice en el Cor\u00e1n:<\/p>\n<blockquote><p><b><\/b>30. Di a los creyentes que bajen la vista con recato y que sean castos. Es m\u00e1s correcto. Al\u00e1 est\u00e1 bien informado de lo que hacen.\u00a0(El Sagrado Cor\u00e1n 24:30)<\/p><\/blockquote>\n<p>No es la sola soluci\u00f3n. El Profeta Muhammad \ufdfa \u00a0dijo:<\/p>\n<blockquote>\n<p class=\"s7adeth\">\u201cTengan cuidado con el entrar a las mujeres\u201d y entonces le preguntaron al Profeta: Oh mensajero de Allah y que pasa con los familiares del esposo (se refiere a los familiares hombres del esposo o la esposa), y el Profeta Muhammad les contest\u00f3: \u201clos familiares del esposo son la muerte\u201d. (Bujari y Muslim)<\/p>\n<\/blockquote>\n<p>El\u00a0Profeta Muhammad \ufdfa\u00a0dijo:<\/p>\n<blockquote><p><span class=\"Apple-style-span\">\u201c\u00a1Oh comunidad de j\u00f3venes! Quien de entre vosotros tenga la capacidad de tener actividad sexual, que se case, puesto que ello es lo m\u00e1s efectivo para bajar la mirada (de lo que no se debe mirar) y resguardar m\u00e1s las partes pudendas.\u201d\u00a0<\/span>(Mouslim)<\/p><\/blockquote>\n<p>El velo no es la sola soluci\u00f3n para impedir el adulterio, es una soluci\u00f3n entre muchas soluciones, y debemos considerar todas las soluciones. Es por eso el Islam manda de facilitar el matrimonio y de\u00a0bajar la vista. Por otra parte, las mujeres deben llevar el velo. Al\u00e1 dice en el Cor\u00e1n:<\/p>\n<blockquote><p>31. Y di a las creyentes que bajen la vista con recato, que sean castas y no muestren m\u00e1s adorno que los que est\u00e1n a la vista, que cubran su escote con el velo y no exhiban sus adornos (El Sagrado Cor\u00e1n\u00a024:31)<\/p><\/blockquote>\n<p>Dios dice en un otro verso:<\/p>\n<blockquote><p>59. \u00a1Profeta! Di a tus esposas, a tus hijas y a las mujeres de los creyentes que se cubran con el manto. Es lo mejor para que se las distinga y no sean molestadas. Al\u00e1 es indulgente, misericordioso.\u00a0 (El Sagrado Cor\u00e1n 33:59)<\/p><\/blockquote>\n<p><a href=\"https:\/\/jesus-is-muslim.net\/wp-content\/uploads\/2017\/04\/\u00bfPor-qu\u00e9-el-Hiyab-.png\"><img loading=\"lazy\" decoding=\"async\" class=\"alignnone size-full wp-image-1999\" src=\"https:\/\/jesus-is-muslim.net\/wp-content\/uploads\/2017\/04\/\u00bfPor-qu\u00e9-el-Hiyab-.png\" alt=\"\u00bfPor qu\u00e9 el Hiyab?\" width=\"1040\" height=\"570\" srcset=\"https:\/\/jesus-is-muslim.net\/wp-content\/uploads\/2017\/04\/\u00bfPor-qu\u00e9-el-Hiyab-.png 1040w, https:\/\/jesus-is-muslim.net\/wp-content\/uploads\/2017\/04\/\u00bfPor-qu\u00e9-el-Hiyab--300x164.png 300w, https:\/\/jesus-is-muslim.net\/wp-content\/uploads\/2017\/04\/\u00bfPor-qu\u00e9-el-Hiyab--768x421.png 768w, https:\/\/jesus-is-muslim.net\/wp-content\/uploads\/2017\/04\/\u00bfPor-qu\u00e9-el-Hiyab--1024x561.png 1024w\" sizes=\"auto, (max-width: 1040px) 100vw, 1040px\" \/><\/a><\/p>\n<p>El velo no es justo una bufanda sobre la cabeza. El velo isl\u00e1mico o <i>hijab<\/i> se refiere\u00a0 a la prenda amplia, simple y opaca que cubre el cuerpo de la mujer musulmana.\u00a0 B\u00e1sicamente id\u00e9ntico a la ropa utilizada en tradicionales representaciones de Mar\u00eda (que Dios le conceda misericordia y a su hijo) en el cristianismo, y cada monja que ha buscado imitarla desde entonces, el <i>hijab<\/i> es clasificado como un signo de extremismo, el supuestamente estatus inferior de la mujer musulmana. (<a href=\"http:\/\/www.islamreligion.com\/es\/articles\/287\/el-velo-descubierto\/\">fuente aqu\u00ed<\/a>)<\/p>\n<p>Debemos considerar aqu\u00ed la naturaleza de las mujeres. Dios cre\u00f3 las mujeres con un cuerpo bonito. Entonces parecen provocativas si no cubran sus cuerpos bien ya que pueden\u00a0atraer la atenci\u00f3n de los hombres sobre ellas. La mujer sabe muy bien que la mirada juega un papel muy importante para representar su personalidad, y sabe que la mujer que muestra con un traje atractivo est\u00e1 sujeto a riesgos que no son solamente verbales, pero f\u00edsicos igualmente en algunos casos. Una mujer cuenta la raz\u00f3n de llevar el velo:<\/p>\n<blockquote>\n<p class=\"w-body-text-1\">Yo soy una mujer musulmana quien, como millones de otras mujeres musulmanas a lo ancho del planeta, escogi\u00f3\u00a0 usar el <i>hiyab<\/i>. El concepto del <i>hiyab<\/i>, contrario a la opini\u00f3n popular, es de hecho uno de los aspectos m\u00e1s importantes de empoderamiento femenino. Cuando me cubro, hago virtualmente imposible para las personas que me juzguen de acuerdo con mi f\u00edsico. Yo no debo ser juzgada debido a mi grado de atracci\u00f3n o debido a la falta de ella.<\/p>\n<p class=\"w-body-text-1\">Comparen esto con la vida en la sociedad de hoy: estamos constantemente midi\u00e9ndonos los unos con los otros sobre la base de nuestra ropa, joyas, pelo y maquillaje. \u00bfQu\u00e9 clase de profundidad puede haber en un mundo como este? S\u00ed, yo tengo un cuerpo, una manifestaci\u00f3n f\u00edsica en esta Tierra. Pero \u00e9ste es el recipiente de una mente inteligente y un esp\u00edritu fuerte. \u00a1No es para que lo use en avisos para vender desde cerveza hasta carros!<\/p>\n<p class=\"w-body-text-1\">Debido a la superficialidad del mundo en el que vivimos, las apariencias externas son enfatizadas tanto que el valor del individuo no cuenta para casi nada.\u00a0 \u00a1Es un mito que las mujeres en la sociedad de hoy est\u00e9n liberadas! \u00bfQu\u00e9 clase de libertad puede haber cuando una mujer no puede caminar por una calle sin que le est\u00e9n \u201cchequeando\u201d cada aspecto de su f\u00edsico?<\/p>\n<p class=\"w-body-text-1\">Cuando yo visto el <i>hiyab<\/i> me siento a salvo de todo eso. Puedo descansar con la seguridad de que nadie me est\u00e1 mirando y haciendo presunciones acerca de mi car\u00e1cter de acuerdo con la longitud de mi falda. Hay una barrera entre m\u00ed y aquellos que me explotar\u00edan. Yo soy primero y antes que todo un ser humano, igual a cualquier hombre, y no vulnerable debido a mi sexualidad. (Fuente <a href=\"http:\/\/www.islamreligion.com\/es\/articles\/525\/por-que-visto-el-hiyab\/\">aqu\u00ed<\/a>)<\/p>\n<\/blockquote>\n<h3>\u00bfLos Hombres deben\u00a0llevar un velo?<\/h3>\n<div id=\"t334890\" class=\"englishcontainer\">\n<div class=\"english_hadith_full\">\n<div class=\"clear\">Algunos posan una pregunta; \u00bfPor qu\u00e9 los hombres Musulmanes no llevan el velo como las mujeres? Los hombres y las mujeres se ven en una manera diferente. Los hombres tienden m\u00e1s al deseo sexual que a las emociones, mientras que el factor m\u00e1s importante que afecta la mujer no es mirar el cuerpo del hombre, sino su personalidad y su dulzura, cosas que no llegan solo a trav\u00e9s de una mirada en la calle. Es por eso\u00a0no vemos una mujer acosando o violando a un hombre en la calle\u00a0ya que el hombre es hermoso como vemos esas accidentes ocurriendo en la direcci\u00f3n opuesta.<\/div>\n<\/div>\n<div class=\"english_hadith_full\">\n<h3 class=\"clear\">El\u00a0Velo en el Cristianismo<\/h3>\n<div class=\"clear\">De hecho el velo estaba\u00a0obligatorio seg\u00fan la tradici\u00f3n Cristiana, Tertuliano, uno de los padres primeros de la iglesia escribi\u00f3 un libro acerca del velo de las v\u00edrgenes (<a href=\"http:\/\/www.newadvent.org\/fathers\/0403.htm\">fuente aqu\u00ed en ingl\u00e9s<\/a>) diciendo:<\/div>\n<blockquote>\n<div class=\"clear\">\u00a0\u00abMujeres j\u00f3venes, ustedes usan sus velos en las calles, tambi\u00e9n deben usarlos en las iglesias; cuando se encuentran entre extra\u00f1os, entonces \u00fasenlos cuando se encuentren entre sus hermanos\u00bb.<\/div>\n<\/blockquote>\n<div class=\"clear\">Podemos ver igualmente lo que dice la didascalia apostolorum que se considera como una tradici\u00f3n apost\u00f3lica seg\u00fan algunas iglesias (<a href=\"http:\/\/www.bombaxo.com\/didascalia.html\">el texto en ingl\u00e9s aqu\u00ed<\/a>):<\/div>\n<blockquote>\n<div class=\"clear\">\u00abT\u00fa entonces que eres Cristiana, \u00a1no par\u00e9cete a esas mujeres!, sino si quieres ser fiel, le gustar\u00edas solamente a tu marido, y cuando caminas en el lugar p\u00fablico, \u00a1c\u00fabrete la cabeza con tu\u00a0h\u00e1bito!, para que el velo esconda tu gran belleza.\u00a0No adorna el frente de tus ojos, sino baja los ojos y caminas con velo\u00bb<\/div>\n<\/blockquote>\n<div class=\"clear\">Por lo tanto el velo no fue solo una ense\u00f1anza isl\u00e1mica, pero exist\u00eda igualmente en las ense\u00f1anzas Cristianas.<\/div>\n<\/div>\n<\/div>\n","protected":false},"excerpt":{"rendered":"<p>Las Soluciones Isl\u00e1micas del Problema del Adulterio Muchos no Musulmanes\u00a0creen que las mujeres Musulmanas est\u00e9n oprimidas ya que deben llevar un velo. Para explicar la raz\u00f3n de que se exige el velo, debemos al primeo comprender c\u00f3mo trata el Islam con el problema del adulterio. Dios dice en el Cor\u00e1n: \u00a032.\u00a0\u00a1Evitad la fornicaci\u00f3n: es una [&hellip;]<\/p>\n","protected":false},"author":1,"featured_media":1999,"parent":1970,"menu_order":0,"comment_status":"closed","ping_status":"closed","template":"","meta":{"om_disable_all_campaigns":false,"_monsterinsights_skip_tracking":false,"_monsterinsights_sitenote_active":false,"_monsterinsights_sitenote_note":"","_monsterinsights_sitenote_category":0,"_uf_show_specific_survey":0,"_uf_disable_surveys":false,"footnotes":""},"categories":[55],"tags":[],"class_list":["post-1997","page","type-page","status-publish","has-post-thumbnail","hentry","category-las-mujeres-en-el-islam"],"aioseo_notices":[],"_links":{"self":[{"href":"https:\/\/jesus-is-muslim.net\/es\/wp-json\/wp\/v2\/pages\/1997","targetHints":{"allow":["GET"]}}],"collection":[{"href":"https:\/\/jesus-is-muslim.net\/es\/wp-json\/wp\/v2\/pages"}],"about":[{"href":"https:\/\/jesus-is-muslim.net\/es\/wp-json\/wp\/v2\/types\/page"}],"author":[{"embeddable":true,"href":"https:\/\/jesus-is-muslim.net\/es\/wp-json\/wp\/v2\/users\/1"}],"replies":[{"embeddable":true,"href":"https:\/\/jesus-is-muslim.net\/es\/wp-json\/wp\/v2\/comments?post=1997"}],"version-history":[{"count":0,"href":"https:\/\/jesus-is-muslim.net\/es\/wp-json\/wp\/v2\/pages\/1997\/revisions"}],"up":[{"embeddable":true,"href":"https:\/\/jesus-is-muslim.net\/es\/wp-json\/wp\/v2\/pages\/1970"}],"wp:featuredmedia":[{"embeddable":true,"href":"https:\/\/jesus-is-muslim.net\/es\/wp-json\/wp\/v2\/media\/1999"}],"wp:attachment":[{"href":"https:\/\/jesus-is-muslim.net\/es\/wp-json\/wp\/v2\/media?parent=1997"}],"wp:term":[{"taxonomy":"category","embeddable":true,"href":"https:\/\/jesus-is-muslim.net\/es\/wp-json\/wp\/v2\/categories?post=1997"},{"taxonomy":"post_tag","embeddable":true,"href":"https:\/\/jesus-is-muslim.net\/es\/wp-json\/wp\/v2\/tags?post=1997"}],"curies":[{"name":"wp","href":"https:\/\/api.w.org\/{rel}","templated":true}]}}