{"id":2001,"date":"2017-04-01T17:32:55","date_gmt":"2017-04-01T15:32:55","guid":{"rendered":"https:\/\/jesus-is-muslim.net\/?page_id=2001\/"},"modified":"2018-04-17T10:52:09","modified_gmt":"2018-04-17T08:52:09","slug":"la-poligamia","status":"publish","type":"page","link":"https:\/\/jesus-is-muslim.net\/es\/jesus-es-musulman\/las-preguntas-comunes-sobre-el-islam\/las-mujeres-en-el-islam\/la-poligamia\/","title":{"rendered":"La Poligamia"},"content":{"rendered":"<style>\n#toc {background: #f9f9f9 none repeat scroll 0 0;\n    border: 1px solid #aaa;\n    font-size: 95%;\n    display: table;\n    margin-bottom: 1em;\n    padding: 10px;\n    width: auto;}\n.toc_title {font-size:20px; text-align:center;}<\/style>\n<p>\u00bfPor qu\u00e9 acepta el Islam que un hombre pueda casarse con hasta 4 mujeres? \u00bfPor qu\u00e9 la poligamia est\u00e1 permitida en el Islam? \u00bfNo es una opresi\u00f3n? Es una pregunta com\u00fan pedida por muchos no Musulmanes. Este art\u00edculo destaca el concepto de la poligamia en el Islam y contestar\u00e1 a esas preguntas.<\/p>\n<div id=\"toc\">\n<p class=\"toc_title\"> <strong>\u00cdndice:<\/strong><\/p>\n<ol>\n<li><a href=\"#h1\">\u00bfPor qu\u00e9 la Poligamia est\u00e1 Permitida\u00a0en el Islam?<\/a><\/li>\n<li><a href=\"#h2\">La Poligamia; \u00bfun privilegio o una responsabilidad?<\/a><\/li>\n<li><a href=\"#h3\">\u00bfPor qu\u00e9 una\u00a0mujer no debe casarse con m\u00e1s de un hombre?<\/a><\/li>\n<li><a href=\"#h4\">La Poligamia\u00a0en la Biblia<\/a><\/li>\n<\/ol>\n<\/div>\n<h3 id=\"h1\">\u00bfPor qu\u00e9 la Poligamia est\u00e1 Permitida\u00a0en el Islam?<\/h3>\n<p>Como mencionado en el art\u00edculo precedente hablando de la <a href=\"https:\/\/jesus-is-muslim.net\/es\/jesus-es-musulman\/las-preguntas-comunes-sobre-el-islam\/las-mujeres-en-el-islam\/los-hombres-iguales-las-mujeres\/\">igualdad entre el hombre y la mujer<\/a>, el Islam toma en consideraci\u00f3n la diferencia entre la naturaleza de los hombres y la de las mujeres. El Islam se distingue siendo una religi\u00f3n realista. El Islam no trata justo con las emociones, sino tambi\u00e9n da soluciones pr\u00e1cticas a los problemas de la gente. Aunque se parece duro que una mujer vea su marido cas\u00e1ndose con una otra mujer, la poligamia puede resolver muchos problemas en la sociedad.<\/p>\n<p>En los pa\u00edses occidentales, la poligamia es ilegal mientras que la fornicaci\u00f3n y el adulterio son legales. El resultado natural ser\u00e1 que veamos la gente yendo hacia la ruta\u00a0m\u00e1s f\u00e1cil, lo que es la\u00a0fornicaci\u00f3n ya que pueden complacerse sin la exigencia de gastar en una casa o unos ni\u00f1os, y encontramos que las tasas de\u00a0infidelidad son muy altas en estas sociedades.<\/p>\n<p>La poligamia da una soluci\u00f3n si el hombre no est\u00e1 muy satisfecho con su esposa. Hay una otra soluci\u00f3n que el adulterio, lo que es la poligamia. No dejar\u00e1 su esposa pero se casar\u00e1 con una otra mujer y debe ser responsable de ambas mujeres. Este podr\u00eda reducir las tasas del adulterio y de la infidelidad y entonces proteger la sociedad de muchos problemas producidas debido a los problemas del adulterio y de la infidelidad.<\/p>\n<p>\u00abEl n\u00famero de mujeres en el mundo excede al de los hombres. El excedente es resultado de los hombres que mueren en las guerras, cr\u00edmenes violentos y mujeres que viven m\u00e1s tiempo que los hombres.\u00a0 La homosexualidad incrementa m\u00e1s el problema.<\/p>\n<p>Bertrand Russell escribi\u00f3:<\/p>\n<blockquote><p>\u201cEn todos los pa\u00edses en donde hay un excedente de mujeres, es injusto que esas mujeres, por necesidad aritm\u00e9tica, deban permanecer solteras y privadas de la experiencia sexual.\u201d\u00a0La poligamia, entonces, es la \u00fanica soluci\u00f3n responsable para esta situaci\u00f3n.<\/p>\n<p class=\"w-body-text-1\">Tomemos por ejemplo a los Estados Unidos. \u00bfPor qu\u00e9 se expanden tanto las relaciones extramatrimoniales? \u201cUna raz\u00f3n es la cantidad de mujeres. La mayor\u00eda est\u00e1n solteras, (en la actualidad hay 34 millones en los Estados Unidos) y porque las mujeres solteras generalmente tienen mas tiempo libre y energ\u00eda que las casadas. Tomemos en cuenta estas estad\u00edsticas: Una de cada cinco mujeres hoy no tiene un potencial compa\u00f1ero simplemente porque no hay suficientes hombres solteros. Una mujer soltera de 25 a\u00f1os se enfrenta a un serio desabastecimiento de hombres disponibles, y la situaci\u00f3n se empeora cuando las mujeres envejecen. Es menos probable que los hombres divorciados vuelvan a casarse (y tienden a casarse con mujeres menores que ellos), por lo tanto hay el doble de mujeres solteras que de hombres solteros a los 40. De hecho, una mujer que se divorcia hoy en d\u00eda a los 35 es probable que permanezca soltera por el resto de su vida. atrapadas en un problema demogr\u00e1fico al buscar la autonom\u00eda, m\u00e1s y m\u00e1s mujeres solteras optan por iniciar relaciones con hombres casados.\u00bb<\/p>\n<\/blockquote>\n<p class=\"w-body-text-1\">La poligamia es una alternativa al divorcio en el caso de problemas matrimoniales. En lugar de divorciarse de una mujer enferma o est\u00e9ril, el Islam permite al hombre casarse con otra cuidando de la primera si esta elige permanecer con \u00e9l.<\/p>\n<p class=\"w-body-text-1\">Existe una reserva biol\u00f3gica universal en la reproducci\u00f3n femenina y masculina. La capacidad reproductiva de la mujer declina despu\u00e9s de los 20 y termina en la menopausia, pero el hombre posee, todav\u00eda hasta en los 70 a\u00f1os la capacidad de engendrar un hijo.\u00a0 La poligamia es una soluci\u00f3n para el hombre que desea tener m\u00e1s hijos, especialmente en las sociedades agrarias tradicionales. Esto puede parecer irrelevante en el contexto occidental en donde tener hijos se est\u00e1 convirtiendo en algo independiente al matrimonio.<\/p>\n<p class=\"w-body-text-1\">La poligamia es tambi\u00e9n una alternativa para un hombre que desee satisfacer sus deseos sexuales naturales dentro de los lazos del matrimonio, pero cuya esposa no lo desee por edad o enfermedad. Adem\u00e1s el Islam proh\u00edbe las relaciones durante el ciclo menstrual de la mujer. Por lo tanto, el ciclo menstrual prolongado de la mujer que previene al hombre tener sexo con ella, o un hombre cuyo impulso sexual no sea satisfecho por su esposa, puede casarse con otra mujer.<\/p>\n<p class=\"w-body-text-1\">El Islam les permite a esos hombres realizar sus deseos dentro de un marco legal, responsabiliz\u00e1ndose\u00a0 de su sexualidad, para no tener que recurrir a la cohabitaci\u00f3n o la prostituci\u00f3n. La poligamia legalizada controla la transmisi\u00f3n de enfermedades sexuales como Herpes y HIV. Estas enfermedades ven\u00e9reas se esparcen en las sociedades en donde son comunes las relaciones extramaritales y la prostituci\u00f3n. Esto puede llegar a suceder por un marido que trae la enfermedad con la que \u00e9l se ha infectado con una relaci\u00f3n extramatrimonial cuando regresa a la relaci\u00f3n monog\u00e1mica con su mujer. (<a href=\"http:\/\/www.islamreligion.com\/es\/articles\/328\/razones-por-las-cuales-el-islam-permite-la-poligamia\/\">Fuente\u00a0aqu\u00ed<\/a>)<\/p>\n<h3 id=\"h2\">La Poligamia; \u00bfun privilegio o una responsabilidad?<\/h3>\n<p>La poligamia no es solo un privilegio del hombre. De hecho, un hombre casando m\u00e1s de una mujer es responsable de m\u00e1s de una casa y debe gastar en todas esas familias. Tiene que ser justo en gastar dinero y dormir en todas las casas. Si no puede conseguir eso, no debe casarse con m\u00e1s de su capacidad. Es por eso no todos los hombres pueden realizar la poligamia. Dios dice en el Cor\u00e1n:<\/p>\n<blockquote><p>3. Si tem\u00e9is no ser equitativos con los hu\u00e9rfanos, entonces, casaos con las mujeres que os gusten: dos, tres o cuatro. Pero. si tem\u00e9is no obrar con justicia, entonces con una sola o con vuestras esclavas. As\u00ed, evitar\u00e9is mejor el obrar mal. (El Sagrado Cor\u00e1n 4:3)<\/p><\/blockquote>\n<h3 id=\"h3\">\u00bfPor qu\u00e9 una\u00a0mujer no debe casarse con m\u00e1s de un hombre?<\/h3>\n<p>Pero si un hombre puede casarse con m\u00e1s de una mujer,\u00a0\u00bfPor qu\u00e9 una\u00a0mujer no debe casarse con m\u00e1s de un hombre? Este es porque hay muchas diferencias entre los dos g\u00e9neros. La mujer se vuelve embarazada, tiene\u00a0ciclos menstruales y cambios f\u00edsicos y\u00a0psicol\u00f3gicos por lo cual no puede casarse \u00a0con m\u00e1s de un hombre. Adem\u00e1s, el hombre\u00a0tiene la tendencia de casarse con m\u00e1s de una mujer,\u00a0a diferencia de las mujeres.\u00a0Los hombres y las mujeres se ven en una manera diferente.<\/p>\n<h3 id=\"h4\">La Poligamia\u00a0en la Biblia<\/h3>\n<p>En la Biblia, encontramos que estaba normal que un hombre tiene m\u00e1s de una mujer. Por ejemplo, la Biblia dice que Abraham ten\u00eda Sara, Agar, Quetura y otras esclavas como mostrado en G\u00e9nesis 25:1-6:<\/p>\n<div>\n<blockquote><p>25\u00a0Abraham tom\u00f3 <strong>otra mujer cuyo nombre era Quetura<\/strong>. <span id=\"es-RVA-2015-661\">2\u00a0Ella le dio a luz a Zimr\u00e1n, a Jocs\u00e1n, a Med\u00e1n, a Madi\u00e1n, a Isbac y a S\u00faaj. <\/span><span id=\"es-RVA-2015-662\">3\u00a0Jocs\u00e1n engendr\u00f3 a Seba y a Ded\u00e1n. Los hijos de Ded\u00e1n fueron los asureos, los letusitas y los leumitas. <\/span><span id=\"es-RVA-2015-663\">4\u00a0Los hijos de Madi\u00e1n fueron: Efa, Efer, Hanoc, Abida y Eldaa. Todos estos fueron hijos de Quetura.\u00a0<\/span><span id=\"es-RVA-2015-664\">5\u00a0Abraham dio a Isaac todo lo que ten\u00eda, <\/span><span id=\"es-RVA-2015-665\">6\u00a0pero<strong> a los hijos de sus concubinas<\/strong> les dio obsequios. Y mientras \u00e9l viv\u00eda, los apart\u00f3 de su hijo Isaac, envi\u00e1ndolos al este, a la tierra del oriente.<\/span><\/p><\/blockquote>\n<\/div>\n<p>La Biblia dice\u00a0que Jacob tuvo\u00a0dos\u00a0esposas:<\/p>\n<div>\n<blockquote><p><span id=\"es-RVA-2015-951\">G\u00e9nesis 32:22\u00a0Pero levant\u00e1ndose aquella noche, tom\u00f3 a sus dos mujeres, a sus dos siervas y a sus once hijos, y pas\u00f3 el vado del Jaboc.<\/span><\/p><\/blockquote>\n<\/div>\n<p>La Biblia aceptaba que un hombre pueda\u00a0tener m\u00e1s\u00a0que una mujer:<\/p>\n<div class=\"version-RVA-2015 result-text-style-normal text-html \">\n<blockquote><p>Deuteronomio 21:15<span class=\"text Deut-21-15\"><sup class=\"versenum\">\u00a0<\/sup>\u201cSi un hombre tiene dos mujeres (la una amada y la otra aborrecida); si tanto la amada como la aborrecida le han dado hijos, y si el hijo primog\u00e9nito es de la mujer aborrecida,<\/span><\/p><\/blockquote>\n<\/div>\n<p>David ten\u00eda muchas esposas como mencionado en 2 Samuel 3:2-4, 6:23, 11:26 y 1 Reyes 1:3, y cuando la Biblia reclam\u00f3 que David hizo adulterio, Dios le dijo:<\/p>\n<div class=\"version-RVA-2015 result-text-style-normal text-html \">\n<blockquote><p><span id=\"es-RVA-2015-8296\">2 Samuel 12:8\u00a0<\/span><span id=\"es-RVA-2015-8296\">T<\/span><span id=\"es-RVA-2015-8296\" class=\"text 2Sam-12-8\">e di la casa de tu se\u00f1or y puse las mujeres de tu se\u00f1or en tu seno. Te di la casa de Israel y de Jud\u00e1; <strong>y por si esto fuera poco, yo te habr\u00eda a\u00f1adido muchas otras cosas<\/strong>.<\/span><\/p><\/blockquote>\n<p>Por lo tanto, el antiguo testamento dice que Dios dio David las mujeres y si David quer\u00eda que Dios le da m\u00e1s mujeres, Dios se les dar\u00eda, lo que significa que Dios en la Biblia vio la poligamia como una soluci\u00f3n del problema del adulterio. No hab\u00eda un verso prohibiendo la poligamia ni en el antiguo testamento ni en el nuevo testamento. Jes\u00fas nunca dijo la poligamia no est\u00e1 permitido. Pablo dijo que aquellos que no deben casarse con m\u00e1s de una mujer sean solo el obispo y el di\u00e1cono como mostrado en 1 Timoteo 3, lo que significa que no hay problema si una otra persona ten\u00eda m\u00e1s de una mujer. \u00bfPor qu\u00e9 culpar al Islam entonces?<\/p>\n<\/div>\n<p>&nbsp;<\/p>\n<div class=\"version-RVA-2015 result-text-style-normal text-html \">\n<p>&nbsp;<\/p>\n<\/div>\n","protected":false},"excerpt":{"rendered":"<p>\u00bfPor qu\u00e9 acepta el Islam que un hombre pueda casarse con hasta 4 mujeres? \u00bfPor qu\u00e9 la poligamia est\u00e1 permitida en el Islam? \u00bfNo es una opresi\u00f3n? Es una pregunta com\u00fan pedida por muchos no Musulmanes. Este art\u00edculo destaca el concepto de la poligamia en el Islam y contestar\u00e1 a esas preguntas. \u00cdndice: \u00bfPor qu\u00e9 [&hellip;]<\/p>\n","protected":false},"author":1,"featured_media":1549,"parent":1970,"menu_order":0,"comment_status":"closed","ping_status":"closed","template":"","meta":{"om_disable_all_campaigns":false,"_monsterinsights_skip_tracking":false,"_monsterinsights_sitenote_active":false,"_monsterinsights_sitenote_note":"","_monsterinsights_sitenote_category":0,"_uf_show_specific_survey":0,"_uf_disable_surveys":false,"footnotes":""},"categories":[55],"tags":[],"class_list":["post-2001","page","type-page","status-publish","has-post-thumbnail","hentry","category-las-mujeres-en-el-islam"],"aioseo_notices":[],"_links":{"self":[{"href":"https:\/\/jesus-is-muslim.net\/es\/wp-json\/wp\/v2\/pages\/2001","targetHints":{"allow":["GET"]}}],"collection":[{"href":"https:\/\/jesus-is-muslim.net\/es\/wp-json\/wp\/v2\/pages"}],"about":[{"href":"https:\/\/jesus-is-muslim.net\/es\/wp-json\/wp\/v2\/types\/page"}],"author":[{"embeddable":true,"href":"https:\/\/jesus-is-muslim.net\/es\/wp-json\/wp\/v2\/users\/1"}],"replies":[{"embeddable":true,"href":"https:\/\/jesus-is-muslim.net\/es\/wp-json\/wp\/v2\/comments?post=2001"}],"version-history":[{"count":0,"href":"https:\/\/jesus-is-muslim.net\/es\/wp-json\/wp\/v2\/pages\/2001\/revisions"}],"up":[{"embeddable":true,"href":"https:\/\/jesus-is-muslim.net\/es\/wp-json\/wp\/v2\/pages\/1970"}],"wp:featuredmedia":[{"embeddable":true,"href":"https:\/\/jesus-is-muslim.net\/es\/wp-json\/wp\/v2\/media\/1549"}],"wp:attachment":[{"href":"https:\/\/jesus-is-muslim.net\/es\/wp-json\/wp\/v2\/media?parent=2001"}],"wp:term":[{"taxonomy":"category","embeddable":true,"href":"https:\/\/jesus-is-muslim.net\/es\/wp-json\/wp\/v2\/categories?post=2001"},{"taxonomy":"post_tag","embeddable":true,"href":"https:\/\/jesus-is-muslim.net\/es\/wp-json\/wp\/v2\/tags?post=2001"}],"curies":[{"name":"wp","href":"https:\/\/api.w.org\/{rel}","templated":true}]}}