{"id":2906,"date":"2018-04-23T21:00:41","date_gmt":"2018-04-23T19:00:41","guid":{"rendered":"https:\/\/jesus-is-muslim.net\/?page_id=2906"},"modified":"2018-04-23T21:00:41","modified_gmt":"2018-04-23T19:00:41","slug":"acerca-del-sitio","status":"publish","type":"page","link":"https:\/\/jesus-is-muslim.net\/es\/acerca-del-sitio\/","title":{"rendered":"Acerca del sitio"},"content":{"rendered":"<p>\u00a1Jes\u00fas es Musulm\u00e1n ?! Parece ser un t\u00edtulo extra\u00f1o. \u00bfNo es Jes\u00fas un jud\u00edo? No exist\u00eda Jes\u00fas antes del islam? \u00bfQu\u00e9 quieres decir cuando dices que es Musulm\u00e1n? Visitando este sitio, creo que pueda eventualmente saber la repuesta de sus preguntas.<\/p>\n<p>En este sitio, voy a hablar sobre el Islam, <a href=\"https:\/\/jesus-is-muslim.net\/es\/jesus-es-musulman\/que-es-el-islam\/que-es-el-islam\/\">\u00bfqu\u00e9 es el Islam?<\/a>\u00a0<a href=\"https:\/\/jesus-is-muslim.net\/es\/jesus-es-musulman\/que-es-el-islam\/islam-la-verdadera-religion-de-dios\/\">\u00bfC\u00f3mo es el Islam la religi\u00f3n verdadera?<\/a>\u00a0\u00bf<a href=\"https:\/\/jesus-is-muslim.net\/es\/jesus-es-musulman\/que-es-el-islam\/que-es-el-islam\/los-cinco-pilares-del-islam\/\">Qu\u00e9 hacen los Musulmanes?<\/a>,\u00a0luego voy a la secci\u00f3n siguiente acerca del <a href=\"https:\/\/jesus-is-muslim.net\/es\/jesus-es-musulman\/el-profeta-muhammad\/el-profeta-muhammad-un-profeta-enviado-de-dios\/\">Profeta Muhammad (\ufdfa),\u00a0\u00bfQui\u00e9n es \u00e9l?<\/a>\u00a0<a href=\"https:\/\/jesus-is-muslim.net\/es\/jesus-es-musulman\/el-profeta-muhammad\/la-moral-del-profeta-muhammad\/\">Cuales son sus ense\u00f1anzas<\/a> y <a href=\"https:\/\/jesus-is-muslim.net\/es\/jesus-es-musulman\/el-profeta-muhammad\/el-profeta-muhammad-en-la-biblia\/\">las profec\u00edas b\u00edblicas hablando sobre \u00e9l<\/a>. Despu\u00e9s, hablamos sobre <a href=\"https:\/\/jesus-is-muslim.net\/es\/jesus-es-musulman\/jesus\/que-dice-el-islam-sobre-jesus\/\">Jes\u00fas (Paz sobre \u00e9l), la creencia Musulmana de \u00e9l<\/a> y si <a href=\"https:\/\/jesus-is-muslim.net\/es\/jesus-es-musulman\/jesus\/jesus-lo-dice-yo-no-soy-dios\/\">dijo que es Dios o no<\/a> y luego discutiremos\u00a0<a href=\"https:\/\/jesus-is-muslim.net\/es\/jesus-es-musulman\/jesus\/jesus-murio-por-nuestros-pecados\/\">el principio de salvaci\u00f3n desde el punto de vista del Cristianismo<\/a>. Despu\u00e9s voy a discutir <a href=\"https:\/\/jesus-is-muslim.net\/es\/jesus-es-musulman\/el-coran\/quien-escribio-el-coran-1\/\">el Cor\u00e1n, \u00bfQui\u00e9n lo escribi\u00f3?<\/a>, <a href=\"https:\/\/jesus-is-muslim.net\/es\/jesus-es-musulman\/el-coran\/milagros-cientificos-en-el-coran\/\">los milagros\u00a0cient\u00edficos del Cor\u00e1n<\/a> y <a href=\"https:\/\/jesus-is-muslim.net\/es\/jesus-es-musulman\/el-coran\/la-preservacion-del-coran\/\">su procedimiento de preservaci\u00f3n<\/a>. Despu\u00e9s hablaremos de <a href=\"https:\/\/jesus-is-muslim.net\/es\/jesus-es-musulman\/la-biblia\/\">la Biblia<\/a>, <a href=\"https:\/\/jesus-is-muslim.net\/es\/jesus-es-musulman\/la-biblia\/la-creencia-islamica-de-la-biblia\/\">la\u00a0creencia Musulmana en\u00a0la Biblia<\/a>, y si es la palabra confiable y pura de Dios o no. Finalmente voy a discutir <a href=\"https:\/\/jesus-is-muslim.net\/es\/jesus-es-musulman\/las-preguntas-comunes-sobre-el-islam\/\">las preguntas principales de los no Musulmanes<\/a> sobre el Islam.<\/p>\n<p>Tal vez que sea la primera vez que lee eso, pero espero que vaya conmigo en todas las p\u00e1ginas para entender lo que quiero decir, y tiene el derecho a elegir, y si tiene algunas preguntas puede ponerse en contacto conmigo, y voy a hacer el mejor para responderte, y rec<span class=\"conj-irregular\">u\u00e9rdes<\/span>e que seremos retornados todos a Dios solos y tenemos que ser listos para ese d\u00eda. Entonces debemos poner el placer de Dios como la prioridad ya que todo llegar\u00e1 a su fin y vamos a morir, solo es la fe que permanecer\u00e1.<\/p>\n<blockquote><p><strong>Di: \u00ab\u00a1Oh, gente! Les ha llegado la Verdad de su Se\u00f1or. Quien siga la gu\u00eda lo har\u00e1 en beneficio propio; pero quien se descarr\u00ede, solo se perjudicar\u00e1 a s\u00ed mismo. Yo no soy responsable de lo que ustedes hagan\u00bb.<\/strong> (El Sagrado Cor\u00e1n 10:108)<\/p><\/blockquote>\n","protected":false},"excerpt":{"rendered":"<p>\u00a1Jes\u00fas es Musulm\u00e1n ?! Parece ser un t\u00edtulo extra\u00f1o. \u00bfNo es Jes\u00fas un jud\u00edo? No exist\u00eda Jes\u00fas antes del islam? \u00bfQu\u00e9 quieres decir cuando dices que es Musulm\u00e1n? Visitando este sitio, creo que pueda eventualmente saber la repuesta de sus preguntas. En este sitio, voy a hablar sobre el Islam, \u00bfqu\u00e9 es el Islam?\u00a0\u00bfC\u00f3mo es [&hellip;]<\/p>\n","protected":false},"author":1,"featured_media":0,"parent":0,"menu_order":0,"comment_status":"closed","ping_status":"closed","template":"","meta":{"om_disable_all_campaigns":false,"_monsterinsights_skip_tracking":false,"_monsterinsights_sitenote_active":false,"_monsterinsights_sitenote_note":"","_monsterinsights_sitenote_category":0,"_uf_show_specific_survey":0,"_uf_disable_surveys":false,"footnotes":""},"categories":[],"tags":[],"class_list":["post-2906","page","type-page","status-publish","hentry"],"aioseo_notices":[],"_links":{"self":[{"href":"https:\/\/jesus-is-muslim.net\/es\/wp-json\/wp\/v2\/pages\/2906","targetHints":{"allow":["GET"]}}],"collection":[{"href":"https:\/\/jesus-is-muslim.net\/es\/wp-json\/wp\/v2\/pages"}],"about":[{"href":"https:\/\/jesus-is-muslim.net\/es\/wp-json\/wp\/v2\/types\/page"}],"author":[{"embeddable":true,"href":"https:\/\/jesus-is-muslim.net\/es\/wp-json\/wp\/v2\/users\/1"}],"replies":[{"embeddable":true,"href":"https:\/\/jesus-is-muslim.net\/es\/wp-json\/wp\/v2\/comments?post=2906"}],"version-history":[{"count":0,"href":"https:\/\/jesus-is-muslim.net\/es\/wp-json\/wp\/v2\/pages\/2906\/revisions"}],"wp:attachment":[{"href":"https:\/\/jesus-is-muslim.net\/es\/wp-json\/wp\/v2\/media?parent=2906"}],"wp:term":[{"taxonomy":"category","embeddable":true,"href":"https:\/\/jesus-is-muslim.net\/es\/wp-json\/wp\/v2\/categories?post=2906"},{"taxonomy":"post_tag","embeddable":true,"href":"https:\/\/jesus-is-muslim.net\/es\/wp-json\/wp\/v2\/tags?post=2906"}],"curies":[{"name":"wp","href":"https:\/\/api.w.org\/{rel}","templated":true}]}}