{"id":2897,"date":"2018-04-23T20:05:00","date_gmt":"2018-04-23T18:05:00","guid":{"rendered":"https:\/\/jesus-is-muslim.net\/?page_id=2897"},"modified":"2018-04-23T20:05:00","modified_gmt":"2018-04-23T18:05:00","slug":"a-propos-du-site","status":"publish","type":"page","link":"https:\/\/jesus-is-muslim.net\/fr\/a-propos-du-site\/","title":{"rendered":"\u00c0 Propos du site"},"content":{"rendered":"<p>\u00c7a semble bizarre!! Comment J\u00e9sus est Musulman alors qu\u2019il \u00e9tait pr\u00e9sent 600 ans avant l\u2019arriv\u00e9e de l\u2019Islam? En parcourant\u00a0ce site, on peut trouver la r\u00e9ponse de cette question.<br \/>\nCe site discutera du<a href=\"https:\/\/jesus-is-muslim.net\/fr\/index.php\/quest-ce-que-lislam\/\">\u00a0sens de l\u2019Islam<\/a> et <a href=\"https:\/\/jesus-is-muslim.net\/fr\/index.php\/islam-vraie-religion-de-dieu\/\">pourquoi l\u2019Islam est la vraie foi et religion de Dieu<\/a>. Ce site indiquera\u00a0<a href=\"https:\/\/jesus-is-muslim.net\/fr\/index.php\/les-sources-authentiques-de-islam\/\">les\u00a0 sources de l\u2019Islam<\/a> et <a href=\"https:\/\/jesus-is-muslim.net\/fr\/index.php\/les-piliers-de-islam\/\">les rites pratiqu\u00e9s par les Musulmans<\/a>, puis on parlera du<a href=\"https:\/\/jesus-is-muslim.net\/fr\/index.php\/prophete-muhammad-envoye-par-dieu\/\">Proph\u00e8te Muhammad (Paix sur lui):<\/a>\u2013\u00a0qui est-il, que disent\u00a0<a href=\"https:\/\/jesus-is-muslim.net\/fr\/index.php\/des-temoignages-du-prophete-muhammad\/\">les t\u00e9moignages sur lui<\/a> et comment <a href=\"https:\/\/jesus-is-muslim.net\/fr\/index.php\/le-prophete-muhammad-dans-la-bible\/\">la Bible pr\u00e9dit l\u2019av\u00e8nement du Proph\u00e8te Muhammad<\/a>. Quant \u00e0 J\u00e9sus, on montrera <a href=\"https:\/\/jesus-is-muslim.net\/fr\/index.php\/jesus-islam\/\">la croyance Islamique en J\u00e9sus et comment J\u00e9sus est Musulman<\/a>. Ce site d\u00e9montrera que <a href=\"https:\/\/jesus-is-muslim.net\/fr\/index.php\/jesus-dit-je-ne-suis-pas-dieu\/\">J\u00e9sus n\u2019est pas Dieu<\/a> selon ses propres paroles dans la Bible et <a href=\"https:\/\/jesus-is-muslim.net\/fr\/index.php\/a-jesus-vraiment-dit-il-soit-dieu\/\">on r\u00e9pondra les versets cit\u00e9s par les Chr\u00e9tiens pour prouver sa \u00a0divinit\u00e9.<\/a> On discutera aussi <a href=\"https:\/\/jesus-is-muslim.net\/fr\/index.php\/est-jesus-vraiment-crucifie\/\">la crucifixion de J\u00e9sus<\/a> et <a href=\"https:\/\/jesus-is-muslim.net\/fr\/index.php\/jesus-est-mort-pour-nos-peches\/\">le concept de salut entre l\u2019Islam et le Christianisme<\/a>. Vous allez d\u00e9couvrir la v\u00e9rit\u00e9 du\u00a0<a href=\"https:\/\/jesus-is-muslim.net\/fr\/index.php\/le-coran\/\">Coran<\/a>, qui l\u2019a \u00e9crit, <a href=\"https:\/\/jesus-is-muslim.net\/fr\/index.php\/les-miracles-scientifiques-du-coran\/\">les miracles scientifiques y mentionn\u00e9s<\/a>\u00a0et\u00a0<a href=\"https:\/\/jesus-is-muslim.net\/fr\/index.php\/preservation-coran\/\">comment le Coran fut\u00a0pr\u00e9serv\u00e9<\/a>. Puis en passant \u00e0 la rubrique de <a href=\"https:\/\/jesus-is-muslim.net\/fr\/index.php\/la-bible\/\">la Bible<\/a>, on parlera de <a href=\"https:\/\/jesus-is-muslim.net\/fr\/index.php\/la-vue-islamique-de-la-bible\/\">la croyance Islamique \u00e0 l\u2019\u00e9gard de la Bible<\/a> et on verra\u00a0si la Bible est la vraie parole de Dieu ou non selon <a href=\"https:\/\/jesus-is-muslim.net\/fr\/index.php\/manuscrits-bible-prouvent-son-authenticite\/\">l\u2019\u00e9vidence historique, arch\u00e9ologique<\/a> et selon le contenu de la Bible elle-m\u00eame. Enfin on r\u00e9pondra aux <a href=\"https:\/\/jesus-is-muslim.net\/fr\/index.php\/questions-communes-lslam\/\">questions communes demand\u00e9es par la plupart d\u2019entre vous\u00a0concernant l\u2019Islam<\/a>.<\/p>\n<p>C\u2019est peut-\u00eatre la premi\u00e8re fois que vous entendez cela, et j\u2019esp\u00e8re que vous parcourez toutes les rubriques de ce site et enfin c\u2019est votre choix. Et je me permets de vous rappeler que nous reviendrons tous \u00e0\u00a0Dieu \u00e0 l\u2019au-del\u00e0 et Il nous jugera sur notre foi et nos oeuvres. Alors, prenons-le au s\u00e9rieux. Tous les int\u00e9r\u00eats dans ce monde s\u2019effaceront et seule notre foi en Dieu restera.<\/p>\n<blockquote><p><strong>108. Dis: \u2039\u00d4 gens! Certes la v\u00e9rit\u00e9 vous est venue de votre Seigneur. Donc, quiconque est dans le bon chemin ne l\u2019est que pour lui-m\u00eame; et quiconque s\u2019\u00e9gare, ne s\u2019\u00e9gare qu\u2019\u00e0 son propre d\u00e9triment. Je ne suis nullement un protecteur pour vous. (Le Saint Coran 10:108)<\/strong><\/p><\/blockquote>\n","protected":false},"excerpt":{"rendered":"<p>\u00c7a semble bizarre!! Comment J\u00e9sus est Musulman alors qu\u2019il \u00e9tait pr\u00e9sent 600 ans avant l\u2019arriv\u00e9e de l\u2019Islam? En parcourant\u00a0ce site, on peut trouver la r\u00e9ponse de cette question. Ce site discutera du\u00a0sens de l\u2019Islam et pourquoi l\u2019Islam est la vraie foi et religion de Dieu. Ce site indiquera\u00a0les\u00a0 sources de l\u2019Islam et les rites pratiqu\u00e9s [&hellip;]<\/p>\n","protected":false},"author":1,"featured_media":0,"parent":0,"menu_order":0,"comment_status":"closed","ping_status":"closed","template":"","meta":{"om_disable_all_campaigns":false,"_monsterinsights_skip_tracking":false,"_monsterinsights_sitenote_active":false,"_monsterinsights_sitenote_note":"","_monsterinsights_sitenote_category":0,"_uf_show_specific_survey":0,"_uf_disable_surveys":false,"footnotes":""},"categories":[],"tags":[],"class_list":["post-2897","page","type-page","status-publish","hentry"],"aioseo_notices":[],"_links":{"self":[{"href":"https:\/\/jesus-is-muslim.net\/fr\/wp-json\/wp\/v2\/pages\/2897","targetHints":{"allow":["GET"]}}],"collection":[{"href":"https:\/\/jesus-is-muslim.net\/fr\/wp-json\/wp\/v2\/pages"}],"about":[{"href":"https:\/\/jesus-is-muslim.net\/fr\/wp-json\/wp\/v2\/types\/page"}],"author":[{"embeddable":true,"href":"https:\/\/jesus-is-muslim.net\/fr\/wp-json\/wp\/v2\/users\/1"}],"replies":[{"embeddable":true,"href":"https:\/\/jesus-is-muslim.net\/fr\/wp-json\/wp\/v2\/comments?post=2897"}],"version-history":[{"count":0,"href":"https:\/\/jesus-is-muslim.net\/fr\/wp-json\/wp\/v2\/pages\/2897\/revisions"}],"wp:attachment":[{"href":"https:\/\/jesus-is-muslim.net\/fr\/wp-json\/wp\/v2\/media?parent=2897"}],"wp:term":[{"taxonomy":"category","embeddable":true,"href":"https:\/\/jesus-is-muslim.net\/fr\/wp-json\/wp\/v2\/categories?post=2897"},{"taxonomy":"post_tag","embeddable":true,"href":"https:\/\/jesus-is-muslim.net\/fr\/wp-json\/wp\/v2\/tags?post=2897"}],"curies":[{"name":"wp","href":"https:\/\/api.w.org\/{rel}","templated":true}]}}