{"id":799,"date":"2015-12-25T03:00:49","date_gmt":"2015-12-25T03:00:49","guid":{"rendered":"https:\/\/jesus-is-muslim.net\/fr\/?page_id=799"},"modified":"2018-02-15T17:08:27","modified_gmt":"2018-02-15T15:08:27","slug":"un-prophete-comme-moise","status":"publish","type":"page","link":"https:\/\/jesus-is-muslim.net\/fr\/accueil\/le-prophete-muhammad\/le-prophete-muhammad-dans-la-bible\/un-prophete-comme-moise\/","title":{"rendered":"Un Proph\u00e8te comme Mo\u00efse"},"content":{"rendered":"<p>C\u2019est une proph\u00e9tie majeure dans la Bible pr\u00e9disant la venue d&rsquo;un proph\u00e8te suscit\u00e9 parmi les fr\u00e8res de l\u2019Isra\u00e9lites qui sera comme Mo\u00efse. Dieu dit au Mo\u00efse en Deut\u00e9ronome:<\/p>\n<blockquote><p><em>Deut\u00e9ronome 18:18\u00a0Je leur susciterai\u00a0<strong>du milieu de leurs fr\u00e8res un proph\u00e8te comme toi, je mettrai mes paroles dans sa bouche,<\/strong>\u00a0et il leur dira tout ce que je lui commanderai.<\/em><\/p><\/blockquote>\n<h2><strong>Qui sont les fr\u00e8res des Isra\u00e9lites?<\/strong><\/h2>\n<p>La Bible dit que ce proph\u00e8te sera suscit\u00e9 du milieu des fr\u00e8res de l\u2019Isra\u00e9lite. \u00c7a signifie que ce proph\u00e8te ne sera pas Isra\u00e9lite, mais il sera suscit\u00e9 parmi les fr\u00e8res des Isra\u00e9lites. Ce sera plus clair en deut\u00e9ronome 34: 10:<\/p>\n<blockquote><p><em>Deu 34:10\u00a0Au sein du peuple d\u2019Isra\u00ebl, il n\u2019a plus jamais paru de proph\u00e8te comme Mo\u00efse avec qui l\u2019Eternel s\u2019entretenait directement,<\/em><\/p><\/blockquote>\n<p>Le mot \u00ab\u00a0leurs fr\u00e8res\u00a0\u00bb n\u2019est pas particulier avec les Isra\u00e9lites. Ce mot \u00e9tait utilis\u00e9 aussi pour les descendants d\u2019\u00c9sa\u00fc comme on peut le remarquer en Deut\u00e9ronome 2:4 par exemple. Alors, ce verset (Deut\u00e9ronome 18:18) peut signifier les descendants d\u2019Isma\u00ebl ici comme preuve le contexte historique. Comme indique Deuteronome 34:10, ce proph\u00e8te n&rsquo;est pas un proph\u00e8te isra\u00e9lite. Alors on peut poser des questions auxquelles sa r\u00e9ponse montrera qui sont les fr\u00e8res des isra\u00e9lites dont Deuteronome 18:18 parle.<\/p>\n<p>Y a-t-il un proph\u00e8te suscit\u00e9 parmi les descendants d\u2019\u00c9sa\u00fc? Non.<\/p>\n<p>Les descendants d\u2019\u00c9sa\u00fc \u00e9taient b\u00e9nis? Non. En fait, la b\u00e9n\u00e9diction \u00e9tait enlev\u00e9e d\u2019\u00c9sa\u00fc en Gen\u00e8se 27.<\/p>\n<p>Y a-t-il un proph\u00e8te suscit\u00e9 parmi les descendants d\u2019Isma\u00ebl ? Oui.<\/p>\n<p>C\u2019est le Proph\u00e8te Muhammad \ufdfa.\u00a0\u00c9tait les descendants d\u2019Isma\u00ebl b\u00e9nis?<\/p>\n<p>Oui. <a href=\"https:\/\/jesus-is-muslim.net\/fr\/index.php\/benediction-ismael\/\">Isma\u00ebl \u00e9tait b\u00e9nis dans la Bible<\/a>.<\/p>\n<p><a href=\"https:\/\/jesus-is-muslim.net\/wp-content\/uploads\/2015\/12\/Qui-est-le-prophete-comme-Moise.png\" rel=\"attachment wp-att-1388\"><img loading=\"lazy\" decoding=\"async\" class=\"alignnone size-full wp-image-1388\" src=\"https:\/\/jesus-is-muslim.net\/wp-content\/uploads\/2015\/12\/Qui-est-le-prophete-comme-Moise.png\" alt=\"Le Proph\u00e8te Muhammad est le Proph\u00e8te comme Mo\u00efse pr\u00e9dit en Deut\u00e9ronome 18:18\" width=\"1038\" height=\"576\" srcset=\"https:\/\/jesus-is-muslim.net\/wp-content\/uploads\/2015\/12\/Qui-est-le-prophete-comme-Moise.png 1038w, https:\/\/jesus-is-muslim.net\/wp-content\/uploads\/2015\/12\/Qui-est-le-prophete-comme-Moise-300x166.png 300w, https:\/\/jesus-is-muslim.net\/wp-content\/uploads\/2015\/12\/Qui-est-le-prophete-comme-Moise-768x426.png 768w, https:\/\/jesus-is-muslim.net\/wp-content\/uploads\/2015\/12\/Qui-est-le-prophete-comme-Moise-1024x568.png 1024w\" sizes=\"auto, (max-width: 1038px) 100vw, 1038px\" \/><\/a><\/p>\n<h2><strong>Qui est le Proph\u00e8te comme Mo\u00efse? J\u00e9sus ou Muhammad \ufdfa?<\/strong><\/h2>\n<p>Le verset dit que ce proph\u00e8te sera comme Mo\u00efse. Comparons ici entre J\u00e9sus et Muhammad (Paix sur eux) pour d\u00e9couvrir qui est ce proph\u00e8te comme Mo\u00efse\u00a0(Paix sur lui) :<\/p>\n<table style=\"width: 100%; border: 1px solid black; background-color: #1297bf;\">\n<caption style=\"padding: 1px;\" align=\"bottom\"><em>Une comparaison simple entre Mo\u00efse, J\u00e9sus et Muhammad (Paix sur eux) qui montre que le Proph\u00e8te Muhammad \ufdfa est le proph\u00e8te comme Mo\u00efse mentionn\u00e9 en Deut\u00e9ronome 18:18<\/em><\/caption>\n<tbody>\n<tr style=\"background-color: #1297bf; color: white;\">\n<th style=\"border: 1px solid black; border-collapse: collapse; background-color: whitesmoke; color: #443936; text-align: left;\">Point de Comparaison<\/th>\n<th style=\"border: 1px solid black; border-collapse: collapse; background-color: whitesmoke; color: #1297bf;\">Mo\u00efse<\/th>\n<th style=\"border: 1px solid black; border-collapse: collapse; background-color: whitesmoke; color: red;\">J\u00e9sus<\/th>\n<th style=\"border: 1px solid black; border-collapse: collapse; background-color: whitesmoke; color: #1297bf;\">Muhammad \ufdfa<\/th>\n<\/tr>\n<tr>\n<td style=\"border: 1px solid black; border-collapse: collapse; font-weight: bold; background-color: whitesmoke; color: #443936; text-align: left;\">Naissance<\/td>\n<td style=\"border: 1px solid black; border-collapse: collapse; background-color: white; color: #1297bf;\">Naturelle<\/td>\n<td style=\"border: 1px solid black; border-collapse: collapse; background-color: white; color: red;\">Sans un p\u00e8re<\/td>\n<td style=\"border: 1px solid black; border-collapse: collapse; background-color: white; color: #1297bf;\">Naturelle<\/td>\n<\/tr>\n<tr>\n<td style=\"border: 1px solid black; border-collapse: collapse; font-weight: bold; background-color: whitesmoke; color: #443936;\">Un Leader Politique<\/td>\n<td style=\"border: 1px solid black; border-collapse: collapse; background-color: white; color: #1297bf;\">Oui<\/td>\n<td style=\"border: 1px solid black; border-collapse: collapse; background-color: white; color: red;\">Non<\/td>\n<td style=\"border: 1px solid black; border-collapse: collapse; background-color: white; color: #1297bf;\">Oui<\/td>\n<\/tr>\n<tr>\n<td style=\"border: 1px solid black; border-collapse: collapse; font-weight: bold; background-color: whitesmoke; color: #443936;\">Fut ador\u00e9 comme Dieu par Certains<\/td>\n<td style=\"border: 1px solid black; border-collapse: collapse; background-color: white; color: #1297bf;\">Non<\/td>\n<td style=\"border: 1px solid black; border-collapse: collapse; background-color: white; color: red;\">Oui<\/td>\n<td style=\"border: 1px solid black; border-collapse: collapse; background-color: white; color: #1297bf;\">Non<\/td>\n<\/tr>\n<tr style=\"background-color: #1297bf; color: white;\">\n<td style=\"border: 1px solid black; border-collapse: collapse; font-weight: bold; background-color: whitesmoke; color: #443936;\">Il est venu avec une loi nouvelle<\/td>\n<td style=\"border: 1px solid black; border-collapse: collapse; background-color: white; color: #1297bf;\">Oui<\/td>\n<td style=\"border: 1px solid black; border-collapse: collapse; background-color: white; color: red;\">Non<\/td>\n<td style=\"border: 1px solid black; border-collapse: collapse; background-color: white; color: #1297bf;\">Oui<\/td>\n<\/tr>\n<tr>\n<td style=\"border: 1px solid black; border-collapse: collapse; font-weight: bold; background-color: whitesmoke; color: #443936;\">Il est mort naturellement<\/td>\n<td style=\"border: 1px solid black; border-collapse: collapse; background-color: white; color: #1297bf;\">Oui<\/td>\n<td style=\"border: 1px solid black; border-collapse: collapse; background-color: white; color: red;\">Non<\/td>\n<td style=\"border: 1px solid black; border-collapse: collapse; background-color: white; color: #1297bf;\">Oui<\/td>\n<\/tr>\n<tr>\n<td style=\"border: 1px solid black; border-collapse: collapse; font-weight: bold; background-color: whitesmoke; color: #443936;\">Il est mari\u00e9<\/td>\n<td style=\"border: 1px solid black; border-collapse: collapse; background-color: white; color: #1297bf;\">Oui<\/td>\n<td style=\"border: 1px solid black; border-collapse: collapse; background-color: white; color: red;\">Non<\/td>\n<td style=\"border: 1px solid black; border-collapse: collapse; background-color: white; color: #1297bf;\">Oui<\/td>\n<\/tr>\n<tr>\n<td style=\"border: 1px solid black; border-collapse: collapse; font-weight: bold; background-color: whitesmoke; color: #443936;\">Il a combattu ses ennemis<\/td>\n<td style=\"border: 1px solid black; border-collapse: collapse; background-color: white; color: #1297bf;\">Oui<\/td>\n<td style=\"border: 1px solid black; border-collapse: collapse; background-color: white; color: red;\">Non<\/td>\n<td style=\"border: 1px solid black; border-collapse: collapse; background-color: white; color: #1297bf;\">Oui<\/td>\n<\/tr>\n<\/tbody>\n<\/table>\n<ol style=\"display: none;\">\n<li>J\u00e9sus\u00a0(Paix sur lui)\u00a0<strong>est Dieu\u00a0selon la foi Chr\u00e9tienne.<\/strong>\u00a0Personne n\u2019a cru que Mo\u00efse ou Muhammad (Paix sur eux) sont Dieu. Alors, selon un Chr\u00e9tien, J\u00e9sus ne peut pas \u00eatre comme Mo\u00efse parce que J\u00e9sus est Dieu tandis que Mo\u00efse soit un proph\u00e8te selon les Chr\u00e9tiens.<strong>\u00a0<\/strong><\/li>\n<li>Muhammad\u00a0(Paix sur lui) \u00e9tait\u00a0<strong>n\u00e9 naturellement\u00a0<\/strong>comme Mo\u00efse (Paix sur lui), J\u00e9sus (Paix sur lui) \u00e9tait n\u00e9 sans un p\u00e8re.<\/li>\n<li>Muhammad (Paix sur lui) \u00e9tait\u00a0<strong>un chef politique\u00a0<\/strong>comme Mo\u00efse (Paix sur lui).\u00a0J\u00e9sus\u00a0(Paix sur lui) n\u2019\u00e9tait pas un chef politique.<\/li>\n<li>Muhammad (Paix sur lui) est venu\u00a0<strong>avec une nouvelle loi comme Mo\u00efse\u00a0<\/strong>(Paix sur lui), tandis que J\u00e9sus\u00a0(Paix sur lui) n\u2019est pas venu pour abolir mais pour accomplir.<\/li>\n<li>Muhammad et Mo\u00efse (Paix sur eux)\u00a0<strong>sont morts naturellement<\/strong>, contrairement \u00e0 J\u00e9sus qui \u00e9tait \u00e9lev\u00e9 au ciel.<\/li>\n<li>Muhammad et Mo\u00efse (Paix sur eux)\u00a0<strong>ont eu des \u00e9pouses<\/strong>, tandis que J\u00e9sus (Paix sur lui) ne s&rsquo;est pas mari\u00e9.<\/li>\n<li>Muhammad et Mo\u00efse (Paix sur eux) ont combattu leurs ennemies, tandis que J\u00e9sus (Paix sur lui) ne combattit pas ses ennemies.<\/li>\n<\/ol>\n<h2>Le Christ n\u2019est pas le Proph\u00e8te<\/h2>\n<p>En fait, les Juifs ne comprenaient pas que le proph\u00e8te est le Christ. Contrairement, ce sont des deux personnes diff\u00e9rentes. C\u2019est pourquoi ils demand\u00e8rent Jean le Baptise:<\/p>\n<blockquote>\n<p class=\"verse\"><em><span id=\"fr-LSG-26064\">Jean 1:19<\/span><span id=\"fr-LSG-26064\" class=\"text John-1-19\"><sup class=\"versenum\">\u00a0<\/sup>Voici le t\u00e9moignage de Jean, lorsque les Juifs envoy\u00e8rent de J\u00e9rusalem des sacrificateurs et des L\u00e9vites, pour lui demander: Toi, qui es-tu?\u00a0<\/span><span id=\"fr-LSG-26065\" class=\"text John-1-20\"><sup class=\"versenum\">20\u00a0<\/sup>Il d\u00e9clara, et ne le nia point, il d\u00e9clara qu\u2019il n\u2019\u00e9tait pas le Christ.\u00a0<\/span><span id=\"fr-LSG-26066\" class=\"text John-1-21\"><sup class=\"versenum\">21\u00a0<\/sup>Et ils lui demand\u00e8rent: Quoi donc? es-tu \u00c9lie? Et il dit: Je ne le suis point. Es-tu le proph\u00e8te? Et il r\u00e9pondit: Non\u2026..\u00a0<\/span><span id=\"fr-LSG-26070\" class=\"text John-1-25\"><sup class=\"versenum\">25\u00a0<\/sup>Ils lui firent encore cette question: Pourquoi donc baptises-tu, si tu n\u2019es pas le Christ, ni \u00c9lie, ni le proph\u00e8te?<\/span><\/em><\/p>\n<\/blockquote>\n<p>\u00c7a signifie que les Juifs savaient que le Christ n&rsquo;est pas le proph\u00e8te. De plus, Jean Baptiste n\u2019a pas ni\u00e9 que ce proph\u00e8te soit diff\u00e9rent du Christ, mais il juste dit qu\u2019il ne soit pas le Proph\u00e8te.<\/p>\n<h2><strong>Les R\u00e9ponses sur les<\/strong><strong>\u00a0<\/strong><strong>Objections Chr\u00e9tiennes:<\/strong><\/h2>\n<p>On peut dire que\u00a0le\u00a0verset en Deut\u00e9ronome 18:15 dit que ce Proph\u00e8te sera parmi les gens d\u2019Isra\u00ebl:<\/p>\n<blockquote><p><em>Deu 18:15<\/em><em>\u00a0<\/em><em>L\u2019\u00c9ternel, ton Dieu, te suscitera du milieu de toi, d\u2019entre tes fr\u00e8res, un proph\u00e8te comme moi: vous l\u2019\u00e9couterez!<\/em><\/p><\/blockquote>\n<p>En fait, Proph\u00e8te Muhammad (Paix sur lui) \u00e9tait suscit\u00e9 du milieu des Juifs \u00e0\u00a0M\u00e9dine apr\u00e8s qu\u2019il migra de La Mecque. Et on peut voir que le verset en Deut\u00e9ronome 18:18 confirme que ce proph\u00e8te sera parmi les fr\u00e8res des Isra\u00e9lites. Le mot \u00ab\u00a0leurs\u00a0\u00bb dans ce verset fait r\u00e9f\u00e9rence aux tous les Isra\u00e9lites et Deut\u00e9ronome 34:10 confirme \u00e7a. Les fr\u00e8res de tous les Isra\u00e9lites ne sont pas des Isra\u00e9lites, plut\u00f4t ce sont des personnes qui vient d&rsquo;une autre tribu dont son anc\u00eatre est un fr\u00e8re de l&rsquo;anc\u00eatre des Isra\u00e9lites. Les descendants d\u2019Isma\u00ebl sont les seuls descendants dont ce verset peut signifier pour les raisons montr\u00e9es ci-dessus.<\/p>\n<p>Cela peut expliquer pourquoi les Juifs en Arabie au temps du Proph\u00e8te Muhammad pens\u00e8rent que ce proph\u00e8te serait un Juif en Arabie et ils mena\u00e7aient les Arabes qu\u2019ils les combattiront et qu&rsquo;ils les tueront avec ce proph\u00e8te. On peut lire l\u2019article concernant<a href=\"https:\/\/jesus-is-muslim.net\/fr\/index.php\/des-temoignages-du-prophete-muhammad\/\">\u00a0les t\u00e9moignages du Proph\u00e8te Muhammad<\/a>\u00a0pour plus de d\u00e9tails.<\/p>\n<p>Quelques personnes citent le verset en Actes 7:37 qui cite D\u00e9uteronome 18:15, mais ce verset ne dit pas qu\u2019il fait r\u00e9f\u00e9rence \u00e0 J\u00e9sus. Le contexte de chapitre 7 parle de l\u2019histoire d\u2019Isra\u00ebl et ces versets parle de Mo\u00efse non de J\u00e9sus.<\/p>\n","protected":false},"excerpt":{"rendered":"<p>C\u2019est une proph\u00e9tie majeure dans la Bible pr\u00e9disant la venue d&rsquo;un proph\u00e8te suscit\u00e9 parmi les fr\u00e8res de l\u2019Isra\u00e9lites qui sera comme Mo\u00efse. Dieu dit au Mo\u00efse en Deut\u00e9ronome: Deut\u00e9ronome 18:18\u00a0Je leur susciterai\u00a0du milieu de leurs fr\u00e8res un proph\u00e8te comme toi, je mettrai mes paroles dans sa bouche,\u00a0et il leur dira tout ce que je lui [&hellip;]<\/p>\n","protected":false},"author":1,"featured_media":1388,"parent":870,"menu_order":0,"comment_status":"closed","ping_status":"closed","template":"","meta":{"om_disable_all_campaigns":false,"_monsterinsights_skip_tracking":false,"_monsterinsights_sitenote_active":false,"_monsterinsights_sitenote_note":"","_monsterinsights_sitenote_category":0,"_uf_show_specific_survey":0,"_uf_disable_surveys":false,"footnotes":""},"categories":[41],"tags":[],"class_list":["post-799","page","type-page","status-publish","has-post-thumbnail","hentry","category-le-prophete-muhammad--dans-la-bible"],"aioseo_notices":[],"_links":{"self":[{"href":"https:\/\/jesus-is-muslim.net\/fr\/wp-json\/wp\/v2\/pages\/799","targetHints":{"allow":["GET"]}}],"collection":[{"href":"https:\/\/jesus-is-muslim.net\/fr\/wp-json\/wp\/v2\/pages"}],"about":[{"href":"https:\/\/jesus-is-muslim.net\/fr\/wp-json\/wp\/v2\/types\/page"}],"author":[{"embeddable":true,"href":"https:\/\/jesus-is-muslim.net\/fr\/wp-json\/wp\/v2\/users\/1"}],"replies":[{"embeddable":true,"href":"https:\/\/jesus-is-muslim.net\/fr\/wp-json\/wp\/v2\/comments?post=799"}],"version-history":[{"count":0,"href":"https:\/\/jesus-is-muslim.net\/fr\/wp-json\/wp\/v2\/pages\/799\/revisions"}],"up":[{"embeddable":true,"href":"https:\/\/jesus-is-muslim.net\/fr\/wp-json\/wp\/v2\/pages\/870"}],"wp:featuredmedia":[{"embeddable":true,"href":"https:\/\/jesus-is-muslim.net\/fr\/wp-json\/wp\/v2\/media\/1388"}],"wp:attachment":[{"href":"https:\/\/jesus-is-muslim.net\/fr\/wp-json\/wp\/v2\/media?parent=799"}],"wp:term":[{"taxonomy":"category","embeddable":true,"href":"https:\/\/jesus-is-muslim.net\/fr\/wp-json\/wp\/v2\/categories?post=799"},{"taxonomy":"post_tag","embeddable":true,"href":"https:\/\/jesus-is-muslim.net\/fr\/wp-json\/wp\/v2\/tags?post=799"}],"curies":[{"name":"wp","href":"https:\/\/api.w.org\/{rel}","templated":true}]}}