{"id":805,"date":"2015-11-15T03:12:18","date_gmt":"2015-11-15T01:12:18","guid":{"rendered":"https:\/\/jesus-is-muslim.net\/fr\/?page_id=805"},"modified":"2019-06-15T15:08:27","modified_gmt":"2019-06-15T13:08:27","slug":"hommes-egaux-aux-femmes-islam","status":"publish","type":"page","link":"https:\/\/jesus-is-muslim.net\/fr\/accueil\/questions-communes-lslam\/la-femme-dans-lislam\/hommes-egaux-aux-femmes-islam\/","title":{"rendered":"Sont les hommes \u00e9gaux aux femmes en Islam?"},"content":{"rendered":"<p>C&rsquo;est une question commune demand\u00e9e par les non Musulmans: \u00abSont les hommes \u00e9gaux aux femmes dans l\u2019Islam? Pourquoi les hommes ont plus de droits que les femmes dans l\u2019Islam?\u00bb Dans le dernier article, on a indiqu\u00e9 <a href=\"https:\/\/jesus-is-muslim.net\/fr\/index.php\/les-droits-des-femmes-dans-lislam\/\">les droits des femmes dans l\u2019Islam<\/a>. Cet article surlignera les diff\u00e9rences entre les hommes et les femmes et comment les lois de l\u2019Islam reconnaissent ces diff\u00e9rences.<\/p>\n<p>Au d\u00e9but, le Coran dit que les hommes et les femmes sont \u00e9gaux concernant leur relation avec Dieu. Le Saint Coran dit:<\/p>\n<blockquote><p>97. Quiconque, m\u00e2le ou femelle, fait une bonne oeuvre tout en \u00e9tant croyant, Nous lui ferons vivre une bonne vie. Et Nous les r\u00e9compenserons, certes, en fonction des meilleures de leurs actions. (Le Saint Coran 16:97)<\/p>\n<p>35. Les Musulmans et Musulmanes, croyants et croyantes, ob\u00e9issants et ob\u00e9issantes, loyaux et loyales, endurants et endurantes, craignants et craignantes, donneurs et donneuses d&rsquo;aum\u00f4nes, je\u00fbnants et je\u00fbnantes, gardiens de leur chastet\u00e9 et gardiennes, invocateurs souvent d\u2019Allah et invocatrices: Allah a pr\u00e9par\u00e9 pour eux un pardon et une \u00e9norme r\u00e9compense.&nbsp;(Le Saint Coran 33:35)<\/p><\/blockquote>\n<p>Le Proph\u00e8te Muhammad \ufdfa dit:<\/p>\n<blockquote><p>\u00abLes femmes sont s\u0153urs des hommes\u00bb&nbsp;(Rapport\u00e9 par&nbsp;Abu Dawood)<\/p><\/blockquote>\n<p>D\u2019autre part, l\u2019Islam reconna\u00eet qu\u2019il y a beaucoup des diff\u00e9rences naturelles entre les deux genres. Alors, ils doivent avoir des responsabilit\u00e9s naturelles d\u00e9pendant sur ces diff\u00e9rences. S\u2019ils doivent&nbsp;avoir des responsabilit\u00e9s naturelles, \u00e7a signifie qu\u2019ils doivent avoir des droits diff\u00e9rents. Donc, les lois de l\u2019Islam ne sont pas concern\u00e9es par l\u2019\u00e9galit\u00e9, plut\u00f4t par la justice. La justice ne signifie pas forcement l\u2019\u00e9galit\u00e9. Allah dit dans le Coran:<\/p>\n<blockquote><p>34. Les hommes ont autorit\u00e9 sur les femmes, en raison des faveurs qu\u2019Allah accorde \u00e0 ceux-l\u00e0 sur celles-ci, et aussi \u00e0 cause des d\u00e9penses qu\u2019ils font de leurs bien. (Le Saint Coran 4:34)<\/p><\/blockquote>\n<p><a href=\"https:\/\/jesus-is-muslim.net\/wp-content\/uploads\/2014\/11\/Sont-les-hommes-\u00e9gaux-aux-femmes-en-Islam.png\" rel=\"attachment wp-att-1563\"><img loading=\"lazy\" decoding=\"async\" class=\"alignnone size-full wp-image-1563\" src=\"https:\/\/jesus-is-muslim.net\/wp-content\/uploads\/2014\/11\/Sont-les-hommes-\u00e9gaux-aux-femmes-en-Islam.png\" alt=\"Sont les hommes \u00e9gaux aux femmes en Islam?\" width=\"1040\" height=\"570\" srcset=\"https:\/\/jesus-is-muslim.net\/wp-content\/uploads\/2014\/11\/Sont-les-hommes-\u00e9gaux-aux-femmes-en-Islam.png 1040w, https:\/\/jesus-is-muslim.net\/wp-content\/uploads\/2014\/11\/Sont-les-hommes-\u00e9gaux-aux-femmes-en-Islam-300x164.png 300w, https:\/\/jesus-is-muslim.net\/wp-content\/uploads\/2014\/11\/Sont-les-hommes-\u00e9gaux-aux-femmes-en-Islam-768x421.png 768w, https:\/\/jesus-is-muslim.net\/wp-content\/uploads\/2014\/11\/Sont-les-hommes-\u00e9gaux-aux-femmes-en-Islam-1024x561.png 1024w\" sizes=\"auto, (max-width: 1040px) 100vw, 1040px\" \/><\/a><\/p>\n<p>Ainsi, lorsque l\u2019Islam donne l&rsquo;homme une autorit\u00e9 sur la femme, \u00e7a ne signifie pas que cette autorit\u00e9 est gratuite, mais l\u2019homme doit remplir ses responsabilit\u00e9s pour \u00eatre digne de son autorit\u00e9. La premi\u00e8re responsabilit\u00e9 c&rsquo;est d\u00e9penser sur la maison. En fait, lorsqu\u2019un homme veut marier, il doit payer (mahr), c\u2019est-\u00e0-dire un cadeau pay\u00e9 comme une partie du contrat de la mariage. Le seul devoir de la femme c&rsquo;est qu\u2019elle prend soin de sa maison et de ses enfants car son r\u00f4le est b\u00e2tir une soci\u00e9t\u00e9 vertueuse islamique. C\u2019est son travail principal comme le travail principal de l\u2019homme c&rsquo;est travailler et d\u00e9penser sur la maison. C\u2019est pourquoi un fr\u00e8re h\u00e9rite le double d\u2019h\u00e9ritage de sa s\u0153ur dans certains cas, il a beaucoup d\u2019obligations financi\u00e8res pour accomplir, contrairement \u00e0 la s\u0153ur qui \u00e9pargnera tout son h\u00e9ritage.<\/p>\n<p>De plus, la nature de l&rsquo;homme est diff\u00e9rente que la nature de la femme, c\u2019est clair dans sa force lui faisant capable d\u2019effectuer des travailles que la femme ne peut pas les faire. De plus, les femmes sont affect\u00e9es par ses \u00e9motions plus que par la pens\u00e9e rationnelle. Bien s\u00fbr, ce n\u2019\u00e9tait pas le cas avec toutes les femmes, mais c\u2019est le cas avec la plupart des femmes. L\u2019Islam reconna\u00eet ces diff\u00e9rences, et les lois dans l\u2019Islam les prennent en consid\u00e9ration.<br \/>\n<a href=\"http:\/\/blog.decouvrirlislam.net\/Home\/christianisme\/les-femmes-dans-la-bible\/le-cerveau-de-la-femme-dans-la-bible\">Le Cerveau de la femme dans la Bible<\/a><\/p>\n","protected":false},"excerpt":{"rendered":"<p>C&rsquo;est une question commune demand\u00e9e par les non Musulmans: \u00abSont les hommes \u00e9gaux aux femmes dans l\u2019Islam? Pourquoi les hommes ont plus de droits que les femmes dans l\u2019Islam?\u00bb Dans le dernier article, on a indiqu\u00e9 les droits des femmes dans l\u2019Islam. Cet article surlignera les diff\u00e9rences entre les hommes et les femmes et comment [&hellip;]<\/p>\n","protected":false},"author":1,"featured_media":1563,"parent":835,"menu_order":0,"comment_status":"closed","ping_status":"closed","template":"","meta":{"om_disable_all_campaigns":false,"_monsterinsights_skip_tracking":false,"_monsterinsights_sitenote_active":false,"_monsterinsights_sitenote_note":"","_monsterinsights_sitenote_category":0,"_uf_show_specific_survey":0,"_uf_disable_surveys":false,"footnotes":""},"categories":[54],"tags":[],"class_list":["post-805","page","type-page","status-publish","has-post-thumbnail","hentry","category-les-femmes-dans-lislam-des-questions-sur-lislam"],"aioseo_notices":[],"_links":{"self":[{"href":"https:\/\/jesus-is-muslim.net\/fr\/wp-json\/wp\/v2\/pages\/805","targetHints":{"allow":["GET"]}}],"collection":[{"href":"https:\/\/jesus-is-muslim.net\/fr\/wp-json\/wp\/v2\/pages"}],"about":[{"href":"https:\/\/jesus-is-muslim.net\/fr\/wp-json\/wp\/v2\/types\/page"}],"author":[{"embeddable":true,"href":"https:\/\/jesus-is-muslim.net\/fr\/wp-json\/wp\/v2\/users\/1"}],"replies":[{"embeddable":true,"href":"https:\/\/jesus-is-muslim.net\/fr\/wp-json\/wp\/v2\/comments?post=805"}],"version-history":[{"count":1,"href":"https:\/\/jesus-is-muslim.net\/fr\/wp-json\/wp\/v2\/pages\/805\/revisions"}],"predecessor-version":[{"id":3070,"href":"https:\/\/jesus-is-muslim.net\/fr\/wp-json\/wp\/v2\/pages\/805\/revisions\/3070"}],"up":[{"embeddable":true,"href":"https:\/\/jesus-is-muslim.net\/fr\/wp-json\/wp\/v2\/pages\/835"}],"wp:featuredmedia":[{"embeddable":true,"href":"https:\/\/jesus-is-muslim.net\/fr\/wp-json\/wp\/v2\/media\/1563"}],"wp:attachment":[{"href":"https:\/\/jesus-is-muslim.net\/fr\/wp-json\/wp\/v2\/media?parent=805"}],"wp:term":[{"taxonomy":"category","embeddable":true,"href":"https:\/\/jesus-is-muslim.net\/fr\/wp-json\/wp\/v2\/categories?post=805"},{"taxonomy":"post_tag","embeddable":true,"href":"https:\/\/jesus-is-muslim.net\/fr\/wp-json\/wp\/v2\/tags?post=805"}],"curies":[{"name":"wp","href":"https:\/\/api.w.org\/{rel}","templated":true}]}}