{"id":809,"date":"2015-12-25T03:19:45","date_gmt":"2015-12-25T03:19:45","guid":{"rendered":"https:\/\/jesus-is-muslim.net\/fr\/?page_id=809"},"modified":"2016-03-11T07:56:47","modified_gmt":"2016-03-11T05:56:47","slug":"les-difficultes-de-la-bible","status":"publish","type":"page","link":"https:\/\/jesus-is-muslim.net\/fr\/accueil\/la-bible\/les-difficultes-de-la-bible\/","title":{"rendered":"Les Difficult\u00e9s de la Bible"},"content":{"rendered":"<p><a href=\"https:\/\/jesus-is-muslim.net\/fr\/accueil\/la-bible\/les-difficultes-de-la-bible\/la-corruption-du-nom-du-fils-sacrifie-dabraham\/\">La corruption du nom du fils sacrifi\u00e9 d\u2019Abraham<\/a><\/p>\n<p><a href=\"https:\/\/jesus-is-muslim.net\/fr\/accueil\/la-bible\/les-difficultes-de-la-bible\/quand-abraham-quitta-charan\/\">Quand Abraham quitta Charan?<\/a><\/p>\n<p><a href=\"https:\/\/jesus-is-muslim.net\/fr\/accueil\/la-bible\/quel-age-avait-perets-lorsquil-est-marie\/\">Quel \u00e2ge avait P\u00e9rets lorsqu\u2019il a mari\u00e9?<\/a><\/p>\n<p><a href=\"https:\/\/jesus-is-muslim.net\/fr\/accueil\/la-bible\/les-difficultes-de-la-bible\/la-genealogie-de-jesus\/\">La G\u00e9n\u00e9alogie de J\u00e9sus<\/a><\/p>\n<p><a href=\"https:\/\/jesus-is-muslim.net\/fr\/accueil\/la-bible\/les-difficultes-de-la-bible\/histoire-de-la-crucifixion\/\">L\u2019histoire de la Crucifixion<\/a><\/p>\n<p><a href=\"https:\/\/jesus-is-muslim.net\/fr\/accueil\/la-bible\/les-difficultes-de-la-bible\/comment-judas-fut-mort\/\">Comment Judas fut Mort?<\/a><\/p>\n","protected":false},"excerpt":{"rendered":"<p>La corruption du nom du fils sacrifi\u00e9 d\u2019Abraham Quand Abraham quitta Charan? Quel \u00e2ge avait P\u00e9rets lorsqu\u2019il a mari\u00e9? La G\u00e9n\u00e9alogie de J\u00e9sus L\u2019histoire de la Crucifixion Comment Judas fut Mort?<\/p>\n","protected":false},"author":1,"featured_media":1484,"parent":881,"menu_order":0,"comment_status":"closed","ping_status":"closed","template":"","meta":{"om_disable_all_campaigns":false,"_monsterinsights_skip_tracking":false,"_monsterinsights_sitenote_active":false,"_monsterinsights_sitenote_note":"","_monsterinsights_sitenote_category":0,"_uf_show_specific_survey":0,"_uf_disable_surveys":false,"footnotes":""},"categories":[],"tags":[],"class_list":["post-809","page","type-page","status-publish","has-post-thumbnail","hentry"],"aioseo_notices":[],"_links":{"self":[{"href":"https:\/\/jesus-is-muslim.net\/fr\/wp-json\/wp\/v2\/pages\/809","targetHints":{"allow":["GET"]}}],"collection":[{"href":"https:\/\/jesus-is-muslim.net\/fr\/wp-json\/wp\/v2\/pages"}],"about":[{"href":"https:\/\/jesus-is-muslim.net\/fr\/wp-json\/wp\/v2\/types\/page"}],"author":[{"embeddable":true,"href":"https:\/\/jesus-is-muslim.net\/fr\/wp-json\/wp\/v2\/users\/1"}],"replies":[{"embeddable":true,"href":"https:\/\/jesus-is-muslim.net\/fr\/wp-json\/wp\/v2\/comments?post=809"}],"version-history":[{"count":0,"href":"https:\/\/jesus-is-muslim.net\/fr\/wp-json\/wp\/v2\/pages\/809\/revisions"}],"up":[{"embeddable":true,"href":"https:\/\/jesus-is-muslim.net\/fr\/wp-json\/wp\/v2\/pages\/881"}],"wp:featuredmedia":[{"embeddable":true,"href":"https:\/\/jesus-is-muslim.net\/fr\/wp-json\/wp\/v2\/media\/1484"}],"wp:attachment":[{"href":"https:\/\/jesus-is-muslim.net\/fr\/wp-json\/wp\/v2\/media?parent=809"}],"wp:term":[{"taxonomy":"category","embeddable":true,"href":"https:\/\/jesus-is-muslim.net\/fr\/wp-json\/wp\/v2\/categories?post=809"},{"taxonomy":"post_tag","embeddable":true,"href":"https:\/\/jesus-is-muslim.net\/fr\/wp-json\/wp\/v2\/tags?post=809"}],"curies":[{"name":"wp","href":"https:\/\/api.w.org\/{rel}","templated":true}]}}