{"id":811,"date":"2015-12-25T03:21:39","date_gmt":"2015-12-25T03:21:39","guid":{"rendered":"https:\/\/jesus-is-muslim.net\/fr\/?page_id=811"},"modified":"2017-07-07T17:57:57","modified_gmt":"2017-07-07T15:57:57","slug":"benediction-ismael","status":"publish","type":"page","link":"https:\/\/jesus-is-muslim.net\/fr\/accueil\/le-prophete-muhammad\/le-prophete-muhammad-dans-la-bible\/benediction-ismael\/","title":{"rendered":"La B\u00e9n\u00e9diction d\u2019Isma\u00ebl"},"content":{"rendered":"<div id=\"main\" class=\"site-main\">\n<div id=\"primary\" class=\"content-area\">\n<div id=\"content\" class=\"site-content\">\n<article id=\"post-81\" class=\"post-81 page type-page status-publish hentry\">\n<div class=\"entry-content\">\n<header class=\"entry-header\">\n<h2 class=\"entry-title\">Dieu B\u00e9nit Isma\u00ebl dans la Bible<\/h2>\n<\/header>\n<div class=\"entry-content\">\n<p>La Bible raconte ce que Dieu dit concernant Isma\u00ebl et sa b\u00e9n\u00e9diction:<\/p>\n<div>\n<blockquote><p><em><span id=\"fr-LSG-418\">Gen\u00e8se 17:20\u00a0A l\u2019\u00e9gard d\u2019Isma\u00ebl, je t\u2019ai exauc\u00e9. Voici,<strong> je le b\u00e9nirai<\/strong>, je le rendrai f\u00e9cond, et je le multiplierai \u00e0 l\u2019infini; il engendrera douze princes, et je ferai de lui une grande nation.<\/span><\/em><\/p>\n<p class=\"verse\"><em><span id=\"fr-LSG-405\">Gen\u00e8se 17:7\u00a0J\u2019\u00e9tablirai mon alliance entre moi et toi, et tes descendants apr\u00e8s toi, selon leurs g\u00e9n\u00e9rations: ce sera une alliance perp\u00e9tuelle, en vertu de laquelle je serai ton Dieu <strong>et celui de ta post\u00e9rit\u00e9 apr\u00e8s toi<\/strong>.<\/span><\/em><\/p>\n<\/blockquote>\n<\/div>\n<div class=\"version-LSG result-text-style-normal text-html \">\n<blockquote>\n<p class=\"verse\"><em><span id=\"fr-LSG-527\">Gen\u00e8se \u00a021:13<\/span><span id=\"fr-LSG-527\" class=\"text Gen-21-13\"><sup class=\"versenum\">\u00a0<\/sup>Je ferai aussi une nation du fils de ta servante; <strong>car il est ta post\u00e9rit\u00e9<\/strong>.<\/span><\/em><\/p>\n<\/blockquote>\n<\/div>\n<h2>Quel est le Sens d\u2019une B\u00e9n\u00e9diction?<\/h2>\n<p>Comme on voit ici, Dieu dit dans la Bible qu\u2019Isma\u00ebl sera b\u00e9ni, et qu\u2019il aura une grande nation. Pour comprendre ce que veut dire une b\u00e9n\u00e9diction, on peut regarde le chapitre 27 en Gen\u00e8se o\u00f9 la Bible explique comment la b\u00e9n\u00e9diction d&rsquo;Esa\u00fc fut vol\u00e9e par Jacob. On remarque que cela r\u00e9sulta qu&rsquo;il n&rsquo;y aurait pas des proph\u00e8tes parmi la lign\u00e9e de Esa\u00fc mais les proph\u00e8tes vendraient parmi la lign\u00e9e de Jacob. C\u2019est la b\u00e9n\u00e9diction du Jacob et Isma\u00ebl \u00e9tait le seul fils d&rsquo;Abraham autre que Jacob qui \u00e9tait b\u00e9ni selon la Bible.<\/p>\n<p>L\u2019un peut dire que cette b\u00e9n\u00e9diction fut accomplie en Gen\u00e8se 25 qui raconte qu\u2019Isma\u00ebl eut 12 fils et qu\u2019ils habit\u00e8rent en Arabie. En fait,\u00a0la b\u00e9n\u00e9diction ne veut pas dire une nation nombreuse car on voit qu\u2019\u00c9sa\u00fc (qui ne fut pas b\u00e9ni) eut une nombreuse nation aussi.\u00a0Dans la tradition juive, <a href=\"https:\/\/fr.wikipedia.org\/wiki\/%C3%89sa%C3%BC\">\u00c9sa\u00fc est le p\u00e8re des civilisations occidentales<\/a>, notamment de l\u2019Empire romain, dont la \u00ab\u00a0descendance\u00a0\u00bb est le christianisme.<\/p>\n<p>Bien qu\u2019il ait perdu la b\u00e9n\u00e9diction,\u00a0\u00c9sau avait encore deux nations; les Edomites et les Romains.\u00a0\u00c7a signifie que la b\u00e9n\u00e9diction n\u2019a rien \u00e0 voir avec la grande nation. La b\u00e9n\u00e9diction s&rsquo;agit plut\u00f4t de l\u2019alliance avec Dieu et des proph\u00e8tes. L<a href=\"https:\/\/jesus-is-muslim.net\/fr\/index.php\/un-prophete-comme-moise\/\">e Proph\u00e8te Muhammad est suscit\u00e9 \u00e0 partir des descendants d\u2019Isma\u00ebl<\/a>; les fr\u00e8res d\u2019Isra\u00ebl comme on trouve en Deut\u00e9ronome 18:18.<\/p>\n<h3>L\u2019Alliance n&rsquo;est pas avec Isaac Seulement?<\/h3>\n<p>L\u2019un peut dire que l\u2019alliance est \u00e9tablie avec Isaac seulement comme mentionne ce verset dans la Bible:<\/p>\n<blockquote><p><em>Gen\u00e8se 17:21\u00a0J\u2019\u00e9tablirai mon alliance avec Isaac, que Sara t\u2019enfantera \u00e0 cette \u00e9poque-ci de l\u2019ann\u00e9e prochaine.<\/em><\/p><\/blockquote>\n<p><span id=\"fr-LSG-23870\">En fait, il s&rsquo;est pass\u00e9 au commencement que l\u2019alliance est \u00e9tablie avec les descendants d\u2019Isaac. Mais apr\u00e8s que les Isra\u00eblites d\u00e9sob\u00e9irent Dieu fr\u00e9quemment, et qu&rsquo;ils n&rsquo;avaient pas cru en J\u00e9sus, cette alliance n&rsquo;est plus valide. C\u2019est ce que J\u00e9sus dit lorsqu\u2019il dit:<\/span><\/p>\n<blockquote><p><em><span id=\"fr-LSG-23870\">Mathieu 21:43<\/span><span id=\"fr-LSG-23870\" class=\"text Matt-21-43\">C\u2019est pourquoi, je vous le dis, le royaume de Dieu vous sera enlev\u00e9, et sera donn\u00e9 \u00e0 une nation qui en rendra les fruits.<\/span><\/em><\/p><\/blockquote>\n<p>Ainsi, selon ce que J\u00e9sus dit, les Isra\u00e9lites n\u2019ont plus d\u2019alliance avec Dieu \u00e0 cause de leurs p\u00e9ch\u00e9s, et en cons\u00e9quence une autre nation recevra cette alliance, comme indiqu\u00e9 dans l&rsquo;article\u00a0<a href=\"https:\/\/jesus-is-muslim.net\/fr\/index.php\/pierre-rejetee-royaume-dieu\/\">la pierre rejet\u00e9e et le royaume de Dieu<\/a>. Est-ce que cette nation est la nation du Christianisme? On trouve en Gen\u00e8se la signe de cette alliance:<\/p>\n<blockquote><p><em>Gen\u00e8se 17:10\u00a0<span class=\"text Gen-17-10\">C\u2019est ici mon alliance, que vous garderez entre moi et vous, et ta post\u00e9rit\u00e9 apr\u00e8s toi: <strong>tout m\u00e2le parmi vous sera circoncis<\/strong>\u2026\u2026..\u00a0<\/span><span id=\"fr-LSG-411\">13\u00a0<\/span><span id=\"fr-LSG-411\" class=\"text Gen-17-13\">On devra circoncire celui qui est n\u00e9 dans la maison et celui qui est acquis \u00e0 prix d\u2019argent; et mon alliance sera dans votre chair <strong>une alliance perp\u00e9tuelle.<\/strong>\u00a0<\/span><span id=\"fr-LSG-412\">14\u00a0<\/span><span id=\"fr-LSG-412\" class=\"text Gen-17-14\">Un m\u00e2le incirconcis, qui n\u2019aura pas \u00e9t\u00e9 circoncis dans sa chair, sera extermin\u00e9 du milieu de son peuple: <strong>il aura viol\u00e9 mon alliance<\/strong>.<\/span><\/em><\/p><\/blockquote>\n<p class=\"verse\">Dieu en Gen\u00e8se dit clairement que la circoncision est necessaire pour \u00e9tablir une alliance avec Dieu. Les Chr\u00e9tiens ne se circoncisent pas, tandis que les Musulamans circoncisent. Les Musulmans sont les vrais disciples\u00a0d\u2019Abraham.<\/p>\n<\/div>\n<\/div>\n<footer class=\"entry-meta\"><\/footer>\n<\/article>\n<div id=\"comments\" class=\"comments-area\"><\/div>\n<\/div>\n<\/div>\n<\/div>\n","protected":false},"excerpt":{"rendered":"<p>Dieu B\u00e9nit Isma\u00ebl dans la Bible La Bible raconte ce que Dieu dit concernant Isma\u00ebl et sa b\u00e9n\u00e9diction: Gen\u00e8se 17:20\u00a0A l\u2019\u00e9gard d\u2019Isma\u00ebl, je t\u2019ai exauc\u00e9. Voici, je le b\u00e9nirai, je le rendrai f\u00e9cond, et je le multiplierai \u00e0 l\u2019infini; il engendrera douze princes, et je ferai de lui une grande nation. Gen\u00e8se 17:7\u00a0J\u2019\u00e9tablirai mon alliance [&hellip;]<\/p>\n","protected":false},"author":1,"featured_media":1390,"parent":870,"menu_order":0,"comment_status":"closed","ping_status":"closed","template":"","meta":{"om_disable_all_campaigns":false,"_monsterinsights_skip_tracking":false,"_monsterinsights_sitenote_active":false,"_monsterinsights_sitenote_note":"","_monsterinsights_sitenote_category":0,"_uf_show_specific_survey":0,"_uf_disable_surveys":false,"footnotes":""},"categories":[41],"tags":[],"class_list":["post-811","page","type-page","status-publish","has-post-thumbnail","hentry","category-le-prophete-muhammad--dans-la-bible"],"aioseo_notices":[],"_links":{"self":[{"href":"https:\/\/jesus-is-muslim.net\/fr\/wp-json\/wp\/v2\/pages\/811","targetHints":{"allow":["GET"]}}],"collection":[{"href":"https:\/\/jesus-is-muslim.net\/fr\/wp-json\/wp\/v2\/pages"}],"about":[{"href":"https:\/\/jesus-is-muslim.net\/fr\/wp-json\/wp\/v2\/types\/page"}],"author":[{"embeddable":true,"href":"https:\/\/jesus-is-muslim.net\/fr\/wp-json\/wp\/v2\/users\/1"}],"replies":[{"embeddable":true,"href":"https:\/\/jesus-is-muslim.net\/fr\/wp-json\/wp\/v2\/comments?post=811"}],"version-history":[{"count":0,"href":"https:\/\/jesus-is-muslim.net\/fr\/wp-json\/wp\/v2\/pages\/811\/revisions"}],"up":[{"embeddable":true,"href":"https:\/\/jesus-is-muslim.net\/fr\/wp-json\/wp\/v2\/pages\/870"}],"wp:featuredmedia":[{"embeddable":true,"href":"https:\/\/jesus-is-muslim.net\/fr\/wp-json\/wp\/v2\/media\/1390"}],"wp:attachment":[{"href":"https:\/\/jesus-is-muslim.net\/fr\/wp-json\/wp\/v2\/media?parent=811"}],"wp:term":[{"taxonomy":"category","embeddable":true,"href":"https:\/\/jesus-is-muslim.net\/fr\/wp-json\/wp\/v2\/categories?post=811"},{"taxonomy":"post_tag","embeddable":true,"href":"https:\/\/jesus-is-muslim.net\/fr\/wp-json\/wp\/v2\/tags?post=811"}],"curies":[{"name":"wp","href":"https:\/\/api.w.org\/{rel}","templated":true}]}}