{"id":813,"date":"2015-12-20T05:19:19","date_gmt":"2015-12-20T03:19:19","guid":{"rendered":"https:\/\/jesus-is-muslim.net\/fr\/?page_id=813"},"modified":"2017-07-22T14:59:29","modified_gmt":"2017-07-22T12:59:29","slug":"jesus-est-mort-pour-nos-peches","status":"publish","type":"page","link":"https:\/\/jesus-is-muslim.net\/fr\/accueil\/jesus\/jesus-est-mort-pour-nos-peches\/","title":{"rendered":"J\u00e9sus est Mort pour nos P\u00e9ch\u00e9s?"},"content":{"rendered":"<p>\u00abJ\u00e9sus t\u2019aime, il est mort pour tes p\u00e9ch\u00e9s\u00bb, c\u2019est l\u2019une des\u00a0phrases les plus c\u00e9l\u00e8bres utilis\u00e9es par les Chr\u00e9tiens. Les Chr\u00e9tiens croient que J\u00e9sus est Dieu et le fils de Dieu qui s\u2019est fait un homme et qui est mort afin qu\u2019on n\u2019ait pas besoin des sacrifices\u00a0d\u2019animaux comme l&rsquo;on trouve dans l\u2019ancien testament.<\/p>\n<p>Les Chr\u00e9tien croient que quand Adam d\u00e9sob\u00e9it Dieu en mangeant de l\u2019arbre, le p\u00e9ch\u00e9 entra dans le monde. D\u00e9sormais, la nature humaine est devenue une nature p\u00e9cheresse. Dieu n\u2019aime pas le p\u00e9ch\u00e9, alors l\u2019ancien testament dit que le ch\u00e2timent du p\u00e9ch\u00e9 est la mort et qu&rsquo;un p\u00e9ch\u00e9 ne peut pas \u00eatre pardonn\u00e9 sans r\u00e9pandant du sang, c\u2019est-\u00e0-dire les sacrifices d\u2019animaux. D\u2019autre part, Dieu veut pardonner les p\u00e9ch\u00e9s de l\u2019humain, mais c\u2019est contre la loi mis par Lui-m\u00eame dans l\u2019ancien testament.<\/p>\n<p>Alors, pour r\u00e9soudre ce probl\u00e8me, Il pr\u00e9para un plan pour pardonner les humains sans faire des sacrifices d\u2019animaux, c&rsquo;est qu\u2019Il se fait un homme qui sera sacrifi\u00e9 afin qu\u2019on n\u2019a plus besoin de ces sacrifices.<\/p>\n<p>Cette th\u00e9orie, en plus d\u2019\u00eatre r\u00e9pandue par Paul non par J\u00e9sus, est contre la logique et contre la croyance que Dieu est le plus Puissant et Omniscient. \u00a0Ce sera montr\u00e9 ci-dessous.<\/p>\n<h3>\u00a0La Nature de l\u2019humain est P\u00e9cheresse?<\/h3>\n<p><span id=\"fr-LSG-24899\">En fait, bien que la plupart des humains soient des p\u00e9cheurs, il y a beaucoup d\u2019hommes qui sont sans p\u00e9ch\u00e9s. Les musulmans croient que beaucoup de Proph\u00e8tes n&rsquo;ont jamais commis de p\u00e9ch\u00e9. La Bible montre un exemple de Zacharie et \u00c9lisabeth:<\/span><\/p>\n<blockquote><p><em><span id=\"fr-LSG-24899\">Luc 1:5\u00a0<\/span><span id=\"fr-LSG-24899\" class=\"text Luke-1-5\">Du temps d\u2019H\u00e9rode, roi de Jud\u00e9e, il y avait un sacrificateur, nomm\u00e9 Zacharie, de la classe d\u2019Abia; sa femme \u00e9tait d\u2019entre les filles d\u2019Aaron, et s\u2019appelait \u00c9lisabeth.\u00a0<\/span><span id=\"fr-LSG-24900\">6<\/span><span id=\"fr-LSG-24900\" class=\"text Luke-1-6\"><sup class=\"versenum\">\u00a0<\/sup>Tous deux \u00e9taient justes devant Dieu, <strong>observant d\u2019une mani\u00e8re irr\u00e9prochable tous les commandements et toutes les ordonnances du Seigneur.<\/strong><\/span><\/em><\/p><\/blockquote>\n<p class=\"verse\"><span class=\"passage-display-bcv\">L\u2019un peut dire que ces hommes, bien qu\u2019ils n\u2019aient pas commis de p\u00e9ch\u00e9, ils ont la nature p\u00e9cheresse car ils sont les descendants d\u2019Adam. Ce n\u2019est pas juste contre la justice de Dieu. C\u2019est contre la Bible aussi:<\/span><\/p>\n<blockquote>\n<p class=\"verse\"><em><span class=\"passage-display-bcv\"><span style=\"color: #000000;\">\u00c9z\u00e9chiel 18:20\u00a0<\/span><\/span><span style=\"color: #000000;\">L\u2019\u00e2me qui p\u00e8che, c\u2019est celle qui mourra. Le fils ne portera pas l\u2019iniquit\u00e9 de son p\u00e8re, et le p\u00e8re ne portera pas l\u2019iniquit\u00e9 de son fils. La justice du juste sera sur lui, et la m\u00e9chancet\u00e9 du m\u00e9chant sera sur lui.<\/span><\/em><\/p>\n<\/blockquote>\n<h3 class=\"passage-display\">Dieu a-t-Il connu que l\u2019humain P\u00e9chera apr\u00e8s de sa cr\u00e9ation?<\/h3>\n<p><span id=\"fr-LSG-20871\" class=\"text Ezek-18-21\"><span class=\"passage-display-bcv\">C\u2019est une question importante. Les Chr\u00e9tiens croient que Dieu n\u2019aime pas le p\u00e9ch\u00e9 et qu\u2019Il consid\u00e8re que son ch\u00e2timent est le mort. Mais on doit poser cette question. Dieu a-t-Il su que l\u2019humain p\u00e9cherait avant qu\u2019Il cr\u00e9a Adam? Si la r\u00e9ponse est non, \u00e7a veut dire que Dieu n\u2019est pas omniscient et c\u2019est contre la vraie croyance en Dieu. Si la r\u00e9ponse est oui, on doit poser une autre question; si Dieu a connu que l\u2019humain p\u00e9chera, Il aurait mis les fa\u00e7ons pour combattre ces p\u00e9ch\u00e9s. La premi\u00e8re fa\u00e7on c&rsquo;est qu\u2019Il pardonne l\u2019un qui se repentit \u00e0 Lui:<\/span><\/span><\/p>\n<blockquote><p><em><span id=\"fr-LSG-20871\" class=\"text Ezek-18-21\"><span class=\"passage-display-bcv\">\u00c9z\u00e9chiel 18:21\u00a0<\/span>Si le m\u00e9chant revient de tous les p\u00e9ch\u00e9s qu\u2019il a commis, s\u2019il observe toutes mes lois et pratique la droiture et la justice, il vivra, il ne mourra pas.<\/span><\/em><\/p><\/blockquote>\n<p class=\"verse\">Dieu est mis\u00e9ricordieux, Il sait que nous sommes faibles et que nous p\u00e9chons. Alors, Il nous traite en prenant cela en consid\u00e9ration. Dieu ne cr\u00e9a pas l\u2019humain en sachant qu\u2019il p\u00e9chera et puis Il le traite comme un ange. C\u2019est contre la sagesse de Dieu.<\/p>\n<p class=\"verse\"><a href=\"https:\/\/jesus-is-muslim.net\/wp-content\/uploads\/2015\/12\/Jesus-est-mort-pour-nos-peches.png\" rel=\"attachment wp-att-1446\"><img loading=\"lazy\" decoding=\"async\" class=\"alignnone size-full wp-image-1446\" src=\"https:\/\/jesus-is-muslim.net\/wp-content\/uploads\/2015\/12\/Jesus-est-mort-pour-nos-peches.png\" alt=\"J\u00e9sus est mort pour nos peches?\" width=\"1040\" height=\"570\" srcset=\"https:\/\/jesus-is-muslim.net\/wp-content\/uploads\/2015\/12\/Jesus-est-mort-pour-nos-peches.png 1040w, https:\/\/jesus-is-muslim.net\/wp-content\/uploads\/2015\/12\/Jesus-est-mort-pour-nos-peches-300x164.png 300w, https:\/\/jesus-is-muslim.net\/wp-content\/uploads\/2015\/12\/Jesus-est-mort-pour-nos-peches-768x421.png 768w, https:\/\/jesus-is-muslim.net\/wp-content\/uploads\/2015\/12\/Jesus-est-mort-pour-nos-peches-1024x561.png 1024w\" sizes=\"auto, (max-width: 1040px) 100vw, 1040px\" \/><\/a><\/p>\n<h3 class=\"verse\">Dieu ne pardonne pas les P\u00e9ch\u00e9s sans un\u00a0Sacrifice?<\/h3>\n<p>Lorsqu\u2019on cherche dans la Bible, on trouve des exemples o\u00f9 Dieu pardonna ceux qui ont commis des p\u00e9ch\u00e9s. Par exemple, selon la Bible, David a commis adult\u00e8re et il tua Urie (les Musulmans rejettent cette histoire fabriqu\u00e9e contre David qui \u00e9tait un grand proph\u00e8te de Dieu). On trouve dans la Bible que Dieu pardonna David \u00a0sans qu\u2019il r\u00e9pande un sang ou sans qu&rsquo;il donne un sacrifice:<\/p>\n<blockquote><p><em><span id=\"fr-LSG-8300\">2 Samuel 12:13\u00a0David dit \u00e0 Nathan: J\u2019ai p\u00e9ch\u00e9 contre l\u2019\u00c9ternel! Et Nathan dit \u00e0 David: L\u2019\u00c9ternel pardonne ton p\u00e9ch\u00e9, tu ne mourras point.<\/span><\/em><\/p><\/blockquote>\n<p>On voit aussi que J\u00e9sus dit aux beaucoup des hommes que ses p\u00e9ch\u00e9s sont pardonn\u00e9s avant de la crucifixion, c\u2019est-\u00e0-dire que les r\u00e8gles de l\u2019Ancien Testament \u00e9taient encore valables et appliqu\u00e9es et que ces humains doivent donner un sacrifice. On ne trouve pas que J\u00e9sus les a demand\u00e9s de donner des sacrifices. Si J\u00e9sus sait que Dieu pardonne les p\u00e9ch\u00e9s sans un sacrifice d\u2019animaux, pourquoi a-t-il besoin de mourir pour nos p\u00e9ch\u00e9s?<\/p>\n<h3>La Mort de J\u00e9sus Abolit le sacrifice d\u2019animaux?<\/h3>\n<p>Ce sacrifice \u00e9tait effectu\u00e9 par ceux qui ont commis des p\u00e9ch\u00e9s et apr\u00e8s \u00e7a ils ont voulu se repentir. En revanche, on trouve que la crucifixion de J\u00e9sus \u00e9tait effectu\u00e9e par les pharisiens qui ont voulu assassiner J\u00e9sus injustement, alors ceux qui effectu\u00e8rent la crucifixion de J\u00e9sus \u00e9taient en train de commettre un p\u00e9ch\u00e9 avec cette action. Comment les p\u00e9ch\u00e9s de l\u2019humain sont pardonn\u00e9s par un grand p\u00e9ch\u00e9 comme \u00e7a? Comment on dit que Dieu n\u2019aime pas le p\u00e9ch\u00e9 et Il mit une loi pour se repentir \u00e0 Lui, et ensuite Il supprima cette loi par un autre p\u00e9ch\u00e9? O\u00f9 l\u2019Ancien Testament dit que la crucifixion ou la mort de Dieu est une solution pour abolir cette loi? Nulle part.<\/p>\n<h3>\u00c9sa\u00efe 53 parle de la Crucifixion de J\u00e9sus?<\/h3>\n<p>Ce verset en \u00c9sa\u00efe parle de la pers\u00e9cution que se passa contre\u00a0le\u00a0peuple d\u2019Isra\u00ebl, et cela sera clair dans le temps de Nabuchodonosor, la captivit\u00e9 babylonienne et puis le soulagement quand\u00a0l&#8217;empereur Cyrus II lib\u00e9ra les Juifs et leur donna la permission de retourner \u00e0 leur pays d&rsquo;origine. Les Isra\u00e9lites justes ont subi le r\u00e9sultat des\u00a0p\u00e9ch\u00e9s de\u00a0Joiaqim et ceux des Isra\u00e9lites p\u00e9cheurs \u00a0qui men\u00e8rent \u00e0 la\u00a0captivit\u00e9.\u00a0Ce sont les raisons pourquoi \u00c9sa\u00efe 53 ne parle pas de J\u00e9sus:<\/p>\n<ol>\n<li>Les Chr\u00e9tiens croient que J\u00e9sus est Dieu bien que les versets en \u00c9sa\u00efe ne parlent pas de Dieu, mais plut\u00f4t d&rsquo;un serviteur de Dieu comme on peut le constater en\u00a0\u00c9sa\u00efe 52:13. De plus, le verset 53:12 dit que Dieu<em> lui donnera sa part parmi les grands<\/em>.\u00a0Si J\u00e9sus est Dieu, comment avait-il sa part avec les grands comme les humains \u00eatres ordinaires? Dieu n&rsquo;a pas besoin que Dieu lui donne une part avec les grands car Dieu est le Tout Puissant et Il\u00a0n&rsquo;est pas comparable aux humains ordinaires.<\/li>\n<li>Le verset 53:3 parle d&rsquo;un homme\u00a0m\u00e9pris\u00e9 et abandonn\u00e9 par les hommes. Cela peut \u00eatre appliqu\u00e9 sur les Isra\u00e9lites durant la captivit\u00e9 babylonienne. J\u00e9sus n&rsquo;\u00e9tait ni m\u00e9pris\u00e9 ni abandonn\u00e9 par les hommes, il \u00e9tait plut\u00f4t <em>suivi\u00a0par une grande foule, de la Galil\u00e9e, de la D\u00e9capole, de J\u00e9rusalem, de la Jud\u00e9e, et d&rsquo;au-del\u00e0 du Jourdain<\/em>. (Matthieu 4:25) et <em>glorifi\u00e9 par tous <\/em>(Marc 3:9)\u00a0tel qu&rsquo;il <em>chargea ses disciples de tenir toujours \u00e0 sa disposition une petite barque, afin de ne pas \u00eatre press\u00e9 par la foule.<\/em> (Marc 3:9).<\/li>\n<li>Le verset 53:7 parle qu&rsquo;<em>il\u00a0n\u2019a point ouvert la bouche, Semblable \u00e0 un agneau qu\u2019on m\u00e8ne \u00e0 la boucherie.\u00a0<\/em>On trouve J\u00e9sus chargeant ses disciples <em>que celui qui a une bourse la prenne et que celui qui a un sac le prenne \u00e9galement, que celui qui n&rsquo;a point d&rsquo;\u00e9p\u00e9e vende son v\u00eatement et ach\u00e8te une \u00e9p\u00e9e.\u00a0<\/em>(Luc 22:36) et <em>il demanda le P\u00e8re d&rsquo;\u00e9loigner de lui cette coupe.\u00a0\u00c9tant en agonie, il priait plus instamment, et sa sueur devint comme des grumeaux de sang, qui tombaient \u00e0 terre.<\/em> (Luc 22:42-44). Si J\u00e9sus savait que c&rsquo;\u00e9tait n\u00e9cessaire de mourir, il ne chargerait pas les disciples de vendre leurs v\u00eatements pour acheter des \u00e9p\u00e9es et il ne prierait \u00e0 Dieu pour \u00e9loigner de lui la coupe parce qu&rsquo;il sait que Dieu ne lui r\u00e9pondra pas car cette coupe \u00e9tait n\u00e9cessaire.<\/li>\n<li>Le verset 53:10 parle qu&rsquo;<em>il verra une post\u00e9rit\u00e9 et prolongera ses jours.\u00a0<\/em>J\u00e9sus n&rsquo;avait pas de\u00a0post\u00e9rit\u00e9 et cela ne peut pas \u00eatre appliqu\u00e9 sur une post\u00e9rit\u00e9 spirituelle car\u00a0le mot h\u00e9breu de post\u00e9rit\u00e9 utilis\u00e9 ici est <em>\u00ab\u00a0zera\u00a0\u00bb<\/em> qui \u00e9tait seulement utilis\u00e9 pour\u00a0le lignage litt\u00e9ral comme \u00a0on peut le trouver en Gen\u00e8se 12:7, 15:2-4, 15:13, 46:6, Exode 28:43. D&rsquo;autre part, la Bible utilise le mot \u00ab<i>banim\u00bb<\/i>\u00a0pour une\u00a0post\u00e9rit\u00e9 spirituelle<i>\u00a0<\/i>comme utilis\u00e9 en Deut\u00e9ronome 14:1. \u00a0Le verset dit que ses jours prolongeront, \u00e7a veut dire que J\u00e9sus sera au terre pendant une longue \u00e9poque avant qu&rsquo;il mourra. C\u2019est contre ce que la Bible dit que J\u00e9sus est crucifi\u00e9 et qu&rsquo;il est all\u00e9 au ciel apr\u00e8s 3 jours. Bien s\u00fbr, en voyant le prosp\u00e9rit\u00e9 et en prolongeant les jours, \u00e7a ne peut pas se passer durant 3 jours.<\/li>\n<\/ol>\n<p>Pour ces raisons et les raisons montr\u00e9es au-dessus que Dieu n&rsquo;a pas besoin de mourir pour nos p\u00e9ch\u00e9s comme on trouve en\u00a0Deut\u00e9ronome 24:16. \u00c9z\u00e9chiel 18, \u00c9sa\u00efe 55:6-7 et beaucoup de versets d\u2019autres. C&rsquo;est clair que le chapitre 53 en\u00a0\u00c9sa\u00efe ne parle pas de la mort de J\u00e9sus pour nos p\u00e9ch\u00e9s, ce chapitre parle plut\u00f4t du peuple Isra\u00e9lite.<\/p>\n","protected":false},"excerpt":{"rendered":"<p>\u00abJ\u00e9sus t\u2019aime, il est mort pour tes p\u00e9ch\u00e9s\u00bb, c\u2019est l\u2019une des\u00a0phrases les plus c\u00e9l\u00e8bres utilis\u00e9es par les Chr\u00e9tiens. Les Chr\u00e9tiens croient que J\u00e9sus est Dieu et le fils de Dieu qui s\u2019est fait un homme et qui est mort afin qu\u2019on n\u2019ait pas besoin des sacrifices\u00a0d\u2019animaux comme l&rsquo;on trouve dans l\u2019ancien testament. Les Chr\u00e9tien croient [&hellip;]<\/p>\n","protected":false},"author":1,"featured_media":1446,"parent":845,"menu_order":0,"comment_status":"closed","ping_status":"closed","template":"","meta":{"om_disable_all_campaigns":false,"_monsterinsights_skip_tracking":false,"_monsterinsights_sitenote_active":false,"_monsterinsights_sitenote_note":"","_monsterinsights_sitenote_category":0,"_uf_show_specific_survey":0,"_uf_disable_surveys":false,"footnotes":""},"categories":[39],"tags":[],"class_list":["post-813","page","type-page","status-publish","has-post-thumbnail","hentry","category-jesus-fr"],"aioseo_notices":[],"_links":{"self":[{"href":"https:\/\/jesus-is-muslim.net\/fr\/wp-json\/wp\/v2\/pages\/813","targetHints":{"allow":["GET"]}}],"collection":[{"href":"https:\/\/jesus-is-muslim.net\/fr\/wp-json\/wp\/v2\/pages"}],"about":[{"href":"https:\/\/jesus-is-muslim.net\/fr\/wp-json\/wp\/v2\/types\/page"}],"author":[{"embeddable":true,"href":"https:\/\/jesus-is-muslim.net\/fr\/wp-json\/wp\/v2\/users\/1"}],"replies":[{"embeddable":true,"href":"https:\/\/jesus-is-muslim.net\/fr\/wp-json\/wp\/v2\/comments?post=813"}],"version-history":[{"count":0,"href":"https:\/\/jesus-is-muslim.net\/fr\/wp-json\/wp\/v2\/pages\/813\/revisions"}],"up":[{"embeddable":true,"href":"https:\/\/jesus-is-muslim.net\/fr\/wp-json\/wp\/v2\/pages\/845"}],"wp:featuredmedia":[{"embeddable":true,"href":"https:\/\/jesus-is-muslim.net\/fr\/wp-json\/wp\/v2\/media\/1446"}],"wp:attachment":[{"href":"https:\/\/jesus-is-muslim.net\/fr\/wp-json\/wp\/v2\/media?parent=813"}],"wp:term":[{"taxonomy":"category","embeddable":true,"href":"https:\/\/jesus-is-muslim.net\/fr\/wp-json\/wp\/v2\/categories?post=813"},{"taxonomy":"post_tag","embeddable":true,"href":"https:\/\/jesus-is-muslim.net\/fr\/wp-json\/wp\/v2\/tags?post=813"}],"curies":[{"name":"wp","href":"https:\/\/api.w.org\/{rel}","templated":true}]}}